{"id":9974,"date":"2019-09-19T22:39:52","date_gmt":"2019-09-19T22:39:52","guid":{"rendered":"https:\/\/www.steinberglawfirm.com\/?page_id=9974"},"modified":"2022-04-20T23:15:27","modified_gmt":"2022-04-20T23:15:27","slug":"slip-and-fall-at-comfort-inn","status":"publish","type":"page","link":"https:\/\/steinberglawfirm-staging.clmcloud.app\/es\/lesiones-personales\/responsabilidad-civil-de-los-locales\/resbalones-y-caidas\/resbalon-y-caida-en-la-comodidad-del-hogar\/","title":{"rendered":"Resbal\u00f3n y ca\u00edda en el Comfort Inn"},"content":{"rendered":"<h1 class=\"wp-block-heading\"><strong>\u00bfResbal\u00f3n y ca\u00edda en el Comfort Inn en Charleston, South Carolina? Deje que nuestros abogados le ayuden<\/strong><\/h1>\n\n\n\n<p>El Comfort Inn, situado en el hist\u00f3rico Charleston South Carolina, ofrece a los visitantes y turistas servicios completos como hu\u00e9spedes de su hotel. Esto incluye desayuno gratuito, una sala de ejercicios y una piscina exterior de temporada. Cuando los hu\u00e9spedes disfrutan de estos servicios, el Comfort Inn tiene la obligaci\u00f3n de inspeccionar peri\u00f3dicamente estas zonas, as\u00ed como otras partes del hotel, para garantizar que sus hu\u00e9spedes est\u00e9n seguros y protegidos en las instalaciones. Con numerosos hu\u00e9spedes en el hotel al mismo tiempo, los riesgos de resbalones y ca\u00eddas, como los derrames y los objetos ca\u00eddos, pueden pasar desapercibidos para los empleados durante alg\u00fan tiempo. Sin embargo, si un cliente resbala y se cae en el Comfort Inn en Charleston, el hotel puede ser considerado responsable de las lesiones del hu\u00e9sped.<\/p>\n\n\n\n<p>Si se lesion\u00f3 mientras era hu\u00e9sped del Comfort Inn en Charleston, South Carolina, llame al Steinberg Law Firm al (843) 720-2800 para obtener una <a href=\"https:\/\/www.steinberglawfirm.com\/free-consultation\/\" target=\"_blank\" rel=\"noopener\">consulta gratuita <\/a>con un experimentado <a href=\"https:\/\/www.steinberglawfirm.com\/practice-areas\/premises-liability\/slip-and-fall\/\" target=\"_blank\" rel=\"noopener\">South Carolina abogado de resbalones y ca\u00eddas<\/a>.<\/p>\n\n\n\n<p><br> <strong>Lesiones por resbalones y ca\u00eddas en el Comfort Inn en Charleston, South Carolina <\/strong> <\/p>\n\n\n\n<p>Muchos resbalones y ca\u00eddas son evitables, especialmente en los casos en que una advertencia podr\u00eda haber ayudado a la persona lesionada a evitar el da\u00f1o. Los accidentes de resbalones y ca\u00eddas prevenibles pueden ocurrir en el South Carolina Comfort Inn cuando se derraman alimentos o bebidas, o el hotel no advierte a los hu\u00e9spedes sobre las condiciones resbaladizas en la zona de la piscina. Ambos escenarios son riesgos previsibles que pueden llevar a un hu\u00e9sped a resbalar y caer. Un hu\u00e9sped del Comfort Inn en Charleston, South Carolina puede tener un accidente de resbal\u00f3n y ca\u00edda debido a:<\/p>\n\n\n\n<ul class=\"wp-block-list\"><li>Baches en el aparcamiento  <\/li><li>Suelos rotos y desiguales  <\/li><li>Vertidos <\/li><li>Mala iluminaci\u00f3n  <\/li><li>Pelda\u00f1os o escaleras rotas  <\/li><\/ul>\n\n\n\n<p>Cualquier <a href=\"https:\/\/www.steinberglawfirm.com\/articles\/injuries-associated-with-slip-and-fall-accidents\/\" class=\"wpil_internal_link\" target=\"_blank\" rel=\"noopener\">lesiones que sufra por un resbal\u00f3n y una ca\u00edda<\/a> es un inconveniente para la vida. Una lesi\u00f3n por un accidente de resbal\u00f3n y ca\u00edda en el Comfort Inn de Charleston probablemente interrumpir\u00eda el disfrute de su estancia. Incluso puede ponerle fin de forma abrupta. Sus lesiones pueden ser leves o graves e incluir:<\/p>\n\n\n\n<ul class=\"wp-block-list\"><li>Lesiones en el cuello  <\/li><li>Lesiones en la espalda  <\/li><li>Lesiones faciales  <\/li><li>Fracturas y huesos rotos <\/li><li>Cortes y abrasiones <\/li><\/ul>\n\n\n\n<p>Si se resbala y se cae en el Comfort Inn de Charleston, puede solicitar una indemnizaci\u00f3n por da\u00f1os y perjuicios por el hecho de que el hotel no mantuviera las instalaciones seguras. Su indemnizaci\u00f3n puede consistir en:<\/p>\n\n\n\n<ul class=\"wp-block-list\"><li>Gastos m\u00e9dicos pasados y futuros <\/li><li>Salarios perdidos y salarios futuros  <\/li><li>Dolor y sufrimiento <\/li><li>P\u00e9rdida de la capacidad de ganancia  <\/li><li>Da\u00f1os a los bienes personales  <\/li><\/ul>\n\n\n\n<h2 class=\"wp-block-heading\"><strong>Qu\u00e9 hacer despu\u00e9s de un accidente de resbal\u00f3n y ca\u00edda en el Comfort Inn en Charleston, South Carolina:<\/strong><\/h2>\n\n\n\n<p>Despu\u00e9s de un <a href=\"https:\/\/www.steinberglawfirm.com\/practice-areas\/premises-liability\/slip-and-fall\/\" class=\"wpil_internal_link\" target=\"_blank\" rel=\"noopener\">resbal\u00f3n y ca\u00edda en el Comfort Inn en Charleston,<\/a> es posible que no sepa qu\u00e9 hacer a continuaci\u00f3n. Estos son algunos pasos a seguir despu\u00e9s de su resbal\u00f3n y ca\u00edda en el Comfort Inn.<\/p>\n\n\n\n<p>1. Busque atenci\u00f3n m\u00e9dica inmediatamente despu\u00e9s de la ca\u00edda.  <\/p>\n\n\n\n<p>2. No haga ninguna declaraci\u00f3n ni firme ning\u00fan documento de ning\u00fan empleado o representante de Target.   <\/p>\n\n\n\n<p>3.  Obtenga un informe del incidente del gerente de la tienda. <\/p>\n\n\n\n<p>4.  Documente todo lo relacionado con el accidente, incluyendo: <\/p>\n\n\n\n<ul class=\"wp-block-list\"><li>Fecha, hora y lugar de su resbal\u00f3n y ca\u00edda <\/li><li>Detalles sobre su ca\u00edda <\/li><li>Fotograf\u00edas de sus lesiones inmediatamente despu\u00e9s y d\u00edas despu\u00e9s de la ca\u00edda <\/li><li>Nombres de los testigos, si es posible o si hay alguno <\/li><\/ul>\n\n\n\n<p>5. Conserve todos los registros relativos a su ca\u00edda, incluidos los informes m\u00e9dicos y las facturas.  <\/p>\n\n\n\n<p><a href=\"https:\/\/www.steinberglawfirm.com\/contact-us\/\" target=\"_blank\" rel=\"noopener\">Contactar con un abogado<\/a> para manejar su caso y proteger sus derechos. Llame al Steinberg Law Firm al (843) 720-2800 y contrate a un experimentado <a href=\"https:\/\/www.steinberglawfirm.com\" target=\"_blank\" rel=\"noopener\">South Carolina abogado de lesiones personales<\/a>.<\/p>","protected":false},"excerpt":{"rendered":"<p>\u00bfResbal\u00f3n y ca\u00edda en el Comfort Inn en Charleston, South Carolina? Deje que nuestros abogados le ayuden Comfort Inn, situado en el hist\u00f3rico Charleston South Carolina, ofrece a los visitantes y turistas servicios completos como hu\u00e9spedes de su hotel. Esto incluye desayuno gratuito, una sala de ejercicios en el sitio y una piscina exterior de temporada. Mientras los hu\u00e9spedes disfrutan de estos servicios, el Comfort Inn...<\/p>","protected":false},"author":1,"featured_media":0,"parent":2281,"menu_order":0,"comment_status":"closed","ping_status":"closed","template":"","meta":{"_acf_changed":false,"footnotes":""},"class_list":["post-9974","page","type-page","status-publish","hentry"],"acf":[],"_links":{"self":[{"href":"https:\/\/steinberglawfirm-staging.clmcloud.app\/es\/wp-json\/wp\/v2\/pages\/9974"}],"collection":[{"href":"https:\/\/steinberglawfirm-staging.clmcloud.app\/es\/wp-json\/wp\/v2\/pages"}],"about":[{"href":"https:\/\/steinberglawfirm-staging.clmcloud.app\/es\/wp-json\/wp\/v2\/types\/page"}],"author":[{"embeddable":true,"href":"https:\/\/steinberglawfirm-staging.clmcloud.app\/es\/wp-json\/wp\/v2\/users\/1"}],"replies":[{"embeddable":true,"href":"https:\/\/steinberglawfirm-staging.clmcloud.app\/es\/wp-json\/wp\/v2\/comments?post=9974"}],"version-history":[{"count":2,"href":"https:\/\/steinberglawfirm-staging.clmcloud.app\/es\/wp-json\/wp\/v2\/pages\/9974\/revisions"}],"predecessor-version":[{"id":20455,"href":"https:\/\/steinberglawfirm-staging.clmcloud.app\/es\/wp-json\/wp\/v2\/pages\/9974\/revisions\/20455"}],"up":[{"embeddable":true,"href":"https:\/\/steinberglawfirm-staging.clmcloud.app\/es\/wp-json\/wp\/v2\/pages\/2281"}],"wp:attachment":[{"href":"https:\/\/steinberglawfirm-staging.clmcloud.app\/es\/wp-json\/wp\/v2\/media?parent=9974"}],"curies":[{"name":"wp","href":"https:\/\/api.w.org\/{rel}","templated":true}]}}