{"id":9963,"date":"2019-09-19T22:35:27","date_gmt":"2019-09-19T22:35:27","guid":{"rendered":"https:\/\/www.steinberglawfirm.com\/?page_id=9963"},"modified":"2022-04-27T18:19:39","modified_gmt":"2022-04-27T18:19:39","slug":"slip-and-fall-at-aldi","status":"publish","type":"page","link":"https:\/\/steinberglawfirm-staging.clmcloud.app\/es\/lesiones-personales\/responsabilidad-civil-de-los-locales\/resbalones-y-caidas\/resbalon-y-caida-en-el-campo\/","title":{"rendered":"Resbal\u00f3n y ca\u00edda en ALDI"},"content":{"rendered":"<h1 class=\"wp-block-heading\" id=\"did-you-slip-and-fall-at-aldi-let-our-attorneys-help-you\">\u00bfSe resbal\u00f3 y cay\u00f3 en ALDI? Deje que nuestros abogados le ayuden<\/h1>\n\n\n\n<p>ALDI es una cadena de supermercados fundada hace m\u00e1s de 50 a\u00f1os en Alemania. ALDI US abri\u00f3 su primer establecimiento en Estados Unidos en Iowa en 1976. Con sede en Batavia, Illinois, ALDI tiene m\u00e1s de 1.900 tiendas en 36 estados y m\u00e1s de 25.000 empleados. Con miles de clientes comprando en las tiendas de ALDI cada d\u00eda, pueden ocurrir derrames que pasan desapercibidos. Los empleados de ALDI pueden dejar art\u00edculos en los pasillos o alrededor de la tienda que obligan a los clientes a tratar de maniobrar alrededor de ellos para comprar. En ALDI pueden existir muchos peligros potenciales dentro de la tienda durante el horario comercial y a lo largo del d\u00eda en las instalaciones que podr\u00edan conducir a lesiones por resbalones y ca\u00eddas. ALDI tiene el deber para con sus compradores de mantenerlos seguros evitando derrames, manteniendo la limpieza y advirtiendo a los clientes de cualquier peligro.<\/p>\n\n\n\n<p>Si se ha lesionado mientras compraba en ALDI, llame al Steinberg Law Firm al (843) 720-2800 para obtener una <a href=\"https:\/\/www.steinberglawfirm.com\/free-consultation\/\" target=\"_blank\" rel=\"noopener\">consulta gratuita<\/a> con un experimentado <a href=\"https:\/\/www.steinberglawfirm.com\/practice-areas\/premises-liability\/slip-and-fall\/\" target=\"_blank\" rel=\"noopener\">abogado de resbalones y ca\u00eddas<\/a>.<\/p>\n\n\n\n<p><br> <strong>Lesiones por resbalones y ca\u00eddas de clientes de ALDI<\/strong><\/p>\n\n\n\n<p>Muchos clientes de ALDI tienen <a href=\"https:\/\/www.steinberglawfirm.com\/articles\/injuries-associated-with-slip-and-fall-accidents\/\" class=\"wpil_internal_link\" target=\"_blank\" rel=\"noopener\">accidentes por resbalones y ca\u00eddas que provocan lesiones graves.<\/a> Aunque no son mortales, pueden causar una gran carga en la vida diaria de los clientes. Algunos de los accidentes que se producen en una tienda de comestibles se deben a que a un cliente se le ha ca\u00eddo un alimento o un l\u00edquido, y otro cliente resbala y se cae. Sin embargo, otros accidentes en tiendas de comestibles pueden ser evitables, como una alfombra irregular o un suelo mojado. Estas situaciones se producen porque los empleados o la tienda son negligentes a la hora de mantener la limpieza y la seguridad de la tienda.<\/p>\n\n\n\n<p>Algunas de las causas de los accidentes por resbalones y ca\u00eddas son<\/p>\n\n\n\n<ul class=\"wp-block-list\"><li>Mala o nula iluminaci\u00f3n en la tienda o en el aparcamiento <\/li><li>Suelos mojados sin se\u00f1al de \"suelo mojado  <\/li><li>Art\u00edculos y equipos dejados en los pasillos de la tienda y en otros caminos de los clientes <\/li><li>Alfombras y moquetas rasgadas <\/li><li>Suelos irregulares o rotos <\/li><li>Alimentos u otras mercanc\u00edas en el suelo <\/li><li>Ca\u00edda de mercanc\u00edas o de residuos que golpean a los clientes  <\/li><li>Dise\u00f1o, instalaci\u00f3n y reparaci\u00f3n inadecuados de escalones, escaleras, ascensores y escaleras mec\u00e1nicas <\/li><\/ul>\n\n\n\n<p>Los accidentes por resbalones y ca\u00eddas, ya sean prevenibles o no, generalmente resultan en lesiones. Las lesiones por resbalones y ca\u00eddas van de leves a graves, como:<\/p>\n\n\n\n<ul class=\"wp-block-list\"><li>Moretones <\/li><li>Rotura de ligamentos y\/o tendones <\/li><li>Huesos rotos o fracturados  <\/li><li>Dientes agrietados, astillados o rotos <\/li><li>Esguinces <\/li><li>Lesiones de la espalda y la columna vertebral <\/li><li>Conmociones cerebrales y otras lesiones en la cabeza  <\/li><\/ul>\n\n\n\n<a href=\"https:\/\/www.steinberglawfirm.com\/faq\/faq-lawsuit-process\/how-much-compensation-am-i-entitled-to-receive\/\" target=\"_blank\" rel=\"noopener\"><p>El alcance de sus lesiones por un resbal\u00f3n y ca\u00edda en ALDI puede darle derecho a recibir una indemnizaci\u00f3n.<\/a> Puede recuperar los da\u00f1os por:<\/p>\n\n\n\n<ul class=\"wp-block-list\"><li>Salarios perdidos y salarios futuros <\/li><li>Gastos m\u00e9dicos <\/li><li>Dolor y sufrimiento <\/li><li>Bienes da\u00f1ados en la ca\u00edda, como ropa, tel\u00e9fono m\u00f3vil o reloj  <\/li><\/ul>\n\n\n\n<h2 class=\"wp-block-heading\" id=\"what-to-do-after-a-slip-and-fall-accident-at-aldi\">Qu\u00e9 hacer despu\u00e9s de un accidente de resbal\u00f3n y ca\u00edda en ALDI<\/h2>\n\n\n\n<p>Cuando usted se resbala y se cae en el ALDI, puede estar tan abrumado por la situaci\u00f3n que no sabe qu\u00e9 hacer a continuaci\u00f3n. A continuaci\u00f3n, le ofrecemos una lista de pasos que debe seguir tras un accidente de resbal\u00f3n y ca\u00edda en ALDI:<\/p>\n\n\n\n<p>1. Busque atenci\u00f3n m\u00e9dica inmediatamente despu\u00e9s de la ca\u00edda.  <\/p>\n\n\n\n<p>2. No haga ninguna declaraci\u00f3n ni firme ning\u00fan documento de ning\u00fan empleado o representante de Target.   <\/p>\n\n\n\n<p>3.  Obtenga un informe del incidente del gerente de la tienda. <\/p>\n\n\n\n<p>4.  Documente todo lo relacionado con el accidente, incluyendo: <\/p>\n\n\n\n<ul class=\"wp-block-list\"><li>Fecha, hora y lugar de su resbal\u00f3n y ca\u00edda <\/li><li>Detalles sobre su ca\u00edda <\/li><li>Fotograf\u00edas de sus lesiones inmediatamente despu\u00e9s y d\u00edas despu\u00e9s de la ca\u00edda <\/li><li>Nombres de los testigos, si es posible o si hay alguno <\/li><\/ul>\n\n\n\n<p>5. Conserve todos los registros relativos a su ca\u00edda, incluidos los informes m\u00e9dicos y las facturas.  <\/p>\n\n\n\n<p><a href=\"https:\/\/www.steinberglawfirm.com\/contact-us\/\" target=\"_blank\" rel=\"noopener\">Contactar con un abogado<\/a> para manejar su caso y proteger sus derechos. Llame al Steinberg Law Firm al (843) 720-2800 y contrate a un experimentado <a href=\"https:\/\/www.steinberglawfirm.com\" target=\"_blank\" rel=\"noopener\">abogado de lesiones personales<\/a>.<\/p>","protected":false},"excerpt":{"rendered":"<p>\u00bfSe resbal\u00f3 y cay\u00f3 en ALDI? Deje que nuestros abogados le ayuden ALDI es una cadena de tiendas de comestibles fundada hace m\u00e1s de 50 a\u00f1os en Alemania. ALDI US abri\u00f3 su primer local en Estados Unidos en Iowa en 1976. Con sede en Batavia, Illinois, ALDI tiene m\u00e1s de 1900 tiendas en 36 estados y m\u00e1s de 25.000 empleados. Con...<\/p>","protected":false},"author":1,"featured_media":0,"parent":2281,"menu_order":0,"comment_status":"closed","ping_status":"closed","template":"","meta":{"_acf_changed":false,"footnotes":""},"class_list":["post-9963","page","type-page","status-publish","hentry"],"acf":[],"_links":{"self":[{"href":"https:\/\/steinberglawfirm-staging.clmcloud.app\/es\/wp-json\/wp\/v2\/pages\/9963"}],"collection":[{"href":"https:\/\/steinberglawfirm-staging.clmcloud.app\/es\/wp-json\/wp\/v2\/pages"}],"about":[{"href":"https:\/\/steinberglawfirm-staging.clmcloud.app\/es\/wp-json\/wp\/v2\/types\/page"}],"author":[{"embeddable":true,"href":"https:\/\/steinberglawfirm-staging.clmcloud.app\/es\/wp-json\/wp\/v2\/users\/1"}],"replies":[{"embeddable":true,"href":"https:\/\/steinberglawfirm-staging.clmcloud.app\/es\/wp-json\/wp\/v2\/comments?post=9963"}],"version-history":[{"count":4,"href":"https:\/\/steinberglawfirm-staging.clmcloud.app\/es\/wp-json\/wp\/v2\/pages\/9963\/revisions"}],"predecessor-version":[{"id":21307,"href":"https:\/\/steinberglawfirm-staging.clmcloud.app\/es\/wp-json\/wp\/v2\/pages\/9963\/revisions\/21307"}],"up":[{"embeddable":true,"href":"https:\/\/steinberglawfirm-staging.clmcloud.app\/es\/wp-json\/wp\/v2\/pages\/2281"}],"wp:attachment":[{"href":"https:\/\/steinberglawfirm-staging.clmcloud.app\/es\/wp-json\/wp\/v2\/media?parent=9963"}],"curies":[{"name":"wp","href":"https:\/\/api.w.org\/{rel}","templated":true}]}}