{"id":9961,"date":"2019-09-19T22:26:40","date_gmt":"2019-09-19T22:26:40","guid":{"rendered":"https:\/\/www.steinberglawfirm.com\/?page_id=9961"},"modified":"2024-02-01T00:14:07","modified_gmt":"2024-02-01T00:14:07","slug":"slip-and-fall-at-bi-lo","status":"publish","type":"page","link":"https:\/\/steinberglawfirm-staging.clmcloud.app\/es\/lesiones-personales\/responsabilidad-civil-de-los-locales\/resbalones-y-caidas\/resbalon-y-caida-en-bi-lo\/","title":{"rendered":"Resbal\u00f3n y ca\u00edda en BI-LO"},"content":{"rendered":"<h1 class=\"wp-block-heading\"><strong>\u00bfSe resbal\u00f3 y se cay\u00f3 en BI-LO? Deje que nuestros abogados le ayuden<\/strong><\/h1>\n\n\n\n<p>BI-LO es una cadena de tiendas de comestibles y farmacias fundada en 1961. Es una filial de una de las mayores cadenas de supermercados de los Estados Unidos con tiendas en Georgia, North Carolina y South Carolina. Con sede en Jacksonville (Florida), BI-LO tiene m\u00e1s de 180 tiendas en 3 estados y m\u00e1s de 15.000 empleados. Una persona media va a comprar a la tienda de comestibles aproximadamente dos veces a la semana, por lo que las tiendas de comestibles atienden a un gran volumen de personas. Con miles de clientes comprando en BI-LO cada d\u00eda, pueden ocurrir accidentes. BI-LO y sus empleados deben mantenerse al d\u00eda con el tr\u00e1fico de clientes y mantener la tienda al mismo tiempo. BI-LO tiene el deber de proteger a sus clientes de cualquier da\u00f1o y de mantener las instalaciones seguras.  <\/p>\n\n\n\n<p>Si se ha lesionado mientras compraba en BI-LO, llame al Steinberg Law Firm al (843) 720-2800 para <a href=\"https:\/\/www.steinberglawfirm.com\/free-consultation\/\" target=\"_blank\" rel=\"noopener\">consulta gratuita<\/a> con un experimentado <a href=\"https:\/\/www.steinberglawfirm.com\/practice-areas\/premises-liability\/slip-and-fall\/\" target=\"_blank\" rel=\"noopener\">abogado de resbalones y ca\u00eddas<\/a>.<\/p>\n\n\n\n<p> <strong>Lesiones por resbalones y ca\u00eddas de clientes de BI-LO<\/strong><\/p>\n\n\n\n<p>La mayor\u00eda de los accidentes y lesiones por resbalones y ca\u00eddas en BI-LO no son mortales. Sin embargo, siguen afectando a la salud y el bienestar de los clientes lesionados. Con un alto volumen de gente entrando, comprando y <a href=\"https:\/\/www.steinberglawfirm.com\/workers-compensation\/instacart-delivery-injury-attorneys\/\" target=\"_blank\" rel=\"noopener\">saliendo del supermercado<\/a>Muchos peligros pasan desapercibidos. Esto conduce a lesiones por resbalones y ca\u00eddas evitables y no evitables. BI-LO debe advertir a sus clientes de cualquier da\u00f1o obvio y previsible en su tienda. Los empleados deben inspeccionar la tienda con regularidad y frecuencia en busca de derrames, fugas y otros problemas que puedan causar resbalones, ca\u00eddas y lesiones a sus clientes.  <\/p>\n\n\n\n<p>Algunas de las causas de los accidentes por resbalones y ca\u00eddas son<\/p>\n\n\n\n<ul class=\"wp-block-list\">\n<li>Mala o nula iluminaci\u00f3n en la tienda o en el aparcamiento <\/li>\n\n\n\n<li>L\u00edquidos y alimentos derramados <\/li>\n\n\n\n<li>Cuerdas, sogas y mangueras colocadas en el camino de ronda  <\/li>\n\n\n\n<li>Suelos rotos, rasgados o desiguales  <\/li>\n\n\n\n<li>Art\u00edculos que se caen de las estanter\u00edas y golpean a los clientes <\/li>\n\n\n\n<li>Pelda\u00f1os o escaleras rotas  <\/li>\n<\/ul>\n\n\n\n<p>Cada accidente de resbal\u00f3n y ca\u00edda en una tienda de comestibles es diferente y da lugar a diversas lesiones, entre ellas:<\/p>\n\n\n\n<ul class=\"wp-block-list\">\n<li><a href=\"https:\/\/www.steinberglawfirm.com\/practice-areas\/head-brain-and-spine-injuries\/\" class=\"wpil_internal_link\" target=\"_blank\" rel=\"noopener\">Lesiones craneales y cerebrales<\/a>  <\/li>\n\n\n\n<li>Lesiones en la boca y en los dientes  <\/li>\n\n\n\n<li>Narices rotas <\/li>\n\n\n\n<li>Rotura de caderas  <\/li>\n\n\n\n<li>Torceduras y esguinces <\/li>\n\n\n\n<li>Hinchaz\u00f3n  <\/li>\n\n\n\n<li>Moretones <\/li>\n<\/ul>\n\n\n\n<p>Si usted resbala y se cae en BI-LO, adquiere da\u00f1os que le dan derecho a la recuperaci\u00f3n o al reembolso de sus lesiones. Estos da\u00f1os incluyen:<\/p>\n\n\n\n<ul class=\"wp-block-list\">\n<li>Gastos m\u00e9dicos <\/li>\n\n\n\n<li>Salarios perdidos y salarios futuros  <\/li>\n\n\n\n<li>Dolor y sufrimiento <\/li>\n\n\n\n<li>Angustia emocional <\/li>\n\n\n\n<li>Gastos del hogar  <\/li>\n<\/ul>\n\n\n\n<h2 class=\"wp-block-heading\"><strong>Qu\u00e9 hacer despu\u00e9s de un accidente de resbal\u00f3n y ca\u00edda en BI-LO:<\/strong><\/h2>\n\n\n\n<p>Cuando compras en BI-LO, no prev\u00e9s que vayas a resbalar y caerte en la tienda. Una ca\u00edda ocurre muy r\u00e1pidamente y puede confundirte y agobiarte. Estos son los pasos que debes seguir despu\u00e9s de tu ca\u00edda.<\/p>\n\n\n\n<p>1. Busque atenci\u00f3n m\u00e9dica inmediatamente despu\u00e9s de la ca\u00edda.  <\/p>\n\n\n\n<p>2. No haga ninguna declaraci\u00f3n ni firme ning\u00fan documento de ning\u00fan empleado o representante de Target.   <\/p>\n\n\n\n<p>3.  Obtenga un informe del incidente del gerente de la tienda. <\/p>\n\n\n\n<p>4.  Documente todo lo relacionado con el accidente, incluyendo: <\/p>\n\n\n\n<ul class=\"wp-block-list\">\n<li>Fecha, hora y lugar de su resbal\u00f3n y ca\u00edda <\/li>\n\n\n\n<li>Detalles sobre su ca\u00edda <\/li>\n\n\n\n<li>Fotograf\u00edas de sus lesiones inmediatamente despu\u00e9s y d\u00edas despu\u00e9s de la ca\u00edda <\/li>\n\n\n\n<li>Nombres de los testigos, si es posible o si hay alguno <\/li>\n<\/ul>\n\n\n\n<p>5. Conserve todos los registros relativos a su ca\u00edda, incluidos los informes m\u00e9dicos y las facturas.  <\/p>\n\n\n\n<p><a href=\"https:\/\/www.steinberglawfirm.com\/contact-us\/\" target=\"_blank\" rel=\"noopener\">Contactar con un abogado<\/a> para manejar su caso y proteger sus derechos. Llame al Steinberg Law Firm al (843) 720-2800 y contrate a un experimentado <a href=\"https:\/\/www.steinberglawfirm.com\" target=\"_blank\" rel=\"noopener\">abogado de lesiones personales<\/a>.<\/p>","protected":false},"excerpt":{"rendered":"<p>\u00bfSe resbal\u00f3 y cay\u00f3 en BI-LO? Deje que nuestros abogados le ayuden BI-LO es una cadena de tiendas de comestibles y farmacias fundada en 1961. Es una filial de una de las mayores cadenas de supermercados de los Estados Unidos con tiendas en Georgia, North Carolina y South Carolina. Con sede en Jacksonville, Florida, BI-LO tiene m\u00e1s de...<\/p>","protected":false},"author":1,"featured_media":0,"parent":2281,"menu_order":0,"comment_status":"closed","ping_status":"closed","template":"","meta":{"_acf_changed":false,"footnotes":""},"class_list":["post-9961","page","type-page","status-publish","hentry"],"acf":[],"_links":{"self":[{"href":"https:\/\/steinberglawfirm-staging.clmcloud.app\/es\/wp-json\/wp\/v2\/pages\/9961"}],"collection":[{"href":"https:\/\/steinberglawfirm-staging.clmcloud.app\/es\/wp-json\/wp\/v2\/pages"}],"about":[{"href":"https:\/\/steinberglawfirm-staging.clmcloud.app\/es\/wp-json\/wp\/v2\/types\/page"}],"author":[{"embeddable":true,"href":"https:\/\/steinberglawfirm-staging.clmcloud.app\/es\/wp-json\/wp\/v2\/users\/1"}],"replies":[{"embeddable":true,"href":"https:\/\/steinberglawfirm-staging.clmcloud.app\/es\/wp-json\/wp\/v2\/comments?post=9961"}],"version-history":[{"count":3,"href":"https:\/\/steinberglawfirm-staging.clmcloud.app\/es\/wp-json\/wp\/v2\/pages\/9961\/revisions"}],"predecessor-version":[{"id":30474,"href":"https:\/\/steinberglawfirm-staging.clmcloud.app\/es\/wp-json\/wp\/v2\/pages\/9961\/revisions\/30474"}],"up":[{"embeddable":true,"href":"https:\/\/steinberglawfirm-staging.clmcloud.app\/es\/wp-json\/wp\/v2\/pages\/2281"}],"wp:attachment":[{"href":"https:\/\/steinberglawfirm-staging.clmcloud.app\/es\/wp-json\/wp\/v2\/media?parent=9961"}],"curies":[{"name":"wp","href":"https:\/\/api.w.org\/{rel}","templated":true}]}}