{"id":9957,"date":"2019-09-19T22:20:18","date_gmt":"2019-09-19T22:20:18","guid":{"rendered":"https:\/\/www.steinberglawfirm.com\/?page_id=9957"},"modified":"2022-04-20T23:16:59","modified_gmt":"2022-04-20T23:16:59","slug":"slip-and-fall-at-marshalls","status":"publish","type":"page","link":"https:\/\/steinberglawfirm-staging.clmcloud.app\/es\/lesiones-personales\/responsabilidad-civil-de-los-locales\/resbalones-y-caidas\/resbalon-y-caida-en-marshalls\/","title":{"rendered":"Resbal\u00f3n y ca\u00edda en Marshalls"},"content":{"rendered":"<h1 class=\"wp-block-heading\"><strong>\u00bfSe resbal\u00f3 y cay\u00f3 en Marshalls en South Carolina? Deje que nuestros abogados le ayuden<\/strong><\/h1>\n\n\n\n<p>Miles de clientes compran en Marshalls en South Carolina cada semana. Durante los eventos de ventas y las temporadas de vacaciones, el n\u00famero de personas que compran en Marshalls al mismo tiempo puede aumentar.  Los locales de Marshalls en South Carolina tienen el deber para con cada cliente de mantener la tienda razonablemente segura. Las inspecciones regulares del estado de la tienda durante el horario comercial son necesarias porque Marshalls tiene el deber de proteger y advertir a los clientes de los da\u00f1os previsibles en la tienda o en el aparcamiento. Si Marshalls incumple este deber y un comprador resbala y se cae en sus instalaciones, puede ser responsable de todas las lesiones sufridas.  <\/p>\n\n\n\n<p>Si se lesion\u00f3 mientras compraba en Marshalls en South Carolina, llame al Steinberg Law Firm al (843) 720-2800 para una <a href=\"https:\/\/www.steinberglawfirm.com\/free-consultation\/\" target=\"_blank\" rel=\"noopener\">consulta gratuita<\/a> con un experimentado <a href=\"https:\/\/www.steinberglawfirm.com\/practice-areas\/premises-liability\/slip-and-fall\/\" target=\"_blank\" rel=\"noopener\">abogado de resbalones y ca\u00eddas<\/a>.<\/p>\n\n\n\n<p><strong>Lesiones por resbalones y ca\u00eddas de clientes en las tiendas Marshalls South Carolina<\/strong><\/p>\n\n\n\n<p>Los resbalones y las ca\u00eddas son una de las principales causas de lesiones no mortales. Ocurren con frecuencia en los comercios minoristas South Carolina. Aunque muchas lesiones por resbalones y ca\u00eddas no ponen en peligro la vida, pueden afectar y cambiar su vida. Las causas m\u00e1s comunes de los accidentes por resbalones y ca\u00eddas incluyen:<\/p>\n\n\n\n<ul class=\"wp-block-list\"><li>Mercanc\u00edas que se caen de los estantes  <\/li><li>Suelos resbaladizos por la nieve o el hielo <\/li><li>Suelos mojados por l\u00edquidos derramados <\/li><li>Barandillas defectuosas o inexistentes  <\/li><li>Obst\u00e1culos en el pasillo <\/li><li>Hielo y nieve en los pasillos, entradas y aparcamientos <\/li><li>Pelda\u00f1os o escaleras rotas  <\/li><\/ul>\n\n\n\n<p>Las lesiones por resbalones y ca\u00eddas pueden ser leves o graves. Incluyen:<\/p>\n\n\n\n<ul class=\"wp-block-list\"><li>Lesiones en el cuello  <\/li><li>Lesiones en la espalda  <\/li><li>Lesiones faciales  <\/li><li><a href=\"https:\/\/www.steinberglawfirm.com\/practice-areas\/serious-injury-cases\/traumatic-brain-injury\/\" class=\"wpil_internal_link\" target=\"_blank\" rel=\"noopener\">Lesiones cerebrales traum\u00e1ticas (TBI)<\/a> <\/li><li>Fracturas y huesos rotos <\/li><li>Cortes y abrasiones <\/li><\/ul>\n\n\n\n<p>Despu\u00e9s de su accidente por resbal\u00f3n y ca\u00edda en una tienda Marshalls en South Carolina, es posible que tenga gastos m\u00e9dicos y una p\u00e9rdida de disfrute de su vida debido a sus lesiones. Usted puede tener derecho a una indemnizaci\u00f3n por sus lesiones en forma de:<\/p>\n\n\n\n<ul class=\"wp-block-list\"><li>Gastos m\u00e9dicos pasados y futuros <\/li><li>Salarios perdidos y salarios futuros  <\/li><li>Dolor y sufrimiento <\/li><li>Angustia mental  <\/li><li> P\u00e9rdida de la capacidad de ganancia <\/li><li>Da\u00f1os a los bienes personales  <\/li><\/ul>\n\n\n\n<h2 class=\"wp-block-heading\"><strong>Qu\u00e9 hacer despu\u00e9s de un accidente de resbal\u00f3n y ca\u00edda en Marshalls en South Carolina<\/strong><\/h2>\n\n\n\n<p>Como resultado de su resbal\u00f3n y ca\u00edda en un local de Marshalls en South Carolina, puede quedar desorientado. Una ca\u00edda ocurre tan r\u00e1pidamente que puede tomar unos segundos o m\u00e1s para recuperar su compostura. A continuaci\u00f3n se indican algunas medidas que debe tomar despu\u00e9s de su accidente por resbal\u00f3n y ca\u00edda en Marshalls:<\/p>\n\n\n\n<p>1. Busque atenci\u00f3n m\u00e9dica inmediatamente despu\u00e9s de la ca\u00edda.  <\/p>\n\n\n\n<p>2. No haga ninguna declaraci\u00f3n ni firme ning\u00fan documento de ning\u00fan empleado o representante de Target.   <\/p>\n\n\n\n<p>3.  Obtenga un informe del incidente del gerente de la tienda. <\/p>\n\n\n\n<p>4.  Documente todo lo relacionado con el accidente, incluyendo: <\/p>\n\n\n\n<ul class=\"wp-block-list\"><li>Fecha, hora y lugar de su resbal\u00f3n y ca\u00edda <\/li><li>Detalles sobre su ca\u00edda <\/li><li>Fotograf\u00edas de sus lesiones inmediatamente despu\u00e9s y d\u00edas despu\u00e9s de la ca\u00edda <\/li><li>Nombres de los testigos, si es posible o si hay alguno <\/li><\/ul>\n\n\n\n<p>5. Conserve todos los registros relativos a su ca\u00edda, incluidos los informes m\u00e9dicos y las facturas.  <\/p>\n\n\n\n<p><a href=\"https:\/\/www.steinberglawfirm.com\/contact-us\/\" target=\"_blank\" rel=\"noopener\">Contactar con un abogado<\/a> para manejar su caso y proteger sus derechos. Llame al Steinberg Law Firm al (843) 720-2800 y contrate a un experimentado <a href=\"https:\/\/www.steinberglawfirm.com\" target=\"_blank\" rel=\"noopener\">South Carolina abogado de lesiones personales<\/a>.<\/p>\n\n\n\n<p> <\/p>","protected":false},"excerpt":{"rendered":"<p>\u00bfSe resbal\u00f3 y cay\u00f3 en Marshalls en South Carolina? Deje que nuestros abogados le ayuden Miles de clientes compran en Marshalls en South Carolina cada semana. Durante los eventos de ventas y las temporadas de vacaciones, el n\u00famero de personas que compran en Marshalls al mismo tiempo puede aumentar. Los locales de Marshalls en South Carolina tienen el deber de...<\/p>","protected":false},"author":1,"featured_media":0,"parent":2281,"menu_order":0,"comment_status":"closed","ping_status":"closed","template":"","meta":{"_acf_changed":false,"footnotes":""},"class_list":["post-9957","page","type-page","status-publish","hentry"],"acf":[],"_links":{"self":[{"href":"https:\/\/steinberglawfirm-staging.clmcloud.app\/es\/wp-json\/wp\/v2\/pages\/9957"}],"collection":[{"href":"https:\/\/steinberglawfirm-staging.clmcloud.app\/es\/wp-json\/wp\/v2\/pages"}],"about":[{"href":"https:\/\/steinberglawfirm-staging.clmcloud.app\/es\/wp-json\/wp\/v2\/types\/page"}],"author":[{"embeddable":true,"href":"https:\/\/steinberglawfirm-staging.clmcloud.app\/es\/wp-json\/wp\/v2\/users\/1"}],"replies":[{"embeddable":true,"href":"https:\/\/steinberglawfirm-staging.clmcloud.app\/es\/wp-json\/wp\/v2\/comments?post=9957"}],"version-history":[{"count":2,"href":"https:\/\/steinberglawfirm-staging.clmcloud.app\/es\/wp-json\/wp\/v2\/pages\/9957\/revisions"}],"predecessor-version":[{"id":20465,"href":"https:\/\/steinberglawfirm-staging.clmcloud.app\/es\/wp-json\/wp\/v2\/pages\/9957\/revisions\/20465"}],"up":[{"embeddable":true,"href":"https:\/\/steinberglawfirm-staging.clmcloud.app\/es\/wp-json\/wp\/v2\/pages\/2281"}],"wp:attachment":[{"href":"https:\/\/steinberglawfirm-staging.clmcloud.app\/es\/wp-json\/wp\/v2\/media?parent=9957"}],"curies":[{"name":"wp","href":"https:\/\/api.w.org\/{rel}","templated":true}]}}