{"id":9954,"date":"2019-09-19T22:13:42","date_gmt":"2019-09-19T22:13:42","guid":{"rendered":"https:\/\/www.steinberglawfirm.com\/?page_id=9954"},"modified":"2024-07-30T18:03:53","modified_gmt":"2024-07-30T18:03:53","slug":"slip-and-fall-at-walmart","status":"publish","type":"page","link":"https:\/\/steinberglawfirm-staging.clmcloud.app\/es\/lesiones-personales\/responsabilidad-civil-de-los-locales\/resbalones-y-caidas\/resbalon-y-caida-en-walmart\/","title":{"rendered":"Lesiones por resbalones y ca\u00eddas en Walmart"},"content":{"rendered":"<h1 class=\"wp-block-heading\"><strong>\u00bfSe resbal\u00f3 y cay\u00f3 en Walmart? Nuestros abogados de lesiones South Carolina pueden ayudarle<\/strong><\/h1>\n\n\n\n<p>Walmart es una cadena estadounidense de tiendas de alimentaci\u00f3n. Fue fundada en 1962 en Rogers, Arkansas. Con sede en Bentonville, Arkansas, Walmart tiene tiendas en 50 estados y Puerto Rico. Opera en 11.000 tiendas y emplea a unos 1,2 millones de trabajadores en Estados Unidos. El gran n\u00famero de empleados es una prueba del gran volumen de clientes que Walmart atiende cada d\u00eda. Con tiendas tan grandes y un tr\u00e1fico de clientes tan frecuente, los empleados de Walmart tienen el deber de inspeccionar regularmente la tienda para proteger y advertir a los clientes de los da\u00f1os previsibles. Si Walmart incumple este deber y un comprador resbala y se cae en la tienda, puede ser responsable de todas las lesiones sufridas.  <\/p>\n\n\n\n<p>Si se ha lesionado mientras compraba en Walmart, llame al Steinberg Law Firm al (843) 720-2800 para obtener una <a href=\"https:\/\/www.steinberglawfirm.com\/free-consultation\/\" target=\"_blank\" rel=\"noopener\">consulta gratuita<\/a> con un experimentado <a href=\"https:\/\/www.steinberglawfirm.com\/practice-areas\/premises-liability\/slip-and-fall\/\" target=\"_blank\" rel=\"noopener\">abogado de resbalones y ca\u00eddas<\/a>.<\/p>\n\n\n\n<p><br> <strong>Lesiones por resbalones y ca\u00eddas de clientes de Walmart<\/strong><\/p>\n\n\n\n<p>Muchos <a href=\"https:\/\/www.steinberglawfirm.com\/articles\/injuries-associated-with-slip-and-fall-accidents\/\" class=\"wpil_internal_link\" target=\"_blank\" rel=\"noopener\">lesiones por resbalones y ca\u00eddas<\/a> no ponen en peligro la vida; sin embargo, pueden cambiar significativamente la vida de una persona. Las causas de los accidentes por resbalones y ca\u00eddas incluyen: <\/p>\n\n\n\n<ul class=\"wp-block-list\">\n<li>Mercanc\u00edas que se caen de los estantes  <\/li>\n\n\n\n<li>Suelos resbaladizos por la nieve o el hielo <\/li>\n\n\n\n<li>Suelos mojados por derrames de l\u00edquidos y alimentos <\/li>\n\n\n\n<li>Barandillas defectuosas o inexistentes  <\/li>\n\n\n\n<li>Cables o mangueras a trav\u00e9s de un pasillo  <\/li>\n\n\n\n<li>Hielo y nieve en los pasillos, entradas y aparcamientos <\/li>\n\n\n\n<li>Pelda\u00f1os o escaleras rotas  <\/li>\n\n\n\n<li>Alfombra irregular <\/li>\n<\/ul>\n\n\n\n<p>Las lesiones por resbalones y ca\u00eddas pueden ser leves o graves. Las lesiones m\u00e1s comunes incluyen:<\/p>\n\n\n\n<ul class=\"wp-block-list\">\n<li>Lesiones en el cuello  <\/li>\n\n\n\n<li>Lesiones en la espalda  <\/li>\n\n\n\n<li>Lesiones faciales  <\/li>\n\n\n\n<li><a href=\"https:\/\/www.steinberglawfirm.com\/practice-areas\/serious-injury-cases\/traumatic-brain-injury\/\" class=\"wpil_internal_link\" target=\"_blank\" rel=\"noopener\">Lesiones cerebrales traum\u00e1ticas (TBI)<\/a> <\/li>\n\n\n\n<li>Fracturas y huesos rotos <\/li>\n\n\n\n<li>Cortes y abrasiones <\/li>\n<\/ul>\n\n\n\n<p>Si usted se resbala y se cae en Walmart, tiene facturas crecientes y la incapacidad de funcionar de la misma manera que lo hac\u00eda antes de caerse. Usted puede recibir una compensaci\u00f3n por sus lesiones, incluyendo:<\/p>\n\n\n\n<ul class=\"wp-block-list\">\n<li>Gastos m\u00e9dicos pasados y futuros <\/li>\n\n\n\n<li>Salarios perdidos y salarios futuros  <\/li>\n\n\n\n<li>Dolor y sufrimiento <\/li>\n\n\n\n<li>Angustia mental  <\/li>\n\n\n\n<li>P\u00e9rdida de la capacidad de ganancia  <\/li>\n\n\n\n<li>Da\u00f1os a los bienes personales  <\/li>\n<\/ul>\n\n\n\n<h2 class=\"wp-block-heading\"><strong>Qu\u00e9 hacer despu\u00e9s de un accidente de resbal\u00f3n y ca\u00edda en Walmart:<\/strong><\/h2>\n\n\n\n<p>Si te caes en Walmart, puedes desorientarte. Tratar de recuperar la compostura despu\u00e9s de la ca\u00edda puede interferir con su claridad. Usted puede estar muy inseguro sobre qu\u00e9 hacer despu\u00e9s de su resbal\u00f3n y ca\u00edda. Aqu\u00ed hay algunos pasos a seguir despu\u00e9s de su accidente.<\/p>\n\n\n\n<p>1. Busque atenci\u00f3n m\u00e9dica inmediatamente despu\u00e9s de la ca\u00edda.  <\/p>\n\n\n\n<p>2. No haga ninguna declaraci\u00f3n ni firme ning\u00fan documento de ning\u00fan empleado o representante de Target.   <\/p>\n\n\n\n<p>3.  Obtenga un informe del incidente del gerente de la tienda. <\/p>\n\n\n\n<p>4.  Documente todo lo relacionado con el accidente, incluyendo: <\/p>\n\n\n\n<ul class=\"wp-block-list\">\n<li>Fecha, hora y lugar de su resbal\u00f3n y ca\u00edda <\/li>\n\n\n\n<li>Detalles sobre su ca\u00edda <\/li>\n\n\n\n<li>Fotograf\u00edas de sus lesiones inmediatamente despu\u00e9s y d\u00edas despu\u00e9s de la ca\u00edda <\/li>\n\n\n\n<li>Nombres de los testigos, si es posible o si hay alguno <\/li>\n<\/ul>\n\n\n\n<p>5. Conserve todos los registros relativos a su ca\u00edda, incluidos los informes m\u00e9dicos y las facturas.  <\/p>\n\n\n\n<p><a href=\"https:\/\/www.steinberglawfirm.com\/contact-us\/\" target=\"_blank\" rel=\"noopener\">Contactar con un abogado<\/a> para manejar su caso y proteger sus derechos. Llame al Steinberg Law Firm al (843) 720-2800 y contrate a un experimentado <a href=\"https:\/\/www.steinberglawfirm.com\" target=\"_blank\" rel=\"noopener\">abogado de lesiones personales<\/a>.<\/p>","protected":false},"excerpt":{"rendered":"<p>Did You Slip and Fall at Walmart? Our South Carolina Injury Attorneys Can Help Walmart is an American grocery store chain. It was founded in 1962 in Rogers, Arkansas. Headquartered in Bentonville, Arkansas, Walmart has stores in 50 states and Puerto Rico. It operates out of 11,000 stores and employs approximately 1.2 million employees in&hellip;<\/p>","protected":false},"author":1,"featured_media":0,"parent":2281,"menu_order":0,"comment_status":"closed","ping_status":"closed","template":"","meta":{"_acf_changed":false,"footnotes":""},"class_list":["post-9954","page","type-page","status-publish","hentry"],"acf":[],"_links":{"self":[{"href":"https:\/\/steinberglawfirm-staging.clmcloud.app\/es\/wp-json\/wp\/v2\/pages\/9954"}],"collection":[{"href":"https:\/\/steinberglawfirm-staging.clmcloud.app\/es\/wp-json\/wp\/v2\/pages"}],"about":[{"href":"https:\/\/steinberglawfirm-staging.clmcloud.app\/es\/wp-json\/wp\/v2\/types\/page"}],"author":[{"embeddable":true,"href":"https:\/\/steinberglawfirm-staging.clmcloud.app\/es\/wp-json\/wp\/v2\/users\/1"}],"replies":[{"embeddable":true,"href":"https:\/\/steinberglawfirm-staging.clmcloud.app\/es\/wp-json\/wp\/v2\/comments?post=9954"}],"version-history":[{"count":3,"href":"https:\/\/steinberglawfirm-staging.clmcloud.app\/es\/wp-json\/wp\/v2\/pages\/9954\/revisions"}],"predecessor-version":[{"id":31564,"href":"https:\/\/steinberglawfirm-staging.clmcloud.app\/es\/wp-json\/wp\/v2\/pages\/9954\/revisions\/31564"}],"up":[{"embeddable":true,"href":"https:\/\/steinberglawfirm-staging.clmcloud.app\/es\/wp-json\/wp\/v2\/pages\/2281"}],"wp:attachment":[{"href":"https:\/\/steinberglawfirm-staging.clmcloud.app\/es\/wp-json\/wp\/v2\/media?parent=9954"}],"curies":[{"name":"wp","href":"https:\/\/api.w.org\/{rel}","templated":true}]}}