{"id":9952,"date":"2019-09-19T22:09:17","date_gmt":"2019-09-19T22:09:17","guid":{"rendered":"https:\/\/www.steinberglawfirm.com\/?page_id=9952"},"modified":"2022-04-20T23:19:05","modified_gmt":"2022-04-20T23:19:05","slug":"slip-and-fall-at-t-j-maxx","status":"publish","type":"page","link":"https:\/\/steinberglawfirm-staging.clmcloud.app\/es\/lesiones-personales\/responsabilidad-civil-de-los-locales\/resbalones-y-caidas\/slip-and-fall-at-t-j-maxx\/","title":{"rendered":"Resbal\u00f3n y ca\u00edda en T.J. Maxx"},"content":{"rendered":"<h1 class=\"wp-block-heading\"><strong>\u00bfSe resbal\u00f3 y cay\u00f3 en T.J. Maxx en South Carolina? Deje que nuestros abogados le ayuden<\/strong><\/h1>\n\n\n\n<p>T.J. Maxx es una tienda de venta al por menor con ubicaciones en todo South Carolina. Cada d\u00eda miles de clientes visitan la tienda. El tr\u00e1fico diario de compradores en las tiendas T.J. Maxx en South Carolina puede causar el desgaste del suelo y las alfombras pueden desgastarse. Las tiendas T.J. Maxx en South Carolina tienen el deber de evitar que los clientes resbalen y se caigan en sus instalaciones. Si T.J. Maxx no repara y mantiene la tienda adecuadamente y un comprador se lesiona, entonces la tienda puede ser considerada responsable de la ca\u00edda y las lesiones  <\/p>\n\n\n\n<p>Si se ha lesionado mientras compraba en T.J. Maxx, llame al Steinberg Law Firm al (843) 720-2800 para obtener una <a href=\"https:\/\/www.steinberglawfirm.com\/free-consultation\/\" target=\"_blank\" rel=\"noopener\">consulta gratuita<\/a> con un <a href=\"https:\/\/www.steinberglawfirm.com\/practice-areas\/premises-liability\/slip-and-fall\/\" target=\"_blank\" rel=\"noopener\">South Carolina abogado de resbalones y ca\u00eddas<\/a>.<\/p>\n\n\n\n<p><strong>Lesiones por resbalones y ca\u00eddas de clientes en T.J. Maxx en South Carolina<\/strong><\/p>\n\n\n\n<p>Los accidentes por resbalones y ca\u00eddas pueden ocurrir de muchas maneras. Las causas m\u00e1s comunes de los accidentes por resbalones y ca\u00eddas incluyen:  <\/p>\n\n\n\n<ul class=\"wp-block-list\"><li>Mercanc\u00eda dejada en el suelo <\/li><li>Moquetas sueltas o rasgadas <\/li><li>Suelos rotos o irregulares  <\/li><li>Suelos mojados  <\/li><li>Pelda\u00f1os o escaleras rotas  <\/li><li>Baches en el aparcamiento <\/li><\/ul>\n\n\n\n<p>Las lesiones por resbalones y ca\u00eddas pueden ser leves o graves. Pueden incluir:<\/p>\n\n\n\n<ul class=\"wp-block-list\"><li>Lesiones de la espalda y la columna vertebral  <\/li><li>Huesos rotos <\/li><li>Moretones  <\/li><li>Torceduras y esguinces  <\/li><li>Cortes y abrasiones <\/li><\/ul>\n\n\n\n<p>Una ca\u00edda puede parecer sencilla; sin embargo, despu\u00e9s de recibir tratamiento m\u00e9dico, puede descubrir que sus lesiones son peores de lo que pensaba. Puede incurrir en elevadas facturas m\u00e9dicas por su tratamiento y requerir atenci\u00f3n m\u00e9dica continua para ayudarle a recuperarse de sus lesiones. Esto puede impedirle trabajar o participar en actividades extracurriculares, lo que supone una p\u00e9rdida de disfrute de su vida. Puede tener derecho a una indemnizaci\u00f3n por sus lesiones en forma de:<\/p>\n\n\n\n<ul class=\"wp-block-list\"><li>Gastos m\u00e9dicos pasados y futuros <\/li><li>Salarios perdidos y salarios futuros  <\/li><li>Dolor y sufrimiento <\/li><li>Angustia mental  <\/li><li>P\u00e9rdida de la capacidad de ganancia <\/li><li>Da\u00f1os a los bienes personales  <\/li><\/ul>\n\n\n\n<h2 class=\"wp-block-heading\"><strong>Qu\u00e9 hacer despu\u00e9s de un accidente de resbal\u00f3n y ca\u00edda en T.J. Maxx en South Carolina<\/strong><\/h2>\n\n\n\n<p>Despu\u00e9s de su accidente de resbal\u00f3n y ca\u00edda en T.J. Maxx en South Carolina, puede sentirse desorientado o confundido. Puede que no sepa qu\u00e9 hacer a continuaci\u00f3n. Sin embargo, hay pasos que debe tomar despu\u00e9s de su accidente:<\/p>\n\n\n\n<p>1. Busque atenci\u00f3n m\u00e9dica inmediatamente despu\u00e9s de la ca\u00edda.  <\/p>\n\n\n\n<p>2. No haga ninguna declaraci\u00f3n ni firme ning\u00fan documento de ning\u00fan empleado o representante de Target.   <\/p>\n\n\n\n<p>3.  Obtenga un informe del incidente del gerente de la tienda. <\/p>\n\n\n\n<p>4.  Documente todo lo relacionado con el accidente, incluyendo: <\/p>\n\n\n\n<ul class=\"wp-block-list\"><li>Fecha, hora y lugar de su resbal\u00f3n y ca\u00edda <\/li><li>Detalles sobre su ca\u00edda <\/li><li>Fotograf\u00edas de sus lesiones inmediatamente despu\u00e9s y d\u00edas despu\u00e9s de la ca\u00edda <\/li><li>Nombres de los testigos, si es posible o si hay alguno <\/li><\/ul>\n\n\n\n<p>5. Conserve todos los registros relativos a su ca\u00edda, incluidos los informes m\u00e9dicos y las facturas.  <\/p>\n\n\n\n<p><a href=\"https:\/\/www.steinberglawfirm.com\/contact-us\/\" target=\"_blank\" rel=\"noopener\">Contactar con un abogado<\/a> para manejar su caso y proteger sus derechos. Llame al Steinberg Law Firm al (843) 720-2800 y contrate a un experimentado <a href=\"https:\/\/www.steinberglawfirm.com\" target=\"_blank\" rel=\"noopener\">abogado de lesiones personales en South Carolina<\/a>.<\/p>","protected":false},"excerpt":{"rendered":"<p>\u00bfSe resbal\u00f3 y cay\u00f3 en T.J. Maxx en South Carolina? Deje que nuestros abogados le ayuden T.J. Maxx es una tienda al por menor con ubicaciones en todo South Carolina. Cada d\u00eda miles de clientes visitan la tienda. El tr\u00e1fico diario de compradores en las tiendas T.J. Maxx en South Carolina puede causar desgaste en el suelo...<\/p>","protected":false},"author":1,"featured_media":0,"parent":2281,"menu_order":0,"comment_status":"closed","ping_status":"closed","template":"","meta":{"_acf_changed":false,"footnotes":""},"class_list":["post-9952","page","type-page","status-publish","hentry"],"acf":[],"_links":{"self":[{"href":"https:\/\/steinberglawfirm-staging.clmcloud.app\/es\/wp-json\/wp\/v2\/pages\/9952"}],"collection":[{"href":"https:\/\/steinberglawfirm-staging.clmcloud.app\/es\/wp-json\/wp\/v2\/pages"}],"about":[{"href":"https:\/\/steinberglawfirm-staging.clmcloud.app\/es\/wp-json\/wp\/v2\/types\/page"}],"author":[{"embeddable":true,"href":"https:\/\/steinberglawfirm-staging.clmcloud.app\/es\/wp-json\/wp\/v2\/users\/1"}],"replies":[{"embeddable":true,"href":"https:\/\/steinberglawfirm-staging.clmcloud.app\/es\/wp-json\/wp\/v2\/comments?post=9952"}],"version-history":[{"count":2,"href":"https:\/\/steinberglawfirm-staging.clmcloud.app\/es\/wp-json\/wp\/v2\/pages\/9952\/revisions"}],"predecessor-version":[{"id":20479,"href":"https:\/\/steinberglawfirm-staging.clmcloud.app\/es\/wp-json\/wp\/v2\/pages\/9952\/revisions\/20479"}],"up":[{"embeddable":true,"href":"https:\/\/steinberglawfirm-staging.clmcloud.app\/es\/wp-json\/wp\/v2\/pages\/2281"}],"wp:attachment":[{"href":"https:\/\/steinberglawfirm-staging.clmcloud.app\/es\/wp-json\/wp\/v2\/media?parent=9952"}],"curies":[{"name":"wp","href":"https:\/\/api.w.org\/{rel}","templated":true}]}}