{"id":9947,"date":"2019-09-19T22:04:14","date_gmt":"2019-09-19T22:04:14","guid":{"rendered":"https:\/\/www.steinberglawfirm.com\/?page_id=9947"},"modified":"2022-04-20T23:19:21","modified_gmt":"2022-04-20T23:19:21","slug":"slip-and-fall-at-target","status":"publish","type":"page","link":"https:\/\/steinberglawfirm-staging.clmcloud.app\/es\/lesiones-personales\/responsabilidad-civil-de-los-locales\/resbalones-y-caidas\/resbalon-y-caida-en-el-objetivo\/","title":{"rendered":"Resbal\u00f3n y ca\u00edda en Target"},"content":{"rendered":"<h1 class=\"wp-block-heading\"><strong>\u00bfSe resbal\u00f3 y cay\u00f3 en Target en South Carolina? Deje que nuestros abogados le ayuden<\/strong><\/h1>\n\n\n\n<p>Target cuenta con m\u00e1s de 1.800 tiendas en los 50 estados. Target atiende diariamente a millones de clientes en todo el pa\u00eds. Los locales de Target en South Carolina dan servicio a una gran cantidad de compradores. Los empleados de Target tienen el deber de proporcionar a sus clientes un entorno de compra seguro. Las tiendas Target en South Carolina deben realizar inspecciones, reparaciones y limpieza peri\u00f3dicas. Es posible que tengan que hacerlo con m\u00e1s frecuencia dependiendo del volumen de tr\u00e1fico de clientes en la tienda. La mercanc\u00eda puede romperse o <a href=\"https:\/\/www.steinberglawfirm.com\/blog\/i-slipped-and-fell-in-the-store-because-of-a-wet-floor-and-there-was-no-proper-warning-who-is-liable-for-my-injury-from-the-fall\/\" class=\"wpil_internal_link\" target=\"_blank\" rel=\"noopener\">derramarse en el suelo y hacer que los clientes resbalen y se caigan.<\/a> Aunque, Target puede no <a href=\"https:\/\/www.steinberglawfirm.com\/faq\/faq-personal-injury\/how-do-i-know-who-is-responsible-for-my-injuries\/\" class=\"wpil_internal_link\" target=\"_blank\" rel=\"noopener\">de la rotura o el derrame, es responsable de las lesiones que se produzcan.<\/a> los clientes reciben.<\/p>\n\n\n\n<p>Si se ha lesionado mientras compraba en Target, llame al Steinberg Law Firm al (843) 720-2800 para obtener una <a href=\"https:\/\/www.steinberglawfirm.com\/free-consultation\/\" target=\"_blank\" rel=\"noopener\">consulta gratuita<\/a> con un experimentado <a href=\"https:\/\/www.steinberglawfirm.com\/practice-areas\/premises-liability\/slip-and-fall\/\" target=\"_blank\" rel=\"noopener\">abogado de resbalones y ca\u00eddas<\/a> en South Carolina.<\/p>\n\n\n\n<p><strong>Lesiones por resbalones y ca\u00eddas de compradores de Target en South Carolina<\/strong><\/p>\n\n\n\n<p>Los accidentes por resbalones y ca\u00eddas en las tiendas Target en South Carolina suelen producirse por la negligencia de los empleados a la hora de mantener el local adecuadamente. Ejemplos de mantenimiento inadecuado de los locales incluyen:<\/p>\n\n\n\n<ul class=\"wp-block-list\"><li>No almacenar de forma segura la mercanc\u00eda en las estanter\u00edas  <\/li><li>Suelos rotos y desiguales  <\/li><li>Alfombras irregulares <\/li><li>Vertidos <\/li><li>Mala iluminaci\u00f3n  <\/li><li>Pelda\u00f1os o escaleras rotas  <\/li><li>Cajas y otros art\u00edculos en los pasillos <\/li><\/ul>\n\n\n\n<p>Tanto si las lesiones por resbalones y ca\u00eddas son leves como graves, suponen un inconveniente para el comprador lesionado e interfieren en su capacidad para disfrutar de la vida. Algunas de las <a href=\"https:\/\/www.steinberglawfirm.com\/articles\/injuries-associated-with-slip-and-fall-accidents\/\" class=\"wpil_internal_link\" target=\"_blank\" rel=\"noopener\">lesiones m\u00e1s comunes por resbalones y ca\u00eddas<\/a> incluyen:<\/p>\n\n\n\n<ul class=\"wp-block-list\"><li>Latigazo cervical <\/li><li>Trastorno de estr\u00e9s postraum\u00e1tico <\/li><li><a href=\"https:\/\/www.steinberglawfirm.com\/practice-areas\/serious-injury-cases\/traumatic-brain-injury\/\" class=\"wpil_internal_link\" target=\"_blank\" rel=\"noopener\">Lesiones cerebrales traum\u00e1ticas (TBI)<\/a> <\/li><li>Esguinces y fracturas <\/li><li>Contusiones y conmociones cerebrales <\/li><\/ul>\n\n\n\n<p>Los clientes que compran en Target se centran en las compras, mientras que los empleados de Target deber\u00edan centrarse en mantener la tienda segura. Si usted se resbala y se cae durante un viaje de compras debido a la negligencia de Target, usted puede buscar da\u00f1os y perjuicios de la tienda por no mantener las instalaciones seguras. Usted puede buscar compensaci\u00f3n por: <\/p>\n\n\n\n<ul class=\"wp-block-list\"><li>Gastos m\u00e9dicos pasados y futuros <\/li><li>Salarios perdidos y salarios futuros  <\/li><li>Dolor y sufrimiento <\/li><li>Angustia mental  <\/li><li>P\u00e9rdida de la capacidad de ganancia  <\/li><li> Da\u00f1os a los bienes personales  <\/li><\/ul>\n\n\n\n<h2 class=\"wp-block-heading\"><strong>Qu\u00e9 hacer despu\u00e9s de un accidente de resbal\u00f3n y ca\u00edda en Target en South Carolina<\/strong><\/h2>\n\n\n\n<p>Despu\u00e9s de un resbal\u00f3n y ca\u00edda en Target, en South Carolina, es posible que no sepa qu\u00e9 hacer a continuaci\u00f3n. Aqu\u00ed hay algunos pasos a seguir despu\u00e9s de su resbal\u00f3n y ca\u00edda en Target.<\/p>\n\n\n\n<p>1. Busque atenci\u00f3n m\u00e9dica inmediatamente despu\u00e9s de la ca\u00edda.  <\/p>\n\n\n\n<p>2. No haga ninguna declaraci\u00f3n ni firme ning\u00fan documento de ning\u00fan empleado o representante de Target.   <\/p>\n\n\n\n<p>3.  Obtenga un informe del incidente del gerente de la tienda. <\/p>\n\n\n\n<p>4.  Documente todo lo relacionado con el accidente, incluyendo: <\/p>\n\n\n\n<ul class=\"wp-block-list\"><li>Fecha, hora y lugar de su resbal\u00f3n y ca\u00edda <\/li><li>Detalles sobre su ca\u00edda <\/li><li>Fotograf\u00edas de sus lesiones inmediatamente despu\u00e9s y d\u00edas despu\u00e9s de la ca\u00edda <\/li><li>Nombres de los testigos, si es posible o si hay alguno <\/li><\/ul>\n\n\n\n<p>5. Conserve todos los registros relativos a su ca\u00edda, incluidos los informes m\u00e9dicos y las facturas.  <\/p>\n\n\n\n<p><a href=\"https:\/\/www.steinberglawfirm.com\/contact-us\/\" target=\"_blank\" rel=\"noopener\">Contactar con un abogado<\/a> para manejar su caso y proteger sus derechos. Llame al Steinberg Law Firm al (843) 720-2800 y contrate a un experimentado <a href=\"https:\/\/www.steinberglawfirm.com\/\" target=\"_blank\" rel=\"noopener\">South Carolina abogado de lesiones personales<\/a>.<\/p>","protected":false},"excerpt":{"rendered":"<p>\u00bfSe resbal\u00f3 y cay\u00f3 en Target en South Carolina? Deje que nuestros abogados le ayuden Target opera m\u00e1s de 1,800 tiendas con ubicaciones en los 50 estados. Target atiende diariamente a millones de clientes en todo el pa\u00eds. Las ubicaciones de Target en South Carolina dan servicio a una afluencia de compradores. Los empleados de Target tienen el deber de proporcionar su...<\/p>","protected":false},"author":1,"featured_media":0,"parent":2281,"menu_order":0,"comment_status":"closed","ping_status":"closed","template":"","meta":{"_acf_changed":false,"footnotes":""},"class_list":["post-9947","page","type-page","status-publish","hentry"],"acf":[],"_links":{"self":[{"href":"https:\/\/steinberglawfirm-staging.clmcloud.app\/es\/wp-json\/wp\/v2\/pages\/9947"}],"collection":[{"href":"https:\/\/steinberglawfirm-staging.clmcloud.app\/es\/wp-json\/wp\/v2\/pages"}],"about":[{"href":"https:\/\/steinberglawfirm-staging.clmcloud.app\/es\/wp-json\/wp\/v2\/types\/page"}],"author":[{"embeddable":true,"href":"https:\/\/steinberglawfirm-staging.clmcloud.app\/es\/wp-json\/wp\/v2\/users\/1"}],"replies":[{"embeddable":true,"href":"https:\/\/steinberglawfirm-staging.clmcloud.app\/es\/wp-json\/wp\/v2\/comments?post=9947"}],"version-history":[{"count":2,"href":"https:\/\/steinberglawfirm-staging.clmcloud.app\/es\/wp-json\/wp\/v2\/pages\/9947\/revisions"}],"predecessor-version":[{"id":20481,"href":"https:\/\/steinberglawfirm-staging.clmcloud.app\/es\/wp-json\/wp\/v2\/pages\/9947\/revisions\/20481"}],"up":[{"embeddable":true,"href":"https:\/\/steinberglawfirm-staging.clmcloud.app\/es\/wp-json\/wp\/v2\/pages\/2281"}],"wp:attachment":[{"href":"https:\/\/steinberglawfirm-staging.clmcloud.app\/es\/wp-json\/wp\/v2\/media?parent=9947"}],"curies":[{"name":"wp","href":"https:\/\/api.w.org\/{rel}","templated":true}]}}