{"id":9887,"date":"2019-09-05T23:01:45","date_gmt":"2019-09-05T23:01:45","guid":{"rendered":"https:\/\/www.steinberglawfirm.com\/?page_id=9887"},"modified":"2022-04-20T23:19:45","modified_gmt":"2022-04-20T23:19:45","slug":"slip-and-fall-at-trader-joes","status":"publish","type":"page","link":"https:\/\/steinberglawfirm-staging.clmcloud.app\/es\/lesiones-personales\/responsabilidad-civil-de-los-locales\/resbalones-y-caidas\/resbalon-caida-en-los-joes\/","title":{"rendered":"Resbal\u00f3n y ca\u00edda en Trader Joe's"},"content":{"rendered":"<h1 class=\"wp-block-heading\"><strong>\u00bfSe resbal\u00f3 y cay\u00f3 en Trader Joe's? Deje que nuestros abogados le ayuden<\/strong><\/h1>\n\n\n\n<p>Trader Joe's es una cadena de tiendas de alimentaci\u00f3n estadounidense fundada en 1967 en Pasadena, California. Su sede central se encuentra en Monrovia, California. Con casi 500 tiendas y m\u00e1s de 10.000 empleados, Trader Joe's tiene tiendas en 41 estados y el Distrito de Columbia. La afluencia de compradores en la tienda y en el aparcamiento obliga a los empleados de Trader Joe's a inspeccionar regularmente la tienda para detectar cualquier da\u00f1o previsible a sus clientes. El hecho de que los empleados de la tienda no inspeccionen regularmente el local para asegurarse de que es seguro puede hacer que los compradores se caigan y se lesionen.<\/p>\n\n\n\n<p> Si usted se lesion\u00f3 mientras que las compras en un South Carolina Trader Joe's, llame a la Steinberg Law Firm en (843) 720-2800 para una consulta gratuita con un experimentado <a href=\"https:\/\/www.steinberglawfirm.com\/practice-areas\/premises-liability\/slip-and-fall\/\" target=\"_blank\" rel=\"noopener\">abogado de resbalones y ca\u00eddas<\/a>.<\/p>\n\n\n\n<p><strong> Lesiones por resbalones y ca\u00eddas de clientes de Trader Joe's<\/strong><\/p>\n\n\n\n<p>Muchos accidentes por resbalones y ca\u00eddas son evitables. Por lo general, son causados por la negligencia de la tienda y su empleado para inspeccionar y mantener las instalaciones de una manera segura. Desde la limpieza de derrames o la realizaci\u00f3n de las reparaciones necesarias, los empleados de Trader Joe's pueden ayudar a prevenir o minimizar la probabilidad de que un comprador pueda resbalar y caer.   <\/p>\n\n\n\n<p>Las causas de los accidentes por resbalones y ca\u00eddas, incluyen:<\/p>\n\n\n\n<ul class=\"wp-block-list\"><li>Falta de se\u00f1ales de advertencia  <\/li><li>Suelo mojado por nieve o hielo, l\u00edquidos derramados y  <\/li><li>Barandillas defectuosas o falta de ellas  <\/li><li>Suelos rotos, rasgados o desiguales  <\/li><li>Alimentos y l\u00edquidos derramados o ca\u00eddos  <\/li><li>Pelda\u00f1os o escaleras rotas  <\/li><\/ul>\n\n\n\n<p> <a href=\"https:\/\/www.steinberglawfirm.com\/articles\/injuries-associated-with-slip-and-fall-accidents\/\" class=\"wpil_internal_link\" target=\"_blank\" rel=\"noopener\">Las lesiones por resbalones y ca\u00eddas incluyen:<\/a><\/p>\n\n\n\n<ul class=\"wp-block-list\"><li>Lesiones en el cuello  <\/li><li>Conmociones cerebrales  <\/li><li>Lesiones faciales  <\/li><li><a href=\"https:\/\/www.steinberglawfirm.com\/practice-areas\/serious-injury-cases\/traumatic-brain-injury\/\" class=\"wpil_internal_link\" target=\"_blank\" rel=\"noopener\">Lesiones cerebrales traum\u00e1ticas (TBI)<\/a> <\/li><li>Fracturas y huesos rotos <\/li><li>Moretones <\/li><\/ul>\n\n\n\n<p>Si se resbala y se cae en Trader Joe's, puede sufrir lesiones f\u00edsicas y emocionales. Usted puede recibir compensaci\u00f3n por sus da\u00f1os, tales como:<\/p>\n\n\n\n<ul class=\"wp-block-list\"><li>Gastos m\u00e9dicos pasados y futuros <\/li><li>Salarios perdidos y salarios futuros  <\/li><li>Dolor y sufrimiento <\/li><li>Angustia emocional <\/li><li>P\u00e9rdida de la capacidad de ganancia  <\/li><\/ul>\n\n\n\n<h2 class=\"wp-block-heading\"><strong>Qu\u00e9 hacer despu\u00e9s de un accidente por resbal\u00f3n y ca\u00edda en Trader Joe's:<\/strong><\/h2>\n\n\n\n<p>Si te caes en Trader Joe's, puede que no sepas qu\u00e9 hacer a continuaci\u00f3n. Estos son los pasos que debe seguir despu\u00e9s de su resbal\u00f3n y ca\u00edda.<\/p>\n\n\n\n<ol class=\"wp-block-list\"><li>Busque atenci\u00f3n m\u00e9dica inmediatamente despu\u00e9s de la ca\u00edda. <\/li><li>No hagas ninguna declaraci\u00f3n ni firmes ning\u00fan documento de ning\u00fan empleado o representante de Trader Joe's. <\/li><li>Documente todo lo relacionado con el accidente, incluyendo<\/li><\/ol>\n\n\n\n<ul class=\"wp-block-list\"><li>Fecha, hora y lugar de su resbal\u00f3n y ca\u00edda <\/li><li>Detalles sobre su ca\u00edda <\/li><li>Fotograf\u00edas de sus lesiones inmediatamente despu\u00e9s y d\u00edas despu\u00e9s de la ca\u00edda <\/li><li>Nombres de los testigos, si es posible o si hay alguno<\/li><\/ul>\n\n\n\n<ol class=\"wp-block-list\"><li>Conserve todos los registros relativos a su ca\u00edda, incluidos los informes m\u00e9dicos y las facturas.  <\/li><li>P\u00f3ngase en contacto con un abogado para que se encargue de su caso y proteja sus derechos.   <\/li><\/ol>\n\n\n\n<p>Llame a Steinberg Law Firm al (843) 720-2800 y contrate a un experimentado <a href=\"https:\/\/www.steinberglawfirm.com\/\" target=\"_blank\" rel=\"noopener\">abogado de lesiones personales<\/a>.<\/p>","protected":false},"excerpt":{"rendered":"<p>\u00bfSe resbal\u00f3 y cay\u00f3 en Trader Joe's? Deje que nuestros abogados le ayuden Trader Joe's es una cadena de tiendas de comestibles estadounidense fundada en 1967 en Pasadena, California. Su sede est\u00e1 en Monrovia, California. Con casi 500 tiendas y m\u00e1s de 10.000 empleados, Trader Joe's opera tiendas en 41 estados y el Distrito de Columbia. La afluencia de compradores...<\/p>","protected":false},"author":1,"featured_media":0,"parent":2281,"menu_order":0,"comment_status":"closed","ping_status":"closed","template":"","meta":{"_acf_changed":false,"footnotes":""},"class_list":["post-9887","page","type-page","status-publish","hentry"],"acf":[],"_links":{"self":[{"href":"https:\/\/steinberglawfirm-staging.clmcloud.app\/es\/wp-json\/wp\/v2\/pages\/9887"}],"collection":[{"href":"https:\/\/steinberglawfirm-staging.clmcloud.app\/es\/wp-json\/wp\/v2\/pages"}],"about":[{"href":"https:\/\/steinberglawfirm-staging.clmcloud.app\/es\/wp-json\/wp\/v2\/types\/page"}],"author":[{"embeddable":true,"href":"https:\/\/steinberglawfirm-staging.clmcloud.app\/es\/wp-json\/wp\/v2\/users\/1"}],"replies":[{"embeddable":true,"href":"https:\/\/steinberglawfirm-staging.clmcloud.app\/es\/wp-json\/wp\/v2\/comments?post=9887"}],"version-history":[{"count":2,"href":"https:\/\/steinberglawfirm-staging.clmcloud.app\/es\/wp-json\/wp\/v2\/pages\/9887\/revisions"}],"predecessor-version":[{"id":20483,"href":"https:\/\/steinberglawfirm-staging.clmcloud.app\/es\/wp-json\/wp\/v2\/pages\/9887\/revisions\/20483"}],"up":[{"embeddable":true,"href":"https:\/\/steinberglawfirm-staging.clmcloud.app\/es\/wp-json\/wp\/v2\/pages\/2281"}],"wp:attachment":[{"href":"https:\/\/steinberglawfirm-staging.clmcloud.app\/es\/wp-json\/wp\/v2\/media?parent=9887"}],"curies":[{"name":"wp","href":"https:\/\/api.w.org\/{rel}","templated":true}]}}