{"id":9885,"date":"2019-09-05T22:56:28","date_gmt":"2019-09-05T22:56:28","guid":{"rendered":"https:\/\/www.steinberglawfirm.com\/?page_id=9885"},"modified":"2022-04-20T23:18:40","modified_gmt":"2022-04-20T23:18:40","slug":"slip-and-fall-at-save-a-lot","status":"publish","type":"page","link":"https:\/\/steinberglawfirm-staging.clmcloud.app\/es\/lesiones-personales\/responsabilidad-civil-de-los-locales\/resbalones-y-caidas\/resbalon-y-caida-en-un-lote\/","title":{"rendered":"Resbal\u00f3n y ca\u00edda en Save-A-Lot"},"content":{"rendered":"<h1 class=\"wp-block-heading\"><strong>\u00bfSe resbal\u00f3 y cay\u00f3 en Save-A-Lot? Deje que nuestros abogados le ayuden<\/strong><\/h1>\n\n\n\n<p>Save-A-Lot es una de las mayores cadenas de supermercados de descuento de Estados Unidos. Comenz\u00f3 con una sola tienda en 1977 en Cahokia, Illinois. Con su sede central en St. Ann, Missouri, cuenta con 1.360 tiendas y m\u00e1s de 10.000 empleados, que atienden a m\u00e1s de 5 millones de clientes a la semana. El n\u00famero de compradores en Save-A-Lot hace que sea dif\u00edcil para los empleados ver r\u00e1pidamente los derrames y otros peligros potenciales en la tienda o el aparcamiento. Sin embargo, Save-A-Lot tiene el deber de mantener una tienda segura para sus clientes.  <\/p>\n\n\n\n<p>Si usted se lesion\u00f3 mientras que las compras en Save-A-Lot, llame a Steinberg Law Firm en (843) 720-2800 para una consulta gratuita con un experimentado <a href=\"https:\/\/www.steinberglawfirm.com\/practice-areas\/premises-liability\/slip-and-fall\/\" target=\"_blank\" rel=\"noopener\">abogado de resbalones y ca\u00eddas<\/a>.<\/p>\n\n\n\n<p><strong>Lesiones por resbalones y ca\u00eddas de clientes de Save-A-Lot<\/strong><\/p>\n\n\n\n<p>Los clientes de las tiendas de comestibles esperan comprar en una tienda de comestibles con caminos y entradas despejadas, estantes seguros, pisos secos y \u00e1reas de estacionamiento seguras. Si Save-A-Lot no cumple con estas expectativas debido a la negligencia, pueden ocurrir resbalones y ca\u00eddas que causan lesiones. La mayor\u00eda de estas lesiones no son fatales, pero la persona lesionada puede terminar con dolor o discapacidad a largo plazo. Save-A-Lot debe inspeccionar la tienda durante todo el d\u00eda de trabajo para garantizar que los clientes tengan una experiencia de compra segura.<\/p>\n\n\n\n<p>Hay varias causas de los accidentes por resbalones y ca\u00eddas, entre ellas:<\/p>\n\n\n\n<ul class=\"wp-block-list\"><li>Trapear los pisos sin una se\u00f1al de advertencia  <\/li><li>L\u00edquidos y alimentos derramados <\/li><li>Hielo o nieve en el aparcamiento o en las entradas <\/li><li>Suelos irregulares  <\/li><li>Barandillas rotas o sueltas <\/li><\/ul>\n\n\n\n<p>Podr\u00edas <a href=\"https:\/\/www.steinberglawfirm.com\/articles\/injuries-associated-with-slip-and-fall-accidents\/\" class=\"wpil_internal_link\" target=\"_blank\" rel=\"noopener\">sufrir una gran variedad de lesiones si se resbala y se cae<\/a> en Save-A-Lot, como:<\/p>\n\n\n\n<ul class=\"wp-block-list\"><li>Conmoci\u00f3n cerebral  <\/li><li>Lesiones de la espalda y de la m\u00e9dula espinal  <\/li><li>Esguince de tobillo y mu\u00f1eca  <\/li><li>Roturas y fracturas de huesos  <\/li><li>Hinchaz\u00f3n  <\/li><li>Cortes y contusiones  <\/li><\/ul>\n\n\n\n<p>Si te resbalas y te caes en Save-A-Lot, puedes recibir una compensaci\u00f3n por tus lesiones y gastos m\u00e9dicos, por parte de la tienda de comestibles. Usted puede recibir compensaci\u00f3n por:<\/p>\n\n\n\n<ul class=\"wp-block-list\"><li>Gastos m\u00e9dicos <\/li><li>Salarios perdidos y salarios futuros  <\/li><li>Dolor y sufrimiento <\/li><li>Angustia emocional <\/li><li>P\u00e9rdida de consorcio  <\/li><\/ul>\n\n\n\n<h2 class=\"wp-block-heading\"><strong>Qu\u00e9 hacer despu\u00e9s de un accidente de resbal\u00f3n y ca\u00edda en Save-A-Lot<\/strong><\/h2>\n\n\n\n<p>No es previsible que se resbale y se caiga mientras compra en Save-A-Lot. Sin embargo, es importante saber qu\u00e9 medidas tomar despu\u00e9s de una ca\u00edda. Entre ellas se encuentran:<\/p>\n\n\n\n<ol class=\"wp-block-list\"><li>Busque atenci\u00f3n m\u00e9dica inmediatamente despu\u00e9s de la ca\u00edda. <\/li><li>No hagas ninguna declaraci\u00f3n ni firmes ning\u00fan documento de ning\u00fan empleado o representante de Save-A-Lot. <\/li><li>Documente todo lo relacionado con el accidente, incluyendo:<\/li><\/ol>\n\n\n\n<ul class=\"wp-block-list\"><li>Fecha, hora y lugar de su resbal\u00f3n y ca\u00edda <\/li><li>Detalles sobre su ca\u00edda <\/li><li>Fotograf\u00edas de sus lesiones inmediatamente despu\u00e9s y d\u00edas despu\u00e9s de la ca\u00edda <\/li><li>Nombres de los testigos, si es posible o si hay alguno<\/li><\/ul>\n\n\n\n<ol class=\"wp-block-list\"><li>Conserve todos los registros relativos a su ca\u00edda, incluidos los informes m\u00e9dicos y las facturas.  <\/li><li>P\u00f3ngase en contacto con un abogado para que se encargue de su caso y proteja sus derechos.   <\/li><\/ol>\n\n\n\n<p>Llame a Steinberg Law Firm al (843) 720-2800 y contrate a un experimentado <a href=\"https:\/\/www.steinberglawfirm.com\/\" target=\"_blank\" rel=\"noopener\">abogado de lesiones personales<\/a>.<\/p>","protected":false},"excerpt":{"rendered":"<p>\u00bfSe resbal\u00f3 y cay\u00f3 en Save-A-Lot? Deje que nuestros abogados le ayuden Save-A-Lot es una de las mayores cadenas de tiendas de descuento en los Estados Unidos. Comenz\u00f3 como una sola tienda en 1977 en Cahokia, Illinois. Con su sede en St. Ann, Missouri tiene 1360 tiendas y m\u00e1s de 10.000 empleados, que sirven a m\u00e1s de 5...<\/p>","protected":false},"author":1,"featured_media":0,"parent":2281,"menu_order":0,"comment_status":"closed","ping_status":"closed","template":"","meta":{"_acf_changed":false,"footnotes":""},"class_list":["post-9885","page","type-page","status-publish","hentry"],"acf":[],"_links":{"self":[{"href":"https:\/\/steinberglawfirm-staging.clmcloud.app\/es\/wp-json\/wp\/v2\/pages\/9885"}],"collection":[{"href":"https:\/\/steinberglawfirm-staging.clmcloud.app\/es\/wp-json\/wp\/v2\/pages"}],"about":[{"href":"https:\/\/steinberglawfirm-staging.clmcloud.app\/es\/wp-json\/wp\/v2\/types\/page"}],"author":[{"embeddable":true,"href":"https:\/\/steinberglawfirm-staging.clmcloud.app\/es\/wp-json\/wp\/v2\/users\/1"}],"replies":[{"embeddable":true,"href":"https:\/\/steinberglawfirm-staging.clmcloud.app\/es\/wp-json\/wp\/v2\/comments?post=9885"}],"version-history":[{"count":2,"href":"https:\/\/steinberglawfirm-staging.clmcloud.app\/es\/wp-json\/wp\/v2\/pages\/9885\/revisions"}],"predecessor-version":[{"id":20477,"href":"https:\/\/steinberglawfirm-staging.clmcloud.app\/es\/wp-json\/wp\/v2\/pages\/9885\/revisions\/20477"}],"up":[{"embeddable":true,"href":"https:\/\/steinberglawfirm-staging.clmcloud.app\/es\/wp-json\/wp\/v2\/pages\/2281"}],"wp:attachment":[{"href":"https:\/\/steinberglawfirm-staging.clmcloud.app\/es\/wp-json\/wp\/v2\/media?parent=9885"}],"curies":[{"name":"wp","href":"https:\/\/api.w.org\/{rel}","templated":true}]}}