{"id":9879,"date":"2019-09-05T22:45:11","date_gmt":"2019-09-05T22:45:11","guid":{"rendered":"https:\/\/www.steinberglawfirm.com\/?page_id=9879"},"modified":"2022-04-20T23:20:38","modified_gmt":"2022-04-20T23:20:38","slug":"slip-and-fall-at-whole-foods","status":"publish","type":"page","link":"https:\/\/steinberglawfirm-staging.clmcloud.app\/es\/lesiones-personales\/responsabilidad-civil-de-los-locales\/resbalones-y-caidas\/resbalon-y-caida-en-alimentos-integrales\/","title":{"rendered":"Resbal\u00f3n y ca\u00edda en Whole Foods"},"content":{"rendered":"<h1 class=\"wp-block-heading\">\u00bfSe resbal\u00f3 y cay\u00f3 en Whole Foods Market? Nuestros abogados pueden ayudar<\/h1>\n\n\n\n<p>Whole Foods Market es una cadena de supermercados estadounidense fundada en 1980 en Austin (Texas), donde tiene actualmente su sede. Whole Foods Market tiene 500 establecimientos en Estados Unidos y el Reino Unido y emplea a m\u00e1s de 90.000 trabajadores. Al igual que otras tiendas de comestibles, Whole Foods Market tiene la responsabilidad legal ante sus clientes de garantizar su seguridad mientras est\u00e1n en el local. Esto incluye inspecciones constantes de la tienda para evitar accidentes, incluidos los resbalones y las ca\u00eddas.  <\/p>\n\n\n\n<p>Si usted se lesion\u00f3 mientras que las compras en Whole Foods, llame a Steinberg Law Firm en (843) 720-2800 para una consulta gratuita con un experimentado <a href=\"https:\/\/www.steinberglawfirm.com\/practice-areas\/premises-liability\/slip-and-fall\/\" target=\"_blank\" rel=\"noopener\">abogado de resbalones y ca\u00eddas<\/a>.<\/p>\n\n\n\n<p><strong> Lesiones por resbalones y ca\u00eddas de clientes de Whole Foods<\/strong><\/p>\n\n\n\n<p>Los accidentes por resbalones y ca\u00eddas en Whole Foods Market pueden ocurrir de muchas maneras. Incluyen:<\/p>\n\n\n\n<ul class=\"wp-block-list\"><li>Mercanc\u00edas que se caen de los estantes  <\/li><li>Suelo mojado por nieve o hielo, l\u00edquidos derramados y  <\/li><li>Barandillas defectuosas o falta de ellas  <\/li><li>Cables o mangueras a trav\u00e9s de un pasillo  <\/li><li>Hielo y nieve en los pasillos, entradas y aparcamientos <\/li><li>Pelda\u00f1os o escaleras rotas  <\/li><\/ul>\n\n\n\n<p>Los compradores de Whole Foods Market van desde beb\u00e9s hasta ancianos. La edad, el estado f\u00edsico y la salud pueden desempe\u00f1ar un papel importante en la forma en que una persona se lesiona en un accidente de resbal\u00f3n y ca\u00edda. La reacci\u00f3n natural ante una ca\u00edda es intentar agarrarse. Por lo tanto, las lesiones por tratar de detener la ca\u00edda pueden resultar en lesiones a\u00fan peores que si la persona simplemente se dejara caer. <a href=\"https:\/\/www.steinberglawfirm.com\/articles\/injuries-associated-with-slip-and-fall-accidents\/\" class=\"wpil_internal_link\" target=\"_blank\" rel=\"noopener\">Las lesiones por accidentes de resbalones y ca\u00eddas incluyen:<\/a><\/p>\n\n\n\n<ul class=\"wp-block-list\"><li>Lesiones en el cuello  <\/li><li>Lesiones en la espalda  <\/li><li>Lesiones faciales  <\/li><li><a href=\"https:\/\/www.steinberglawfirm.com\/practice-areas\/serious-injury-cases\/traumatic-brain-injury\/\" class=\"wpil_internal_link\" target=\"_blank\" rel=\"noopener\">Lesiones cerebrales traum\u00e1ticas (TBI)<\/a> <\/li><li>Fracturas y huesos rotos <\/li><li>Cortes y abrasiones <\/li><\/ul>\n\n\n\n<p>Un resbal\u00f3n y ca\u00edda en Whole Foods Market puede causarle una reducci\u00f3n del disfrute de la vida debido a sus lesiones. Usted puede tener derecho a una compensaci\u00f3n porque su resbal\u00f3n y. Usted puede recuperar los da\u00f1os, tales como:<\/p>\n\n\n\n<ul class=\"wp-block-list\"><li>Gastos m\u00e9dicos pasados y futuros <\/li><li>Salarios perdidos y salarios futuros  <\/li><li>Dolor y sufrimiento <\/li><li>P\u00e9rdida de la capacidad de ganancia  <\/li><li>Da\u00f1os a los bienes personales  <\/li><li>Fisioterapia o tratamiento m\u00e9dico continuado  <\/li><\/ul>\n\n\n\n<h2 class=\"wp-block-heading\"><strong>Qu\u00e9 hacer despu\u00e9s de un accidente por resbal\u00f3n y ca\u00edda en Whole Foods Market<\/strong><\/h2>\n\n\n\n<p>Si te caes en Whole Food Markets, te desorientas. Puede estar demasiado desorientado para saber qu\u00e9 hacer despu\u00e9s de su resbal\u00f3n y ca\u00edda. Aqu\u00ed tienes algunos pasos a seguir.<\/p>\n\n\n\n<ol class=\"wp-block-list\"><li>Busque atenci\u00f3n m\u00e9dica inmediatamente despu\u00e9s de la ca\u00edda. <\/li><li>No haga ninguna declaraci\u00f3n ni firme ning\u00fan documento de ning\u00fan empleado o representante de Whole Foods Market. <\/li><li>Documente todo lo relacionado con el accidente, incluyendo:<\/li><\/ol>\n\n\n\n<ul class=\"wp-block-list\"><li>Fecha, hora y lugar de su resbal\u00f3n y ca\u00edda <\/li><li>Detalles sobre su ca\u00edda <\/li><li>Fotograf\u00edas de sus lesiones inmediatamente despu\u00e9s y d\u00edas despu\u00e9s de la ca\u00edda <\/li><li>Nombres de los testigos, si es posible<\/li><\/ul>\n\n\n\n<ol class=\"wp-block-list\"><li>Conserve todos los registros relativos a su ca\u00edda, incluidos los informes m\u00e9dicos y las facturas.  <\/li><li>P\u00f3ngase en contacto con un abogado para que se encargue de su caso y proteja sus derechos.  <\/li><\/ol>\n\n\n\n<p>Llame a Steinberg Law Firm al (843) 720-2800 y contrate a un experimentado <a href=\"https:\/\/www.steinberglawfirm.com\/\" target=\"_blank\" rel=\"noopener\">abogado de lesiones personales<\/a>.<\/p>","protected":false},"excerpt":{"rendered":"<p>\u00bfSe resbal\u00f3 y cay\u00f3 en Whole Foods Market? Nuestros abogados pueden ayudar Whole Foods Market es una cadena de supermercados estadounidense fundada en 1980 en Austin, Texas, donde actualmente tiene su sede. Whole Foods Market tiene 500 locales en los Estados Unidos y el Reino Unido y emplea a m\u00e1s de 90.000 trabajadores. Al igual que otras tiendas de comestibles, Whole...<\/p>","protected":false},"author":1,"featured_media":0,"parent":2281,"menu_order":0,"comment_status":"closed","ping_status":"closed","template":"","meta":{"_acf_changed":false,"footnotes":""},"class_list":["post-9879","page","type-page","status-publish","hentry"],"acf":[],"_links":{"self":[{"href":"https:\/\/steinberglawfirm-staging.clmcloud.app\/es\/wp-json\/wp\/v2\/pages\/9879"}],"collection":[{"href":"https:\/\/steinberglawfirm-staging.clmcloud.app\/es\/wp-json\/wp\/v2\/pages"}],"about":[{"href":"https:\/\/steinberglawfirm-staging.clmcloud.app\/es\/wp-json\/wp\/v2\/types\/page"}],"author":[{"embeddable":true,"href":"https:\/\/steinberglawfirm-staging.clmcloud.app\/es\/wp-json\/wp\/v2\/users\/1"}],"replies":[{"embeddable":true,"href":"https:\/\/steinberglawfirm-staging.clmcloud.app\/es\/wp-json\/wp\/v2\/comments?post=9879"}],"version-history":[{"count":2,"href":"https:\/\/steinberglawfirm-staging.clmcloud.app\/es\/wp-json\/wp\/v2\/pages\/9879\/revisions"}],"predecessor-version":[{"id":20489,"href":"https:\/\/steinberglawfirm-staging.clmcloud.app\/es\/wp-json\/wp\/v2\/pages\/9879\/revisions\/20489"}],"up":[{"embeddable":true,"href":"https:\/\/steinberglawfirm-staging.clmcloud.app\/es\/wp-json\/wp\/v2\/pages\/2281"}],"wp:attachment":[{"href":"https:\/\/steinberglawfirm-staging.clmcloud.app\/es\/wp-json\/wp\/v2\/media?parent=9879"}],"curies":[{"name":"wp","href":"https:\/\/api.w.org\/{rel}","templated":true}]}}