{"id":9822,"date":"2019-08-21T21:44:32","date_gmt":"2019-08-21T21:44:32","guid":{"rendered":"https:\/\/www.steinberglawfirm.com\/?page_id=9822"},"modified":"2024-07-08T18:39:04","modified_gmt":"2024-07-08T18:39:04","slug":"abogados-de-accidentes-auto","status":"publish","type":"page","link":"https:\/\/steinberglawfirm-staging.clmcloud.app\/es\/lppc\/abogados-de-accidentes-auto\/","title":{"rendered":"Abogados de Accidentes de Autom\u00f3viles"},"content":{"rendered":"<img loading=\"lazy\" decoding=\"async\" src=\"https:\/\/www.steinberglawfirm.com\/wp-content\/uploads\/2022\/04\/Steinberg-Logo.png\" alt=\"Steinberg Law Firm LLC Logotipo\" itemprop=\"image\" height=\"2018\" width=\"10330\" title=\"Steinberg Law Firm LLC Logotipo\" onerror=\"this.style.display='none'\"  \/>\n<h1>\n\t\t\u00bfCu\u00e1nto Vale Mi Accidente Auto?\n\t<\/h1>\n<h5>\n\t\t<a href=\"tel: 843-920-4180\">Llame al (843) 920-4180<\/a>\n\t<\/h5>\n<h3>\n\t\t Lo que nuestros clientes dicen de nosotros\n\t<\/h3>\n\t\t\t<p><img loading=\"lazy\" decoding=\"async\" src=\"https:\/\/steinberglawfirm.com\/wp-content\/uploads\/2018\/04\/stars.png\" alt=\"\" width=\"170\" height=\"30\" title=\"\"><\/p>\n<p>Fue un placer trabajar con Steven Goldberg y su personal<\/p>\n<p>Fueron corteses y profesionales. Mantuvieron contacto regular sobre el estado de los reportes de mi caso y proveyeron la documentaci\u00f3n necesaria a tiempo. Yo los recomiendo.<\/p>\n<p>-James<\/p>\n\t\t\t<p><img loading=\"lazy\" decoding=\"async\" src=\"https:\/\/steinberglawfirm.com\/wp-content\/uploads\/2018\/04\/stars.png\" alt=\"\" width=\"170\" height=\"30\" title=\"\"><\/p>\n<p>Estoy muy satisfecho con mi experiencia<\/p>\n<p>He recomendado a la firma legal Steinberg y lo seguir\u00e9 haciendo. Han trabajado duro en mi nombre.<\/p>\n<p>-Sharon<\/p>\n\t\t\t<p><img loading=\"lazy\" decoding=\"async\" src=\"https:\/\/steinberglawfirm.com\/wp-content\/uploads\/2018\/04\/stars.png\" alt=\"\" width=\"170\" height=\"30\" title=\"\"><\/p>\n<p>Es dif\u00edcil el poner por escrito lo mucho que Tom me ayud\u00f3<\/p>\n<p>El realmente hizo un trabajo incre\u00edble. Aun cuando se lleg\u00f3 a un acuerdo, el me regreso un texto con una llamada con alegr\u00eda sobre otro asunto medico sobre el cual est\u00e1bamos trabajando, que tuvo un gran resultado. Si, realmente les importa.<\/p>\n<p>-Dave<\/p>\n\t\t\t<p><img loading=\"lazy\" decoding=\"async\" src=\"https:\/\/steinberglawfirm.com\/wp-content\/uploads\/2018\/04\/stars.png\" alt=\"\" width=\"170\" height=\"30\" title=\"\"><\/p>\n<p>Lo recomiendo encarecidamente<\/p>\n<p>Disfrute del hecho de que cada vez que les llamaba ellos me respond\u00edan. Me hicieron sentir que mi caso realmente importaba, y que yo importaba. Contestaron totas mis repuestas y dudas en forma oportuna.<\/p>\n<p>-Paula<\/p>\n\t\t\t<p><img loading=\"lazy\" decoding=\"async\" src=\"https:\/\/steinberglawfirm.com\/wp-content\/uploads\/2018\/04\/stars.png\" alt=\"\" width=\"170\" height=\"30\" title=\"\"><\/p>\n<p>Har\u00e1n un esfuerzo adicional por ti.<\/p>\n<p>David Pearlman y su personal hicieron un trabajo excepcional con mi reclamo. Mr. Pearlman fue honesto, paciente y me llevo en la direcci\u00f3n correcta. A'Riel fue siempre agradable y muy servicial. Yo recomendar\u00eda a todos ellos.<\/p>\n<p>-Brenda<\/p>\n\t\t\t<p><img loading=\"lazy\" decoding=\"async\" src=\"https:\/\/steinberglawfirm.com\/wp-content\/uploads\/2018\/04\/stars.png\" alt=\"\" width=\"170\" height=\"30\" title=\"\"><\/p>\n<p>\u00a1Nunca busques ayuda de otra Firma!<\/p>\n<p>\u00a1Los abogados de su equipo son muy profesionales, les importa cualquier situaci\u00f3n! \u00a1Son \u00fanicos! \u00a1Tenga esta firma con usted y nunca se arrepentir\u00e1!<\/p>\n<p>-Dori<\/p>\n\t\t\t<a href=\"https:\/\/steinberglawfirm.com\/espanol\/testimonials\/\" target=\"_self\" rel=\"noopener\">\n\t\t\t\t\t\t\tLeer m\u00e1s testimonios\n\t\t\t\t\t<\/a>\n<h4>\n\t\t Firma Legal Steinberg Obtiene Resultados Para Accidentes Auto\n\t<\/h4>\n\t\t$500K\n\t<p>Caso de Colisi\u00f3n de Barrido Lateral<\/p>\n\t\t$1M\n\t<p>Colisi\u00f3n Automovil\u00edstica Fatal<\/p>\n\t\t$15M\n\t<p>Acuerdo en Accidente Automovil\u00edstico<\/p>\n\t\t$575K\n\t<p>Accidente Trasero<\/p>\n\t\t\t<a href=\"https:\/\/steinberglawfirm-staging.clmcloud.app\/es\/resultados\/\" target=\"_self\" rel=\"noopener\">\n\t\t\t\t\t\t\tMAS RESULTADOS\n\t\t\t\t\t<\/a>\n\t<p>Nuestros abogados han salido en los medios incluyendo:<\/p>\n\t\t\t\t<img decoding=\"async\" src=\"https:\/\/steinberglawfirm.com\/wp-content\/uploads\/2018\/12\/media-logos-2.jpg\" alt=\"Steinberg Law Firm&#039;s personal injury lawyers have been featured on CBS News, ABC, NBC, and Fox\" itemprop=\"image\" title=\"Steinberg Law Firm&#039;s personal injury lawyers have been featured on CBS News, ABC, NBC, and Fox\" onerror=\"this.style.display='none'\"  \/>\n<h5>\n\t\tPonga la Firma Detr\u00e1s de Usted\n\t<\/h5>\n\t<p>Como uno de los primeros abogados jud\u00edos en Charleston, Steinberg experiment\u00f3 discriminaci\u00f3n y esto le inspir\u00f3 a ayudar a otros grupos privados de sus derechos durante ese tiempo - los afroamericanos<\/p>\n<p>La firma empez\u00f3 a manejar casos criminales y civiles, y al inicio de los 20's, Steinberg se interes\u00f3 en la ley de indemnizaci\u00f3n a trabajadores. Sin embargo, no hab\u00eda leyes de indemnizaci\u00f3n a trabajadores en ese tiempo. Steinberg y otros abogados de Carolina del Sur reunieron estatutos de otros estados y \"cabildearon\" para agregar leyes similares en Carolina del Sur en 1936.<\/p>\n<h6>\n\t\tAbogados de Accidentes Auto que Representan a Charleston y \u00c1reas Cercanas de Carolina del Sur\n\t<\/h6>\n\t<p>Si usted o un ser querido ha estado involucrado en un accidente automovil\u00edstico recientemente, entonces usted sabe que esto trae un costo. Facturas de cuidado m\u00e9dico, seguimiento a citas, y reparaciones de auto pueden realmente sumar sin decir nada del dinero perdido al perder trabajo o pagar m\u00e1s por seguro. Pero de acuerdo con la ley de Carolina del Sur, alguien m\u00e1s puede estar obligado a pagar estos costes, especialmente si usted no tuvo culpa en el accidente.<\/p>\n<p>Los abogados de accidentes auto de la firma Steinberg pueden definir si legalmente se le debe una indemnizaci\u00f3n por los accidentes automovil\u00edsticos y le ayudar\u00e1n a mover su caso. Nuestros experimentados abogados en accidentes auto negociaran con los ajustadores de seguros y con el papeleo regularmente y podemos mantener a las compa\u00f1\u00edas aseguradoras sin escr\u00fapulos o motoristas deshonestos alejados de tomar ventaja de usted.<\/p>\n<h6>\n\t\tPara una consulta gratuita, <a href=\"tel: 843-920-4180\">Llame al (843) 920-4180<\/a>\n\t<\/h6>\n<h4>\n\t\t Causas Comunes de Accidentes de Autom\u00f3viles\n\t<\/h4>\n\t<p>Existen muchas formas en las que un accidente automovil\u00edstico puede ocurrir, y lo espec\u00edfico de cada accidente - los otros conductores, condiciones del camino, defectos de cualquier tipo en los veh\u00edculos involucrados - todo tiene un efecto considerable sobre qui\u00e9n es responsable. Sin importar las circunstancias de detr\u00e1s de su accidente, la firma legal Steinberg y sus abogados de accidentes auto.<\/p>\n<ul>\n<li>Error del conductor<\/li>\n<li>Conductor ebrio<\/li>\n<li>Alta velocidad y conducci\u00f3n descuidada<\/li>\n<li>Veh\u00edculos defectuosos<\/li>\n<li>Textear mientras se conduce<\/li>\n<li>Conductor distra\u00eddo<\/li>\n<\/ul>\n\t\t\t\t<img loading=\"lazy\" decoding=\"async\" src=\"https:\/\/www.steinberglawfirm.com\/wp-content\/uploads\/2022\/03\/personal-injury-lawyers-working.jpg\" alt=\"Las abogadas de lesiones personales Annie Andrews y Catie Meehan trabajan en un caso en la oficina\" itemprop=\"image\" height=\"1345\" width=\"2070\" title=\"lesiones personales-abogados-trabajo\" onerror=\"this.style.display='none'\"  \/>\n<h6>\n\t\tLo que Nuestros Abogados de Accidentes Auto Pueden Hacer por Usted\n\t<\/h6>\n\t<p>Si ha sido lesionado en un accidente automovil\u00edstico, le recomendamos que no trate de manejar las compa\u00f1\u00edas de seguros usted solo. Ellos tienen un equipo de abogados, ajustadores e investigadores que trabajan contra usted para tratar de pagar lo menos posible de su reclamo. Con la firma legal Steinberg, usted tiene un equipo de abogados a su lado, peleando para obtener lo que usted merece. Nuestros abogados de accidentes auto tambi\u00e9n le pueden ayudar en:<\/p>\n\t<p>Nuestros abogados experimentados saben c\u00f3mo crear su caso para perseguir el mejor resultado posible para usted y su familia. Tenemos los recursos y el conocimiento para investigar las circunstancias de su accidente, y para negociar con las poderosas e intimidantes compa\u00f1\u00edas de seguros para que usted no tenga que hacerlo. Estamos comprometidos personalmente para ofrecer a cada uno de nuestros clientes una representaci\u00f3n legal de alta calidad.<\/p>\n<h3>\n\t\tRecuperar la indemnizaci\u00f3n despu\u00e9s de un accidente\n\t<\/h3>\n\t<p>Nuestros abogados saben que el proceso de recuperaci\u00f3n puede consumir mucho tiempo, ser estresante y costoso. Nuestros abogados de accidente podr\u00edan ayudarle a recuperar la indemnizaci\u00f3n por los da\u00f1os causados por el accidente incluyendo:<\/p>\n<ul>\n<li>Costos m\u00e9dicos y de atenci\u00f3n m\u00e9dica para el tratamiento de lesiones a largo plazo<\/li>\n<li>Salario perdido debido al tiempo perdido del trabajo<\/li>\n<li>Reparaci\u00f3n de veh\u00edculos de motor<\/li>\n<li>Angustia mental, dolor y sufrimiento<\/li>\n<li>Da\u00f1os f\u00edsicos permanentes<\/li>\n<li>Otros gastos<\/li>\n<li>Modificaciones en el hogar y estilo de vida debido a la discapacidad<\/li>\n<li>Cuidado m\u00e9dico continuo y\/o terapia de rehabilitaci\u00f3n<\/li>\n<li>Perdida de compa\u00f1ero (en el caso de una colisi\u00f3n fatal)<\/li>\n<\/ul>\n\t<p>A ra\u00edz de un accidente que causa lesiones, estos se encuentran entre los numerosos da\u00f1os por los que puede solicitar una indemnizaci\u00f3n. Nuestros abogados entienden que estas dificultades le pueden impedir mantenerse a usted y su familia, y afortunadamente, tenemos el conocimiento legal y las habilidades para ayudarlo a perseguir la indemnizaci\u00f3n financiera de la persona responsable de su sufrimiento innecesario.<\/p>\n\t\t\t\t<img loading=\"lazy\" decoding=\"async\" src=\"https:\/\/www.steinberglawfirm.com\/wp-content\/uploads\/2024\/02\/Column-group-photo-2022-with-w_o-Annie-scaled.jpg\" alt=\"Steinberg Law Firm - South Carolina Abogados de lesiones personales frente al Palacio de Justicia\" itemprop=\"image\" height=\"1706\" width=\"2560\" title=\"Steinberg Law Firm - South Carolina Abogados de lesiones personales frente al Palacio de Justicia\" onerror=\"this.style.display='none'\"  \/>\n<h6>\n\t\t\u00bfCu\u00e1nto vale mi caso de compensaci\u00f3n a Auto? <a href=\"tel: 843-920-4180\">Llame al (843) 920-4180<\/a>\n\t<\/h6>\n<h6>\n\t\tEligiendo al Abogado Correcto de Accidente Auto\n\t<\/h6>\n\t\t\t\t<p>Usted tiene un grupo con todo el conocimiento y a\u00f1os...Pero ahora que ha pasado, saber que tengo el mejor resultado que pudo haber existido, sabiendo que fui cuidado es como ser parte de una familia.<\/p>\n<h6>\n\t\tSERVICIOS LEGALES PREMIADOS\n\t<\/h6>\n\t\t\t\t\t<img decoding=\"async\" src=\"https:\/\/i.ytimg.com\/vi\/gsI3gTH9Fws\/maxresdefault.jpg\" alt=\"youtube-video-thumbnail\" title=\"\">\n\t\t\t\t<img loading=\"lazy\" decoding=\"async\" src=\"https:\/\/www.steinberglawfirm.com\/wp-content\/uploads\/2023\/08\/Best-Lawyers-Firm-Logo.png\" alt=\"Steinberg Law Firm Mejores abogados 2024\" itemprop=\"image\" height=\"908\" width=\"3000\" title=\"Steinberg Law Firm Mejores abogados 2024\" onerror=\"this.style.display='none'\"  \/>\n\t\t\t\t<img decoding=\"async\" src=\"https:\/\/steinberglawfirm.com\/wp-content\/uploads\/2018\/04\/logo-4.png\" alt=\"logo-4\" itemprop=\"image\" title=\"logo-4\" onerror=\"this.style.display='none'\"  \/>\n\t\t\t\t<img loading=\"lazy\" decoding=\"async\" src=\"https:\/\/www.steinberglawfirm.com\/wp-content\/uploads\/2022\/05\/Best-Law-Firms-Standard-Badge.png\" alt=\"2022 Best Lawyers Mejores bufetes de abogados\" itemprop=\"image\" height=\"2366\" width=\"2400\" title=\"Mejores bufetes de abogados - Insignia est\u00e1ndar\" onerror=\"this.style.display='none'\"  \/>\n\t\t\t\t<img decoding=\"async\" src=\"https:\/\/steinberglawfirm.com\/wp-content\/uploads\/2017\/06\/AVVO-1010-Rating.png\" alt=\"AVVO-1010-Calificaci\u00f3n\" itemprop=\"image\" title=\"AVVO-1010-Calificaci\u00f3n\" onerror=\"this.style.display='none'\"  \/>\n\t\t\t\t<img decoding=\"async\" src=\"https:\/\/steinberglawfirm.com\/wp-content\/uploads\/2017\/06\/tntltop100_0.png\" alt=\"tntltop100_0\" itemprop=\"image\" title=\"tntltop100_0\" onerror=\"this.style.display='none'\"  \/>\n\t\t\t\t<img decoding=\"async\" src=\"https:\/\/steinberglawfirm.com\/wp-content\/uploads\/2017\/06\/superlawyers_0.png\" alt=\"superabogados_0\" itemprop=\"image\" title=\"superabogados_0\" onerror=\"this.style.display='none'\"  \/>","protected":false},"excerpt":{"rendered":"<p>Cuanto Vale Mi Accidente Auto Call (843) 920-4180 Lo Que Nuestros Clientes Dicen de Nosotros Fue un placer trabajar con Steven Goldberg y su personal Fueron corteses y profesionales. Mantuvieron contacto regular sobre el estado de los reportes de mi caso y proveyeron la documentaci\u00f3n necesaria a tiempo. Yo los recomiendo. -James Estoy muy satisfecho...<\/p>","protected":false},"author":1,"featured_media":0,"parent":8640,"menu_order":0,"comment_status":"closed","ping_status":"closed","template":"tpl-no-header-footer.php","meta":{"_acf_changed":false,"footnotes":""},"class_list":["post-9822","page","type-page","status-publish","hentry"],"acf":[],"_links":{"self":[{"href":"https:\/\/steinberglawfirm-staging.clmcloud.app\/es\/wp-json\/wp\/v2\/pages\/9822"}],"collection":[{"href":"https:\/\/steinberglawfirm-staging.clmcloud.app\/es\/wp-json\/wp\/v2\/pages"}],"about":[{"href":"https:\/\/steinberglawfirm-staging.clmcloud.app\/es\/wp-json\/wp\/v2\/types\/page"}],"author":[{"embeddable":true,"href":"https:\/\/steinberglawfirm-staging.clmcloud.app\/es\/wp-json\/wp\/v2\/users\/1"}],"replies":[{"embeddable":true,"href":"https:\/\/steinberglawfirm-staging.clmcloud.app\/es\/wp-json\/wp\/v2\/comments?post=9822"}],"version-history":[{"count":11,"href":"https:\/\/steinberglawfirm-staging.clmcloud.app\/es\/wp-json\/wp\/v2\/pages\/9822\/revisions"}],"predecessor-version":[{"id":31237,"href":"https:\/\/steinberglawfirm-staging.clmcloud.app\/es\/wp-json\/wp\/v2\/pages\/9822\/revisions\/31237"}],"up":[{"embeddable":true,"href":"https:\/\/steinberglawfirm-staging.clmcloud.app\/es\/wp-json\/wp\/v2\/pages\/8640"}],"wp:attachment":[{"href":"https:\/\/steinberglawfirm-staging.clmcloud.app\/es\/wp-json\/wp\/v2\/media?parent=9822"}],"curies":[{"name":"wp","href":"https:\/\/api.w.org\/{rel}","templated":true}]}}