{"id":9701,"date":"2019-07-25T22:02:55","date_gmt":"2019-07-25T22:02:55","guid":{"rendered":"https:\/\/www.steinberglawfirm.com\/?page_id=9701"},"modified":"2024-06-27T17:20:11","modified_gmt":"2024-06-27T17:20:11","slug":"motorcycle-accidents","status":"publish","type":"page","link":"https:\/\/steinberglawfirm-staging.clmcloud.app\/es\/lesiones-personales\/accidentes-de-moto\/","title":{"rendered":"Abogados de accidentes de moto en South Carolina"},"content":{"rendered":"<h6>\n\t\tObtenci\u00f3n de resultados\n\t<\/h6>\n<h4>\n\t\t$925,000\n\t<\/h4>\n<h5>\n\t\tCaso de accidente de moto\n\t<\/h5>\n<h1>\n\t\tSouth Carolina Abogado de accidentes de moto\n\t<\/h1>\n\t<p>Cuando la negligencia de otra persona ha contribuido a su <a href=\"https:\/\/www.steinberglawfirm.com\/locations\/mount-pleasant\/motorcycle-accident-lawyer\/\" target=\"_blank\" rel=\"noopener\">accidente de moto<\/a>Puede responsabilizarlos econ\u00f3micamente por sus lesiones y su dolor.<\/p>\n<h6>\n\t\tPara una revisi\u00f3n gratuita del caso, ll\u00e1menos al 843-720-2800.\n\t<\/h6>\n<h4>\n\t\tRepresentando a personas lesionadas desde 1927\n\t<\/h4>\n<h6>\n\t\tUn equipo a su lado\n\t<\/h6>\n<h4>\n\t\tAunque los motociclistas tienen m\u00e1s probabilidades de resultar heridos o morir en un accidente que los ocupantes de los coches, a menudo no son la causa del siniestro.\n\t<\/h4>\n\t<p>Un accidente de moto puede cambiar su vida sin que usted tenga la culpa. <a href=\"https:\/\/www.steinberglawfirm.com\/locations\/north-charleston\/motorcycle-accident-lawyer\/\" target=\"_blank\" rel=\"noopener\">Contrataci\u00f3n de un abogado experto en accidentes de moto<\/a> que luchar\u00e1 compasivamente por sus mejores intereses puede ayudarle a reconstruir su vida y avanzar hacia la recuperaci\u00f3n.<\/p>\n<p>La presentaci\u00f3n de una reclamaci\u00f3n tras un accidente de motocicleta tiene un plazo de prescripci\u00f3n. En South Carolina, todas las reclamaciones por da\u00f1os personales en motocicleta deben presentarse en un plazo de tres a\u00f1os a partir de la fecha de la lesi\u00f3n o la muerte, por lo que es importante actuar con rapidez.<\/p>\n\t\t\t\t<img decoding=\"async\" src=\"https:\/\/www.steinberglawfirm.com\/wp-content\/uploads\/2022\/01\/quote-blue-outline-2022.svg\" alt=\"Comillas\" title=\"quote-blue-outline-2022\" itemprop=\"image\">\n\t\t<h5>Puede confiar en nuestros clientes:<\/h5>\t\t\t\n\t\t\t\t<p>The Steinberg Law Firm fue r\u00e1pido y agresivo con la finalizaci\u00f3n de mi caso, y se lo recomiendo a cualquiera que est\u00e9 nervioso por pasar por un abogado despu\u00e9s de un accidente. Te tratan como si fueras de la familia y se encargan de todo por ti, as\u00ed que nunca tienes que preocuparte. - Asha<\/p>\n<h6>\n\t\tResponder a sus preguntas\n\t<\/h6>\n\t<p>Para saber m\u00e1s, hable con un abogado experto en accidentes de moto South Carolina sobre su caso.<\/p>\n\t\t\t\t<img decoding=\"async\" src=\"https:\/\/www.steinberglawfirm.com\/wp-content\/uploads\/2022\/01\/question-white-outline.svg\" alt=\"Signo de interrogaci\u00f3n\" title=\"question-white-outline\" itemprop=\"image\">\n\t\t<h4>\u00bfDe cu\u00e1nto tiempo dispongo para presentar una reclamaci\u00f3n por da\u00f1os personales tras un accidente de moto en South Carolina?<\/h4>\t\t\t\n\t\t\t\t<p>Para solicitar una indemnizaci\u00f3n por las lesiones y los da\u00f1os causados por un accidente de motocicleta, la v\u00edctima lesionada puede presentar una demanda por lesiones personales contra la parte culpable. Seg\u00fan la ley South Carolina, la parte lesionada tiene tres a\u00f1os desde la fecha del incidente de lesiones personales para presentar una demanda por da\u00f1os y perjuicios. Si no se presenta una demanda antes del plazo de tres a\u00f1os, no se puede presentar una por ese incidente.<\/p>\n\t\t\t\t<a href=\"https:\/\/www.steinberglawfirm.com\/personal-injury\/motorcycle-accidents\/south-carolina-motorcycle-accident-fact-sheet-infographic\/\" target=\"_blank\" rel=\"noopener\" itemprop=\"url\">\n\t\t\t\t<img loading=\"lazy\" decoding=\"async\" src=\"https:\/\/www.steinberglawfirm.com\/wp-content\/uploads\/2022\/05\/APPROVED-2021-Dec-Infographic-motorcycle-accidents-thumb.jpeg\" alt=\"South Carolina abogado de accidentes de moto\" itemprop=\"image\" height=\"906\" width=\"1200\" title=\"South Carolina Hoja informativa sobre accidentes de moto Infograf\u00eda\" onerror=\"this.style.display='none'\">\n\t\t\t\t<\/a>\n<h4>\n\t\t<a href=\"https:\/\/www.steinberglawfirm.com\/personal-injury\/motorcycle-accidents\/south-carolina-motorcycle-accident-fact-sheet-infographic\/\" title=\"South Carolina Hoja informativa sobre accidentes de moto Infograf\u00eda\" target=\"_blank\" rel=\"noopener\">\n\t\tSouth Carolina Hoja informativa sobre accidentes de moto Infograf\u00eda\n\t\t<\/a>\n\t<\/h4>\n\t<p>Aunque las motocicletas ofrecen libertad en la carretera, los conductores tienen poca protecci\u00f3n si se ven involucrados en un accidente. Cuando la negligencia de otra persona ha contribuido a su accidente de motocicleta, puede hacerla responsable econ\u00f3micamente de sus lesiones y su dolor.<\/p>\n<h3>\n\t\tRecuperaci\u00f3n de da\u00f1os tras un accidente de moto\n\t<\/h3>\n<h3>\n\t\tLos motoristas implicados en un accidente y que sobreviven a sus lesiones pueden ser indemnizados:\n\t<\/h3>\n\t<ul>\n<li>Angustia emocional<\/li>\n<li>Desfiguraci\u00f3n<\/li>\n<li>Gastos m\u00e9dicos (medicaci\u00f3n, rehabilitaci\u00f3n, atenci\u00f3n a la discapacidad)<\/li>\n<li>Deterioro f\u00edsico<\/li>\n<li>Dolor\/sufrimiento<\/li>\n<li>P\u00e9rdida de ingresos (p\u00e9rdidas presentes\/futuras)<\/li>\n<\/ul>\n\t<ul>\n<li>P\u00e9rdida de compa\u00f1\u00eda\/sociedad<\/li>\n<li>Consorcio de p\u00e9rdidas<\/li>\n<li>Da\u00f1os a los bienes personales y\/o a la motocicleta<\/li>\n<li>Gastos de funeral\/entierro como consecuencia de un accidente mortal (familia)<\/li>\n<li>Posibles da\u00f1os punitivos<\/li>\n<\/ul>\n<h4>\n\t\tEstamos siempre a disposici\u00f3n de los clientes\n\t<\/h4>\n<h3>\n\t\tEl Steinberg Law Firm vela por sus intereses\n\t<\/h3>\n<h2>\n\t\tSouth Carolina Abogados de accidentes de moto\n\t<\/h2>\n<h4>\n\t\tHemos construido nuestra reputaci\u00f3n tratando a cada cliente con el mismo nivel de respeto y profesionalidad, sin importar el tama\u00f1o de su caso.\n\t<\/h4>\n\t<p>Conductores descuidados de camiones y autom\u00f3viles <a href=\"https:\/\/www.steinberglawfirm.com\/personal-injury\/wrongful-death\/fatal-motorcycle-accident\/\" target=\"_blank\" rel=\"noopener\">cuando se circula en moto puede provocar una colisi\u00f3n que cause lesiones catastr\u00f3ficas o la muerte<\/a>. Si el conductor negligente caus\u00f3 el accidente, puede ser considerado responsable de las p\u00e9rdidas de la v\u00edctima. Adem\u00e1s de las p\u00e9rdidas relacionadas con su recuperaci\u00f3n, los da\u00f1os punitivos pueden ser otorgados en el caso de un demandante de accidente de motocicleta si fueron perjudicados como resultado de la conducta imprudente, intencional o gratuita por parte del acusado. Los da\u00f1os punitivos est\u00e1n limitados en South Carolina al triple de los da\u00f1os concedidos por p\u00e9rdidas econ\u00f3micas o $500.000 - lo que sea mayor.<\/p>\n<h4>\n\t\tConsultas gratuitas sobre accidentes de moto\n\t<\/h4>\n\t<p>Nuestros abogados saben que el proceso de recuperaci\u00f3n puede ser largo, estresante y costoso.<\/p>\n\t<p>En Steinberg Law Firm entendemos lo que supone sufrir lesiones en un accidente de moto, sin importar d\u00f3nde o por qu\u00e9 haya ocurrido. Estamos aqu\u00ed para escuchar su historia y averiguar c\u00f3mo podemos ayudarle a obtener una compensaci\u00f3n justa y equitativa por sus lesiones.<\/p>\n\t\t\t<a href=\"\/es\/contact\/\" target=\"_self\" role=\"button\" rel=\"noopener\">\n\t\t\t\t\t\t\tDiscuta su caso\n\t\t\t\t\t<\/a>\n<h2>\n\t\t\u00bfQu\u00e9 causa los accidentes de moto?\n\t<\/h2>\n\t<p>Hay una serie de razones por las que se producen los accidentes de moto y muchas de ellas no son culpa del motorista. En South Carolina en particular, las carreteras y autopistas est\u00e1n mal mantenidas y reparadas con poca frecuencia y son una causa com\u00fan de accidentes de motocicleta.<\/p>\n<p>Los conductores negligentes son tambi\u00e9n una de las principales razones por las que los motociclistas se ven involucrados en colisiones. A menudo los conductores no ven a los motociclistas debido a su perfil estrecho, no comprueban sus puntos ciegos, no dejan suficiente espacio a los motociclistas mientras est\u00e1n en la carretera y a menudo giran justo delante de un motociclista que se aproxima.<\/p>\n<p>Los conductores imprudentes causan muchas colisiones de motocicletas, con el resultado de lesiones catastr\u00f3ficas o la muerte. Si el conductor negligente caus\u00f3 el accidente, puede ser considerado responsable de las p\u00e9rdidas de la v\u00edctima.<\/p>\n<p>Seg\u00fan el \"Informe Hurt\", la principal causa de los accidentes en los que est\u00e1n implicadas las motocicletas es que los conductores no reconocen a las motocicletas en la carretera. En otras palabras, el 66% de las colisiones entre motocicletas y autom\u00f3viles se producen porque el conductor del veh\u00edculo viola el derecho de paso del motorista. Uno de los accidentes m\u00e1s comunes para los motociclistas es que un coche gire a la izquierda justo delante de ellos. No hay forma de que un motorista pueda evitar una colisi\u00f3n en esas circunstancias m\u00e1s que tumbando la moto, lo que puede seguir provocando lesiones graves o la muerte.<\/p>\n<h4>\n\t\t\u00c1reas de pr\u00e1ctica\n\t<\/h4>\n<h4>\n\t\tResultados\n\t<\/h4>\n<h6>\n\t\tHEMOS RECUPERADO M\u00c1S DE $500 MILLONES PARA CLIENTES EN LOS \u00daLTIMOS 10 A\u00d1OS, INCLUYENDO:\n\t<\/h6>\n<h4>\n\t\t$1,45 millones\n\t<\/h4>\n<h5>\n\t\tAccidente de tr\u00e1fico mortal\n\t<\/h5>\n<h4>\n\t\t$350,000\n\t<\/h4>\n<h5>\n\t\tAccidente de moto\n\t<\/h5>\n<h6>\n\t\tGlen: herido grave en un accidente. Representado por el Steinberg Law Firm.\n\t<\/h6>\n\t\t<img decoding=\"async\" src=\"https:\/\/www.steinberglawfirm.com\/wp-content\/uploads\/2021\/03\/play.svg\" alt=\"Bot\u00f3n de reproducci\u00f3n\" title=\"\">\n<h4>\n\t\tPor qu\u00e9 elegir el Steinberg Law Firm\n\t<\/h4>\n<h4>\n\t\tLa gravedad de los accidentes de moto\n\t<\/h4>\n<h3>\n\t\tAunque las motocicletas representan la libertad en la carretera, los conductores tienen poca protecci\u00f3n si se ven involucrados en un accidente.\n\t<\/h3>\n\t<p>Los motociclistas tienen 25 veces m\u00e1s probabilidades de verse implicados en un accidente mortal. Adem\u00e1s, los accidentes de motocicleta representan el 7,7% de todas las v\u00edctimas mortales del tr\u00e1fico. S\u00f3lo en South Carolina se producen m\u00e1s de 100 muertes de motoristas al a\u00f1o y aproximadamente 2.500 motoristas resultan heridos en accidentes. En todo el pa\u00eds, m\u00e1s de 5.000 motociclistas mueren cada a\u00f1o y decenas de miles resultan heridos.<\/p>\n<p>Las cifras preliminares para 2020 muestran que hubo 116 v\u00edctimas mortales en motocicleta en South Carolina. En 2019 hubo 2.098 colisiones en total con 1.577 heridos y 123 personas fallecidas. En 2019, hab\u00eda 116.510 motocicletas registradas en el estado, un n\u00famero que se espera que aumente cada a\u00f1o. Las estad\u00edsticas muestran que cada d\u00eda se producen casi cinco accidentes de moto.<\/p>\n\t\t\t\t<img decoding=\"async\" src=\"https:\/\/www.steinberglawfirm.com\/wp-content\/uploads\/2022\/01\/motorcycle-accidents-2020.svg\" alt=\"Estad\u00edsticas de accidentes de moto en South Carolina\" itemprop=\"image\" title=\"accidentes de moto-2020\" onerror=\"this.style.display='none'\">\n\t<p>La mayor\u00eda de los accidentes en los que est\u00e1 implicada una motocicleta ocurren en un viaje corto y es probable que se produzcan en un periodo corto de tiempo, cerca del origen del viaje.<\/p>\n\t<p><a href=\"https:\/\/www.steinberglawfirm.com\/locations\/summerville\/brain-injury-attorneys\/\" target=\"_blank\" rel=\"noopener\">Los traumatismos craneales son habituales en los accidentes de moto<\/a> y extremadamente grave. <a href=\"https:\/\/www.steinberglawfirm.com\/personal-injury\/motorcycle-accidents\/helmet-laws-motorcycle-accidents\/\" target=\"_blank\" rel=\"noopener\">El uso del casco es la \u00fanica y mejor manera de prevenir o disminuir las lesiones en la cabeza o la muerte<\/a>. Sin embargo, tambi\u00e9n es una cuesti\u00f3n de elecci\u00f3n personal. La ley South Carolina no hace obligatorio el uso del casco. El estado s\u00f3lo obliga a llevar cascos con reflectores a ambos lados a los motoristas menores de 21 a\u00f1os.<\/p>\n<h5>\n\t\tSouth Carolina Leyes sobre cascos\n\t<\/h5>\n<h3>\n\t\tLesiones en la cabeza por accidentes de moto South Carolina\n\t<\/h3>\n\t<p>Una de las peores lesiones sufridas en un accidente de moto es la lesi\u00f3n cerebral traum\u00e1tica (TBI). <a href=\"https:\/\/www.steinberglawfirm.com\/personal-injury\/wrongful-death\/\" target=\"_blank\" rel=\"noopener\">Las lesiones cerebrales traum\u00e1ticas son la principal causa de muerte de los motoristas<\/a>. El 74% de los motoristas que murieron tras un accidente hab\u00edan sufrido una LCT.<\/p>\n<p>Los casos de lesiones cerebrales traum\u00e1ticas pueden ser dif\u00edciles de probar. De hecho, las lesiones cerebrales se conocen a veces como una \"epidemia silenciosa\" porque los s\u00edntomas pueden ser muy variados y dif\u00edciles de detectar. Las personas que han sufrido una lesi\u00f3n cerebral traum\u00e1tica tras un accidente de moto pueden parecer normales, hablar bien y no mostrar signos externos de una lesi\u00f3n cerebral traum\u00e1tica. Pero eso no significa que la lesi\u00f3n no exista.<\/p>\n<h2>\n\t\tEstad\u00edsticas de accidentes de moto\n\t<\/h2>\n<h3>\n\t\tM\u00e1s del 90 por ciento de las muertes en motocicleta afectan a varones.\n\t<\/h3>\n\t<p>Una visita a urgencias tras una colisi\u00f3n con una moto cuesta, por t\u00e9rmino medio, $4.901, y el coste medio de una estancia en el hospital para una persona implicada en un accidente de moto es de aproximadamente $78.825.<\/p>\n<p>Un n\u00famero importante de accidentes de moto se producen en abril y mayo. En los meses de verano, casi el 57% de los accidentes se producen un viernes, un s\u00e1bado o un domingo.<\/p>\n<p>Las intersecciones son un lugar propicio para los accidentes de motocicleta, ya que el otro veh\u00edculo suele violar los sem\u00e1foros\/se\u00f1ales y el derecho de paso de la motocicleta.<\/p>\n<p>Hay 15,9 v\u00edctimas mortales por cada 10.000 motocicletas registradas. Aproximadamente una cuarta parte de los accidentes de motocicleta son colisiones de un solo veh\u00edculo con colisi\u00f3n con la calzada o con un objeto fijo. En casi el 50% de los accidentes mortales de motocicletas est\u00e1 implicado el alcohol.<\/p>\n\t\t\t\t<img decoding=\"async\" src=\"https:\/\/www.steinberglawfirm.com\/wp-content\/uploads\/2022\/01\/motorcycle-accidents-2.svg\" alt=\"South Carolina Estad\u00edsticas de lesiones por accidentes de moto\" itemprop=\"image\" title=\"accidentes de moto-2\" onerror=\"this.style.display='none'\">\n\t<p>La velocidad es menos importante en los accidentes de motocicleta de lo que cabr\u00eda esperar. La velocidad media antes de una colisi\u00f3n era de 29,8 mph, y la velocidad media del accidente era de 21,5 mph.<\/p>\n<h4>\n\t\tLo que dicen nuestros clientes\n\t<\/h4>\n\t<meta itemscope=\"\" itemprop=\"mainEntityOfPage\" itemtype=\"https:\/\/schema.org\/WebPage\" itemid=\"https:\/\/www.steinberglawfirm.com\/?post_type=testimonials&amp;p=14927\" content=\"Susan\"><meta itemprop=\"datePublished\" content=\"2021-04-09\"><meta itemprop=\"dateModified\" content=\"2022-04-26\"><meta itemprop=\"name\" content=\"Steinberg Law Firm\"><meta itemprop=\"url\" content=\"https:\/\/www.steinberglawfirm.com\/blog\/author\/steadm\/\"><meta itemprop=\"name\" content=\"Steinberg Law Firm\"><meta itemprop=\"interactionType\" content=\"https:\/\/schema.org\/CommentAction\"><meta itemprop=\"userInteractionCount\" content=\"0\">\n<h4>Tienen unos abogados incre\u00edbles.<\/h4>\n<p>Han trabajado en una situaci\u00f3n imposible y han superado todas las expectativas en los acuerdos resultantes. \u00a1Recomendar\u00eda el bufete de abogados Steinberg a todos y cada uno!<\/p>\n<h5>- Susan<\/h5>\n\t<meta itemscope=\"\" itemprop=\"mainEntityOfPage\" itemtype=\"https:\/\/schema.org\/WebPage\" itemid=\"https:\/\/www.steinberglawfirm.com\/?post_type=testimonials&amp;p=14926\" content=\"Vanessa\"><meta itemprop=\"datePublished\" content=\"2021-04-09\"><meta itemprop=\"dateModified\" content=\"2022-02-21\"><meta itemprop=\"name\" content=\"Steinberg Law Firm\"><meta itemprop=\"url\" content=\"https:\/\/www.steinberglawfirm.com\/blog\/author\/steadm\/\"><meta itemprop=\"name\" content=\"Steinberg Law Firm\"><meta itemprop=\"interactionType\" content=\"https:\/\/schema.org\/CommentAction\"><meta itemprop=\"userInteractionCount\" content=\"0\">\n<h4>Mi experiencia fue excelente<\/h4>\n<p>Desde la primera consulta hasta el final de mi caso me mantuvieron informado paso a paso. Mi abogado trabaj\u00f3 duro para m\u00ed y me consigui\u00f3 m\u00e1s de lo que esperaba. <\/p>\n<h5>- Vanessa<\/h5>\n\t<meta itemscope=\"\" itemprop=\"mainEntityOfPage\" itemtype=\"https:\/\/schema.org\/WebPage\" itemid=\"https:\/\/www.steinberglawfirm.com\/?post_type=testimonials&amp;p=14842\" content=\"Mike\"><meta itemprop=\"datePublished\" content=\"2021-03-04\"><meta itemprop=\"dateModified\" content=\"2022-02-21\"><meta itemprop=\"name\" content=\"Steinberg Law Firm\"><meta itemprop=\"url\" content=\"https:\/\/www.steinberglawfirm.com\/blog\/author\/steadm\/\"><meta itemprop=\"name\" content=\"Steinberg Law Firm\"><meta itemprop=\"interactionType\" content=\"https:\/\/schema.org\/CommentAction\"><meta itemprop=\"userInteractionCount\" content=\"0\">\n<h4>Nunca sent\u00ed que estaba solo<\/h4>\n<p>Mi abogado y su asistente legal estuvieron conmigo durante todo el caso. Nunca sent\u00ed que estaba solo. En todo momento estuvieron en mi esquina. Alguien me recomend\u00f3 al bufete de abogados Steinberg y con gusto har\u00eda lo mismo por otra persona.<\/p>\n<h5>- Mike<\/h5>\n\t<meta itemscope=\"\" itemprop=\"mainEntityOfPage\" itemtype=\"https:\/\/schema.org\/WebPage\" itemid=\"https:\/\/www.steinberglawfirm.com\/?post_type=testimonials&amp;p=14840\" content=\"Brian\"><meta itemprop=\"datePublished\" content=\"2021-03-04\"><meta itemprop=\"dateModified\" content=\"2022-02-22\"><meta itemprop=\"name\" content=\"Steinberg Law Firm\"><meta itemprop=\"url\" content=\"https:\/\/www.steinberglawfirm.com\/blog\/author\/steadm\/\"><meta itemprop=\"name\" content=\"Steinberg Law Firm\"><meta itemprop=\"interactionType\" content=\"https:\/\/schema.org\/CommentAction\"><meta itemprop=\"userInteractionCount\" content=\"0\">\n<h4>No podr\u00eda haber pedido algo mejor<\/h4>\n<p>La gente del grupo Steinberg es de primera categor\u00eda. Manejaron mi caso extremadamente bien, no podr\u00eda haber pedido una mejor actuaci\u00f3n. Muchas gracias a todos por todo lo que hicieron por m\u00ed.<\/p>\n<h5>- Brian<\/h5>\n\t<meta itemscope=\"\" itemprop=\"mainEntityOfPage\" itemtype=\"https:\/\/schema.org\/WebPage\" itemid=\"https:\/\/www.steinberglawfirm.com\/?post_type=testimonials&amp;p=732\" content=\"Brandy\"><meta itemprop=\"datePublished\" content=\"2018-05-04\"><meta itemprop=\"dateModified\" content=\"2022-04-26\"><meta itemprop=\"name\" content=\"Steinberg Law Firm\"><meta itemprop=\"url\" content=\"https:\/\/www.steinberglawfirm.com\/blog\/author\/steadm\/\"><meta itemprop=\"name\" content=\"Steinberg Law Firm\"><meta itemprop=\"interactionType\" content=\"https:\/\/schema.org\/CommentAction\"><meta itemprop=\"userInteractionCount\" content=\"0\">\n<h4>Estoy agradecido por ellos.<\/h4>\n<p>En mi peor momento, protegieron y defendieron honesta y cuidadosamente a mi familia en m\u00faltiples niveles. Soy un cliente de por vida y la integridad de esta firma de abogados es incomparable. \u00a1Gracias a la familia Steinberg Law!<\/p>\n<h5>- Brandy<\/h5>\n\t<meta itemscope=\"\" itemprop=\"mainEntityOfPage\" itemtype=\"https:\/\/schema.org\/WebPage\" itemid=\"https:\/\/www.steinberglawfirm.com\/?post_type=testimonials&amp;p=195\" content=\"Joan\"><meta itemprop=\"datePublished\" content=\"2018-04-17\"><meta itemprop=\"dateModified\" content=\"2022-04-26\"><meta itemprop=\"name\" content=\"Steinberg Law Firm\"><meta itemprop=\"url\" content=\"https:\/\/www.steinberglawfirm.com\/blog\/author\/steadm\/\"><meta itemprop=\"name\" content=\"Steinberg Law Firm\"><meta itemprop=\"interactionType\" content=\"https:\/\/schema.org\/CommentAction\"><meta itemprop=\"userInteractionCount\" content=\"0\">\n<h4>La gente es atenta y profesional<\/h4>\n<p>Las preguntas e inquietudes siempre son respondidas y las preocupaciones son atendidas. Gracias a todos en Steinburg por una buena experiencia y por demostrarme que se preocupan por sus clientes.<\/p>\n<h5>- Joan<\/h5>\n\t<meta itemscope=\"\" itemprop=\"mainEntityOfPage\" itemtype=\"https:\/\/schema.org\/WebPage\" itemid=\"https:\/\/www.steinberglawfirm.com\/?post_type=testimonials&amp;p=157\" content=\"Rena\"><meta itemprop=\"datePublished\" content=\"2018-04-16\"><meta itemprop=\"dateModified\" content=\"2022-02-21\"><meta itemprop=\"name\" content=\"Steinberg Law Firm\"><meta itemprop=\"url\" content=\"https:\/\/www.steinberglawfirm.com\/blog\/author\/steadm\/\"><meta itemprop=\"name\" content=\"Steinberg Law Firm\"><meta itemprop=\"interactionType\" content=\"https:\/\/schema.org\/CommentAction\"><meta itemprop=\"userInteractionCount\" content=\"0\">\n<h4>El mejor bufete de abogados<\/h4>\n<p>Este es el mejor bufete de abogados con el que alguien podr\u00eda tratar.&nbsp;<a href=\"https:\/\/www.steinberglawfirm.com\/attorney\/david-t-pearlman\/\" target=\"_blank\" rel=\"noopener\">Sr. Pearlman<\/a>&nbsp;trabajar\u00e1 duro para conseguir todo lo que se le debe. Fue un placer haber sido representado por esta firma.<\/p>\n<h5>- Rena<\/h5>\n\t<meta itemscope=\"\" itemprop=\"mainEntityOfPage\" itemtype=\"https:\/\/schema.org\/WebPage\" itemid=\"https:\/\/www.steinberglawfirm.com\/?post_type=testimonials&amp;p=156\" content=\"Meagan\"><meta itemprop=\"datePublished\" content=\"2018-04-16\"><meta itemprop=\"dateModified\" content=\"2022-02-21\"><meta itemprop=\"name\" content=\"Steinberg Law Firm\"><meta itemprop=\"url\" content=\"https:\/\/www.steinberglawfirm.com\/blog\/author\/steadm\/\"><meta itemprop=\"name\" content=\"Steinberg Law Firm\"><meta itemprop=\"interactionType\" content=\"https:\/\/schema.org\/CommentAction\"><meta itemprop=\"userInteractionCount\" content=\"0\">\n<h4>Una experiencia maravillosa<\/h4>\n<p>Tuve una experiencia maravillosa con&nbsp;<a href=\"https:\/\/www.steinberglawfirm.com\/attorney\/david-t-pearlman\/\" target=\"_blank\" rel=\"noopener\">Sr. Pearlman<\/a>&nbsp;y su equipo. Muchas gracias por su diligencia y experiencia.<\/p>\n<h5>- Meagan<\/h5>\n\t<meta itemscope=\"\" itemprop=\"mainEntityOfPage\" itemtype=\"https:\/\/schema.org\/WebPage\" itemid=\"https:\/\/www.steinberglawfirm.com\/?post_type=testimonials&amp;p=154\" content=\"Erika\"><meta itemprop=\"datePublished\" content=\"2018-04-16\"><meta itemprop=\"dateModified\" content=\"2022-02-22\"><meta itemprop=\"name\" content=\"Steinberg Law Firm\"><meta itemprop=\"url\" content=\"https:\/\/www.steinberglawfirm.com\/blog\/author\/steadm\/\"><meta itemprop=\"name\" content=\"Steinberg Law Firm\"><meta itemprop=\"interactionType\" content=\"https:\/\/schema.org\/CommentAction\"><meta itemprop=\"userInteractionCount\" content=\"0\">\n<h4>Los recomiendo encarecidamente<\/h4>\n<p>Trabajan como un equipo proporcionando las mejores referencias y asistencia para lograr lo que mi familia y yo necesit\u00e1bamos. Los recomiendo encarecidamente porque no te decepcionar\u00e1n.<\/p>\n<h5>- Erika<\/h5>\n\t\t\t<a href=\"https:\/\/steinberglawfirm-staging.clmcloud.app\/es\/testimonios\/\" target=\"_self\" role=\"button\" rel=\"noopener\">\n\t\t\t\t\t\t\tLeer m\u00e1s testimonios\n\t\t\t\t\t<\/a>\n<h2>\n\t\tP\u00f3ngase en contacto con un abogado de accidentes de moto South Carolina\n\t<\/h2>\n<h3>\n\t\tLo que nuestros abogados pueden hacer por usted\n\t<\/h3>\n\t<p>En Steinberg Law Firm, nuestros abogados de accidentes de coche tienen experiencia en tratar con las compa\u00f1\u00edas de seguros y los conductores culpables que son reacios a pagar. Nuestro equipo de abogados luchar\u00e1 por usted para obtener la compensaci\u00f3n que se merece. Nuestros abogados saben c\u00f3mo construir su caso para buscar el mejor resultado para usted y su familia.<\/p>\n<p>Tenemos los recursos y el conocimiento para investigar las circunstancias de su accidente y manejar las compa\u00f1\u00edas de seguros para que usted no tenga que hacerlo. Estamos comprometidos a ofrecer a nuestros clientes una representaci\u00f3n legal de alta calidad que obtiene resultados.<\/p>\n<h3>\n\t\tDeje que nos encarguemos de las compa\u00f1\u00edas de seguros\n\t<\/h3>\n\t<p>Si usted o un ser querido ha sido v\u00edctima de un accidente de motocicleta, no le aconsejamos que trate de manejar las compa\u00f1\u00edas de seguros usted mismo. Tienen equipos de abogados, ajustadores e investigadores que trabajan contra usted para tratar de pagarle lo menos posible en su reclamaci\u00f3n. P\u00f3ngase en contacto con los abogados especializados en motocicletas de Steinberg Law Firm hoy mismo.<\/p>","protected":false},"excerpt":{"rendered":"<p>Obteniendo Resultados $925,000 Caso de Accidente de Motocicleta South Carolina Abogado de Accidente de Motocicleta Cuando la negligencia de otra persona ha contribuido a su accidente de motocicleta, usted puede hacerlos financieramente responsables de sus lesiones y dolor. Para una revisi\u00f3n gratuita de su caso, ll\u00e1menos al 843-720-2800. Representando a personas lesionadas desde 1927 Un equipo a su lado Aunque los motociclistas son m\u00e1s...<\/p>","protected":false},"author":1,"featured_media":31200,"parent":565,"menu_order":0,"comment_status":"closed","ping_status":"closed","template":"tpl-long-alpha.php","meta":{"_acf_changed":false,"footnotes":""},"class_list":["post-9701","page","type-page","status-publish","has-post-thumbnail","hentry"],"acf":[],"_links":{"self":[{"href":"https:\/\/steinberglawfirm-staging.clmcloud.app\/es\/wp-json\/wp\/v2\/pages\/9701"}],"collection":[{"href":"https:\/\/steinberglawfirm-staging.clmcloud.app\/es\/wp-json\/wp\/v2\/pages"}],"about":[{"href":"https:\/\/steinberglawfirm-staging.clmcloud.app\/es\/wp-json\/wp\/v2\/types\/page"}],"author":[{"embeddable":true,"href":"https:\/\/steinberglawfirm-staging.clmcloud.app\/es\/wp-json\/wp\/v2\/users\/1"}],"replies":[{"embeddable":true,"href":"https:\/\/steinberglawfirm-staging.clmcloud.app\/es\/wp-json\/wp\/v2\/comments?post=9701"}],"version-history":[{"count":77,"href":"https:\/\/steinberglawfirm-staging.clmcloud.app\/es\/wp-json\/wp\/v2\/pages\/9701\/revisions"}],"predecessor-version":[{"id":26438,"href":"https:\/\/steinberglawfirm-staging.clmcloud.app\/es\/wp-json\/wp\/v2\/pages\/9701\/revisions\/26438"}],"up":[{"embeddable":true,"href":"https:\/\/steinberglawfirm-staging.clmcloud.app\/es\/wp-json\/wp\/v2\/pages\/565"}],"wp:featuredmedia":[{"embeddable":true,"href":"https:\/\/steinberglawfirm-staging.clmcloud.app\/es\/wp-json\/wp\/v2\/media\/31200"}],"wp:attachment":[{"href":"https:\/\/steinberglawfirm-staging.clmcloud.app\/es\/wp-json\/wp\/v2\/media?parent=9701"}],"curies":[{"name":"wp","href":"https:\/\/api.w.org\/{rel}","templated":true}]}}