{"id":9656,"date":"2019-06-17T23:51:52","date_gmt":"2019-06-17T23:51:52","guid":{"rendered":"https:\/\/www.steinberglawfirm.com\/?page_id=9656"},"modified":"2022-05-06T20:10:42","modified_gmt":"2022-05-06T20:10:42","slug":"neck-injuries-from-car-accidents","status":"publish","type":"page","link":"https:\/\/steinberglawfirm-staging.clmcloud.app\/es\/lesiones-personales\/accidentes-de-trafico-2\/lesiones-cervicales-por-accidentes-de-trafico\/","title":{"rendered":"Lesiones cervicales por accidente de tr\u00e1fico"},"content":{"rendered":"<h1 class=\"wp-block-heading\">Charleston Lesiones en el cuello por accidente de tr\u00e1fico Abogado<\/h1>\n\n\n\n<div style=\"height:15px\" aria-hidden=\"true\" class=\"wp-block-spacer\"><\/div>\n\n\n\n<p>Si usted o un ser querido ha sufrido una lesi\u00f3n cervical en un <a href=\"https:\/\/www.steinberglawfirm.com\/practice-areas\/auto-accidents\/\" target=\"_blank\" rel=\"noopener\">accidente de coche<\/a>, se entiende el dolor que causan. La fuerza de un impacto, incluso a baja velocidad, suele ser lo suficientemente grande como para sacudir repentinamente el cuello y hacer que se rompa en una o varias direcciones. Esto puede causar diferentes tipos de lesiones y mucho dolor.  <\/p>\n\n\n\n<p>El cuello es especialmente vulnerable a las lesiones en un accidente de tr\u00e1fico porque carece del apoyo muscular que tienen otras partes del cuerpo. La simple f\u00edsica es la culpable de muchos de los da\u00f1os; el cuello no est\u00e1 hecho para moverse como lo hace en un accidente.  <\/p>\n\n\n\n<p>La parte de la columna vertebral que se encuentra en el cuello se llama columna cervical y contiene las siete v\u00e9rtebras superiores.  <\/p>\n\n\n\n<p><strong>Latigazo cervical <\/strong>-Probablemente la lesi\u00f3n cervical m\u00e1s com\u00fan es el latigazo cervical, que suele estar causado por un accidente con impacto trasero. Cuando el cuello se rompe repentinamente en un movimiento de vaiv\u00e9n, los huesos, ligamentos, m\u00fasculos y nervios del cuello pueden resultar da\u00f1ados.<\/p>\n\n\n\n<p>El latigazo cervical puede causar rigidez en el cuello y dolor que empeora con el movimiento. Los dolores de cabeza que parten de la base del cr\u00e1neo tambi\u00e9n son comunes, as\u00ed como el entumecimiento, el hormigueo y\/o el dolor en los brazos, los hombros y la regi\u00f3n superior de la espalda. Menos frecuentes, pero asociados al latigazo cervical, son la visi\u00f3n borrosa, el tinnitus, los problemas de memoria y concentraci\u00f3n y los problemas de sue\u00f1o.  <\/p>\n\n\n\n<p>Los s\u00edntomas del latigazo cervical deber\u00edan manifestarse poco despu\u00e9s del accidente, pero es posible que el impacto total de la lesi\u00f3n no se sienta de inmediato. Vivir con dolor cr\u00f3nico tambi\u00e9n presenta su propia serie de problemas, como depresi\u00f3n, irritabilidad y mucho m\u00e1s.  <\/p>\n\n\n\n<p>El latigazo cervical tambi\u00e9n puede denominarse esguince o distensi\u00f3n o lesi\u00f3n por hiperflexi\u00f3n-hiperextensi\u00f3n, pero s\u00f3lo es un tipo. Es importante no restar importancia a esta lesi\u00f3n, ya que tiene el potencial de causar un dolor importante y cr\u00f3nico. <\/p>\n\n\n\n<p><strong>Tensiones y esguinces <\/strong>-Los tejidos blandos del cuello pueden sufrir esguinces o tensiones. Esto causar\u00e1 dolor, rigidez, espasmos musculares y movilidad limitada.  <\/p>\n\n\n\n<p><strong>Hernias de disco <\/strong>-Entre cada una de las v\u00e9rtebras cervicales hay un disco blando y esponjoso que proporciona amortiguaci\u00f3n. Estos discos son propensos a desplazarse cuando se someten a un impacto repentino, lo que puede provocar la compresi\u00f3n de los nervios y el dolor. Tambi\u00e9n pueden denominarse discos cimbrados, deslizados o rotos.  <\/p>\n\n\n\n<p>Las hernias discales tambi\u00e9n son a veces responsables de espasmos musculares.<\/p>\n\n\n\n<p><strong>Nervios pinzados <\/strong>-La columna cervical alberga los nervios que bajan por cada brazo. Cuando un nervio se pellizca despu\u00e9s de un accidente por una hernia de disco u otras lesiones, puede haber un dolor intenso, debilidad o entumecimiento en el cuello, los hombros y\/o el brazo.<\/p>\n\n\n\n<p>Los nervios pinzados en el cuello se conocen como radiculopat\u00eda cervical. El dolor y la p\u00e9rdida de funci\u00f3n o de sensibilidad causados por los nervios pinzados se irradian hacia los brazos, a lo largo del recorrido del nervio afectado.  <\/p>\n\n\n\n<p><strong>Las lesiones dolorosas pueden cambiarlo todo<\/strong><\/p>\n\n\n\n<p>Las lesiones cervicales pueden afectar a todos los aspectos de su vida. Dependiendo del tipo y la gravedad de la lesi\u00f3n, una persona con un problema de cuello puede necesitar inmovilizaci\u00f3n con un collar\u00edn, medicamentos recetados para el dolor, inyecciones, fisioterapia, atenci\u00f3n quiropr\u00e1ctica o m\u00e1s.<\/p>\n\n\n\n<p>El dolor diario causado por una lesi\u00f3n en el cuello puede ser debilitante. Es posible que ya no pueda hacer las cosas que antes le gustaban. Podr\u00eda quedar incapacitado para trabajar durante un per\u00edodo prolongado o indefinido. Una lesi\u00f3n cervical puede cambiarlo todo. No hay parte de la vida que no se vea afectada por una <a href=\"https:\/\/www.steinberglawfirm.com\/practice-areas\/serious-injury-cases\/\" class=\"wpil_internal_link\" target=\"_blank\" rel=\"noopener\">lesiones graves y dolor cr\u00f3nico.<\/a>  <\/p>\n\n\n\n<p>Cuando usted o un ser querido sufre de dolor de cuello en un accidente de coche, usted merece ser compensado por su sufrimiento y el impacto en sus finanzas y calidad de vida.  <\/p>\n\n\n\n<p><a href=\"https:\/\/www.steinberglawfirm.com\/about-us\/\" class=\"wpil_internal_link\" target=\"_blank\" rel=\"noopener\"><strong>Steinberg Law Firm puede ayudar<\/strong><\/a><\/p>\n\n\n\n<p><a href=\"https:\/\/www.steinberglawfirm.com\/free-consultation\/\" target=\"_blank\" rel=\"noopener\">Solicite una consulta gratuita<\/a> con uno de los abogados profesionales y atentos de Steinberg Law Firm si cree que puede tener un caso. Si su accidente y la lesi\u00f3n resultante fue causada por la negligencia de otra persona, usted puede potencialmente ser compensado por sus facturas m\u00e9dicas, salarios perdidos y el potencial de ingresos, el dolor y el sufrimiento, y otras p\u00e9rdidas o gastos.<\/p>","protected":false},"excerpt":{"rendered":"<p>Charleston Lesiones en el cuello de un abogado de accidentes de coche Si usted o un ser querido ha sufrido una lesi\u00f3n en el cuello en un accidente de coche, usted entiende la cantidad de dolor que causan. La fuerza de un impacto, incluso a baja velocidad, suele ser lo suficientemente grande como para sacudir repentinamente el cuello y hacer que se rompa en uno o...<\/p>","protected":false},"author":1,"featured_media":15172,"parent":760,"menu_order":0,"comment_status":"closed","ping_status":"closed","template":"","meta":{"_acf_changed":false,"footnotes":""},"class_list":["post-9656","page","type-page","status-publish","has-post-thumbnail","hentry"],"acf":[],"_links":{"self":[{"href":"https:\/\/steinberglawfirm-staging.clmcloud.app\/es\/wp-json\/wp\/v2\/pages\/9656"}],"collection":[{"href":"https:\/\/steinberglawfirm-staging.clmcloud.app\/es\/wp-json\/wp\/v2\/pages"}],"about":[{"href":"https:\/\/steinberglawfirm-staging.clmcloud.app\/es\/wp-json\/wp\/v2\/types\/page"}],"author":[{"embeddable":true,"href":"https:\/\/steinberglawfirm-staging.clmcloud.app\/es\/wp-json\/wp\/v2\/users\/1"}],"replies":[{"embeddable":true,"href":"https:\/\/steinberglawfirm-staging.clmcloud.app\/es\/wp-json\/wp\/v2\/comments?post=9656"}],"version-history":[{"count":5,"href":"https:\/\/steinberglawfirm-staging.clmcloud.app\/es\/wp-json\/wp\/v2\/pages\/9656\/revisions"}],"predecessor-version":[{"id":21848,"href":"https:\/\/steinberglawfirm-staging.clmcloud.app\/es\/wp-json\/wp\/v2\/pages\/9656\/revisions\/21848"}],"up":[{"embeddable":true,"href":"https:\/\/steinberglawfirm-staging.clmcloud.app\/es\/wp-json\/wp\/v2\/pages\/760"}],"wp:featuredmedia":[{"embeddable":true,"href":"https:\/\/steinberglawfirm-staging.clmcloud.app\/es\/wp-json\/wp\/v2\/media\/15172"}],"wp:attachment":[{"href":"https:\/\/steinberglawfirm-staging.clmcloud.app\/es\/wp-json\/wp\/v2\/media?parent=9656"}],"curies":[{"name":"wp","href":"https:\/\/api.w.org\/{rel}","templated":true}]}}