{"id":9623,"date":"2019-05-29T22:47:00","date_gmt":"2019-05-29T22:47:00","guid":{"rendered":"https:\/\/www.steinberglawfirm.com\/?page_id=9623"},"modified":"2022-05-06T20:10:42","modified_gmt":"2022-05-06T20:10:42","slug":"back-injuries-from-car-accidents","status":"publish","type":"page","link":"https:\/\/steinberglawfirm-staging.clmcloud.app\/es\/lesiones-personales\/accidentes-de-trafico-2\/lesiones-de-espalda-por-accidentes-de-trafico\/","title":{"rendered":"Lesiones de espalda por accidentes de tr\u00e1fico"},"content":{"rendered":"<h1 class=\"wp-block-heading\">Charleston Lesi\u00f3n de espalda por accidente de tr\u00e1fico Abogado<\/h1>\n\n\n\n<div style=\"height:15px\" aria-hidden=\"true\" class=\"wp-block-spacer\"><\/div>\n\n\n\n<p>Una lesi\u00f3n de espalda es una de las m\u00e1s comunes que sufren las personas que han sido <a href=\"https:\/\/www.steinberglawfirm.com\/practice-areas\/auto-accidents\/\" target=\"_blank\" rel=\"noopener\">involucrado en un accidente de coche<\/a>. Sin embargo, su prevalencia no debe disminuir su gravedad potencial. Las lesiones de espalda suelen requerir tratamiento m\u00e9dico y pueden causar dolor e incapacidad que alteran la vida.<\/p>\n\n\n\n<p>Algunos de los tipos m\u00e1s comunes de lesiones de espalda que se sufren en los accidentes de tr\u00e1fico son:<\/p>\n\n\n\n<p><strong>Fracturas de la columna vertebral <\/strong>-Las fracturas suelen producirse cuando el impacto de una colisi\u00f3n sacude la cabeza y el cuello mientras la parte inferior del cuerpo permanece inm\u00f3vil.  <\/p>\n\n\n\n<p>Las fracturas por compresi\u00f3n son un tipo de fractura especialmente dolorosa. Se trata de peque\u00f1as grietas en las v\u00e9rtebras que pueden provocar problemas respiratorios, problemas de vejiga, entumecimiento y debilidad.  <\/p>\n\n\n\n<p>Tambi\u00e9n pueden producirse fracturas lumbares y tor\u00e1cicas en las v\u00e9rtebras de la parte media y baja de la espalda. Estos huesos pueden separarse, doblarse y partirse o romperse en pedazos.  <\/p>\n\n\n\n<p>La espondilolistesis es una enfermedad causada por fracturas por estr\u00e9s que hacen que una v\u00e9rtebra se salga de su sitio. Los nervios de la columna vertebral se comprimen y puede producirse entumecimiento, dolor, debilidad y problemas para caminar.  <\/p>\n\n\n\n<p>El tratamiento de las fracturas de la columna vertebral var\u00eda en funci\u00f3n de la localizaci\u00f3n y la gravedad de la lesi\u00f3n. La inmovilizaci\u00f3n y el reposo pueden ayudar, otras veces es necesaria la cirug\u00eda.  <\/p>\n\n\n\n<p><strong>Lesiones de tejidos blandos <\/strong>-Los esguinces y las distensiones de los m\u00fasculos, ligamentos y tendones de la espalda son especialmente frecuentes gracias a la fuerza de un accidente. Un esguince es una lesi\u00f3n que da\u00f1a el ligamento, mientras que una distensi\u00f3n se produce cuando los ligamentos, tendones o m\u00fasculos se estiran demasiado. Cualquiera de ellas puede afectar a la capacidad de movimiento y de caminar y causar hinchaz\u00f3n, dolor y sensibilidad.<\/p>\n\n\n\n<p>Los esguinces y las distensiones en la zona de la columna tor\u00e1cica son especialmente dolorosos, ya que esta parte superior de la espalda conecta con las costillas y el pecho. La respiraci\u00f3n puede resultar muy dif\u00edcil. Este tipo de lesiones en la columna lumbar tambi\u00e9n son dolorosas, ya que los m\u00fasculos que sostienen la espalda se encuentran en esta zona.  <\/p>\n\n\n\n<p><strong>Hernias de disco <\/strong>-Entre cada v\u00e9rtebra hay un disco blando y esponjoso que proporciona amortiguaci\u00f3n. Estos discos son propensos a desplazarse cuando se someten a un impacto repentino, lo que puede provocar la compresi\u00f3n de los nervios y el dolor. Tambi\u00e9n pueden denominarse discos cimbrados, deslizados o rotos.  <\/p>\n\n\n\n<p>Las hernias discales provocan un intenso dolor en la zona lumbar y entumecimiento en las piernas.  <\/p>\n\n\n\n<a href=\"https:\/\/www.steinberglawfirm.com\/blog\/people-with-spinal-cord-injuries-more-likely-to-have-osteoporosis\/\" target=\"_blank\" rel=\"noopener\"><strong>Da\u00f1os en la m\u00e9dula espinal <\/strong>-Las lesiones de la m\u00e9dula espinal<\/a> son quiz\u00e1s las m\u00e1s graves. Si la m\u00e9dula espinal est\u00e1 lo suficientemente da\u00f1ada, puede haber discapacidad permanente, par\u00e1lisis total o parcial o p\u00e9rdida de sensibilidad y funcionalidad.\n\n\n\n<p><strong>Las lesiones de espalda pueden cambiarlo todo<\/strong><\/p>\n\n\n\n<p>Las lesiones de espalda pueden requerir una atenci\u00f3n m\u00e9dica amplia y costosa. Seg\u00fan el tipo y la gravedad de la lesi\u00f3n, una persona con problemas de espalda puede necesitar cirug\u00eda, inmovilizaci\u00f3n, escayola, medicamentos recetados, inyecciones, fisioterapia, cuidados quiropr\u00e1cticos o m\u00e1s.<\/p>\n\n\n\n<p>El dolor diario causado por una lesi\u00f3n de espalda puede ser debilitante. Es posible que ya no pueda hacer las cosas que antes le gustaban. Puede quedar incapacitado para trabajar durante un periodo prolongado o indefinido. Ninguna parte de la vida queda sin afectar por una <a href=\"https:\/\/www.steinberglawfirm.com\/practice-areas\/serious-injury-cases\/\" class=\"wpil_internal_link\" target=\"_blank\" rel=\"noopener\">lesiones graves y dolor cr\u00f3nico.<\/a>  <\/p>\n\n\n\n<p>Cuando usted o un ser querido sufre como resultado de una lesi\u00f3n en la espalda sufrida en un accidente de coche, merece ser compensado por su dolor y el impacto en sus finanzas y calidad de vida.  <\/p>\n\n\n\n<p><a href=\"https:\/\/www.steinberglawfirm.com\/about-us\/\" class=\"wpil_internal_link\" target=\"_blank\" rel=\"noopener\"><strong>Steinberg Law Firm puede ayudar<\/strong><\/a><\/p>\n\n\n\n<p><a href=\"https:\/\/www.steinberglawfirm.com\/free-consultation\/\" target=\"_blank\" rel=\"noopener\">Solicite una consulta gratuita<\/a> con uno de los profesionales y atentos abogados de <a href=\"https:\/\/www.steinberglawfirm.com\/\" target=\"_blank\" rel=\"noopener\">Steinberg Law Firm<\/a> si cree que puede tener un caso. Si su accidente y la lesi\u00f3n resultante fueron causados por la negligencia de otra persona, usted puede potencialmente ser compensado por sus facturas m\u00e9dicas, salarios perdidos y potencial de ingresos, dolor y sufrimiento y otras p\u00e9rdidas o gastos.<\/p>","protected":false},"excerpt":{"rendered":"<p>Charleston Lesi\u00f3n en la espalda de un abogado de accidentes de tr\u00e1fico Una lesi\u00f3n en la espalda es una de las lesiones m\u00e1s comunes que sufren las personas que se han visto involucradas en un accidente de tr\u00e1fico. Su prevalencia, sin embargo, no debe disminuir su gravedad potencial. Las lesiones de espalda a menudo requieren tratamiento m\u00e9dico y pueden causar dolor e incapacidad que alteran la vida. Algunas de las m\u00e1s comunes...<\/p>","protected":false},"author":1,"featured_media":15172,"parent":760,"menu_order":0,"comment_status":"closed","ping_status":"closed","template":"","meta":{"_acf_changed":false,"footnotes":""},"class_list":["post-9623","page","type-page","status-publish","has-post-thumbnail","hentry"],"acf":[],"_links":{"self":[{"href":"https:\/\/steinberglawfirm-staging.clmcloud.app\/es\/wp-json\/wp\/v2\/pages\/9623"}],"collection":[{"href":"https:\/\/steinberglawfirm-staging.clmcloud.app\/es\/wp-json\/wp\/v2\/pages"}],"about":[{"href":"https:\/\/steinberglawfirm-staging.clmcloud.app\/es\/wp-json\/wp\/v2\/types\/page"}],"author":[{"embeddable":true,"href":"https:\/\/steinberglawfirm-staging.clmcloud.app\/es\/wp-json\/wp\/v2\/users\/1"}],"replies":[{"embeddable":true,"href":"https:\/\/steinberglawfirm-staging.clmcloud.app\/es\/wp-json\/wp\/v2\/comments?post=9623"}],"version-history":[{"count":5,"href":"https:\/\/steinberglawfirm-staging.clmcloud.app\/es\/wp-json\/wp\/v2\/pages\/9623\/revisions"}],"predecessor-version":[{"id":21847,"href":"https:\/\/steinberglawfirm-staging.clmcloud.app\/es\/wp-json\/wp\/v2\/pages\/9623\/revisions\/21847"}],"up":[{"embeddable":true,"href":"https:\/\/steinberglawfirm-staging.clmcloud.app\/es\/wp-json\/wp\/v2\/pages\/760"}],"wp:featuredmedia":[{"embeddable":true,"href":"https:\/\/steinberglawfirm-staging.clmcloud.app\/es\/wp-json\/wp\/v2\/media\/15172"}],"wp:attachment":[{"href":"https:\/\/steinberglawfirm-staging.clmcloud.app\/es\/wp-json\/wp\/v2\/media?parent=9623"}],"curies":[{"name":"wp","href":"https:\/\/api.w.org\/{rel}","templated":true}]}}