{"id":9621,"date":"2019-05-29T22:41:23","date_gmt":"2019-05-29T22:41:23","guid":{"rendered":"https:\/\/www.steinberglawfirm.com\/?page_id=9621"},"modified":"2022-04-19T00:56:41","modified_gmt":"2022-04-19T00:56:41","slug":"brain-injury-from-car-accident","status":"publish","type":"page","link":"https:\/\/steinberglawfirm-staging.clmcloud.app\/es\/lesiones-personales\/accidentes-de-trafico-2\/lesion-cerebral-por-accidente-de-trafico\/","title":{"rendered":"Lesiones cerebrales traum\u00e1ticas"},"content":{"rendered":"<h1 class=\"wp-block-heading\">South Carolina Abogados de lesiones cerebrales traum\u00e1ticas por accidente de tr\u00e1fico<\/h1>\n\n\n\n<div style=\"height:15px\" aria-hidden=\"true\" class=\"wp-block-spacer\"><\/div>\n\n\n\n<p>Cada nueve minutos, aproximadamente, alguien resulta herido en un accidente de tr\u00e1fico. Aunque los tipos de lesiones que pueden derivarse de un accidente de tr\u00e1fico var\u00edan, las lesiones en la cabeza, incluidas las conmociones cerebrales y otras lesiones cerebrales traum\u00e1ticas (TBI), se encuentran entre las m\u00e1s comunes. Las lesiones cerebrales traum\u00e1ticas suelen tener importantes repercusiones en la vida de la v\u00edctima del accidente y pueden tener efectos a largo plazo que no se aprecian inmediatamente despu\u00e9s de la lesi\u00f3n.<\/p>\n\n\n\n<p>En el Steinberg Law Firm, representamos a clientes que han resultado gravemente heridos en colisiones graves de veh\u00edculos de motor y les ayudamos a recuperar una indemnizaci\u00f3n justa por las lesiones que han sufrido. Con m\u00e1s de 200 a\u00f1os de experiencia combinada, podemos asesorarle con confianza sobre sus opciones y ayudarle a reclamar una indemnizaci\u00f3n.<\/p>\n\n\n\n<h3 class=\"wp-block-heading\">Lesiones cerebrales traum\u00e1ticas<\/h3>\n\n\n\n<p>Un traumatismo craneoencef\u00e1lico es un tipo de lesi\u00f3n cerebral adquirida que se caracteriza por un da\u00f1o repentino en el cerebro causado por alguna fuerza externa. Las lesiones cerebrales traum\u00e1ticas se clasifican en abiertas o cerradas. Los traumatismos craneoencef\u00e1licos abiertos se producen cuando se rompe la capa externa de las meninges, mientras que los traumatismos craneoencef\u00e1licos cerrados se producen sin penetraci\u00f3n del cr\u00e1neo. Los accidentes de tr\u00e1fico son una de las principales causas de los traumatismos craneoencef\u00e1licos cerrados, ya que se calcula que el 20% de los traumatismos craneoencef\u00e1licos se deben a accidentes de tr\u00e1fico.<\/p>\n\n\n\n<p>Los profesionales m\u00e9dicos clasifican las LCT en tres categor\u00edas, dependiendo de la gravedad de los s\u00edntomas que experimente la v\u00edctima del accidente:<\/p>\n\n\n\n<ul class=\"wp-block-list\"><li><strong>Suave:<\/strong> La v\u00edctima del accidente est\u00e1 despierta con los ojos abiertos. Los s\u00edntomas de una TBI leve suelen incluir una breve p\u00e9rdida de conciencia, dolor de cabeza, p\u00e9rdida de memoria y confusi\u00f3n.<\/li><li><strong>Moderado:<\/strong> La v\u00edctima del accidente est\u00e1 aletargada y es capaz de abrir los ojos cuando se le pide. Los s\u00edntomas de una TBI moderada incluyen p\u00e9rdida de conciencia que oscila entre 20 minutos y seis horas, inflamaci\u00f3n del cerebro y hemorragia cerebral leve.<\/li><li><strong>Grave:<\/strong> La v\u00edctima del accidente est\u00e1 inconsciente y no abre los ojos cuando se le pide. Las LCT graves se caracterizan por periodos de inconsciencia que duran m\u00e1s de seis horas.<\/li><\/ul>\n\n\n\n<p>Un aspecto de las LCT que las hace especialmente peligrosas es que los s\u00edntomas de una LCT pueden parecer inicialmente leves, incluso en los casos en los que hubo un da\u00f1o importante en el cerebro. En estos casos, una lesi\u00f3n craneal posterior puede empeorar los s\u00edntomas iniciales, dando lugar a una lesi\u00f3n cerebral traum\u00e1tica recurrente. Por esta raz\u00f3n, es crucial que cualquier persona que se haya visto involucrada en un accidente de coche grave Charleston obtenga la atenci\u00f3n m\u00e9dica necesaria.<\/p>\n\n\n\n<p>Los s\u00edntomas de una LCT var\u00edan en funci\u00f3n de la gravedad de la lesi\u00f3n. Sin embargo, los s\u00edntomas de una LCT suelen incluir uno o m\u00e1s de los siguientes:<\/p>\n\n\n\n<ul class=\"wp-block-list\"><li>P\u00e9rdida de memoria<\/li><li>Dolores de cabeza<\/li><li>Problemas visuales<\/li><li>P\u00e9rdida de conocimiento<\/li><li>Confusi\u00f3n y desorientaci\u00f3n<\/li><li>Poca atenci\u00f3n o concentraci\u00f3n<\/li><li>Trastornos del sue\u00f1o<\/li><li>Fatiga<\/li><li>Irritabilidad<\/li><li>Trastornos emocionales<\/li><li>Depresi\u00f3n<\/li><li>Convulsiones<\/li><li>V\u00f3mitos<\/li><li>Mareos o p\u00e9rdida de equilibrio<\/li><\/ul>\n\n\n\n<p><a href=\"https:\/\/www.steinberglawfirm.com\/practice-areas\/auto-accidents\/\" target=\"_blank\" rel=\"noopener\">Los heridos en un accidente de tr\u00e1fico South Carolina<\/a> puede ser <a href=\"https:\/\/www.steinberglawfirm.com\/practice-areas\/personal-injury\/\" target=\"_blank\" rel=\"noopener\">que pueden recibir una compensaci\u00f3n econ\u00f3mica por sus lesiones a trav\u00e9s de una demanda por da\u00f1os personales<\/a>.<\/p>\n\n\n\n<h2 class=\"wp-block-heading\">P\u00f3ngase en contacto con un bufete de abogados de accidentes de coche South Carolina para obtener asistencia inmediata<\/h2>\n\n\n\n<p><a href=\"https:\/\/www.steinberglawfirm.com\/practice-areas\/serious-injury-cases\/traumatic-brain-injury\/\" target=\"_blank\" rel=\"noopener\">Si usted o un ser querido ha sufrido una lesi\u00f3n cerebral traum\u00e1tica<\/a> despu\u00e9s de estar involucrado en un accidente de coche Charleston, nuestro <a href=\"https:\/\/www.steinberglawfirm.com\/\" target=\"_blank\" rel=\"noopener\">abogados de da\u00f1os personales<\/a> quieren ayudarle a usted y a su familia a recuperar su vida. En Steinberg Law Firm, <a href=\"https:\/\/www.steinberglawfirm.com\/practice-areas\/\" target=\"_blank\" rel=\"noopener\">representamos a clientes en todo tipo de reclamaciones por lesiones<\/a>incluyendo aquellos que implican graves accidentes de veh\u00edculos de motor. Tenemos especial experiencia en casos de lesiones cerebrales traum\u00e1ticas. <a href=\"https:\/\/www.steinberglawfirm.com\/attorney\/\" target=\"_blank\" rel=\"noopener\">Steinberg Law Firm abogados<\/a> son tanto h\u00e1biles negociadores como agresivos litigantes, lo que significa que no se le animar\u00e1 a aceptar una oferta de acuerdo por menos de lo que merece. Para saber m\u00e1s sobre c\u00f3mo podemos ayudarle a presentar una reclamaci\u00f3n de indemnizaci\u00f3n basada en las lesiones que usted o su ser querido han sufrido, llame al (843) 720-2800, o <a href=\"https:\/\/www.steinberglawfirm.com\/contact-us\/\" target=\"_blank\" rel=\"noopener\">contacte con nosotros a trav\u00e9s de nuestro formulario online<\/a>. Representamos a clientes en Charleston y en todo South Carolina. <a href=\"https:\/\/www.steinberglawfirm.com\/free-consultation\/\" target=\"_blank\" rel=\"noopener\">Llamar es gratis<\/a>y porque <a href=\"https:\/\/www.steinberglawfirm.com\/no-fee-unless-you-win\/\" target=\"_blank\" rel=\"noopener\">ofrecemos una promesa de no pago<\/a>Usted no paga a menos que nosotros ganemos. Esperamos hablar con usted y ayudarle a usted y a su familia en el proceso de recuperaci\u00f3n.<\/p>","protected":false},"excerpt":{"rendered":"<p>South Carolina Abogados de lesiones cerebrales traum\u00e1ticas En un accidente de tr\u00e1fico South Carolina se produce una lesi\u00f3n cada nueve minutos aproximadamente. Si bien los tipos de lesiones que pueden resultar de un accidente automovil\u00edstico var\u00edan, las lesiones en la cabeza, incluyendo las conmociones cerebrales y otras lesiones cerebrales traum\u00e1ticas (TBI), se encuentran entre las m\u00e1s comunes. Las lesiones cerebrales traum\u00e1ticas suelen tener...<\/p>","protected":false},"author":1,"featured_media":15284,"parent":760,"menu_order":0,"comment_status":"closed","ping_status":"closed","template":"","meta":{"_acf_changed":false,"footnotes":""},"class_list":["post-9621","page","type-page","status-publish","has-post-thumbnail","hentry"],"acf":[],"_links":{"self":[{"href":"https:\/\/steinberglawfirm-staging.clmcloud.app\/es\/wp-json\/wp\/v2\/pages\/9621"}],"collection":[{"href":"https:\/\/steinberglawfirm-staging.clmcloud.app\/es\/wp-json\/wp\/v2\/pages"}],"about":[{"href":"https:\/\/steinberglawfirm-staging.clmcloud.app\/es\/wp-json\/wp\/v2\/types\/page"}],"author":[{"embeddable":true,"href":"https:\/\/steinberglawfirm-staging.clmcloud.app\/es\/wp-json\/wp\/v2\/users\/1"}],"replies":[{"embeddable":true,"href":"https:\/\/steinberglawfirm-staging.clmcloud.app\/es\/wp-json\/wp\/v2\/comments?post=9621"}],"version-history":[{"count":4,"href":"https:\/\/steinberglawfirm-staging.clmcloud.app\/es\/wp-json\/wp\/v2\/pages\/9621\/revisions"}],"predecessor-version":[{"id":19909,"href":"https:\/\/steinberglawfirm-staging.clmcloud.app\/es\/wp-json\/wp\/v2\/pages\/9621\/revisions\/19909"}],"up":[{"embeddable":true,"href":"https:\/\/steinberglawfirm-staging.clmcloud.app\/es\/wp-json\/wp\/v2\/pages\/760"}],"wp:featuredmedia":[{"embeddable":true,"href":"https:\/\/steinberglawfirm-staging.clmcloud.app\/es\/wp-json\/wp\/v2\/media\/15284"}],"wp:attachment":[{"href":"https:\/\/steinberglawfirm-staging.clmcloud.app\/es\/wp-json\/wp\/v2\/media?parent=9621"}],"curies":[{"name":"wp","href":"https:\/\/api.w.org\/{rel}","templated":true}]}}