{"id":9617,"date":"2019-05-29T22:37:09","date_gmt":"2019-05-29T22:37:09","guid":{"rendered":"https:\/\/www.steinberglawfirm.com\/?page_id=9617"},"modified":"2022-05-06T20:10:42","modified_gmt":"2022-05-06T20:10:42","slug":"amputations-from-car-accidents","status":"publish","type":"page","link":"https:\/\/steinberglawfirm-staging.clmcloud.app\/es\/lesiones-personales\/accidentes-de-trafico-2\/amputaciones-por-accidentes-de-trafico\/","title":{"rendered":"Amputaciones por accidentes de tr\u00e1fico"},"content":{"rendered":"<h1 class=\"wp-block-heading\">Charleston Amputaci\u00f3n por accidente de tr\u00e1fico Abogado<\/h1>\n\n\n\n<div style=\"height:15px\" aria-hidden=\"true\" class=\"wp-block-spacer\"><\/div>\n\n\n\n<p>Cada a\u00f1o se realizan en Estados Unidos unas 185.000 amputaciones. Casi la mitad de ellas, el 45%, est\u00e1n causadas por accidentes de tr\u00e1fico. Estas <a href=\"https:\/\/www.steinberglawfirm.com\/practice-areas\/serious-injury-cases\/traumatic-amputation-injuries\/\" class=\"wpil_internal_link\" target=\"_blank\" rel=\"noopener\">las lesiones y la consiguiente p\u00e9rdida de un miembro o ap\u00e9ndice son traum\u00e1ticas<\/a> y tienen un profundo efecto en la vida del amputado.  <\/p>\n\n\n\n<p>Si usted o un ser querido fue <a href=\"https:\/\/www.steinberglawfirm.com\/practice-areas\/auto-accidents\/\" target=\"_blank\" rel=\"noopener\">involucrado en un accidente de coche<\/a> que ha resultado en una amputaci\u00f3n, usted sabe que hay mucho m\u00e1s que una p\u00e9rdida de una extremidad, un dedo del pie o un dedo de la mano.  <\/p>\n\n\n\n<p>Hay varios tipos de amputaciones que se producen con mayor frecuencia en los accidentes de tr\u00e1fico:<\/p>\n\n\n\n<ul class=\"wp-block-list\"><li>Amputaciones de piernas por encima de la rodilla <\/li><li>Amputaciones de piernas por debajo de la rodilla <\/li><li>Amputaciones del pie, incluido el tobillo <\/li><li>Amputaciones parciales de pies o dedos <\/li><li>Amputaciones de la mano desde la mu\u00f1eca <\/li><li>Amputaciones parciales de manos o dedos <\/li><li>Amputaciones de brazos desde el codo hacia abajo <\/li><li>Amputaciones de brazos, incluido el hombro entero <\/li><\/ul>\n\n\n\n<p>Las lesiones sufridas en cualquier accidente de tr\u00e1fico pueden dar lugar a una amputaci\u00f3n si el da\u00f1o es lo suficientemente grande. Muchas veces, la amputaci\u00f3n se realiza para salvar la vida de la v\u00edctima del accidente.  <\/p>\n\n\n\n<p><strong>Recuperaci\u00f3n tras la amputaci\u00f3n<\/strong><\/p>\n\n\n\n<p>Dado que una amputaci\u00f3n es un procedimiento tan serio, la recuperaci\u00f3n lleva tiempo y pueden surgir complicaciones. Es posible que se produzcan infecciones, hinchaz\u00f3n y dolor en el lugar de la amputaci\u00f3n durante el periodo de curaci\u00f3n inmediato. Pueden persistir los problemas nerviosos, llamados miembro fantasma, que provocan hormigueo, picor, dolor y otras sensaciones en la parte del cuerpo perdida. Entre el 50 y el 80 por ciento de los amputados siguen sintiendo su miembro despu\u00e9s de la amputaci\u00f3n.<\/p>\n\n\n\n<p>Los problemas psicol\u00f3gicos como la depresi\u00f3n, la ansiedad o el trastorno de estr\u00e9s postraum\u00e1tico causados por una lesi\u00f3n grave y la p\u00e9rdida resultante son quiz\u00e1 m\u00e1s graves que las complicaciones f\u00edsicas de una amputaci\u00f3n.<\/p>\n\n\n\n<p>La vida cotidiana despu\u00e9s de una amputaci\u00f3n cambia para siempre. Dependiendo de d\u00f3nde se haya lesionado, puede que tenga que volver a aprender a hacer cosas que antes hac\u00eda con facilidad. Puede estar en una silla de ruedas o tener que usar una pr\u00f3tesis. Puede quedar incapacitado para trabajar en su empleo o sector. Puede sentir que ha perdido su estilo de vida atl\u00e9tico o activo o una afici\u00f3n muy querida. Muchos amputados sufren con la imagen corporal mientras aprenden a vivir sin su extremidad o ap\u00e9ndice y el aspecto de su cuerpo.  <\/p>\n\n\n\n<strong><a href=\"https:\/\/www.steinberglawfirm.com\/about-us\/\" target=\"_blank\" rel=\"noopener\">Steinberg Law Firm puede ayudar<\/a><\/strong>\n\n\n\n<p>Si usted o un ser querido ha sufrido una amputaci\u00f3n tras un accidente de tr\u00e1fico, <a href=\"https:\/\/www.steinberglawfirm.com\/contact-us\/\" target=\"_blank\" rel=\"noopener\">p\u00f3ngase en contacto con los profesionales de Steinberg Law Firm hoy mismo<\/a>. Si la negligencia de otra persona caus\u00f3 su accidente, debe ser considerada responsable de su dolor y p\u00e9rdida.  <\/p>\n\n\n\n<p>Calcular lo que has perdido tras una amputaci\u00f3n es complicado, pero mereces ser indemnizado por todo ello. <a href=\"https:\/\/www.steinberglawfirm.com\/free-consultation\/\" target=\"_blank\" rel=\"noopener\">Llame al Steinberg Law Firm para una consulta gratuita hoy mismo<\/a>.  <\/p>","protected":false},"excerpt":{"rendered":"<p>Charleston Amputaci\u00f3n por accidente de coche Abogado En Estados Unidos se producen alrededor de 185.000 amputaciones al a\u00f1o. Casi la mitad de ellas, el 45%, son causadas por accidentes de tr\u00e1fico. Estas lesiones y la consiguiente p\u00e9rdida de la extremidad o ap\u00e9ndice son traum\u00e1ticas y tienen un profundo efecto en la vida de la persona amputada. Si usted o un ser querido...<\/p>","protected":false},"author":1,"featured_media":15168,"parent":760,"menu_order":0,"comment_status":"closed","ping_status":"closed","template":"","meta":{"_acf_changed":false,"footnotes":""},"class_list":["post-9617","page","type-page","status-publish","has-post-thumbnail","hentry"],"acf":[],"_links":{"self":[{"href":"https:\/\/steinberglawfirm-staging.clmcloud.app\/es\/wp-json\/wp\/v2\/pages\/9617"}],"collection":[{"href":"https:\/\/steinberglawfirm-staging.clmcloud.app\/es\/wp-json\/wp\/v2\/pages"}],"about":[{"href":"https:\/\/steinberglawfirm-staging.clmcloud.app\/es\/wp-json\/wp\/v2\/types\/page"}],"author":[{"embeddable":true,"href":"https:\/\/steinberglawfirm-staging.clmcloud.app\/es\/wp-json\/wp\/v2\/users\/1"}],"replies":[{"embeddable":true,"href":"https:\/\/steinberglawfirm-staging.clmcloud.app\/es\/wp-json\/wp\/v2\/comments?post=9617"}],"version-history":[{"count":6,"href":"https:\/\/steinberglawfirm-staging.clmcloud.app\/es\/wp-json\/wp\/v2\/pages\/9617\/revisions"}],"predecessor-version":[{"id":21846,"href":"https:\/\/steinberglawfirm-staging.clmcloud.app\/es\/wp-json\/wp\/v2\/pages\/9617\/revisions\/21846"}],"up":[{"embeddable":true,"href":"https:\/\/steinberglawfirm-staging.clmcloud.app\/es\/wp-json\/wp\/v2\/pages\/760"}],"wp:featuredmedia":[{"embeddable":true,"href":"https:\/\/steinberglawfirm-staging.clmcloud.app\/es\/wp-json\/wp\/v2\/media\/15168"}],"wp:attachment":[{"href":"https:\/\/steinberglawfirm-staging.clmcloud.app\/es\/wp-json\/wp\/v2\/media?parent=9617"}],"curies":[{"name":"wp","href":"https:\/\/api.w.org\/{rel}","templated":true}]}}