{"id":9551,"date":"2019-05-15T05:10:42","date_gmt":"2019-05-15T05:10:42","guid":{"rendered":"https:\/\/www.steinberglawfirm.com\/?page_id=9551"},"modified":"2023-02-13T15:58:48","modified_gmt":"2023-02-13T15:58:48","slug":"work-injury-lawyers","status":"publish","type":"page","link":"https:\/\/steinberglawfirm-staging.clmcloud.app\/es\/ubicaciones\/goose-creek\/abogados-de-accidentes-de-trabajo\/","title":{"rendered":"Goose Creek Abogados especialistas en accidentes de trabajo"},"content":{"rendered":"<h1 class=\"wp-block-heading\">Goose Creek Abogado de indemnizaci\u00f3n laboral <\/h1>\n\n\n\n<p>Si usted o un ser querido se ha lesionado en el trabajo, <a href=\"https:\/\/www.steinberglawfirm.com\/workers-compensation-report\/\" target=\"_blank\" rel=\"noopener\">South Carolina ofrece compensaci\u00f3n a los trabajadores por sus lesiones a trav\u00e9s de una reclamaci\u00f3n de indemnizaci\u00f3n de los trabajadores<\/a>. En caso de accidente laboral, el responsable es el empresario, y el trabajador lesionado no tiene que demostrar que su empresario -o cualquier otra persona- fue negligente. Un trabajador lesionado puede recibir una indemnizaci\u00f3n por lucro cesante, gastos m\u00e9dicos y otras prestaciones.<\/p>\n\n\n\n<p>En el Steinberg Law Firm, representamos a los empleados en todo tipo de reclamaciones de indemnizaci\u00f3n laboral para ayudarles a recuperar los costes asociados a su lesi\u00f3n o enfermedad. Nuestros abogados de compensaci\u00f3n de trabajadores South Carolina tienen m\u00e1s de 170 a\u00f1os de experiencia legal combinada en el manejo de reclamos de compensaci\u00f3n de trabajadores y poseen el conocimiento y la profesionalidad para manejar su caso de principio a fin con el m\u00e1ximo cuidado y consideraci\u00f3n. Hemos recuperado m\u00e1s de $800 millones para nuestros clientes y esperamos poder ayudarle a conseguir la indemnizaci\u00f3n que se merece. <\/p>\n\n\n\n<h3 class=\"wp-block-heading\">Demandas de terceros <\/h3>\n\n\n\n<p>Mientras que la compensaci\u00f3n de los trabajadores Goose Creek no permite a un empleado para presentar una demanda contra su empleador, el empleado puede presentar una reclamaci\u00f3n contra los terceros involucrados si eran un factor que contribuye al accidente de trabajo. La acci\u00f3n de demanda contra terceros puede ser necesaria para descubrir la compensaci\u00f3n que merece la v\u00edctima de una lesi\u00f3n laboral. Los terceros que pueden ser responsables de las lesiones personales incluyen:<\/p>\n\n\n\n<ul class=\"wp-block-list\">\n<li>Conductores de la empresa<\/li>\n\n\n\n<li>Proveedores de servicios p\u00fablicos<\/li>\n\n\n\n<li>Proveedores externos<\/li>\n\n\n\n<li>Supervisores distintos del empresario<\/li>\n\n\n\n<li>Fabricantes de equipos defectuosos<\/li>\n\n\n\n<li>Gestores de proyectos<\/li>\n<\/ul>\n\n\n\n<h2 class=\"wp-block-heading\">Discutir su caso de indemnizaci\u00f3n laboral <\/h2>\n\n\n\n<p>Se puede interponer una demanda contra un tercero al tiempo que se persigue la indemnizaci\u00f3n laboral. Sin embargo, es crucial discutir su caso con un abogado experto en lesiones laborales con Steinberg Law Firm para seguir el camino correcto para recuperar sus beneficios e indemnizaci\u00f3n. Si no lo hace, puede perderse un paso vital en el proceso y sus beneficios pueden ser terminados o no maximizar\u00e1 su potencial de recompensa.<\/p>\n\n\n\n<h3 class=\"wp-block-heading\">Accidentes laborales comunes <\/h3>\n\n\n\n<p><strong>Los accidentes laborales graves pueden ocurrir en cualquier ocupaci\u00f3n, incluso en aquellas que tradicionalmente no se consideran peligrosas. Los tipos de accidentes m\u00e1s comunes en el trabajo son:<\/strong><\/p>\n\n\n\n<ul class=\"wp-block-list\">\n<li><a href=\"https:\/\/www.steinberglawfirm.com\/practice-areas\/premises-liability\/slip-and-fall\/\" target=\"_blank\" rel=\"noopener\">Accidentes por resbalones, tropiezos y ca\u00eddas<\/a>s<\/li>\n\n\n\n<li>Rotura de m\u00fasculos y ligamentos<\/li>\n\n\n\n<li>Fracturas y huesos rotos<\/li>\n\n\n\n<li><a href=\"https:\/\/www.steinberglawfirm.com\/personal-injury\/personal-injury-lawyers\/burn-injury-lawyer\/\" target=\"_blank\" rel=\"noopener\">Quemaduras<\/a>contusiones y laceraciones<\/li>\n\n\n\n<li>Exposici\u00f3n a productos qu\u00edmicos<\/li>\n\n\n\n<li><a href=\"https:\/\/www.steinberglawfirm.com\/practice-areas\/auto-accidents\/\" target=\"_blank\" rel=\"noopener\">Accidentes de veh\u00edculos<\/a><\/li>\n\n\n\n<li>Lesiones de pierna, cadera y rodilla<\/li>\n\n\n\n<li><a href=\"https:\/\/www.steinberglawfirm.com\/practice-areas\/serious-injury-cases\/traumatic-brain-injury\/\" target=\"_blank\" rel=\"noopener\">Lesiones cerebrales traum\u00e1ticas<\/a><\/li>\n\n\n\n<li>Lesiones en la cabeza y el cuello<\/li>\n\n\n\n<li>Lesiones de espalda, incluidas las lesiones de disco abultado\/herniado<\/li>\n\n\n\n<li>Lesiones de manos, mu\u00f1ecas y hombros<\/li>\n\n\n\n<li>P\u00e9rdida de audici\u00f3n y visi\u00f3n<\/li>\n\n\n\n<li>Hernias<\/li>\n\n\n\n<li><a href=\"https:\/\/www.steinberglawfirm.com\/practice-areas\/wrongful-death\/\" target=\"_blank\" rel=\"noopener\">Muerte<\/a><\/li>\n<\/ul>\n\n\n\n<p>Independientemente del tipo de lesi\u00f3n que haya sufrido, los dedicados abogados de compensaci\u00f3n laboral de Goose Creek pueden ayudarle a obtener la compensaci\u00f3n que necesita y merece. Sin embargo, es crucial actuar r\u00e1pidamente para preservar sus derechos. <\/p>\n\n\n\n<h4 class=\"wp-block-heading\">Goose Creek Abogados de indemnizaci\u00f3n laboral <\/h4>\n\n\n\n<h5 class=\"wp-block-heading\">Representaci\u00f3n de Goose Creek y zonas cercanas de South Carolina <\/h5>\n\n\n\n<p>Si se ha lesionado en el trabajo, informe a su empleador de su lesi\u00f3n tan pronto como pueda. Puede informar de esta lesi\u00f3n a un supervisor, gerente o administrador de seguridad por escrito o en persona. Tienes 90 d\u00edas para informar de una lesi\u00f3n en el trabajo. Aun as\u00ed, le recomendamos que informe de su lesi\u00f3n lo antes posible para reducir las posibilidades de que la compa\u00f1\u00eda de seguros o su empleador rechacen su reclamaci\u00f3n.<\/p>\n\n\n\n<h5 class=\"wp-block-heading\">\n\t\t\u00bfTengo un caso de indemnizaci\u00f3n por accidente de trabajo? \u00bfC\u00f3mo puedo saberlo?\n\t<\/h5>\n\n\n\n<p><a href=\"https:\/\/steinberglawfirm-staging.clmcloud.app\/es\/llame-al-247-para-una-consulta-gratuita-con-un-abogado-de-lesiones-personales\/\" target=\"_self\" role=\"button\" rel=\"noopener noreferrer\">\n\t\t\t\t\t\t\tDESC\u00daBRALO CON UNA CONSULTA GRATUITA\n\t\t<\/a><\/p>\n\n\n\n<figure class=\"wp-block-image\"><img decoding=\"async\" src=\"https:\/\/www.steinberglawfirm.com\/wp-content\/uploads\/2019\/03\/steinberg_infographic_little_known_facts.png\" alt=\"Charleston Abogado de lesiones personales\" title=\"steinberg_infographic_little_known_facts\"\/><\/figure>\n\n\n\n<h3 class=\"wp-block-heading\">\n\t\tIndemnizaci\u00f3n por da\u00f1os y perjuicios en una reclamaci\u00f3n de indemnizaci\u00f3n por accidente de trabajo Goose Creek\n\t<\/h3>\n\n\n\n<p><strong>Los trabajadores lesionados en un accidente laboral Goose Creek pueden tener derecho a diversas prestaciones, en funci\u00f3n de sus lesiones. Los siguientes son los tipos de da\u00f1os que est\u00e1n disponibles en una reclamaci\u00f3n de compensaci\u00f3n de los trabajadores.<\/strong><\/p>\n\n\n\n<p><strong>Tienes derecho a:<\/strong><\/p>\n\n\n\n<p><strong>Atenci\u00f3n m\u00e9dica<\/strong><\/p>\n\n\n\n<p><p>Esto incluye las visitas al m\u00e9dico, la cirug\u00eda, las recetas, etc. Si acude a su propio m\u00e9dico, los gastos no se pagan. Si acude a un m\u00e9dico elegido por la compa\u00f1\u00eda de seguros de su empresa, le pagan directamente.<\/p><strong> Salarios perdidos<\/strong><p>Usted est\u00e1 totalmente incapacitado temporalmente (TTD) si no puede trabajar como consecuencia de una lesi\u00f3n\/enfermedad. Durante este periodo, puedes obtener una indemnizaci\u00f3n por los salarios que habr\u00edas ganado si hubieras podido seguir trabajando durante tu periodo de recuperaci\u00f3n.<\/p><strong>Invalidez parcial permanente <\/strong><p>La incapacidad parcial permanente (PPD) se aplica si usted sufre una incapacidad permanente. Recibes dos tercios de tu salario medio semanal, con el mismo m\u00e1ximo semanal que el TTD.<\/p><strong>Invalidez permanente total<\/strong><p>La incapacidad total permanente (PTD) se refiere a la p\u00e9rdida de ambas piernas, brazos, pies, manos, p\u00e9rdida de la visi\u00f3n, en ambos ojos o una combinaci\u00f3n de dichas p\u00e9rdidas. Los trabajadores considerados con incapacidad permanente total pueden recibir m\u00e1s prestaciones.<\/p><\/p>\n\n\n\n<p>Para presentar una reclamaci\u00f3n de indemnizaci\u00f3n por accidente de trabajo con \u00e9xito en el Goose Creek, el perjudicado debe ser consciente de ciertas limitaciones. En primer lugar, la v\u00edctima no suele poder demandar al empresario. En segundo lugar, el empleado debe presentar su reclamaci\u00f3n ante la Comisi\u00f3n de Indemnizaci\u00f3n Laboral de South Carolina. Por \u00faltimo, lo m\u00e1s probable es que las prestaciones sean inferiores a las que se obtendr\u00edan mediante una demanda por da\u00f1os personales contra un tercero.<\/p>\n\n\n\n<h3 class=\"wp-block-heading\">\n\t\tCONSULTAS GRATUITAS\n\t<\/h3>\n\n\n\n<p>Si usted o un ser querido se ha lesionado recientemente en un accidente de trabajo Goose Creek, puede tener derecho a una compensaci\u00f3n monetaria a trav\u00e9s de una reclamaci\u00f3n por lesiones personales o por compensaci\u00f3n laboral. Sin embargo, South Carolina las leyes de compensaci\u00f3n laboral y de lesiones personales son complejas. P\u00f3ngase en contacto con un abogado experto en lesiones laborales hoy con Steinberg Law Firm LLC. En el Steinberg Law Firm, hemos estado ayudando con \u00e9xito a las v\u00edctimas de accidentes y sus familias a perseguir la compensaci\u00f3n que merecen por m\u00e1s de 95 a\u00f1os. Para obtener m\u00e1s informaci\u00f3n, y para programar una consulta gratuita con un abogado, <a href=\"tel:843-720-2800\">llame al 843-720-2800<\/a>. <a href=\"https:\/\/www.steinberglawfirm.com\/contact-us\/\" target=\"_blank\" rel=\"noopener\">Tambi\u00e9n puede ponerse en contacto con nosotros a trav\u00e9s de nuestro formulario en l\u00ednea<\/a>. <\/p>","protected":false},"excerpt":{"rendered":"<p>Goose Creek Abogado de Compensaci\u00f3n de Trabajadores Si usted o un ser querido se ha lesionado en el trabajo, South Carolina ofrece compensaci\u00f3n a los trabajadores por sus lesiones a trav\u00e9s de una reclamaci\u00f3n de compensaci\u00f3n de trabajadores. En el caso de las lesiones en el lugar de trabajo, el empleador es responsable, y el empleado lesionado no tiene que demostrar que su empleador - o cualquier otra persona...<\/p>","protected":false},"author":1,"featured_media":20555,"parent":3406,"menu_order":0,"comment_status":"closed","ping_status":"closed","template":"","meta":{"_acf_changed":false,"footnotes":""},"class_list":["post-9551","page","type-page","status-publish","has-post-thumbnail","hentry"],"acf":[],"_links":{"self":[{"href":"https:\/\/steinberglawfirm-staging.clmcloud.app\/es\/wp-json\/wp\/v2\/pages\/9551"}],"collection":[{"href":"https:\/\/steinberglawfirm-staging.clmcloud.app\/es\/wp-json\/wp\/v2\/pages"}],"about":[{"href":"https:\/\/steinberglawfirm-staging.clmcloud.app\/es\/wp-json\/wp\/v2\/types\/page"}],"author":[{"embeddable":true,"href":"https:\/\/steinberglawfirm-staging.clmcloud.app\/es\/wp-json\/wp\/v2\/users\/1"}],"replies":[{"embeddable":true,"href":"https:\/\/steinberglawfirm-staging.clmcloud.app\/es\/wp-json\/wp\/v2\/comments?post=9551"}],"version-history":[{"count":7,"href":"https:\/\/steinberglawfirm-staging.clmcloud.app\/es\/wp-json\/wp\/v2\/pages\/9551\/revisions"}],"predecessor-version":[{"id":24107,"href":"https:\/\/steinberglawfirm-staging.clmcloud.app\/es\/wp-json\/wp\/v2\/pages\/9551\/revisions\/24107"}],"up":[{"embeddable":true,"href":"https:\/\/steinberglawfirm-staging.clmcloud.app\/es\/wp-json\/wp\/v2\/pages\/3406"}],"wp:featuredmedia":[{"embeddable":true,"href":"https:\/\/steinberglawfirm-staging.clmcloud.app\/es\/wp-json\/wp\/v2\/media\/20555"}],"wp:attachment":[{"href":"https:\/\/steinberglawfirm-staging.clmcloud.app\/es\/wp-json\/wp\/v2\/media?parent=9551"}],"curies":[{"name":"wp","href":"https:\/\/api.w.org\/{rel}","templated":true}]}}