{"id":9512,"date":"2019-05-09T22:18:47","date_gmt":"2019-05-09T22:18:47","guid":{"rendered":"https:\/\/www.steinberglawfirm.com\/?page_id=9512"},"modified":"2023-08-10T17:10:54","modified_gmt":"2023-08-10T17:10:54","slug":"workers-compensation-for-an-employee-who-suffers-a-burn-injury","status":"publish","type":"page","link":"https:\/\/steinberglawfirm-staging.clmcloud.app\/es\/indemnizacion-de-los-trabajadores\/indemnizacion-por-accidente-de-trabajo-para-un-empleado-que-sufre-una-lesion\/","title":{"rendered":"Indemnizaci\u00f3n por accidente de trabajo para un empleado que sufre una lesi\u00f3n por quemadura"},"content":{"rendered":"<h1 class=\"wp-block-heading\">Charleston Abogado de lesiones por quemaduras en el lugar de trabajo<\/h1>\n\n\n\n<p>Los incendios o explosiones pueden provocar <a href=\"https:\/\/www.steinberglawfirm.com\/personal-injury\/personal-injury-lawyers\/burn-injury-lawyer\/\" target=\"_blank\" rel=\"noopener\">quemaduras graves<\/a>a veces mortales, para los empleados. Las lesiones por quemaduras pueden causar graves dolores, requerir varios injertos de piel y dejar cicatrices o desfiguraciones. Tanto si la quemadura es consecuencia de un incendio como del contacto con una sustancia u objeto caliente, el empleado lesionado debe poder obtener de su empresa una indemnizaci\u00f3n por accidente laboral.<\/p>\n\n\n\n<figure class=\"wp-block-embed is-type-video is-provider-youtube wp-block-embed-youtube wp-embed-aspect-16-9 wp-has-aspect-ratio\"><div class=\"wp-block-embed__wrapper\">\n<iframe loading=\"lazy\" title=\"Una v\u00edctima de quemaduras graves cuenta c\u00f3mo le ayud\u00f3 el Steinberg Law Firm\" width=\"500\" height=\"281\" src=\"https:\/\/www.youtube.com\/embed\/ym-QyHBe1wA?feature=oembed\" frameborder=\"0\" allow=\"accelerometer; autoplay; clipboard-write; encrypted-media; gyroscope; picture-in-picture; web-share\" referrerpolicy=\"strict-origin-when-cross-origin\" allowfullscreen><\/iframe>\n<\/div><\/figure>\n\n\n\n<h3 class=\"wp-block-heading\">Estad\u00edsticas de lesiones relacionadas con el trabajo<\/h3>\n\n\n\n<p>Los empleadores privados informaron de aproximadamente 2,8 millones de lesiones y enfermedades laborales no mortales en 2017, seg\u00fan la Oficina de Estad\u00edsticas Laborales de Estados Unidos. En 2017, 5.147 trabajadores sufrieron lesiones mortales en Estados Unidos. Los incendios o explosiones representaron 123 muertes. Seg\u00fan la Asociaci\u00f3n Americana de Quemaduras, entre 2001 y 2015, los servicios de urgencias atendieron aproximadamente 486.000 lesiones por fuego o quemaduras. Mientras que la mayor\u00eda de las lesiones por quemaduras tratadas en los centros de quemados tuvieron lugar en el hogar (73%), el 8% se produjo en el trabajo.<\/p>\n\n\n\n<h3 class=\"wp-block-heading\">Trabajadores con riesgo de sufrir quemaduras<\/h3>\n\n\n\n<p>Los empleados de algunas ocupaciones corren m\u00e1s riesgo de sufrir quemaduras:<\/p>\n\n\n\n<ul class=\"wp-block-list\">\n<li>Bomberos y t\u00e9cnicos de emergencias m\u00e9dicas <\/li>\n\n\n\n<li>Electricistas <\/li>\n\n\n\n<li><a href=\"https:\/\/www.steinberglawfirm.com\/workers-compensation\/construction-accidents-in-charleston\/\" target=\"_blank\" rel=\"noopener\">Trabajadores de la construcci\u00f3n <\/a><\/li>\n\n\n\n<li><a href=\"https:\/\/www.steinberglawfirm.com\/workers-compensation\/mechanic-injury\/\" target=\"_blank\" rel=\"noopener\">Mec\u00e1nica<\/a><\/li>\n\n\n\n<li><a href=\"https:\/\/www.steinberglawfirm.com\/workers-compensation\/workers-compensation-for-an-employee-who-suffers-a-burn-injury\/restaurant-burn-injury\/\" target=\"_blank\" rel=\"noopener\">Cocineros y otros empleados de cocina <\/a><\/li>\n\n\n\n<li>Personal sanitario <\/li>\n<\/ul>\n\n\n\n<h3 class=\"wp-block-heading\">Tipos de lesiones por quemaduras relacionadas con el trabajo<\/h3>\n\n\n\n<p>Quemaduras <a href=\"https:\/\/www.steinberglawfirm.com\/faq\/faq-workers-compensation\/what-if-the-employee-dies-due-to-a-work-injury-what-kind-of-benefits-does-the-family-get\/\" class=\"wpil_internal_link\" target=\"_blank\" rel=\"noopener\">puede incapacitar a un empleado para trabajar y puede ser mortal.<\/a> Los trabajadores pueden sufrir tres tipos principales de quemaduras:<\/p>\n\n\n\n<ul class=\"wp-block-list\">\n<li><strong>Quemaduras t\u00e9rmicas:<\/strong> Las quemaduras t\u00e9rmicas se producen cuando un empleado se expone a una fuente de calor, como l\u00edquidos, llamas abiertas, objetos calientes, explosiones y exposici\u00f3n al sol. <\/li>\n\n\n\n<li><strong>Quemaduras el\u00e9ctricas:<\/strong> <a href=\"https:\/\/www.steinberglawfirm.com\/articles\/first-aid-for-electrical-burns\/\" target=\"_blank\" rel=\"noopener\">Quemaduras el\u00e9ctricas<\/a> viajan por el cuerpo, da\u00f1ando los tejidos. Las electrocuciones suelen provocar la muerte del trabajador. <\/li>\n\n\n\n<li><strong>Quemaduras qu\u00edmicas:<\/strong> <a href=\"https:\/\/www.steinberglawfirm.com\/articles\/first-aid-for-chemical-burns\/\" target=\"_blank\" rel=\"noopener\">Quemaduras qu\u00edmicas<\/a> puede ocurrir cuando un empleado entra en contacto con una sustancia qu\u00edmica, como el \u00e1cido sulf\u00farico. <\/li>\n<\/ul>\n\n\n\n<p>Las lesiones por quemaduras se clasifican seg\u00fan su gravedad:<\/p>\n\n\n\n<ul class=\"wp-block-list\">\n<li><strong>Primer grado:<\/strong> Las quemaduras de primer grado s\u00f3lo afectan a la capa superior de la piel. <\/li>\n\n\n\n<li><strong>Segundo grado:<\/strong> Las quemaduras de segundo grado pueden hacer que la piel se llene de ampollas o se enrojezca y duela. <\/li>\n\n\n\n<li><strong>Tercer grado:<\/strong> Las quemaduras de tercer grado penetran en la epidermis y la dermis de la piel y pueden destruir los tejidos. <\/li>\n\n\n\n<li><strong>Cuarto grado:<\/strong> Las quemaduras de cuarto grado afectan a todas las capas de la piel y pueden da\u00f1ar m\u00fasculos, tendones y huesos.  <\/li>\n<\/ul>\n\n\n\n<h3 class=\"wp-block-heading\">Causas de las lesiones por quemaduras en el trabajo<\/h3>\n\n\n\n<p>\u00bfQu\u00e9 puede causar una quemadura a un trabajador?<\/p>\n\n\n\n<ul class=\"wp-block-list\">\n<li>Incendios <\/li>\n\n\n\n<li>Electricidad <\/li>\n\n\n\n<li>Vapor o l\u00edquido caliente <\/li>\n\n\n\n<li>Contacto con un objeto caliente <\/li>\n\n\n\n<li>Contacto con una sustancia t\u00f3xica o un \u00e1cido <\/li>\n\n\n\n<li>Exposici\u00f3n al sol <\/li>\n<\/ul>\n\n\n\n<h2 class=\"wp-block-heading\">Indemnizaci\u00f3n para los trabajadores que sufren una lesi\u00f3n por quemadura<\/h2>\n\n\n\n<p>\u00bfCu\u00e1les son las normas generales para recibir una indemnizaci\u00f3n por accidente de trabajo en South Carolina si un empleado sufre una lesi\u00f3n por quemadura?<\/p>\n\n\n\n<ul class=\"wp-block-list\">\n<li><strong>Aviso:  <\/strong>El trabajador debe notificar su lesi\u00f3n a la empresa tan pronto como sea posible y a m\u00e1s tardar 90 d\u00edas despu\u00e9s de la lesi\u00f3n. <\/li>\n\n\n\n<li><strong>Tratamiento m\u00e9dico: <a href=\"https:\/\/www.steinberglawfirm.com\/video-faqs\/who-pays-for-my-medical-care-after-an-injury\/\" class=\"wpil_internal_link\" target=\"_blank\" rel=\"noopener\"><\/a><\/strong><a href=\"https:\/\/www.steinberglawfirm.com\/video-faqs\/who-pays-for-my-medical-care-after-an-injury\/\" class=\"wpil_internal_link\" target=\"_blank\" rel=\"noopener\">El empleador debe proporcionar atenci\u00f3n m\u00e9dica.<\/a> Salvo en caso de urgencia, el empresario decide a qu\u00e9 m\u00e9dico acude el trabajador. <\/li>\n\n\n\n<li><strong>Reclamaci\u00f3n: <\/strong>Si un empresario impugna una reclamaci\u00f3n, <a href=\"https:\/\/www.steinberglawfirm.com\/practice-areas\/workers-compensation\/how-to-file-workers-compensation-claim-south-carolina\/\" class=\"wpil_internal_link\" target=\"_blank\" rel=\"noopener\">el trabajador debe presentar una reclamaci\u00f3n dentro de los dos a\u00f1os siguientes a la lesi\u00f3n ante el South Carolina Workers' Compensation<\/a> Comisi\u00f3n. <\/li>\n\n\n\n<li><strong>Fallo: <\/strong>Un empleado lesionado no tiene que demostrar que su empleador tuvo la culpa. <\/li>\n\n\n\n<li><strong>Inicio de los beneficios: <\/strong>No se paga ninguna indemnizaci\u00f3n al trabajador lesionado durante los primeros siete d\u00edas. Si la incapacidad dura m\u00e1s de 14 d\u00edas, los pagos se retrotraen a la fecha de la lesi\u00f3n. <\/li>\n\n\n\n<li><strong>Importe de los pagos: <\/strong>Un empleado lesionado recibe el 66 y dos tercios de su salario medio semanal, hasta el m\u00e1ximo estatal, que aumenta cada a\u00f1o. El m\u00e1ximo era de $838,21 para las lesiones ocurridas a partir del 1 de enero de 2018. <\/li>\n\n\n\n<li><strong>Incapacidad temporal: <\/strong>Por lo general, el empleado lesionado recibe prestaciones por incapacidad temporal hasta que se reincorpora al trabajo o alcanza la m\u00e1xima mejor\u00eda m\u00e9dica. <\/li>\n\n\n\n<li><strong>Incapacidad Parcial Permanente: <\/strong>South Carolina dispone de un baremo de lesiones que determina la duraci\u00f3n de las prestaciones del trabajador. En el caso de las lesiones de una parte del cuerpo que no figura en el baremo, el trabajador lesionado recibe prestaciones hasta 500 semanas, en funci\u00f3n del porcentaje de incapacidad del cuerpo en su conjunto. <\/li>\n\n\n\n<li><strong>Desfiguraci\u00f3n: <\/strong>Un trabajador con una desfiguraci\u00f3n permanente grave de la cara o de otras zonas normalmente expuestas en el trabajo puede recibir prestaciones de hasta 50 semanas. <\/li>\n\n\n\n<li><a href=\"https:\/\/www.steinberglawfirm.com\/faq\/faq-workers-compensation\/what-does-total-disability-mean-under-south-carolinas-workers-compensation-law\/\" class=\"wpil_internal_link\" target=\"_blank\" rel=\"noopener\"><strong>Incapacidad permanente total: <\/strong>Si un trabajador est\u00e1 incapacitado permanente y totalmente,<\/a> pueden recibir prestaciones hasta 500 semanas. <\/li>\n\n\n\n<li><strong>Prestaciones por fallecimiento: <\/strong>Si un empleado muere en el trabajo, su c\u00f3nyuge e hijos pueden recibir prestaciones. <\/li>\n\n\n\n<li><strong>Acci\u00f3n de terceros: <\/strong>Si un tercero caus\u00f3 un incendio, el empleado puede presentar una demanda contra la parte culpable. En la demanda, el empleado puede recuperar todos sus salarios perdidos, as\u00ed como una indemnizaci\u00f3n por el dolor y el sufrimiento, que puede ser grave por las lesiones por quemaduras. <\/li>\n\n\n\n<li><strong>Ayuda legal: <\/strong>El proceso de compensaci\u00f3n de los trabajadores puede ser complicado, por lo que es beneficioso contratar a un abogado. El abogado determinar\u00e1 si se debe presentar una demanda contra un tercero. <\/li>\n<\/ul>\n\n\n\n<h3 class=\"wp-block-heading\">Contacto<\/h3>\n\n\n\n<p>Si sufre una lesi\u00f3n en el trabajo, llame a un <a href=\"https:\/\/www.steinberglawfirm.com\/practice-areas\/workers-compensation\/\" target=\"_blank\" rel=\"noopener\">abogado de indemnizaci\u00f3n por accidente de trabajo<\/a> en Steinberg Law Firm 24\/7 en <a href=\"tel:1-843-720-2800\">843-720-2800<\/a>Concierte una cita en <a href=\"https:\/\/www.steinberglawfirm.com\/\" target=\"_blank\" rel=\"noopener\">www.steinberglawfirm.com<\/a>o visite nuestras oficinas en Charleston, Goose Creek o Summerville.<\/p>","protected":false},"excerpt":{"rendered":"<p>Charleston Abogado de lesiones por quemaduras en el lugar de trabajo Los incendios o las explosiones pueden provocar graves lesiones por quemaduras, a veces mortales, a los empleados. Las lesiones por quemaduras pueden causar graves dolores, requerir varios injertos de piel y dejar cicatrices o desfiguraci\u00f3n. Ya sea que la lesi\u00f3n por quemadura sea resultado de un incendio o del contacto con una sustancia u objeto caliente, el empleado lesionado debe...<\/p>","protected":false},"author":1,"featured_media":0,"parent":8874,"menu_order":0,"comment_status":"closed","ping_status":"closed","template":"","meta":{"_acf_changed":false,"footnotes":""},"class_list":["post-9512","page","type-page","status-publish","hentry"],"acf":[],"_links":{"self":[{"href":"https:\/\/steinberglawfirm-staging.clmcloud.app\/es\/wp-json\/wp\/v2\/pages\/9512"}],"collection":[{"href":"https:\/\/steinberglawfirm-staging.clmcloud.app\/es\/wp-json\/wp\/v2\/pages"}],"about":[{"href":"https:\/\/steinberglawfirm-staging.clmcloud.app\/es\/wp-json\/wp\/v2\/types\/page"}],"author":[{"embeddable":true,"href":"https:\/\/steinberglawfirm-staging.clmcloud.app\/es\/wp-json\/wp\/v2\/users\/1"}],"replies":[{"embeddable":true,"href":"https:\/\/steinberglawfirm-staging.clmcloud.app\/es\/wp-json\/wp\/v2\/comments?post=9512"}],"version-history":[{"count":4,"href":"https:\/\/steinberglawfirm-staging.clmcloud.app\/es\/wp-json\/wp\/v2\/pages\/9512\/revisions"}],"predecessor-version":[{"id":26701,"href":"https:\/\/steinberglawfirm-staging.clmcloud.app\/es\/wp-json\/wp\/v2\/pages\/9512\/revisions\/26701"}],"up":[{"embeddable":true,"href":"https:\/\/steinberglawfirm-staging.clmcloud.app\/es\/wp-json\/wp\/v2\/pages\/8874"}],"wp:attachment":[{"href":"https:\/\/steinberglawfirm-staging.clmcloud.app\/es\/wp-json\/wp\/v2\/media?parent=9512"}],"curies":[{"name":"wp","href":"https:\/\/api.w.org\/{rel}","templated":true}]}}