{"id":9505,"date":"2019-05-09T22:03:40","date_gmt":"2019-05-09T22:03:40","guid":{"rendered":"https:\/\/www.steinberglawfirm.com\/?page_id=9505"},"modified":"2024-01-26T22:18:11","modified_gmt":"2024-01-26T22:18:11","slug":"workers-compensation-for-an-employee-who-suffers-a-back-injury-at-work","status":"publish","type":"page","link":"https:\/\/steinberglawfirm-staging.clmcloud.app\/es\/indemnizacion-de-los-trabajadores\/indemnizacion-para-un-empleado-que-sufre-una-lesion-en-el-trabajo\/","title":{"rendered":"Indemnizaci\u00f3n laboral para un empleado que sufre una lesi\u00f3n de espalda en el trabajo"},"content":{"rendered":"<h1 class=\"wp-block-heading\">Charleston Abogado de lesiones de espalda en el trabajo<\/h1>\n\n\n\n<p>Las lesiones de espalda son frecuentes en la poblaci\u00f3n activa. Los sobreesfuerzos, as\u00ed como estar demasiado tiempo sentado o de pie, pueden causar lesiones de espalda. Los accidentes de trabajo, como las ca\u00eddas, tambi\u00e9n pueden causar <a href=\"https:\/\/www.steinberglawfirm.com\/practice-areas\/workers-compensation\/common-work-related-back-injuries-in-south-carolina\/\" class=\"wpil_internal_link\" target=\"_blank\" rel=\"noopener\">lesiones graves en la espalda.<\/a> Tanto si la lesi\u00f3n de espalda se debe a un accidente, a un movimiento brusco o a un inicio gradual, el empleado lesionado debe poder recibir de su empresa las prestaciones de indemnizaci\u00f3n por accidente de trabajo.<\/p>\n\n\n\n<p><strong>Estad\u00edsticas de lesiones relacionadas con el trabajo <\/strong> <\/p>\n\n\n\n<p>Los empleadores privados informaron de aproximadamente 2,8 millones de lesiones y enfermedades laborales no mortales en 2017, seg\u00fan la Oficina de Estad\u00edsticas Laborales de Estados Unidos. De esas lesiones, 882.730, casi un tercio, resultaron en d\u00edas de ausencia del trabajo. Por cada 10.000 empleados a tiempo completo, la industria privada registr\u00f3 89,4 casos. Los sobreesfuerzos al levantar o bajar objetos supusieron 97.990 de los casos de baja laboral, mientras que las lesiones de espalda supusieron 148.780 de los casos de baja laboral.<\/p>\n\n\n\n<h3 class=\"wp-block-heading\"><strong>Causas de las lesiones de espalda en el trabajo<\/strong><\/h3>\n\n\n\n<p>Sufrir una lesi\u00f3n de espalda es un riesgo del trabajo, tanto si se realiza un trabajo manual como si se est\u00e1 sentado en un escritorio. Estas son algunas de las causas de las lesiones de espalda:<\/p>\n\n\n\n<ul class=\"wp-block-list\">\n<li><strong>Resbalones, tropiezos y ca\u00eddas:<\/strong> Un oficinista puede resbalar con un trozo de moqueta, o un trabajador de una tienda puede tropezar con la mercanc\u00eda. <\/li>\n\n\n\n<li><strong>Ca\u00edda de una estructura:<\/strong> A <a href=\"https:\/\/www.steinberglawfirm.com\/workers-compensation\/construction-accidents\/fall-from-roof-injury\/\" target=\"_blank\" rel=\"noopener\">un trabajador de la construcci\u00f3n puede caerse de un tejado o una escalera<\/a>. <\/li>\n\n\n\n<li><strong>Levantamiento:<\/strong> Levantar objetos pesados, como materiales de construcci\u00f3n o muebles, puede lesionar la espalda de un trabajador, o levantar a un paciente puede lesionar la espalda de un trabajador sanitario. <\/li>\n\n\n\n<li><strong>Vibraciones corporales:<\/strong> Las vibraciones causadas por un cami\u00f3n grande o una pieza pesada de equipo pueden da\u00f1ar la espalda del conductor o del operador. <\/li>\n\n\n\n<li><strong>El uso excesivo: <\/strong>Los trabajadores, como <a href=\"https:\/\/www.steinberglawfirm.com\/workers-compensation\/warehouse-injury-lawyers\/amazon-warehouse-worker-injury-attorneys\/\" target=\"_blank\" rel=\"noopener\">empleados en almacenes<\/a>, que pasan gran parte del d\u00eda agachados, levantando objetos y tirando de ellos, pueden sufrir lesiones de espalda. <\/li>\n\n\n\n<li> <strong>Posturas inc\u00f3modas:<\/strong> Los trabajadores de oficina pueden sufrir lesiones de espalda cuando sus puestos de trabajo no son ergon\u00f3micos. <\/li>\n\n\n\n<li><strong>Sentado y de pie:<\/strong> Estar sentado o de pie durante horas puede provocar problemas de espalda. Los dentistas y esteticistas pueden desarrollar problemas de espalda por estar de pie durante mucho tiempo. <\/li>\n<\/ul>\n\n\n\n<p><strong>Trabajadores con riesgo de sufrir lesiones de espalda <\/strong> <\/p>\n\n\n\n<p>\u00bfQu\u00e9 tipos de empleados corren m\u00e1s riesgo de sufrir lesiones de espalda?<\/p>\n\n\n\n<ul class=\"wp-block-list\">\n<li><a href=\"https:\/\/www.steinberglawfirm.com\/workers-compensation\/construction-accidents\/\" target=\"_blank\" rel=\"noopener\">Trabajadores de la construcci\u00f3n<\/a> - techadores, carpinteros y pintores <\/li>\n\n\n\n<li>Electricistas y fontaneros <\/li>\n\n\n\n<li>Trabajadores de f\u00e1bricas - cadena de montaje y <a href=\"https:\/\/www.steinberglawfirm.com\/workers-compensation\/warehouse-injury-lawyers\/\" target=\"_blank\" rel=\"noopener\">operarios de almac\u00e9n<\/a> <\/li>\n\n\n\n<li>Personal sanitario: enfermeros, dentistas y cirujanos <\/li>\n\n\n\n<li>Conductores de camiones y operadores de maquinaria pesada <\/li>\n\n\n\n<li>Trabajadores de oficina <\/li>\n\n\n\n<li>Trabajadores agr\u00edcolas, jardineros y paisajistas <\/li>\n<\/ul>\n\n\n\n<p><strong>Tipos de lesiones de espalda que sufren los empleados en el trabajo<\/strong><\/p>\n\n\n\n<p>Los empleados pueden sufrir muchos tipos de lesiones de espalda, que incluyen, entre otras, las siguientes:  <\/p>\n\n\n\n<ul class=\"wp-block-list\">\n<li>Torceduras y esguinces <\/li>\n\n\n\n<li>Hernias discales <\/li>\n\n\n\n<li>Discos abultados o deslizados <\/li>\n\n\n\n<li>Fractura de v\u00e9rtebras <\/li>\n\n\n\n<li>Lesi\u00f3n de la m\u00e9dula espinal, incluida la par\u00e1lisis <\/li>\n<\/ul>\n\n\n\n<h2 class=\"wp-block-heading\"><strong>Indemnizaci\u00f3n por lesiones de espalda en el trabajo<\/strong><\/h2>\n\n\n\n<p>\u00bfCu\u00e1les son las normas generales para recibir <a href=\"https:\/\/www.steinberglawfirm.com\/workers-compensation-report\/\" target=\"_blank\" rel=\"noopener\">indemnizaci\u00f3n por accidente laboral en South Carolina<\/a> por lesiones de espalda en el trabajo?<\/p>\n\n\n\n<ul class=\"wp-block-list\">\n<li><strong>Aviso: <\/strong>El trabajador debe notificar su lesi\u00f3n a la empresa tan pronto como sea posible y a m\u00e1s tardar 90 d\u00edas despu\u00e9s de la lesi\u00f3n. <\/li>\n\n\n\n<li><strong>Tratamiento m\u00e9dico: <\/strong>El empresario debe prestar atenci\u00f3n m\u00e9dica al trabajador accidentado. Salvo en caso de urgencia, el empresario decide a qu\u00e9 m\u00e9dico acude el trabajador. <\/li>\n\n\n\n<li><strong>Reclamaci\u00f3n: <\/strong>Si el empresario impugna una reclamaci\u00f3n, el trabajador tiene dos a\u00f1os para <a href=\"https:\/\/www.steinberglawfirm.com\/practice-areas\/workers-compensation\/how-to-file-workers-compensation-claim-south-carolina\/\" class=\"wpil_internal_link\" target=\"_blank\" rel=\"noopener\">presentar una reclamaci\u00f3n ante la Comisi\u00f3n de Compensaci\u00f3n de los Trabajadores South Carolina.<\/a> <\/li>\n\n\n\n<li><strong>Fallo: <\/strong>Un empleado lesionado no tiene que demostrar que su empleador tuvo la culpa. Del mismo modo, un empresario no puede utilizar la culpa de un empleado para denegar la cobertura. <\/li>\n\n\n\n<li><strong>Inicio de los beneficios: <\/strong>No se paga ninguna indemnizaci\u00f3n al trabajador lesionado durante los primeros siete d\u00edas. Si la incapacidad dura m\u00e1s de 14 d\u00edas, los pagos se retrotraen a la fecha de la lesi\u00f3n. <\/li>\n\n\n\n<li><strong>Importe de los pagos: <\/strong>Un empleado lesionado recibe el 66 y dos tercios de su salario medio semanal, hasta el m\u00e1ximo estatal, que aumenta cada a\u00f1o. El m\u00e1ximo era de $838,21 para las lesiones ocurridas a partir del 1 de enero de 2018. <\/li>\n\n\n\n<li><strong>Incapacidad temporal: <\/strong>Por lo general, el empleado lesionado recibe prestaciones por incapacidad temporal hasta que se reincorpora al trabajo o alcanza la m\u00e1xima mejor\u00eda m\u00e9dica. <\/li>\n\n\n\n<li><strong>Incapacidad Parcial Permanente: <\/strong>Si la p\u00e9rdida de uso de la espalda es igual o inferior al 49 %, el trabajador recibe prestaciones durante 300 semanas. Si la p\u00e9rdida de uso de la espalda es igual o superior al 50 %, el trabajador recibe prestaciones durante 500 semanas. Cuando la p\u00e9rdida de uso de la espalda es del 50 % o m\u00e1s, se presume que el trabajador sufre una incapacidad permanente y total. <\/li>\n\n\n\n<li><strong>Incapacidad permanente total: <\/strong>Si un empleado es permanente y <a href=\"https:\/\/www.steinberglawfirm.com\/faq\/faq-workers-compensation\/what-does-total-disability-mean-under-south-carolinas-workers-compensation-law\/\" class=\"wpil_internal_link\" target=\"_blank\" rel=\"noopener\">totalmente incapacitado,<\/a> pueden recibir prestaciones hasta 500 semanas. En el caso de lesiones catastr\u00f3ficas, como la par\u00e1lisis, el trabajador puede recibir prestaciones de por vida. <\/li>\n\n\n\n<li><strong>Ayuda legal: <\/strong>El proceso de compensaci\u00f3n de los trabajadores puede ser complicado. Los empleados pueden proteger sus derechos poni\u00e9ndose en contacto con un abogado especializado en indemnizaciones laborales.<\/li>\n<\/ul>\n\n\n\n<figure class=\"wp-block-embed is-type-video is-provider-youtube wp-block-embed-youtube wp-embed-aspect-16-9 wp-has-aspect-ratio\"><div class=\"wp-block-embed__wrapper\">\n<iframe loading=\"lazy\" title=\"Workers&#039; Comp reclamaciones son complicadas. Consiga la firma detr\u00e1s de usted\" width=\"500\" height=\"281\" src=\"https:\/\/www.youtube.com\/embed\/Y8Gp8slO0oE?feature=oembed\" frameborder=\"0\" allow=\"accelerometer; autoplay; clipboard-write; encrypted-media; gyroscope; picture-in-picture; web-share\" referrerpolicy=\"strict-origin-when-cross-origin\" allowfullscreen><\/iframe>\n<\/div><\/figure>\n\n\n\n<p><strong>Contacto<\/strong><\/p>\n\n\n\n<p>Si sufre una lesi\u00f3n en el trabajo, llame a un <a href=\"https:\/\/www.steinberglawfirm.com\/practice-areas\/workers-compensation\/\" target=\"_blank\" rel=\"noopener\">abogado de indemnizaci\u00f3n por accidente de trabajo<\/a> en el Steinberg Law Firm 24 horas al d\u00eda, 843-720-2800, pedir una cita en <a href=\"https:\/\/www.steinberglawfirm.com\/\" target=\"_blank\" rel=\"noopener\">www.steinberglawfirm.com<\/a> o visite nuestras oficinas en Charleston, Goose Creek o Summerville.<\/p>","protected":false},"excerpt":{"rendered":"<p>Charleston Abogado de lesiones de espalda en el trabajo Las lesiones de espalda son frecuentes en la fuerza de trabajo. El sobreesfuerzo, as\u00ed como estar demasiado tiempo sentado o de pie, pueden causar lesiones de espalda. Los accidentes de trabajo, como las ca\u00eddas, tambi\u00e9n pueden causar graves lesiones de espalda. Tanto si la lesi\u00f3n de espalda se produce por un accidente, un movimiento brusco o un inicio gradual, el empleado lesionado debe...<\/p>","protected":false},"author":1,"featured_media":0,"parent":8874,"menu_order":0,"comment_status":"closed","ping_status":"closed","template":"","meta":{"_acf_changed":false,"footnotes":""},"class_list":["post-9505","page","type-page","status-publish","hentry"],"acf":[],"_links":{"self":[{"href":"https:\/\/steinberglawfirm-staging.clmcloud.app\/es\/wp-json\/wp\/v2\/pages\/9505"}],"collection":[{"href":"https:\/\/steinberglawfirm-staging.clmcloud.app\/es\/wp-json\/wp\/v2\/pages"}],"about":[{"href":"https:\/\/steinberglawfirm-staging.clmcloud.app\/es\/wp-json\/wp\/v2\/types\/page"}],"author":[{"embeddable":true,"href":"https:\/\/steinberglawfirm-staging.clmcloud.app\/es\/wp-json\/wp\/v2\/users\/1"}],"replies":[{"embeddable":true,"href":"https:\/\/steinberglawfirm-staging.clmcloud.app\/es\/wp-json\/wp\/v2\/comments?post=9505"}],"version-history":[{"count":5,"href":"https:\/\/steinberglawfirm-staging.clmcloud.app\/es\/wp-json\/wp\/v2\/pages\/9505\/revisions"}],"predecessor-version":[{"id":30436,"href":"https:\/\/steinberglawfirm-staging.clmcloud.app\/es\/wp-json\/wp\/v2\/pages\/9505\/revisions\/30436"}],"up":[{"embeddable":true,"href":"https:\/\/steinberglawfirm-staging.clmcloud.app\/es\/wp-json\/wp\/v2\/pages\/8874"}],"wp:attachment":[{"href":"https:\/\/steinberglawfirm-staging.clmcloud.app\/es\/wp-json\/wp\/v2\/media?parent=9505"}],"curies":[{"name":"wp","href":"https:\/\/api.w.org\/{rel}","templated":true}]}}