{"id":9501,"date":"2019-05-09T21:41:06","date_gmt":"2019-05-09T21:41:06","guid":{"rendered":"https:\/\/www.steinberglawfirm.com\/?page_id=9501"},"modified":"2023-04-04T17:27:58","modified_gmt":"2023-04-04T17:27:58","slug":"what-happens-when-an-employee-is-injured-on-a-construction-site","status":"publish","type":"page","link":"https:\/\/steinberglawfirm-staging.clmcloud.app\/es\/indemnizacion-de-los-trabajadores\/que-ocurre-cuando-un-empleado-se-lesiona-en-una-obra\/","title":{"rendered":"\u00bfQu\u00e9 ocurre cuando un empleado se lesiona en una obra?"},"content":{"rendered":"<h1 class=\"wp-block-heading\">Charleston Abogado de lesiones en obras de construcci\u00f3n<\/h1>\n\n\n\n<p><a href=\"https:\/\/www.steinberglawfirm.com\/workers-compensation\/construction-accidents\/\" target=\"_blank\" rel=\"noopener\">La construcci\u00f3n es uno de los trabajos m\u00e1s peligrosos<\/a>. Muchos trabajadores de la construcci\u00f3n sufren lesiones, y a veces \u00e9stas son mortales. Tanto si se trata de una <a href=\"https:\/\/www.steinberglawfirm.com\/workers-compensation\/construction-accidents\/fall-from-roof-injury\/\" target=\"_blank\" rel=\"noopener\">un trabajador cae de un tejado<\/a> o est\u00e1 manejando una maquinaria pesada que vuelca, deber\u00eda poder recibir prestaciones de indemnizaci\u00f3n por accidente de trabajo de su empresa.<\/p>\n\n\n\n<p><strong>Estad\u00edsticas de lesiones relacionadas con el trabajo<\/strong><\/p>\n\n\n\n<p>Los empleadores privados informaron de aproximadamente 2,8 millones de lesiones y enfermedades laborales no mortales en 2017, seg\u00fan la Oficina de Estad\u00edsticas Laborales de Estados Unidos. De esas lesiones, 882.730, casi un tercio, dieron lugar a d\u00edas de baja laboral. En el sector de la construcci\u00f3n, se produjeron aproximadamente 198.100 lesiones laborales no mortales y alrededor de 115.500 lesiones con resultado de d\u00edas de baja. En 2017, 5.147 trabajadores sufrieron lesiones mortales en Estados Unidos. De los 4.674 accidentes mortales en el sector privado, algo m\u00e1s del 20% (971) se produjeron en el sector de la construcci\u00f3n.<\/p>\n\n\n\n<h3 class=\"wp-block-heading\"><strong>Causas de las lesiones de los trabajadores de la construcci\u00f3n<\/strong><\/h3>\n\n\n\n<p>Cuatro causas representaron el 60% de las muertes de los trabajadores de la construcci\u00f3n en 2017: ca\u00eddas (386), golpes con un objeto (80), electrocuciones (71) y atrapamiento en o entre objetos (50). Muchas otras causas, aunque no tan mortales, pueden provocar lesiones en las obras de construcci\u00f3n. Estas incluyen, entre otras, las siguientes:<\/p>\n\n\n\n<ul class=\"wp-block-list\">\n<li><a href=\"https:\/\/www.steinberglawfirm.com\/workers-compensation\/workers-compensation-for-hand-tool-injuries-in-south-carolina\/\" target=\"_blank\" rel=\"noopener\">Herramientas manuales, como sierras y taladros <\/a><\/li>\n\n\n\n<li>Traslado de veh\u00edculos o equipos <\/li>\n\n\n\n<li>Incendios o explosiones <\/li>\n\n\n\n<li>Derrumbes de zanjas o edificios <\/li>\n\n\n\n<li><a class=\"wpil_internal_link\" href=\"https:\/\/www.steinberglawfirm.com\/practice-areas\/workers-compensation\/repetitive-motion-injuries-south-carolina\/\" target=\"_blank\" rel=\"noopener\">Movimientos repetitivos<\/a> <\/li>\n\n\n\n<li>Exposici\u00f3n a la intemperie, calor o fr\u00edo <\/li>\n\n\n\n<li>Exposici\u00f3n a toxinas o productos qu\u00edmicos. <\/li>\n<\/ul>\n\n\n\n<p><strong>Tipos de lesiones sufridas por los trabajadores de la construcci\u00f3n<\/strong><\/p>\n\n\n\n<p>Los trabajadores de la construcci\u00f3n pueden sufrir muchos tipos de lesiones. Algunas de las lesiones m\u00e1s comunes son:   <\/p>\n\n\n\n<ul class=\"wp-block-list\">\n<li><a href=\"https:\/\/www.steinberglawfirm.com\/practice-areas\/head-brain-and-spine-injuries\/\" target=\"_blank\" rel=\"noopener\">Lesiones en la cabeza <\/a><\/li>\n\n\n\n<li><a href=\"https:\/\/www.steinberglawfirm.com\/workers-compensation\/workers-compensation-for-an-employee-who-suffers-a-burn-injury\/\" target=\"_blank\" rel=\"noopener\">Quemaduras<\/a><\/li>\n\n\n\n<li><a href=\"https:\/\/www.steinberglawfirm.com\/practice-areas\/workers-compensation\/common-work-related-back-injuries-in-south-carolina\/\" target=\"_blank\" rel=\"noopener\">Lesiones en la espalda <\/a><\/li>\n\n\n\n<li>Par\u00e1lisis <\/li>\n\n\n\n<li>Fracturas \u00f3seas <\/li>\n\n\n\n<li><a href=\"https:\/\/www.steinberglawfirm.com\/practice-areas\/serious-injury-cases\/traumatic-amputation-injuries\/\" target=\"_blank\" rel=\"noopener\">Amputaci\u00f3n de miembros o dedos <\/a><\/li>\n\n\n\n<li>P\u00e9rdida de audici\u00f3n <\/li>\n\n\n\n<li>Golpe de calor <\/li>\n\n\n\n<li>Frostbite <\/li>\n\n\n\n<li>Deterioro de la visi\u00f3n <\/li>\n<\/ul>\n\n\n\n<h2 class=\"wp-block-heading\"><strong>Indemnizaci\u00f3n para un trabajador lesionado en una obra de construcci\u00f3n<\/strong><\/h2>\n\n\n\n<p>\u00bfCu\u00e1les son las normas generales para recibir una indemnizaci\u00f3n por accidente de trabajo en South Carolina si un empleado se lesiona o muere en una obra?<\/p>\n\n\n\n<ul class=\"wp-block-list\">\n<li><strong>Cobertura: <\/strong>Para recibir una indemnizaci\u00f3n por accidente de trabajo, el trabajador de la construcci\u00f3n debe ser un empleado, no un contratista independiente. En general, un empleador con cuatro o m\u00e1s empleados debe pagar la indemnizaci\u00f3n por accidente de trabajo. <\/li>\n\n\n\n<li><strong>Aviso: <\/strong>El trabajador debe notificar su lesi\u00f3n a la empresa lo antes posible y a m\u00e1s tardar 90 d\u00edas despu\u00e9s de la misma. <\/li>\n\n\n\n<li><strong>Tratamiento m\u00e9dico: <a href=\"https:\/\/www.steinberglawfirm.com\/video-faqs\/who-pays-for-my-medical-care-after-an-injury\/\" class=\"wpil_internal_link\" target=\"_blank\" rel=\"noopener\"><\/a><\/strong><a href=\"https:\/\/www.steinberglawfirm.com\/video-faqs\/who-pays-for-my-medical-care-after-an-injury\/\" class=\"wpil_internal_link\" target=\"_blank\" rel=\"noopener\">El empresario debe proporcionar atenci\u00f3n m\u00e9dica a un empleado lesionado.<\/a> Salvo en caso de urgencia, el empresario elige al m\u00e9dico del trabajador. <\/li>\n\n\n\n<li><strong>Reclamaci\u00f3n: <\/strong>Si el empresario impugna la reclamaci\u00f3n del trabajador, \u00e9ste dispone de dos a\u00f1os para presentar una reclamaci\u00f3n ante la Comisi\u00f3n de Indemnizaci\u00f3n por Accidentes de Trabajo South Carolina. <\/li>\n\n\n\n<li><strong>Fallo: <\/strong>Un empleado lesionado no tiene que demostrar que su empleador tuvo la culpa. Del mismo modo, un empresario no puede utilizar la culpa de un empleado para denegar la cobertura. <\/li>\n\n\n\n<li><strong>Inicio de los beneficios: <\/strong>No se paga ninguna indemnizaci\u00f3n al trabajador lesionado durante los primeros siete d\u00edas. Si la incapacidad dura m\u00e1s de 14 d\u00edas, los pagos se retrotraen a la fecha de la lesi\u00f3n. <\/li>\n\n\n\n<li><strong>Importe de los pagos: <\/strong>Un empleado lesionado recibe el 66 y dos tercios de su salario medio semanal, hasta el m\u00e1ximo estatal, que aumenta cada a\u00f1o. El m\u00e1ximo era de $838,21 para las lesiones ocurridas a partir del 1 de enero de 2018. <\/li>\n\n\n\n<li><strong>Incapacidad temporal: <\/strong>Por lo general, el empleado lesionado recibe prestaciones por incapacidad temporal hasta que se reincorpora al trabajo o alcanza la m\u00e1xima mejor\u00eda m\u00e9dica. <\/li>\n\n\n\n<li><strong>Incapacidad Parcial Permanente: <\/strong>South Carolina cuenta con un baremo de lesiones que determina la duraci\u00f3n de las prestaciones que recibe el trabajador. Por ejemplo, la p\u00e9rdida total de un brazo vale 200 semanas, por lo que un empleado recibir\u00eda 50 semanas por una incapacidad del 25 % en un brazo. En el caso de las lesiones en una parte del cuerpo que no figura en el baremo, el trabajador lesionado recibe prestaciones hasta 500 semanas, en funci\u00f3n del porcentaje de incapacidad del cuerpo en su conjunto. <\/li>\n\n\n\n<li><strong>Incapacidad permanente total: <\/strong>Si un empleado es permanente y <a href=\"https:\/\/www.steinberglawfirm.com\/faq\/faq-workers-compensation\/what-does-total-disability-mean-under-south-carolinas-workers-compensation-law\/\" class=\"wpil_internal_link\" target=\"_blank\" rel=\"noopener\">totalmente incapacitado,<\/a> pueden recibir prestaciones hasta 500 semanas. En el caso de las lesiones catastr\u00f3ficas, como la par\u00e1lisis o los da\u00f1os cerebrales, el trabajador puede recibir prestaciones de por vida. <\/li>\n\n\n\n<li><strong>Prestaciones por fallecimiento: <\/strong>Si un empleado muere en el trabajo, su c\u00f3nyuge e hijos pueden recibir prestaciones. <\/li>\n\n\n\n<li><strong>Acci\u00f3n de terceros: <\/strong>Si un tercero, como el fabricante de un equipo, provoca un accidente en la construcci\u00f3n, el empleado puede presentar una demanda contra la parte culpable. En la demanda, el <a href=\"https:\/\/www.steinberglawfirm.com\/video-faqs\/can-i-be-compensated-for-pain-and-suffering\/\" class=\"wpil_internal_link\" target=\"_blank\" rel=\"noopener\">El empleado puede recuperar todos sus salarios y su capacidad de ganancia perdidos, as\u00ed como una indemnizaci\u00f3n por el dolor y el sufrimiento.<\/a> <\/li>\n\n\n\n<li><strong>Ayuda legal: <\/strong>Los empleados pueden proteger sus derechos poni\u00e9ndose en contacto con un abogado especializado en indemnizaciones laborales. <a href=\"https:\/\/www.steinberglawfirm.com\/blog\/how-to-start-the-workers-compensation-process-in-south-carolina\/\" class=\"wpil_internal_link\" target=\"_blank\" rel=\"noopener\">El proceso de compensaci\u00f3n de los trabajadores puede ser complicado, por lo que es beneficioso contratar a un abogado.<\/a> El abogado investigar\u00e1 si se puede presentar una demanda contra un tercero. <\/li>\n<\/ul>\n\n\n\n<p><strong>Contacto<\/strong><\/p>\n\n\n\n<p>Si sufre una lesi\u00f3n en el trabajo, llame a un <a href=\"https:\/\/www.steinberglawfirm.com\/practice-areas\/workers-compensation\/\" target=\"_blank\" rel=\"noopener\">abogado de indemnizaci\u00f3n por accidente de trabajo<\/a> en el Steinberg Law Firm 24 horas al d\u00eda, 843-720-2800, pedir una cita en <a href=\"https:\/\/www.steinberglawfirm.com\/\" target=\"_blank\" rel=\"noopener\">www.steinberglawfirm.com<\/a> o visite nuestras oficinas en Charleston, Goose Creek o Summerville.<\/p>","protected":false},"excerpt":{"rendered":"<p>Charleston Abogado de lesiones en obras de construcci\u00f3n La construcci\u00f3n es uno de los trabajos m\u00e1s peligrosos. Muchos trabajadores de la construcci\u00f3n sufren lesiones, y a veces las lesiones son fatales. Ya sea que un trabajador se caiga de un techo o est\u00e9 operando una pieza pesada de maquinaria que se vuelque, deber\u00eda poder recuperar los beneficios de compensaci\u00f3n de los trabajadores de su empleador. Estad\u00edsticas de...<\/p>","protected":false},"author":1,"featured_media":0,"parent":8874,"menu_order":0,"comment_status":"closed","ping_status":"closed","template":"","meta":{"_acf_changed":false,"footnotes":""},"class_list":["post-9501","page","type-page","status-publish","hentry"],"acf":[],"_links":{"self":[{"href":"https:\/\/steinberglawfirm-staging.clmcloud.app\/es\/wp-json\/wp\/v2\/pages\/9501"}],"collection":[{"href":"https:\/\/steinberglawfirm-staging.clmcloud.app\/es\/wp-json\/wp\/v2\/pages"}],"about":[{"href":"https:\/\/steinberglawfirm-staging.clmcloud.app\/es\/wp-json\/wp\/v2\/types\/page"}],"author":[{"embeddable":true,"href":"https:\/\/steinberglawfirm-staging.clmcloud.app\/es\/wp-json\/wp\/v2\/users\/1"}],"replies":[{"embeddable":true,"href":"https:\/\/steinberglawfirm-staging.clmcloud.app\/es\/wp-json\/wp\/v2\/comments?post=9501"}],"version-history":[{"count":4,"href":"https:\/\/steinberglawfirm-staging.clmcloud.app\/es\/wp-json\/wp\/v2\/pages\/9501\/revisions"}],"predecessor-version":[{"id":24496,"href":"https:\/\/steinberglawfirm-staging.clmcloud.app\/es\/wp-json\/wp\/v2\/pages\/9501\/revisions\/24496"}],"up":[{"embeddable":true,"href":"https:\/\/steinberglawfirm-staging.clmcloud.app\/es\/wp-json\/wp\/v2\/pages\/8874"}],"wp:attachment":[{"href":"https:\/\/steinberglawfirm-staging.clmcloud.app\/es\/wp-json\/wp\/v2\/media?parent=9501"}],"curies":[{"name":"wp","href":"https:\/\/api.w.org\/{rel}","templated":true}]}}