{"id":9488,"date":"2019-05-08T23:14:36","date_gmt":"2019-05-08T23:14:36","guid":{"rendered":"https:\/\/www.steinberglawfirm.com\/?page_id=9488"},"modified":"2022-05-06T20:05:38","modified_gmt":"2022-05-06T20:05:38","slug":"construction-defect-case-alerts","status":"publish","type":"page","link":"https:\/\/steinberglawfirm-staging.clmcloud.app\/es\/defecto-de-construccion\/alertas-de-casos-de-defectos-de-construccion\/","title":{"rendered":"Alertas de defectos de construcci\u00f3n"},"content":{"rendered":"<a href=\"\/es\/contact\/\" target=\"_self\" role=\"button\" rel=\"noopener\">\n\t\t\t\t\t\t\tOBTENGA UNA CONSULTA GRATUITA\n\t\t\t\t\t<\/a>\n<h3>\n\t\tAlertas de defectos de construcci\u00f3n\n\t<\/h3>\n<h1>\n\t\tJurisprudencia sobre defectos de construcci\u00f3n\n\t<\/h1>\n<h3>\n\t\tHable con un abogado de defectos de construcci\u00f3n en Charleston\n\t<\/h3>\n\t<p>Si su casa tiene da\u00f1os por un defecto de construcci\u00f3n, nuestro <strong><a href=\"https:\/\/www.steinberglawfirm.com\/attorney\/elliotte-quinn\/\" target=\"_blank\" rel=\"noopener\">Charleston abogados de defectos de construcci\u00f3n<\/a><\/strong> est\u00e1n dispuestos a emprender una acci\u00f3n agresiva contra la parte responsable. <a href=\"https:\/\/www.steinberglawfirm.com\/contact-us\/\" target=\"_blank\" rel=\"noopener\">Contacto con el Steinberg Law Firm<\/a> o ll\u00e1menos al 843-720-2800 para hablar con un miembro de nuestro equipo legal profesional y averiguar m\u00e1s sobre lo que podemos hacer por usted.<\/p>\n<h6>\n\t\tNoticias y actualizaciones de nuestro blog\n\t<\/h6>\n\t\t\t<a href=\"https:\/\/www.steinberglawfirm.com\/blog\/category\/construction-defect\/\" target=\"_blank\" rel=\"noopener\">Defecto de construcci\u00f3n<\/a>\t\t\t<h3>\n\t\t\t\t<a href=\"https:\/\/www.steinberglawfirm.com\/blog\/modest-growth-in-new-condominiums-and-hoas-expected-for-2022\/\" title=\"Se espera un modesto crecimiento de las nuevas comunidades de propietarios y HOAs para 2022\" tabindex=\"0\">Se espera un modesto crecimiento de las nuevas comunidades de propietarios y HOAs para 2022<\/a>\t\t\t<\/h3>\n\t\t\t<a href=\"https:\/\/www.steinberglawfirm.com\/blog\/category\/construction-defect\/\" target=\"_blank\" rel=\"noopener\">Defecto de construcci\u00f3n<\/a>\t\t\t<h3>\n\t\t\t\t<a href=\"https:\/\/www.steinberglawfirm.com\/blog\/case-charleston-area-beach-front-home-reno-gone-wrong\/\" title=\"Caso: Charleston \u00c1rea de la casa frente a la playa Reno Gone Wrong\" tabindex=\"0\">Caso: Charleston \u00c1rea de la casa frente a la playa Reno Gone Wrong<\/a>\t\t\t<\/h3>","protected":false},"excerpt":{"rendered":"<p>OBTENGA UNA CONSULTA GRATUITA Alertas de defectos de construcci\u00f3n Jurisprudencia de defectos de construcci\u00f3n Hable con un abogado de defectos de construcci\u00f3n en Charleston Si su casa tiene da\u00f1os por un defecto de construcci\u00f3n, nuestros abogados de defectos de construcci\u00f3n de Charleston est\u00e1n listos para emprender una acci\u00f3n agresiva contra la parte responsable. P\u00f3ngase en contacto con el Steinberg Law Firm o ll\u00e1menos al 843-720-2800 para hablar...<\/p>","protected":false},"author":1,"featured_media":4401,"parent":9571,"menu_order":0,"comment_status":"closed","ping_status":"closed","template":"","meta":{"_acf_changed":false,"footnotes":""},"class_list":["post-9488","page","type-page","status-publish","has-post-thumbnail","hentry"],"acf":[],"_links":{"self":[{"href":"https:\/\/steinberglawfirm-staging.clmcloud.app\/es\/wp-json\/wp\/v2\/pages\/9488"}],"collection":[{"href":"https:\/\/steinberglawfirm-staging.clmcloud.app\/es\/wp-json\/wp\/v2\/pages"}],"about":[{"href":"https:\/\/steinberglawfirm-staging.clmcloud.app\/es\/wp-json\/wp\/v2\/types\/page"}],"author":[{"embeddable":true,"href":"https:\/\/steinberglawfirm-staging.clmcloud.app\/es\/wp-json\/wp\/v2\/users\/1"}],"replies":[{"embeddable":true,"href":"https:\/\/steinberglawfirm-staging.clmcloud.app\/es\/wp-json\/wp\/v2\/comments?post=9488"}],"version-history":[{"count":7,"href":"https:\/\/steinberglawfirm-staging.clmcloud.app\/es\/wp-json\/wp\/v2\/pages\/9488\/revisions"}],"predecessor-version":[{"id":21838,"href":"https:\/\/steinberglawfirm-staging.clmcloud.app\/es\/wp-json\/wp\/v2\/pages\/9488\/revisions\/21838"}],"up":[{"embeddable":true,"href":"https:\/\/steinberglawfirm-staging.clmcloud.app\/es\/wp-json\/wp\/v2\/pages\/9571"}],"wp:featuredmedia":[{"embeddable":true,"href":"https:\/\/steinberglawfirm-staging.clmcloud.app\/es\/wp-json\/wp\/v2\/media\/4401"}],"wp:attachment":[{"href":"https:\/\/steinberglawfirm-staging.clmcloud.app\/es\/wp-json\/wp\/v2\/media?parent=9488"}],"curies":[{"name":"wp","href":"https:\/\/api.w.org\/{rel}","templated":true}]}}