{"id":9461,"date":"2019-05-02T22:40:43","date_gmt":"2019-05-02T22:40:43","guid":{"rendered":"https:\/\/www.steinberglawfirm.com\/?page_id=9461"},"modified":"2024-04-29T20:24:33","modified_gmt":"2024-04-29T20:24:33","slug":"faq-car-accident","status":"publish","type":"page","link":"https:\/\/steinberglawfirm-staging.clmcloud.app\/es\/faq\/faq-accidente-de-coche\/","title":{"rendered":"Preguntas frecuentes sobre accidentes de tr\u00e1fico"},"content":{"rendered":"<h1 class=\"wp-block-heading\">Respuestas sobre accidentes de tr\u00e1fico <\/h1>\n\n\n\n<p>Los retos que muchos <a href=\"https:\/\/www.steinberglawfirm.com\/personal-injury\/auto-accidents\/\" target=\"_blank\" rel=\"noopener\">v\u00edctimas de lesiones<\/a> a menudo son considerables, y las v\u00edctimas y sus familias pueden quedarse con dudas sobre lo que pueden hacer para afrontar estos retos. En el <a href=\"https:\/\/www.steinberglawfirm.com\/\" target=\"_blank\" rel=\"noopener\">Steinberg Law Firm<\/a>Entendemos lo dif\u00edcil que puede ser encontrar las respuestas que necesita en estos momentos. Por eso <a href=\"https:\/\/www.steinberglawfirm.com\/attorney\/\" target=\"_blank\" rel=\"noopener\">nuestro equipo de abogados<\/a> ha elaborado la siguiente recopilaci\u00f3n de preguntas y respuestas frecuentes para ayudar a clientes y posibles clientes en esta dif\u00edcil situaci\u00f3n.<\/p>\n\n\n\n<p>Si tiene m\u00e1s preguntas, o si prefiere hablar directamente con un abogado, por favor <a href=\"https:\/\/www.steinberglawfirm.com\/contact-us\/\" target=\"_blank\" rel=\"noopener\">contacto con nosotros<\/a> hoy en <a href=\"tel:1-843-720-2800\">843-720-2800<\/a>.<\/p>\n\n\n<ul class=\"list-pages-shortcode child-pages\"><li class=\"page_item page-item-12190\"><a href=\"https:\/\/steinberglawfirm-staging.clmcloud.app\/es\/faq\/faq-accidente-de-coche\/soy-responsable-si-empiezo-a-golpear-el-coche-delante-de-mi-despues-de-ser-choque-posterior-de-otro-conductor\/\">\u00bfSoy responsable si golpeo el coche que tengo delante despu\u00e9s de que otro conductor me haya embestido por detr\u00e1s?<\/a><\/li>\n<li class=\"page_item page-item-9475\"><a href=\"https:\/\/steinberglawfirm-staging.clmcloud.app\/es\/faq\/faq-accidente-de-coche\/puedo-demandar-despues-de-un-accidente-de-coche-si-no-estaba-usando-mi-cinturon-de-asiento\/\">\u00bfPuedo demandar tras un accidente de tr\u00e1fico si no llevaba puesto el cintur\u00f3n de seguridad?<\/a><\/li>\n<li class=\"page_item page-item-15380\"><a href=\"https:\/\/steinberglawfirm-staging.clmcloud.app\/es\/faq\/faq-accidente-de-coche\/debo-llamar-a-la-policia-despues-de-un-accidente-de-trafico\/\">\u00bfTengo que llamar a la polic\u00eda tras un accidente de tr\u00e1fico?<\/a><\/li>\n<li class=\"page_item page-item-15383\"><a href=\"https:\/\/steinberglawfirm-staging.clmcloud.app\/es\/faq\/faq-accidente-de-coche\/necesito-un-abogado-de-accidentes-de-trafico\/\">\u00bfNecesito un abogado de accidentes de tr\u00e1fico?<\/a><\/li>\n<li class=\"page_item page-item-10767\"><a href=\"https:\/\/steinberglawfirm-staging.clmcloud.app\/es\/faq\/faq-accidente-de-coche\/utiliza-carolina-del-sur-un-sistema-basado-en-la-culpa-para-los-accidentes-de-trafico-que-significa-eso-para-una-persona-implicada-en-un-accidente-de-trafico\/\">\u00bfUtiliza el South un sistema basado en la culpa para los accidentes de tr\u00e1fico? \u00bfQu\u00e9 significa eso para alguien involucrado en un accidente de coche?<\/a><\/li>\n<li class=\"page_item page-item-10775\"><a href=\"https:\/\/steinberglawfirm-staging.clmcloud.app\/es\/faq\/faq-accidente-de-coche\/como-se-determinan-los-fallos-en-carolina-del-sur\/\">\u00bfC\u00f3mo se determina el fallo en el South Carolina?<\/a><\/li>\n<li class=\"page_item page-item-13133\"><a href=\"https:\/\/steinberglawfirm-staging.clmcloud.app\/es\/faq\/faq-accidente-de-coche\/cuanto-tiempo-tengo-que-presentar-una-reclamacion-por-accidente-de-trafico\/\">\u00bfDe cu\u00e1nto tiempo dispongo para presentar una reclamaci\u00f3n por accidente de tr\u00e1fico?<\/a><\/li>\n<li class=\"page_item page-item-9467\"><a href=\"https:\/\/steinberglawfirm-staging.clmcloud.app\/es\/faq\/faq-accidente-de-coche\/cuantos-accidentes-de-trafico-se-producen-en-carolina-del-sur-cada-ano\/\">\u00bfCu\u00e1ntos accidentes de tr\u00e1fico se producen en South Carolina cada a\u00f1o?<\/a><\/li>\n<li class=\"page_item page-item-9473\"><a href=\"https:\/\/steinberglawfirm-staging.clmcloud.app\/es\/faq\/faq-accidente-de-coche\/cuantos-accidentes-de-trafico-mortales-se-producen-en-carolina-del-sur-cada-ano\/\">\u00bfCu\u00e1ntos accidentes de tr\u00e1fico mortales se producen en South Carolina cada a\u00f1o?<\/a><\/li>\n<li class=\"page_item page-item-15384\"><a href=\"https:\/\/steinberglawfirm-staging.clmcloud.app\/es\/faq\/faq-accidente-de-coche\/que-indemnizacion-puedo-obtener-tras-un-accidente-de-coche\/\">\u00bfQu\u00e9 indemnizaci\u00f3n puedo obtener tras un accidente de tr\u00e1fico?<\/a><\/li>\n<li class=\"page_item page-item-11983\"><a href=\"https:\/\/steinberglawfirm-staging.clmcloud.app\/es\/faq\/faq-accidente-de-coche\/que-hago-si-estoy-en-un-accidente-de-coche-y-el-conductor-culpable-no-tiene-seguro\/\">\u00bfQu\u00e9 hago si tengo un accidente de tr\u00e1fico y el conductor culpable no tiene seguro?<\/a><\/li>\n<li class=\"page_item page-item-12015\"><a href=\"https:\/\/steinberglawfirm-staging.clmcloud.app\/es\/faq\/faq-accidente-de-coche\/que-hago-si-mis-danos-son-mas-que-los-limites-de-la-poliza-de-seguro-del-conductor-culpable-que-me-impacto-en-un-accidente-de-coche\/\">\u00bfQu\u00e9 hago si mis da\u00f1os superan los l\u00edmites de la p\u00f3liza de seguro del conductor culpable que me atropell\u00f3 en un accidente de tr\u00e1fico?<\/a><\/li>\n<li class=\"page_item page-item-10773\"><a href=\"https:\/\/steinberglawfirm-staging.clmcloud.app\/es\/faq\/faq-accidente-de-coche\/que-necesito-saber-sobre-mi-informe-de-accidente-de-carolina-sur\/\">\u00bfQu\u00e9 debo saber sobre mi parte de accidente South Carolina?<\/a><\/li>\n<li class=\"page_item page-item-10770\"><a href=\"https:\/\/steinberglawfirm-staging.clmcloud.app\/es\/faq\/faq-accidente-de-coche\/que-significa-la-falta-comparativa-cuando-se-relaciona-con-un-accidente-de-coche-en-carolina-del-sur\/\">\u00bfQu\u00e9 significa la culpa comparativa en relaci\u00f3n con un accidente de tr\u00e1fico?<\/a><\/li>\n<li class=\"page_item page-item-13281\"><a href=\"https:\/\/steinberglawfirm-staging.clmcloud.app\/es\/faq\/faq-accidente-de-coche\/que-debo-hacer-tras-un-accidente-de-coche\/\">\u00bfQu\u00e9 debo hacer despu\u00e9s de un accidente de tr\u00e1fico?<\/a><\/li>\n<\/ul>","protected":false},"excerpt":{"rendered":"<p>Respuestas sobre accidentes de tr\u00e1fico Los retos a los que se enfrentan muchas v\u00edctimas de lesiones son a menudo considerables, y las v\u00edctimas y sus familias pueden quedarse con preguntas sobre lo que pueden hacer para hacer frente a estos retos. En el Steinberg Law Firm, entendemos lo dif\u00edcil que puede ser encontrar las respuestas que necesita en estos momentos....<\/p>","protected":false},"author":1,"featured_media":11398,"parent":298,"menu_order":0,"comment_status":"closed","ping_status":"closed","template":"","meta":{"_acf_changed":false,"footnotes":""},"class_list":["post-9461","page","type-page","status-publish","has-post-thumbnail","hentry"],"acf":[],"_links":{"self":[{"href":"https:\/\/steinberglawfirm-staging.clmcloud.app\/es\/wp-json\/wp\/v2\/pages\/9461"}],"collection":[{"href":"https:\/\/steinberglawfirm-staging.clmcloud.app\/es\/wp-json\/wp\/v2\/pages"}],"about":[{"href":"https:\/\/steinberglawfirm-staging.clmcloud.app\/es\/wp-json\/wp\/v2\/types\/page"}],"author":[{"embeddable":true,"href":"https:\/\/steinberglawfirm-staging.clmcloud.app\/es\/wp-json\/wp\/v2\/users\/1"}],"replies":[{"embeddable":true,"href":"https:\/\/steinberglawfirm-staging.clmcloud.app\/es\/wp-json\/wp\/v2\/comments?post=9461"}],"version-history":[{"count":4,"href":"https:\/\/steinberglawfirm-staging.clmcloud.app\/es\/wp-json\/wp\/v2\/pages\/9461\/revisions"}],"predecessor-version":[{"id":30901,"href":"https:\/\/steinberglawfirm-staging.clmcloud.app\/es\/wp-json\/wp\/v2\/pages\/9461\/revisions\/30901"}],"up":[{"embeddable":true,"href":"https:\/\/steinberglawfirm-staging.clmcloud.app\/es\/wp-json\/wp\/v2\/pages\/298"}],"wp:featuredmedia":[{"embeddable":true,"href":"https:\/\/steinberglawfirm-staging.clmcloud.app\/es\/wp-json\/wp\/v2\/media\/11398"}],"wp:attachment":[{"href":"https:\/\/steinberglawfirm-staging.clmcloud.app\/es\/wp-json\/wp\/v2\/media?parent=9461"}],"curies":[{"name":"wp","href":"https:\/\/api.w.org\/{rel}","templated":true}]}}