{"id":9206,"date":"2019-03-01T21:54:07","date_gmt":"2019-03-01T21:54:07","guid":{"rendered":"https:\/\/www.steinberglawfirm.com\/?page_id=9206"},"modified":"2022-04-27T21:27:38","modified_gmt":"2022-04-27T21:27:38","slug":"thank-you-attorney-referral","status":"publish","type":"page","link":"https:\/\/steinberglawfirm-staging.clmcloud.app\/es\/agradecimiento-por-la-referencia-del-abogado\/","title":{"rendered":"Gracias - Remisi\u00f3n de abogados"},"content":{"rendered":"<p>Gracias por tomarse el tiempo de ponerse en contacto con nuestro bufete sobre su caso. Hemos recibido su solicitud de remisi\u00f3n y nos pondremos en contacto con usted en breve. Esperamos hablar con usted y gracias por considerar Steinberg Law Firm, LLC.<\/p>\n<p><strong>Si se trata de una emergencia, ll\u00e1menos inmediatamente al\u00a0<\/strong><strong>(843) 720-2800.<\/strong><\/p>\n<h4>\n\t\tLo que nuestros clientes dicen de nosotros\n\t<\/h4>\n\t<meta itemscope itemprop=\"mainEntityOfPage\" itemtype=\"https:\/\/schema.org\/WebPage\" itemid=\"https:\/\/www.steinberglawfirm.com\/?p=6102\" content=\"Sharon\" \/><meta itemprop=\"datePublished\" content=\"2018-10-17\" \/><meta itemprop=\"dateModified\" content=\"2018-10-17\" \/><meta itemprop=\"name\" content=\"Steinberg Law Firm\"\/><meta itemprop=\"url\" content=\"https:\/\/www.steinberglawfirm.com\/blog\/author\/steadm\/\" \/><meta itemprop=\"name\" content=\"Steinberg Law Firm\" \/><meta itemprop=\"interactionType\" content=\"https:\/\/schema.org\/CommentAction\" \/><meta itemprop=\"userInteractionCount\" content=\"0\" \/><img decoding=\"async\" src=\"\/wp-content\/uploads\/2018\/04\/stars.png\" alt=\"\" title=\"\">\n<h4><p>Estoy muy satisfecho con mi experiencia<\/p>\n<\/h4>\n<p>He recomendado y seguir\u00e9 recomendando el Steinberg Law Firm. Han trabajado muy duro en mi nombre.<\/p>\n\n\t- Sharon\n\n\t<meta itemscope itemprop=\"mainEntityOfPage\" itemtype=\"https:\/\/schema.org\/WebPage\" itemid=\"https:\/\/www.steinberglawfirm.com\/?p=6099\" content=\"Dave\" \/><meta itemprop=\"datePublished\" content=\"2018-10-17\" \/><meta itemprop=\"dateModified\" content=\"2018-10-17\" \/><meta itemprop=\"name\" content=\"Steinberg Law Firm\"\/><meta itemprop=\"url\" content=\"https:\/\/www.steinberglawfirm.com\/blog\/author\/steadm\/\" \/><meta itemprop=\"name\" content=\"Steinberg Law Firm\" \/><meta itemprop=\"interactionType\" content=\"https:\/\/schema.org\/CommentAction\" \/><meta itemprop=\"userInteractionCount\" content=\"0\" \/><img decoding=\"async\" src=\"\/wp-content\/uploads\/2018\/04\/stars.png\" alt=\"\" title=\"\">\n<h4><p>Es dif\u00edcil poner por escrito lo mucho que Tom estuvo ah\u00ed para m\u00ed<\/p>\n<\/h4>\n<p>Realmente hizo un trabajo incre\u00edble. Incluso cuando se hizo el acuerdo, devolvi\u00f3 un texto con una llamada para compartir la alegr\u00eda por otro evento m\u00e9dico que est\u00e1bamos pasando, que tuvo un gran resultado. S\u00ed, realmente se preocupan.<\/p>\n\n\t- Dave\n\n\t<meta itemscope itemprop=\"mainEntityOfPage\" itemtype=\"https:\/\/schema.org\/WebPage\" itemid=\"https:\/\/www.steinberglawfirm.com\/?p=6097\" content=\"Paula\" \/><meta itemprop=\"datePublished\" content=\"2018-10-17\" \/><meta itemprop=\"dateModified\" content=\"2018-10-17\" \/><meta itemprop=\"name\" content=\"Steinberg Law Firm\"\/><meta itemprop=\"url\" content=\"https:\/\/www.steinberglawfirm.com\/blog\/author\/steadm\/\" \/><meta itemprop=\"name\" content=\"Steinberg Law Firm\" \/><meta itemprop=\"interactionType\" content=\"https:\/\/schema.org\/CommentAction\" \/><meta itemprop=\"userInteractionCount\" content=\"0\" \/><img decoding=\"async\" src=\"\/wp-content\/uploads\/2018\/04\/stars.png\" alt=\"\" title=\"\">\n<h4><p>Los recomiendo encarecidamente<\/p>\n<\/h4>\n<p>Disfrut\u00e9 del hecho de que cada vez que llamaba, alguien me devolv\u00eda la llamada. Me hizo sentir que mi caso importaba y que yo importaba. Respondieron a todas mis preguntas y preocupaciones de manera oportuna.<\/p>\n\n\t- Paula\n\n\t<meta itemscope itemprop=\"mainEntityOfPage\" itemtype=\"https:\/\/schema.org\/WebPage\" itemid=\"https:\/\/www.steinberglawfirm.com\/?p=6094\" content=\"Brenda\" \/><meta itemprop=\"datePublished\" content=\"2018-10-17\" \/><meta itemprop=\"dateModified\" content=\"2018-10-17\" \/><meta itemprop=\"name\" content=\"Steinberg Law Firm\"\/><meta itemprop=\"url\" content=\"https:\/\/www.steinberglawfirm.com\/blog\/author\/steadm\/\" \/><meta itemprop=\"name\" content=\"Steinberg Law Firm\" \/><meta itemprop=\"interactionType\" content=\"https:\/\/schema.org\/CommentAction\" \/><meta itemprop=\"userInteractionCount\" content=\"0\" \/><img decoding=\"async\" src=\"\/wp-content\/uploads\/2018\/04\/stars.png\" alt=\"\" title=\"\">\n<h4><p>Se esforzar\u00e1n al m\u00e1ximo por usted<\/p>\n<\/h4>\n<p>David Pearlman y su personal hicieron un trabajo excepcional en mi reclamo. El Sr. Pearlman fue honesto, paciente y me dirigi\u00f3 en la direcci\u00f3n correcta. A'Riel fue siempre agradable y muy \u00fatil. Yo los recomendar\u00eda a todos.<\/p>\n\n\t- Brenda\n\n\t<meta itemscope itemprop=\"mainEntityOfPage\" itemtype=\"https:\/\/schema.org\/WebPage\" itemid=\"https:\/\/www.steinberglawfirm.com\/?p=6092\" content=\"Dori\" \/><meta itemprop=\"datePublished\" content=\"2018-10-17\" \/><meta itemprop=\"dateModified\" content=\"2018-10-17\" \/><meta itemprop=\"name\" content=\"Steinberg Law Firm\"\/><meta itemprop=\"url\" content=\"https:\/\/www.steinberglawfirm.com\/blog\/author\/steadm\/\" \/><meta itemprop=\"name\" content=\"Steinberg Law Firm\" \/><meta itemprop=\"interactionType\" content=\"https:\/\/schema.org\/CommentAction\" \/><meta itemprop=\"userInteractionCount\" content=\"0\" \/><img decoding=\"async\" src=\"\/wp-content\/uploads\/2018\/04\/stars.png\" alt=\"\" title=\"\">\n<h4><p>Nunca pedir\u00eda ayuda a ninguna otra empresa.<\/p>\n<\/h4>\n<p>Los abogados y su personal son muy profesionales y se preocupan por su situaci\u00f3n. Son \u00fanicos en su clase. Consiga este bufete y nunca se arrepentir\u00e1.<\/p>\n\n\t- Dori\n\n\t<meta itemscope itemprop=\"mainEntityOfPage\" itemtype=\"https:\/\/schema.org\/WebPage\" itemid=\"https:\/\/www.steinberglawfirm.com\/?p=6033\" content=\"James\" \/><meta itemprop=\"datePublished\" content=\"2018-10-12\" \/><meta itemprop=\"dateModified\" content=\"2018-10-12\" \/><meta itemprop=\"name\" content=\"Steinberg Law Firm\"\/><meta itemprop=\"url\" content=\"https:\/\/www.steinberglawfirm.com\/blog\/author\/steadm\/\" \/><meta itemprop=\"name\" content=\"Steinberg Law Firm\" \/><meta itemprop=\"interactionType\" content=\"https:\/\/schema.org\/CommentAction\" \/><meta itemprop=\"userInteractionCount\" content=\"0\" \/><img decoding=\"async\" src=\"\/wp-content\/uploads\/2018\/04\/stars.png\" alt=\"\" title=\"\">\n<h4><p>Fue un placer trabajar con Steven Goldberg y su personal<\/p>\n<\/h4>\n<p>Fueron corteses y profesionales. Mantuvieron un contacto regular para informar del estado de mi caso y proporcionaron la documentaci\u00f3n necesaria de forma oportuna. Yo recomendar\u00eda esta empresa.<\/p>\n\n\t- James\n\n\t\t\t<a href=\"https:\/\/steinberglawfirm-staging.clmcloud.app\/es\/testimonios\/\" target=\"_self\" role=\"button\" aria-label=\"LEER M\u00c1S TESTIMONIOS\" rel=\"noopener\">\n\t\t\t\t\t\t\tLEER M\u00c1S TESTIMONIOS\n\t\t<\/a>","protected":false},"excerpt":{"rendered":"<p>Gracias por tomarse el tiempo de ponerse en contacto con nuestro bufete sobre su caso. Hemos recibido su solicitud de remisi\u00f3n y nos pondremos en contacto con usted en breve. Esperamos hablar con usted y gracias por considerar Steinberg Law Firm, LLC. Si se trata de una emergencia, por favor ll\u00e1menos de inmediato...<\/p>","protected":false},"author":1,"featured_media":19679,"parent":0,"menu_order":0,"comment_status":"closed","ping_status":"closed","template":"","meta":{"_acf_changed":false,"footnotes":""},"class_list":["post-9206","page","type-page","status-publish","has-post-thumbnail","hentry"],"acf":[],"_links":{"self":[{"href":"https:\/\/steinberglawfirm-staging.clmcloud.app\/es\/wp-json\/wp\/v2\/pages\/9206"}],"collection":[{"href":"https:\/\/steinberglawfirm-staging.clmcloud.app\/es\/wp-json\/wp\/v2\/pages"}],"about":[{"href":"https:\/\/steinberglawfirm-staging.clmcloud.app\/es\/wp-json\/wp\/v2\/types\/page"}],"author":[{"embeddable":true,"href":"https:\/\/steinberglawfirm-staging.clmcloud.app\/es\/wp-json\/wp\/v2\/users\/1"}],"replies":[{"embeddable":true,"href":"https:\/\/steinberglawfirm-staging.clmcloud.app\/es\/wp-json\/wp\/v2\/comments?post=9206"}],"version-history":[{"count":4,"href":"https:\/\/steinberglawfirm-staging.clmcloud.app\/es\/wp-json\/wp\/v2\/pages\/9206\/revisions"}],"predecessor-version":[{"id":21397,"href":"https:\/\/steinberglawfirm-staging.clmcloud.app\/es\/wp-json\/wp\/v2\/pages\/9206\/revisions\/21397"}],"wp:featuredmedia":[{"embeddable":true,"href":"https:\/\/steinberglawfirm-staging.clmcloud.app\/es\/wp-json\/wp\/v2\/media\/19679"}],"wp:attachment":[{"href":"https:\/\/steinberglawfirm-staging.clmcloud.app\/es\/wp-json\/wp\/v2\/media?parent=9206"}],"curies":[{"name":"wp","href":"https:\/\/api.w.org\/{rel}","templated":true}]}}