{"id":9202,"date":"2019-03-01T21:42:39","date_gmt":"2019-03-01T21:42:39","guid":{"rendered":"https:\/\/www.steinberglawfirm.com\/?page_id=9202"},"modified":"2024-05-31T22:13:22","modified_gmt":"2024-05-31T22:13:22","slug":"attorney-referrals","status":"publish","type":"page","link":"https:\/\/steinberglawfirm-staging.clmcloud.app\/es\/remisiones-de-abogados\/","title":{"rendered":"Referencias de abogados"},"content":{"rendered":"<h2>\n\t\tSteinberg Law Firm da la bienvenida a su referencia de cliente\n\t<\/h2>\n\t<p>Nuestro bufete de abogados considera que la recomendaci\u00f3n de un cliente es el mayor cumplido que un abogado o un bufete de abogados puede hacer a otro. El Steinberg Law Firm se enorgullece de ofrecer servicios excepcionales a los clientes referidos y a nuestros abogados asociados.<\/p>\n<p>Muchos de nuestros casos provienen de otros abogados South Carolina que se ponen en contacto con nosotros para trabajar en sus casos para el juicio.  Podemos ayudarle a generar ingresos a partir de casos que van m\u00e1s all\u00e1 de sus \u00e1reas principales de pr\u00e1ctica.<\/p>\n<p>Hemos estado en el negocio desde 1927 y tienen una reputaci\u00f3n de excelente servicio tanto a nuestros clientes y abogados que se refieren. Con m\u00e1s de 950 rese\u00f1as de cinco estrellas en nuestras 3 ubicaciones, puede estar seguro de que su cliente ser\u00e1 atendido.<\/p>\n<h4>\n\t\tHonorarios de co-consejo y de remisi\u00f3n:\n\t<\/h4>\n\t<p>Steinberg Law Firm puede ayudarle a generar una fuente de ingresos sin gastos generales. Ofrecemos generosos acuerdos de reparto de honorarios siguiendo las Reglas de Conducta Profesional del Colegio de Abogados del Estado de South Carolina. El Reglamento proh\u00edbe el pago de honorarios a personas que no sean abogados. Las reglas tambi\u00e9n nos permiten co-asesorar un caso con otros abogados y pagar los honorarios apropiados a esos abogados. Se requiere el consentimiento del cliente.<\/p>\n<h4>\n\t\tC\u00f3mo Steinberg Law Firm se gana su reputaci\u00f3n\n\t<\/h4>\n\t<meta itemprop=\"name\" content=\"How Steinberg Law Firm Earns Their Reputation\" \/><meta itemprop=\"uploadDate\" content=\"2023-08-12T00:00:00+00:00\" \/><meta itemprop=\"thumbnailUrl\" content=\"https:\/\/www.steinberglawfirm.com\/wp-content\/uploads\/2023\/08\/How-Steinberg-Law-Firm-Earns-Their-Reputation-YouTube.png\" \/><meta itemprop=\"description\" content=\"Our reputation at the Steinberg Law Firm has been earned one injured person at a time. Helping injured workers for almost 100 years. Our job is to help you through the entire process. Call the Steinberg Law Firm, and Get The Firm Behind You.\" \/><meta itemprop=\"contentUrl\" content=\"https:\/\/www.steinberglawfirm.com\/video-center\/tv-commercials\/how-steinberg-law-firm-earns-their-reputation\/\" \/><meta itemprop=\"embedUrl\" content=\"https:\/\/www.youtube.com\/embed\/PhIyo3Izqa8\" \/><iframe loading=\"lazy\" width=\"560\" height=\"315\" src=\"https:\/\/www.youtube.com\/embed\/PhIyo3Izqa8\" title=\"Reproductor de v\u00eddeo de YouTube\" frameborder=\"0\" allow=\"accelerometer; autoplay; clipboard-write; encrypted-media; gyroscope; picture-in-picture; web-share\" allowfullscreen><\/iframe>\n<h3>\n\t\t\u00c1reas de pr\u00e1ctica\n\t<\/h3>\n<h3>\n\t\tResultados\n\t<\/h3>\n<h6>\n\t\tHEMOS RECUPERADO M\u00c1S DE $500 MILLONES PARA CLIENTES EN LOS \u00daLTIMOS 10 A\u00d1OS, INCLUYENDO:\n\t<\/h6>\n<h4>\n\t\t$3.15 Millones\n\t<\/h4>\n<h5>\n\t\tAcuerdo de accidente de coche\n\t<\/h5>\n<h4>\n\t\tNuestra promesa para usted\n\t<\/h4>\n\t<p>Entendemos que le preocupe enviar a su cliente a otro abogado. Adem\u00e1s de nuestros generosos acuerdos de honorarios, proporcionamos actualizaciones oportunas de los casos a los abogados remitentes, aceptamos la participaci\u00f3n a su nivel de comodidad y garantizamos que si su cliente se pone en contacto con nosotros en el futuro para otro caso, lo enviaremos de nuevo a usted.<\/p>\n<p>&nbsp;<\/p>\n<h4>\n\t\tNUESTRO EQUIPO DE ABOGADOS\n\t<\/h4>\n\t\t\t\t<a href=\"https:\/\/steinberglawfirm-staging.clmcloud.app\/es\/attorney\/david-t-pearlman\/\" target=\"_self\" itemprop=\"url\" rel=\"noopener\">\n\t\t\t\t<img decoding=\"async\" src=\"https:\/\/www.steinberglawfirm.com\/wp-content\/uploads\/2021\/12\/DTP_02.png\" alt=\"Abogado de lesiones personales David Pearlman\" title=\"Abogado de lesiones personales David Pearlman\" itemprop=\"image\"  \/>\n\t\t\t\tDavid T. Pearlman\n\t\t\t\t\t\t<\/a>\n\t\t\t\t<a href=\"https:\/\/steinberglawfirm-staging.clmcloud.app\/es\/attorney\/steven-e-goldberg\/\" target=\"_self\" itemprop=\"url\" rel=\"noopener\">\n\t\t\t\t<img decoding=\"async\" src=\"https:\/\/www.steinberglawfirm.com\/wp-content\/uploads\/2019\/11\/attorney-steven-e-goldberg.jpg\" alt=\"South Carolina Abogado de lesiones personales Steven E. Goldberg\" title=\"South Carolina Abogado de lesiones personales Steven E. Goldberg\" itemprop=\"image\"  \/>\n\t\t\t\tSteven E. Goldberg\n\t\t\t\t\t\t<\/a>\n\t\t\t\t<a href=\"https:\/\/steinberglawfirm-staging.clmcloud.app\/es\/attorney\/benjamin-w-akery\/\" target=\"_self\" itemprop=\"url\" rel=\"noopener\">\n\t\t\t\t<img decoding=\"async\" src=\"https:\/\/www.steinberglawfirm.com\/wp-content\/uploads\/2021\/12\/BA-28-Headshot.png\" alt=\"Charleston Abogado de lesiones personales Benjamin W. Akery\" title=\"Benjamin W. Akery\" itemprop=\"image\"  \/>\n\t\t\t\tBenjamin W. Akery\n\t\t\t\t\t\t<\/a>\n\t\t\t\t<a href=\"https:\/\/steinberglawfirm-staging.clmcloud.app\/es\/attorney\/kelly-m-alfreds\/\" target=\"_self\" itemprop=\"url\" rel=\"noopener\">\n\t\t\t\t<img decoding=\"async\" src=\"https:\/\/www.steinberglawfirm.com\/wp-content\/uploads\/2018\/06\/kelly-m-alfreds_bio.jpg\" alt=\"Charleston Abogado de da\u00f1os personales Kelly M. Alfreds\" title=\"Kelly M. Alfreds\" itemprop=\"image\"  \/>\n\t\t\t\tKelly M. Alfreds\n\t\t\t\t\t\t<\/a>\n\t\t\t\t<a href=\"https:\/\/steinberglawfirm-staging.clmcloud.app\/es\/attorney\/thomas-m-white\/\" target=\"_self\" itemprop=\"url\" rel=\"noopener\">\n\t\t\t\t<img decoding=\"async\" src=\"https:\/\/www.steinberglawfirm.com\/wp-content\/uploads\/2019\/11\/attorney-thomas-m-white.jpg\" alt=\"South Carolina Abogado de lesiones personales Thomas M. White\" title=\"South Carolina Abogado de lesiones personales Thomas M. White\" itemprop=\"image\"  \/>\n\t\t\t\tThomas M. White\n\t\t\t\t\t\t<\/a>\n\t\t\t\t<a href=\"https:\/\/steinberglawfirm-staging.clmcloud.app\/es\/attorney\/michael-j-jordan\/\" target=\"_self\" itemprop=\"url\" rel=\"noopener\">\n\t\t\t\t<img decoding=\"async\" src=\"https:\/\/www.steinberglawfirm.com\/wp-content\/uploads\/2019\/11\/attorney-michael-j-jordan.jpg\" alt=\"South Carolina Abogado de lesiones personales Michael J. Jordan\" title=\"South Carolina Abogado de lesiones personales Michael J. Jordan\" itemprop=\"image\"  \/>\n\t\t\t\tMichael J. Jordan\n\t\t\t\t\t\t<\/a>\n\t\t\t\t<a href=\"https:\/\/steinberglawfirm-staging.clmcloud.app\/es\/attorney\/catherine-d-meehan\/\" target=\"_self\" itemprop=\"url\" rel=\"noopener\">\n\t\t\t\t<img decoding=\"async\" src=\"https:\/\/www.steinberglawfirm.com\/wp-content\/uploads\/2019\/11\/attorney-catherine-d-meehan.jpg\" alt=\"South Carolina Abogado de lesiones personales Catherine D. Meehan\" title=\"South Carolina Abogado de lesiones personales Catherine D. Meehan\" itemprop=\"image\"  \/>\n\t\t\t\tCatherine D. Meehan\n\t\t\t\t\t\t<\/a>\n\t\t\t\t<a href=\"https:\/\/steinberglawfirm-staging.clmcloud.app\/es\/attorney\/elliotte-quinn\/\" target=\"_self\" itemprop=\"url\" rel=\"noopener\">\n\t\t\t\t<img decoding=\"async\" src=\"https:\/\/www.steinberglawfirm.com\/wp-content\/uploads\/2019\/11\/attorney-elliotte-quinn.jpg\" alt=\"South Carolina Abogado especialista en defectos de construcci\u00f3n Elliotte Quinn\" title=\"South Carolina Abogado especialista en defectos de construcci\u00f3n Elliotte Quinn\" itemprop=\"image\"  \/>\n\t\t\t\tElliotte Quinn\n\t\t\t\t\t\t<\/a>\n\t\t\t<a href=\"https:\/\/www.steinberglawfirm.com\/attorney\/\" target=\"_blank\" rel=\"noopener\">\n\t\t\t\t\t\t\tVer el resto del equipo\n\t\t\t\t\t<\/a>\n<h4>\n\t\tOBTENER RESULTADOS MILLONARIOS\n\t<\/h4>\n\t<h3>\n\t\t\t\t$3,85 MILLONES\n\t\t\t<\/h3>\n\t\t\t<p>$3.850.000 accidente de cami\u00f3n de la compa\u00f1\u00eda de seguros de los trabajadores con resultado de lesiones graves y cuidados de por vida<\/p>\t\n\t<h3>\n\t\t\t\t$3,15 MILLONES\n\t\t\t<\/h3>\n\t\t\t<p>$3,150,000 en un caso de accidente de cami\u00f3n con un cami\u00f3n de 18 ruedas<\/p>\t\n\t<h3>\n\t\t\t\t$2,75 MILLONES\n\t\t\t<\/h3>\n\t\t\t<p>$2.750.000 en un caso de defecto de producto, mal funcionamiento de un elevador de tijera<\/p>\t\n\t\t\t<a href=\"https:\/\/steinberglawfirm.com\/results\/\" target=\"_self\" role=\"button\" aria-label=\"Ver todos los resultados\" rel=\"noopener\">\n\t\t\t\t\t\t\tVer todos los resultados\n\t\t<\/a>","protected":false},"excerpt":{"rendered":"<p>Steinberg Law Firm da la bienvenida a su referencia de cliente Nuestro bufete de abogados considera que una referencia de cliente es el mayor cumplido que un abogado o bufete de abogados puede hacer a otro. The Steinberg Law Firm se enorgullece de proporcionar servicios excepcionales a los clientes referidos y a nuestros abogados asociados. Muchos de nuestros casos provienen de otros abogados de South Carolina que llegan...<\/p>","protected":false},"author":1,"featured_media":1652,"parent":0,"menu_order":0,"comment_status":"closed","ping_status":"closed","template":"","meta":{"_acf_changed":false,"footnotes":""},"class_list":["post-9202","page","type-page","status-publish","has-post-thumbnail","hentry"],"acf":[],"_links":{"self":[{"href":"https:\/\/steinberglawfirm-staging.clmcloud.app\/es\/wp-json\/wp\/v2\/pages\/9202"}],"collection":[{"href":"https:\/\/steinberglawfirm-staging.clmcloud.app\/es\/wp-json\/wp\/v2\/pages"}],"about":[{"href":"https:\/\/steinberglawfirm-staging.clmcloud.app\/es\/wp-json\/wp\/v2\/types\/page"}],"author":[{"embeddable":true,"href":"https:\/\/steinberglawfirm-staging.clmcloud.app\/es\/wp-json\/wp\/v2\/users\/1"}],"replies":[{"embeddable":true,"href":"https:\/\/steinberglawfirm-staging.clmcloud.app\/es\/wp-json\/wp\/v2\/comments?post=9202"}],"version-history":[{"count":21,"href":"https:\/\/steinberglawfirm-staging.clmcloud.app\/es\/wp-json\/wp\/v2\/pages\/9202\/revisions"}],"predecessor-version":[{"id":31133,"href":"https:\/\/steinberglawfirm-staging.clmcloud.app\/es\/wp-json\/wp\/v2\/pages\/9202\/revisions\/31133"}],"wp:featuredmedia":[{"embeddable":true,"href":"https:\/\/steinberglawfirm-staging.clmcloud.app\/es\/wp-json\/wp\/v2\/media\/1652"}],"wp:attachment":[{"href":"https:\/\/steinberglawfirm-staging.clmcloud.app\/es\/wp-json\/wp\/v2\/media?parent=9202"}],"curies":[{"name":"wp","href":"https:\/\/api.w.org\/{rel}","templated":true}]}}