{"id":9182,"date":"2019-02-28T23:27:12","date_gmt":"2019-02-28T23:27:12","guid":{"rendered":"https:\/\/www.steinberglawfirm.com\/?page_id=9182"},"modified":"2022-04-19T23:33:10","modified_gmt":"2022-04-19T23:33:10","slug":"what-is-the-index-system","status":"publish","type":"page","link":"https:\/\/steinberglawfirm-staging.clmcloud.app\/es\/articulos\/que-es-el-sistema-de-indice\/","title":{"rendered":"\u00bfQu\u00e9 es el sistema de \u00edndices?"},"content":{"rendered":"<h1 class=\"wp-block-heading\"><strong>\u00bfQu\u00e9 es el sistema de \u00edndices?<\/strong><\/h1>\n\n\n\n<div style=\"height:15px\" aria-hidden=\"true\" class=\"wp-block-spacer\"><\/div>\n\n\n\n<p>Como si estar involucrado en un accidente no fuera lo suficientemente estresante, tratar con las compa\u00f1\u00edas de seguros despu\u00e9s puede ciertamente hacer las cosas m\u00e1s dif\u00edciles. Es probable que despu\u00e9s de presentar su reclamaci\u00f3n se ponga en contacto con usted un perito de la compa\u00f1\u00eda de seguros que le pedir\u00e1 algunos datos personales: su nombre completo, direcci\u00f3n, fecha de nacimiento, n\u00famero de la seguridad social y otros. Aunque usted no se atreva a darlos, el perito le dir\u00e1 que esta informaci\u00f3n es necesaria para tramitar su reclamaci\u00f3n.<\/p>\n\n\n\n<p>Lo que probablemente no se aclara, por parte de los ajustadores, es que esta informaci\u00f3n se introducir\u00e1 en el Sistema de \u00cdndices, una base de datos nacional que proporciona a las compa\u00f1\u00edas de seguros una lista de todas las reclamaciones de seguros que usted ha hecho en los \u00faltimos veinte a\u00f1os, ya sea <a href=\"https:\/\/www.steinberglawfirm.com\/practice-areas\/personal-injury\/\" target=\"_blank\" rel=\"noopener\">da\u00f1os personales<\/a>de autom\u00f3vil, de propietario de vivienda o de <a href=\"https:\/\/www.steinberglawfirm.com\/practice-areas\/workers-compensation\/\" target=\"_blank\" rel=\"noopener\">compensaci\u00f3n al trabajador<\/a>. Este servicio es mantenido por Insurance Services Offices, Inc.<\/p>\n\n\n\n<p>Este sistema de \u00edndices es utilizado por la gran mayor\u00eda de las compa\u00f1\u00edas de seguros. Contiene informaci\u00f3n como la naturaleza de su siniestro, su lesi\u00f3n y el importe de las indemnizaciones recibidas. Los miembros de su familia est\u00e1n vinculados a su perfil. Tener acceso al Sistema de \u00cdndices permite a las aseguradoras comprobar el historial de reclamaciones de los clientes y evitar reclamaciones fraudulentas.  <\/p>\n\n\n\n<p>Es importante tener en cuenta, cuando y si usted obtiene asesoramiento legal despu\u00e9s de su accidente, que los detalles de cualquier reclamaci\u00f3n y acuerdos anteriores est\u00e1n f\u00e1cilmente disponibles para ellos. Ser deshonesto o no ser sincero sobre ellos puede potencialmente interrumpir o retrasar los procedimientos. Informar a su abogado de un historial completo de sus reclamaciones legales garantiza que su caso actual se desarrolle sin problemas y con el menor estr\u00e9s posible.  <\/p>","protected":false},"excerpt":{"rendered":"<p>\u00bfQu\u00e9 es el sistema de \u00edndices? Como si estar involucrado en un accidente no fuera lo suficientemente estresante, tratar con las compa\u00f1\u00edas de seguros despu\u00e9s puede ciertamente hacer las cosas m\u00e1s dif\u00edciles. Es probable que, despu\u00e9s de presentar su reclamaci\u00f3n, se ponga en contacto con usted un perito de la compa\u00f1\u00eda de seguros que le pedir\u00e1 algunos datos personales: su nombre completo, su direcci\u00f3n,...<\/p>","protected":false},"author":1,"featured_media":0,"parent":2195,"menu_order":0,"comment_status":"closed","ping_status":"closed","template":"","meta":{"_acf_changed":false,"footnotes":""},"class_list":["post-9182","page","type-page","status-publish","hentry"],"acf":[],"_links":{"self":[{"href":"https:\/\/steinberglawfirm-staging.clmcloud.app\/es\/wp-json\/wp\/v2\/pages\/9182"}],"collection":[{"href":"https:\/\/steinberglawfirm-staging.clmcloud.app\/es\/wp-json\/wp\/v2\/pages"}],"about":[{"href":"https:\/\/steinberglawfirm-staging.clmcloud.app\/es\/wp-json\/wp\/v2\/types\/page"}],"author":[{"embeddable":true,"href":"https:\/\/steinberglawfirm-staging.clmcloud.app\/es\/wp-json\/wp\/v2\/users\/1"}],"replies":[{"embeddable":true,"href":"https:\/\/steinberglawfirm-staging.clmcloud.app\/es\/wp-json\/wp\/v2\/comments?post=9182"}],"version-history":[{"count":2,"href":"https:\/\/steinberglawfirm-staging.clmcloud.app\/es\/wp-json\/wp\/v2\/pages\/9182\/revisions"}],"predecessor-version":[{"id":20025,"href":"https:\/\/steinberglawfirm-staging.clmcloud.app\/es\/wp-json\/wp\/v2\/pages\/9182\/revisions\/20025"}],"up":[{"embeddable":true,"href":"https:\/\/steinberglawfirm-staging.clmcloud.app\/es\/wp-json\/wp\/v2\/pages\/2195"}],"wp:attachment":[{"href":"https:\/\/steinberglawfirm-staging.clmcloud.app\/es\/wp-json\/wp\/v2\/media?parent=9182"}],"curies":[{"name":"wp","href":"https:\/\/api.w.org\/{rel}","templated":true}]}}