{"id":9178,"date":"2019-02-28T23:21:20","date_gmt":"2019-02-28T23:21:20","guid":{"rendered":"https:\/\/www.steinberglawfirm.com\/?page_id=9178"},"modified":"2019-12-13T00:46:51","modified_gmt":"2019-12-13T00:46:51","slug":"common-work-related-neck-injuries-in-south-carolina","status":"publish","type":"page","link":"https:\/\/steinberglawfirm-staging.clmcloud.app\/es\/indemnizacion-de-los-trabajadores\/lesiones-de-cuello-comunes-en-carolina-del-sur\/","title":{"rendered":"Lesiones cervicales comunes relacionadas con el trabajo en South Carolina"},"content":{"rendered":"<h1 class=\"wp-block-heading\"><strong>Lesiones cervicales comunes relacionadas con el trabajo en South Carolina<\/strong><\/h1>\n\n\n\n<p>Uno de los peores tipos de lesiones laborales que puede sufrir un trabajador es una lesi\u00f3n cervical. Este tipo de lesiones en la columna vertebral pueden ser causadas por muchas cosas. Adem\u00e1s, este tipo de lesiones pueden llegar a ser <a href=\"https:\/\/www.steinberglawfirm.com\/faq\/faq-workers-compensation\/what-does-total-disability-mean-under-south-carolinas-workers-compensation-law\/\" class=\"wpil_internal_link\" target=\"_blank\" rel=\"noopener\">totalmente debilitante e incapacitante.<\/a> Una lesi\u00f3n grave de la columna vertebral puede hacer que alguien requiera muchas cirug\u00edas y muchos meses de fisioterapia, todo ello sin ning\u00fan efecto, lo que hace que el trabajador quede totalmente incapacitado para el resto de su vida.<\/p>\n\n\n\n<p>Una lesi\u00f3n en el cuello suele denominarse \"lesi\u00f3n de la columna cervical\" porque esa parte de la columna se llama columna cervical. Una lesi\u00f3n en el cuello puede estar precedida por un accidente, un traumatismo en la zona, ca\u00eddas, cambios degenerativos que se producen en la columna vertebral o una combinaci\u00f3n de los mismos. A medida que la poblaci\u00f3n activa envejece, habr\u00e1 <a href=\"https:\/\/www.steinberglawfirm.com\/practice-areas\/workers-compensation\/workers-compensation-for-an-employee-who-suffers-a-neck-injury-at-work\/\" class=\"wpil_internal_link\" target=\"_blank\" rel=\"noopener\">cada vez m\u00e1s lesiones cervicales relacionadas con el trabajo.<\/a> Tener un <a href=\"https:\/\/www.steinberglawfirm.com\/practice-areas\/serious-injury-cases\/\" class=\"wpil_internal_link\" target=\"_blank\" rel=\"noopener\">lesi\u00f3n cervical grave relacionada con el trabajo<\/a> puede ser muy complejo y dif\u00edcil obtener la compensaci\u00f3n adecuada y justa que usted merece. Un experimentado South Carolina <a href=\"https:\/\/www.steinberglawfirm.com\/practice-areas\/workers-compensation\/\" target=\"_blank\" rel=\"noopener\">abogado de compensaci\u00f3n de trabajadores<\/a> le har\u00e1 obtener la indemnizaci\u00f3n que merece y le asegurar\u00e1 un trato justo y equitativo.<\/p>\n\n\n\n<p><strong>Causas del dolor y las lesiones cervicales relacionadas con el trabajo<\/strong><\/p>\n\n\n\n<p>Hay miles de formas en las que un trabajador puede llegar a lesionarse la espalda. A diferencia de lo que se ve con <a href=\"https:\/\/www.steinberglawfirm.com\/practice-areas\/workers-compensation\/common-work-related-back-injuries-in-south-carolina\/\" class=\"wpil_internal_link\" target=\"_blank\" rel=\"noopener\">lesiones en la parte baja de la espalda,<\/a> Levantar objetos pesados no suele provocar lesiones cervicales. Aunque es posible. Estas son algunas de las causas m\u00e1s comunes de las lesiones cervicales:<\/p>\n\n\n\n<ul class=\"wp-block-list\"><li><strong>Sobreesfuerzo<\/strong>: Levantar, tirar o empujar algo que no es demasiado pesado pero la posici\u00f3n del empleado en la acci\u00f3n es inadecuada, lo que provoca tensi\u00f3n y dolor en el cuello. Un protocolo de levantamiento adecuado ayudar\u00eda a reducir el porcentaje de lesiones cervicales en la poblaci\u00f3n activa de Estados Unidos. Este tipo de lesiones por sobreesfuerzo es la causa m\u00e1s com\u00fan de las lesiones cervicales. <\/li><\/ul>\n\n\n\n<ul class=\"wp-block-list\"><li><strong>Cataratas<\/strong>: Las ca\u00eddas desde una altura suficiente pueden causar lesiones en la m\u00e9dula espinal, incluida la columna cervical, como la rotura de v\u00e9rtebras. <\/li><\/ul>\n\n\n\n<ul class=\"wp-block-list\"><li><strong>Actividad repetitiva<\/strong>: Realizar una actividad de forma repetida, como girar la cabeza o mirar hacia abajo o tener que sentarse con una mala postura durante la jornada laboral. Con el tiempo, esta actividad repetitiva podr\u00eda causar da\u00f1os en los m\u00fasculos, ligamentos y tendones de la columna cervical. <\/li><\/ul>\n\n\n\n<ul class=\"wp-block-list\"><li><strong>Lesiones por latigazo cervical<\/strong>: Las lesiones por latigazo cervical se producen cuando el trabajador est\u00e1 conduciendo un veh\u00edculo y es golpeado por detr\u00e1s. Este tipo de fuerza puede hacer que la cabeza y el cuello del trabajador se desplacen hacia atr\u00e1s y hacia delante, causando lesiones en la columna cervical. Este suceso se da mucho en los trabajadores que se desplazan durante su trabajo: repartidores, camioneros e incluso conductores de carretillas elevadoras.<\/li><\/ul>\n\n\n\n<p><strong>Hernias de disco o protuberancias<\/strong><\/p>\n\n\n\n<p>La columna vertebral est\u00e1 compuesta por veinticuatro v\u00e9rtebras m\u00f3viles y nueve fijas. Hay tres zonas de la columna vertebral: Lumbar (inferior), tor\u00e1cica (media) y cervical (superior o cuello). Entre cada v\u00e9rtebra m\u00f3vil hay una bolsa llena de l\u00edquido llamada disco. Los discos act\u00faan como amortiguadores, separando y amortiguando cada v\u00e9rtebra. Una hernia discal se refiere a un problema con una de estas bolsas llenas de l\u00edquido entre las v\u00e9rtebras individuales que se apilan para formar la columna vertebral. Cuando una <a href=\"https:\/\/www.steinberglawfirm.com\/practice-areas\/head-brain-and-spine-injuries\/\" class=\"wpil_internal_link\" target=\"_blank\" rel=\"noopener\">lesi\u00f3n en la columna vertebral<\/a> Estos discos pueden lesionarse y las bolsas llenas de l\u00edquido de su interior pueden salirse. Una hernia discal se produce cuando el l\u00edquido rompe la pared del disco y presiona la m\u00e9dula espinal causando da\u00f1os. Un disco abultado se produce cuando la bolsa llena de l\u00edquido no rompe realmente la pared del disco, sino que simplemente la presiona hacia fuera, presionando tambi\u00e9n la m\u00e9dula espinal, lo que provoca s\u00edntomas.<\/p>\n\n\n\n<p>Los s\u00edntomas que puede experimentar un trabajador lesionado cuando un disco cervical presiona la m\u00e9dula espinal son dolor en los brazos. El trabajador tambi\u00e9n puede experimentar hormigueo y entumecimiento en los brazos y en los dedos. A veces, en el caso de las hernias discales cervicales graves, puede haber debilidad en los brazos, las manos y los dedos.<\/p>\n\n\n\n<p>Las hernias o protuberancias discales cervicales relacionadas con el trabajo son causadas con mayor frecuencia por las lesiones de tipo latigazo. La segunda causa de este tipo de afecciones es la actividad repetitiva con la columna cervical.<\/p>\n\n\n\n<p><strong>Esguinces y distensiones cervicales<\/strong><\/p>\n\n\n\n<p>Los tendones y los ligamentos son bandas de tejido fuerte unidas a los huesos y los m\u00fasculos que ayudan a mantener todo unido. Estas bandas son algo el\u00e1sticas y se mueven y estiran a medida que te mueves. Sin embargo, cuando la columna vertebral se estira demasiado o se lesiona, estos tendones y ligamentos pueden estirarse en exceso o desgarrarse. Este tipo de lesi\u00f3n puede ser extremadamente dolorosa y puede limitar el movimiento de forma significativa.<\/p>\n\n\n\n<p>Los esguinces y las distensiones cervicales tambi\u00e9n pueden estar causados por una lesi\u00f3n en los m\u00fasculos del cuello que desciende hasta los hombros. Al igual que los tendones y los ligamentos, los m\u00fasculos son muy flexibles y pueden estirarse y contraerse al moverse. Si se produce un sobreesfuerzo o un estiramiento excesivo de los m\u00fasculos, \u00e9stos pueden magullarse, estirarse o desgarrarse.  De nuevo, este tipo de lesi\u00f3n puede ser muy dolorosa y limitante.<\/p>\n\n\n\n<p>Los signos y s\u00edntomas de un esguince\/tensi\u00f3n cervical pueden incluir:<\/p>\n\n\n\n<ul class=\"wp-block-list\"><li>Dolores musculares; <\/li><li>Dolor punzante o agudo; <\/li><li>Dolor que se irradia hacia el hombro o la parte superior de la espalda y hacia los brazos; <\/li><li>Dolor que empeora al mover la cabeza de lado a lado, levantar o mover los brazos; <\/li><li>Dolor que mejora al reclinarse o acostarse.<\/li><\/ul>\n\n\n\n<p><strong>Fractura de v\u00e9rtebras<\/strong><\/p>\n\n\n\n<p>La fractura de una v\u00e9rtebra no suele producirse por un sobreesfuerzo o un levantamiento. Normalmente una fractura en la columna cervical se debe a un traumatismo. Un traumatismo puede producirse cuando un trabajador es golpeado por algo pesado, como un cami\u00f3n o una carretilla elevadora. Si la lesi\u00f3n por latigazo cervical es lo suficientemente grave, ese tipo de movimiento y traumatismo puede fracturar una v\u00e9rtebra cervical. Muchos trabajadores lesionados con v\u00e9rtebras fracturadas han sufrido una fractura en la columna vertebral por una ca\u00edda grave. Las microfracturas de v\u00e9rtebras tambi\u00e9n pueden ser causadas por <a href=\"https:\/\/www.steinberglawfirm.com\/practice-areas\/workers-compensation\/repetitive-motion-injuries-south-carolina\/\" class=\"wpil_internal_link\" target=\"_blank\" rel=\"noopener\">movimiento repetitivo de la cabeza y el cuello,<\/a> como tener que mirar de lado a lado y de arriba a abajo con frecuencia durante una jornada de trabajo. Con el tiempo, este movimiento puede provocar microfracturas.<\/p>\n\n\n\n<p><strong>Lesi\u00f3n medular<\/strong><\/p>\n\n\n\n<p>La columna vertebral rodea y protege la m\u00e9dula espinal. La m\u00e9dula espinal tiene miles de terminaciones nerviosas que env\u00edan mensajes entre el cerebro y el cuerpo. Una lesi\u00f3n de la m\u00e9dula espinal puede ser f\u00edsicamente devastadora y puede llevar a la par\u00e1lisis o incluso a la muerte. Una lesi\u00f3n de la m\u00e9dula espinal puede ser causada por muchos tipos de lesiones mencionadas anteriormente. Los s\u00edntomas de una lesi\u00f3n medular en la columna cervical incluyen dolor, entumecimiento, hormigueo y debilidad en uno o ambos brazos. La lesi\u00f3n tambi\u00e9n puede incluir par\u00e1lisis en los brazos o en todo el cuerpo.<\/p>\n\n\n\n<p><strong>Tratamiento de las lesiones cervicales<\/strong><\/p>\n\n\n\n<p>Hay muchos tipos de tratamiento a los que puede someterse un trabajador lesionado en funci\u00f3n del tipo de lesi\u00f3n y su gravedad. El tratamiento de las lesiones cervicales en el trabajo puede ser desde leve (aplicaci\u00f3n de compresas calientes y fr\u00edas), hasta extenso (cirug\u00eda). El m\u00e9dico puede recomendar medicamentos para reducir el dolor y la inflamaci\u00f3n, como paracetamol, aspirina, ibuprofeno u otros antiinflamatorios no esteroideos (AINE).<br><br> Para controlar el dolor intenso, pueden recetarle analg\u00e9sicos narc\u00f3ticos, como Vicodin, Percodan u otros medicamentos potentes. Los analg\u00e9sicos narc\u00f3ticos pueden tener efectos secundarios desagradables y deben manejarse con cuidado. El tratamiento adicional puede incluir cuidados quiropr\u00e1cticos, masajes, terapia de ultrasonidos y ba\u00f1eras de hidromasaje.<br><br> La mayor\u00eda de los empleados lesionados quieren volver al trabajo lo antes posible. Sobrevivir con un salario parcial puede ser estresante y frustrante; sin embargo, no seguir el tratamiento prescrito o volver al trabajo antes de estar preparado puede retrasar su recuperaci\u00f3n.<\/p>\n\n\n\n<p><strong>Fusi\u00f3n espinal<\/strong><\/p>\n\n\n\n<p>Uno de los principales tipos de tratamiento para las lesiones graves de cuello es un procedimiento llamado fusi\u00f3n espinal. La fusi\u00f3n espinal es una cirug\u00eda para conectar permanentemente dos o m\u00e1s v\u00e9rtebras de la columna vertebral, eliminando el movimiento entre ellas.<br><br> La fusi\u00f3n espinal implica t\u00e9cnicas dise\u00f1adas para imitar el proceso normal de curaci\u00f3n de los huesos rotos. Durante la fusi\u00f3n espinal, el cirujano coloca hueso o un material similar al hueso dentro del espacio entre dos v\u00e9rtebras de la columna. Pueden utilizarse placas met\u00e1licas, tornillos y varillas para mantener unidas las v\u00e9rtebras, de modo que puedan sanar en una unidad s\u00f3lida. El problema de este tipo de cirug\u00eda es que limita considerablemente la movilidad de la columna vertebral. Por lo tanto, con una lesi\u00f3n cervical (del cuello) que requiera una fusi\u00f3n espinal, la movilidad en el cuello y la forma en que puede girar la cabeza, estar\u00e1n muy limitadas. Su m\u00e9dico puede recomendar la fusi\u00f3n espinal para tratar los siguientes problemas de la columna vertebral:<\/p>\n\n\n\n<ul class=\"wp-block-list\"><li><strong>V\u00e9rtebras rotas. <\/strong>No todas las v\u00e9rtebras rotas requieren una fusi\u00f3n espinal. Muchas se curan sin tratamiento. Pero si una v\u00e9rtebra rota hace que la columna vertebral sea inestable, puede ser necesaria la cirug\u00eda de fusi\u00f3n espinal. <\/li><\/ul>\n\n\n\n<ul class=\"wp-block-list\"><li><strong>Deformidades de la columna vertebral.<\/strong> La fusi\u00f3n espinal puede ayudar a corregir deformidades de la columna vertebral, como una curvatura lateral de la columna (escoliosis) o un redondeo anormal de la parte superior de la columna (cifosis). <\/li><\/ul>\n\n\n\n<ul class=\"wp-block-list\"><li><strong>Debilidad o inestabilidad de la columna vertebral.<\/strong> Su columna vertebral puede volverse inestable si hay un movimiento anormal o excesivo entre dos v\u00e9rtebras. Este es un efecto secundario com\u00fan de la artritis grave en la columna vertebral. La fusi\u00f3n espinal puede utilizarse para restablecer la estabilidad de la columna vertebral en estos casos. <\/li><\/ul>\n\n\n\n<ul class=\"wp-block-list\"><li><strong>Espondilolistesis.<\/strong> En este trastorno de la columna vertebral, una v\u00e9rtebra se desliza hacia delante y sobre la v\u00e9rtebra que est\u00e1 debajo. La fusi\u00f3n espinal puede ser necesaria para tratar la espondilolistesis si la afecci\u00f3n provoca un dolor de espalda intenso o un api\u00f1amiento de los nervios que produce dolor o entumecimiento en las piernas. <\/li><\/ul>\n\n\n\n<ul class=\"wp-block-list\"><li><strong>Hernia de disco.<\/strong> La fusi\u00f3n espinal puede utilizarse para estabilizar la columna vertebral tras la extracci\u00f3n de un disco da\u00f1ado (hernia). <\/li><\/ul>\n\n\n\n<p><strong>\u00bfQu\u00e9 hacer ahora?<\/strong><\/p>\n\n\n\n<p>Contar con los abogados de compensaci\u00f3n de trabajadores adecuados de su lado, luchando por sus derechos y los beneficios que usted merece, contribuir\u00e1 en gran medida a mantenerlo a usted y a su familia a salvo y financieramente seguros. El <a href=\"https:\/\/www.steinberglawfirm.com\/news\/steinberg-law-firm-named-best-in-state-for-workers-compensation-advocacy\/\" class=\"wpil_internal_link\" target=\"_blank\" rel=\"noopener\">Charleston abogados de indemnizaci\u00f3n laboral en Steinberg Law Firm<\/a> han manejado miles de casos de compensaci\u00f3n de trabajadores de todas las formas y tama\u00f1os que tratan con todos los problemas posibles. Perm\u00edtanos usar nuestra experiencia para ayudarlo en este momento problem\u00e1tico.<\/p>\n\n\n\n<p>Cuando usted se lesiona en el trabajo, algunos empresarios pueden volverse hostiles o enfadarse. No quieren que su <a href=\"https:\/\/www.steinberglawfirm.com\/faq\/faq-workers-compensation\/why-do-i-need-a-workers-compensation-lawyer-shouldnt-i-just-contact-the-insurance-company-by-myself\/\" class=\"wpil_internal_link\" target=\"_blank\" rel=\"noopener\">primas de seguro de indemnizaci\u00f3n de los trabajadores<\/a> que suba, lo que ocurre cada vez que se producen muchas lesiones laborales. A menudo, los empresarios intentan convencerte de que no denuncies la lesi\u00f3n. Estas pr\u00e1cticas sin escr\u00fapulos van en contra de las leyes de compensaci\u00f3n laboral de South Carolina. Estos empleadores y sus compa\u00f1\u00edas de seguros tienen un equipo de ajustadores, abogados e investigadores privados que trabajan d\u00eda y noche para pagarte lo menos posible o no pagarte nada.<\/p>\n\n\n\n<p>Usted debe tener un equipo de abogados de compensaci\u00f3n de los trabajadores South Carolina altamente capacitados y altamente calificados de su lado. Los abogados y el personal de la Steinberg Law Firm le representar\u00e1 agresivamente todo el camino desde la llamada telef\u00f3nica inicial a la investigaci\u00f3n del accidente y asegurarse de que se les paga los beneficios que usted merece. Hay muchas cosas que haremos por usted para luchar y ganar su reclamaci\u00f3n:<\/p>\n\n\n\n<ul class=\"wp-block-list\"><li>Expl\u00edcate, en t\u00e9rminos de sentido com\u00fan, <a href=\"https:\/\/www.steinberglawfirm.com\/blog\/workers-compensation-under-south-carolina-law\/\" class=\"wpil_internal_link\" target=\"_blank\" rel=\"noopener\">la legislaci\u00f3n sobre accidentes de trabajo en South Carolina<\/a> y qu\u00e9 tipo de prestaciones le corresponden; <\/li><\/ul>\n\n\n\n<ul class=\"wp-block-list\"><li>Reunir toda la documentaci\u00f3n adecuada, como los informes de accidente\/lesi\u00f3n del empleador, los historiales m\u00e9dicos y las declaraciones de los testigos, antes de que redactemos y presentemos su reclamaci\u00f3n ante el juez de compensaci\u00f3n laboral; <\/li><\/ul>\n\n\n\n<ul class=\"wp-block-list\"><li>Determinaremos la cuant\u00eda de sus prestaciones salariales y le explicaremos c\u00f3mo se calculan sus prestaciones salariales semanales; <\/li><\/ul>\n\n\n\n<ul class=\"wp-block-list\"><li>Determinar si se le debe alg\u00fan salario perdido y, en caso afirmativo, cu\u00e1nto, junto con el c\u00e1lculo de los intereses correspondientes a los salarios atrasados; <\/li><\/ul>\n\n\n\n<ul class=\"wp-block-list\"><li>Prepararle para declarar en las audiencias ante el juez, si es necesario, junto con los testigos que sean necesarios para probar su reclamaci\u00f3n; <\/li><\/ul>\n\n\n\n<ul class=\"wp-block-list\"><li>Contratar y tomar las declaraciones de cualquier m\u00e9dico tratante o experto m\u00e9dico que sea necesario para demostrar que su incapacidad est\u00e1 relacionada con una lesi\u00f3n laboral demostrable; <\/li><\/ul>\n\n\n\n<ul class=\"wp-block-list\"><li>Aseg\u00farese de que se pagan todas las facturas m\u00e9dicas relacionadas con el trabajo, incluido el dinero para posibles tratamientos futuros que puedan ser necesarios; <\/li><\/ul>\n\n\n\n<ul class=\"wp-block-list\"><li>Cuando llegue el momento adecuado, <a href=\"https:\/\/www.steinberglawfirm.com\/faq\/faq-personal-injury\/what-if-i-am-contacted-by-the-other-insurance-company\/\" class=\"wpil_internal_link\" target=\"_blank\" rel=\"noopener\">negociar con la compa\u00f1\u00eda de seguros<\/a> para un acuerdo justo y honesto de su reclamo para asegurar que usted es totalmente compensado por sus facturas m\u00e9dicas y los salarios perdidos y la capacidad de ganancia perdida en el futuro; <\/li><\/ul>\n\n\n\n<ul class=\"wp-block-list\"><li>Si su incapacidad es permanente, asegurarse de que usted y su familia estar\u00e1n totalmente atendidos en el futuro. <\/li><\/ul>\n\n\n\n<p>Pero lo primero que tienes que hacer es llamarnos y concertar nuestra primera reuni\u00f3n para que podamos responder a tus preguntas y empezar a ayudarte a ti y a tu familia. Si te lesionas en el trabajo, lo mejor que puedes hacer es <a href=\"https:\/\/www.steinberglawfirm.com\/contact-us\/\" target=\"_blank\" rel=\"noopener\">contactar con<\/a> los abogados de indemnizaci\u00f3n de los trabajadores del <a href=\"https:\/\/www.steinberglawfirm.com\/\" target=\"_blank\" rel=\"noopener\">Steinberg Law Firm<\/a>. Hemos ayudado a cientos de trabajadores lesionados a obtener los beneficios que merecen y hemos ayudado a protegerlos a ellos y a sus familias de la ruina financiera. <a href=\"https:\/\/www.steinberglawfirm.com\/blog\/do-you-need-a-south-carolina-work-injury-attorney\/\" class=\"wpil_internal_link\" target=\"_blank\" rel=\"noopener\">No hay ning\u00fan inconveniente en ponerse en contacto con nosotros para que le ayudemos con su reclamaci\u00f3n por accidente de trabajo.<\/a> <a href=\"https:\/\/www.steinberglawfirm.com\/free-consultation\/\" target=\"_blank\" rel=\"noopener\">La consulta inicial es gratuita.<\/a><\/p>","protected":false},"excerpt":{"rendered":"<p>Lesiones cervicales comunes relacionadas con el trabajo en South Carolina Uno de los peores tipos de lesiones laborales que puede sufrir un trabajador es una lesi\u00f3n cervical. Este tipo de lesiones en la columna vertebral pueden ser causadas por muchas cosas. Adem\u00e1s, este tipo de lesiones pueden llegar a ser totalmente debilitantes e incapacitantes. Una lesi\u00f3n grave de la columna vertebral puede hacer que alguien...<\/p>","protected":false},"author":1,"featured_media":0,"parent":8874,"menu_order":0,"comment_status":"closed","ping_status":"closed","template":"","meta":{"_acf_changed":false,"footnotes":""},"class_list":["post-9178","page","type-page","status-publish","hentry"],"acf":[],"_links":{"self":[{"href":"https:\/\/steinberglawfirm-staging.clmcloud.app\/es\/wp-json\/wp\/v2\/pages\/9178"}],"collection":[{"href":"https:\/\/steinberglawfirm-staging.clmcloud.app\/es\/wp-json\/wp\/v2\/pages"}],"about":[{"href":"https:\/\/steinberglawfirm-staging.clmcloud.app\/es\/wp-json\/wp\/v2\/types\/page"}],"author":[{"embeddable":true,"href":"https:\/\/steinberglawfirm-staging.clmcloud.app\/es\/wp-json\/wp\/v2\/users\/1"}],"replies":[{"embeddable":true,"href":"https:\/\/steinberglawfirm-staging.clmcloud.app\/es\/wp-json\/wp\/v2\/comments?post=9178"}],"version-history":[{"count":0,"href":"https:\/\/steinberglawfirm-staging.clmcloud.app\/es\/wp-json\/wp\/v2\/pages\/9178\/revisions"}],"up":[{"embeddable":true,"href":"https:\/\/steinberglawfirm-staging.clmcloud.app\/es\/wp-json\/wp\/v2\/pages\/8874"}],"wp:attachment":[{"href":"https:\/\/steinberglawfirm-staging.clmcloud.app\/es\/wp-json\/wp\/v2\/media?parent=9178"}],"curies":[{"name":"wp","href":"https:\/\/api.w.org\/{rel}","templated":true}]}}