{"id":9171,"date":"2019-02-28T23:15:23","date_gmt":"2019-02-28T23:15:23","guid":{"rendered":"https:\/\/www.steinberglawfirm.com\/?page_id=9171"},"modified":"2023-04-04T17:26:36","modified_gmt":"2023-04-04T17:26:36","slug":"most-common-causes-of-work-injuries","status":"publish","type":"page","link":"https:\/\/steinberglawfirm-staging.clmcloud.app\/es\/indemnizacion-de-los-trabajadores\/causas-mas-comunes-de-lesiones-laborales\/","title":{"rendered":"Causas m\u00e1s comunes de las lesiones laborales"},"content":{"rendered":"<h1 class=\"wp-block-heading\">Causas m\u00e1s comunes de las lesiones laborales<\/h1>\n\n\n\n<p>Un trabajador puede lesionarse de muchas maneras diferentes mientras est\u00e1 en el trabajo. Solo en 2017, se registraron 2,8 millones de lesiones laborales en Estados Unidos. Una lesi\u00f3n en el lugar de trabajo puede ocurrir debido a la negligencia del empleado o algunos pueden ser causados por la culpa del empleador por tener un ambiente de trabajo inseguro o una formaci\u00f3n inadecuada. No s\u00f3lo es responsabilidad del empresario garantizar un entorno de trabajo seguro, sino que cada empleado tambi\u00e9n tiene la responsabilidad ante s\u00ed mismo y ante sus compa\u00f1eros de tomar las precauciones adecuadas cuando est\u00e1 en el trabajo.<\/p>\n\n\n\n<p>La p\u00e9rdida de salarios tras una lesi\u00f3n laboral puede ser devastadora para una familia. Contar con el derecho <a href=\"https:\/\/www.steinberglawfirm.com\/practice-areas\/workers-compensation\/\" target=\"_blank\" rel=\"noopener\">abogados especializados en indemnizaciones por accidentes de trabajo<\/a> para luchar por sus derechos y los beneficios que usted merece puede ayudar a mantener una familia segura y financieramente segura. Los abogados de compensaci\u00f3n laboral de Charleston han manejado miles de casos de compensaci\u00f3n laboral. Perm\u00edtanos usar nuestra experiencia para ayudarle en el suyo.<\/p>\n\n\n<p><b>Estad\u00edsticas nacionales:<\/b><\/p>\n<p><b>Las principales causas de las lesiones laborales:<\/b><\/p>\n<p><i>1. Sobreesfuerzo, reacci\u00f3n corporal: <\/i><\/p>\n<p>M\u00e1s de 280.000 lesiones, o casi un tercio de todas las lesiones en el lugar de trabajo, son el resultado de un sobreesfuerzo en el trabajo. Las lesiones de espalda son las m\u00e1s frecuentes. El tiempo medio de baja laboral por una lesi\u00f3n por sobreesfuerzo es de 12 d\u00edas. Las lesiones por sobreesfuerzo pueden ser lesiones sin impacto o lesiones por movimientos repetitivos. Una lesi\u00f3n sin impacto est\u00e1 causada por un esfuerzo f\u00edsico excesivo dirigido a una fuente externa. Las actividades m\u00e1s comunes que conducen a una lesi\u00f3n sin impacto son levantar, empujar, girar, sujetar, transportar o lanzar. Una lesi\u00f3n por movimientos repetitivos suele implicar peque\u00f1os movimientos que deben realizarse muchas veces al d\u00eda.<\/p>\n<p><i>2. Resbalones, tropiezos y ca\u00eddas: <\/i><\/p>\n<p>M\u00e1s de 240.000 empleados perdieron una media de 12 d\u00edas de trabajo debido a resbalones, tropiezos o ca\u00eddas en el lugar de trabajo. La mayor\u00eda de estas lesiones consistieron en esguinces, distensiones y desgarros. Los siguientes son tipos comunes de accidentes por resbalones, tropiezos y ca\u00eddas:<\/p>\n<ul>\n<li><b>Resbalar y tropezar sin caer<\/b> - Los trabajadores que tropiezan y se agarran antes de caer al suelo pueden sufrir graves lesiones relacionadas con el tropiezo y la reacci\u00f3n de su cuerpo para evitar la ca\u00edda.<\/li>\n<li><b>Ca\u00eddas desde el mismo nivel<\/b> - Estos accidentes implican que un empleado tropiece y caiga al suelo, se caiga de una silla o caiga contra un objeto que est\u00e1 al mismo nivel.<\/li>\n<li><b>Ca\u00edda a un nivel inferior<\/b> - Muchos accidentes laborales implican la ca\u00edda de un empleado de un piso a otro, ya sea por ca\u00edda a trav\u00e9s de una superficie o <a href=\"https:\/\/www.steinberglawfirm.com\/workers-compensation\/construction-accidents\/fall-from-roof-injury\/\" target=\"_blank\" rel=\"noopener\">ca\u00eddas desde andamios, tejados o escaleras<\/a>.<\/li>\n<\/ul>\n<p><i>3. Contacto con un objeto o equipo:<\/i><\/p>\n<p>Aproximadamente, 235.000 trabajadores sufrieron una lesi\u00f3n en el lugar de trabajo como resultado del contacto con un objeto o pieza de equipo. En la mayor\u00eda de los casos, estas lesiones dieron lugar a cortes, laceraciones o pinchazos, que obligaron al empleado a perder una media de cinco d\u00edas de trabajo. Las lesiones t\u00edpicas que implican el contacto con un objeto o equipo incluyen:<\/p>\n<ul>\n<li>Ser golpeado por un objeto en movimiento<\/li>\n<li>Chocar, pisar o chocar de cualquier otra forma con un objeto inm\u00f3vil<\/li>\n<li>Ser apretado o pellizcado por un objeto<\/li>\n<li>Lesiones por aplastamiento<\/li>\n<li>Lesiones por vibraci\u00f3n<\/li>\n<\/ul>\n<p>Otras causas comunes de los accidentes laborales son:<\/p>\n<p><b>1. Accidentes de transporte:<\/b> Los accidentes de tr\u00e1fico son responsables de algo m\u00e1s de 50.000 lesiones, es decir, aproximadamente el 5% de todos los accidentes laborales.<br \/><b>2. Violencia:<\/b> Los actos violentos, cometidos por personas o animales, causaron 44.000 lesiones en el lugar de trabajo. Los datos recientes indican que la violencia laboral intencionada va en aumento. M\u00e1s de 2 millones de personas declaran haber sufrido violencia laboral cada a\u00f1o. La violencia en el lugar de trabajo es la tercera causa de muertes relacionadas con el trabajo en Estados Unidos, siendo los accidentes de tr\u00e1fico la primera causa. En el \u00faltimo a\u00f1o del que se dispone de datos, se registraron m\u00e1s de 10.000 lesiones laborales causadas por actos violentos<br \/><b>3. Exposici\u00f3n a sustancias o entornos nocivos:<\/b> M\u00e1s de 40.000 trabajadores sufrieron lesiones por estar expuestos a sustancias nocivas o entornos peligrosos.<\/p>\n<p><b>Principales causas de muertes relacionadas con el trabajo:<\/b><\/p>\n<p>El Consejo Nacional de Seguridad (NSC) hace un seguimiento del n\u00famero de accidentes laborales mortales cada a\u00f1o. Las estad\u00edsticas m\u00e1s recientes muestran que casi 5.200 personas murieron como consecuencia de accidentes laborales en 2017. Seg\u00fan el NSC, la mayor\u00eda de estos accidentes eran evitables.<\/p>\n<p><b>1. Accidentes de transporte:<\/b> Los empleados que conducen con frecuencia por motivos de trabajo suelen sufrir lesiones en accidentes de tr\u00e1fico. Ya sea un conductor de reparto, un conductor de cami\u00f3n de largo recorrido, un cartero o un conductor de carretilla elevadora en un almac\u00e9n, este tipo de choques ocurren con frecuencia. Cientos de miles de trabajadores se ven implicados en accidentes de autom\u00f3vil o de cami\u00f3n cada a\u00f1o en los Estados Unidos, y los accidentes de autom\u00f3vil son la causa n\u00famero uno de las muertes relacionadas con el trabajo.<br \/><b>2. Resbalones, tropiezos y ca\u00eddas:<\/b> Las ca\u00eddas desde cualquier altura pueden causar lesiones graves o la muerte, incluso desde alturas que uno no considerar\u00eda amenazantes. Aunque algunos trabajos, como el de los trabajadores de la construcci\u00f3n, presentan un riesgo especialmente elevado de ca\u00eddas, cualquier trabajador puede tropezar con un suelo irregular, resbalar con nieve o hielo sin limpiar o tropezar con una escalera sin iluminaci\u00f3n, lo que puede provocar una ca\u00edda.<br \/><b>3. Actos violentos intencionados:<\/b> Aunque puede que la violencia no sea lo que la mayor\u00eda de la gente piensa cuando se trata de un accidente laboral mortal, los datos recientes indican que la violencia laboral intencionada va en aumento. En el \u00faltimo a\u00f1o del que se dispone de datos, se registraron m\u00e1s de 10.000 lesiones laborales causadas por actos violentos. En muchos de ellos, el trabajador result\u00f3 muerto como consecuencia de la violencia.<br \/><b>4. Contacto con objetos o equipos:<\/b> Las personas que trabajan en torno a equipos o maquinaria pesada se enfrentan a peligros diarios. Los enredos con m\u00e1quinas pueden ocurrir f\u00e1cilmente cuando los empleados deben interactuar con m\u00e1quinas que tienen muchas piezas m\u00f3viles. A menudo, estos accidentes se producen cuando la ropa queda atrapada en la m\u00e1quina, arrastrando las partes del cuerpo del empleado hacia ella. A veces, estos incidentes son causados por una protecci\u00f3n inadecuada de las partes m\u00f3viles de la m\u00e1quina. En ocasiones, esto puede deberse al dise\u00f1o inseguro de la m\u00e1quina por parte de su fabricante. Otras veces, el empleador puede eliminar ciertas protecciones debido a un esfuerzo por ser m\u00e1s eficiente, pero causando un ambiente inseguro. En algunos casos, los empleados no est\u00e1n formados en los procedimientos de bloqueo\/etiquetado y las m\u00e1quinas se encienden accidentalmente.<br \/><b>5. Exposici\u00f3n a sustancias o ambientes nocivos:<\/b> Algunas ocupaciones requieren que los empleados trabajen en un entorno peligroso o trabajen con sustancias peligrosas. Si un empleado no dispone de suficiente equipo de protecci\u00f3n, o su equipo de protecci\u00f3n es defectuoso, puede estar expuesto a peligros que ponen en peligro su vida.<\/p>\n<p><b>Las cinco ocupaciones con mayor n\u00famero de muertes anuales:<\/b><\/p>\n<p>1. Conductores, vendedores y camioneros<br \/>2. Agricultores, ganaderos y otros miembros de la industria agr\u00edcola<br \/>3. Trabajadores de mantenimiento del terreno<br \/>4. Tejadores<br \/>5. Pilotos de avi\u00f3n e ingenieros de vuelo<\/p>\n<p><b>Otras estad\u00edsticas de accidentes laborales mortales:<\/b><\/p>\n<ul>\n<li>Aproximadamente el 93% de las muertes en el lugar de trabajo son de hombres.<\/li>\n<li>Los trabajadores de entre 55 y 64 a\u00f1os fueron los m\u00e1s propensos a sufrir un accidente laboral mortal.<\/li>\n<li>M\u00e1s de 800 trabajadores contratados murieron como consecuencia de accidentes laborales.<\/li>\n<\/ul>\n<p><b>South Carolina Estad\u00edsticas:<\/b><\/p>\n<p>La Oficina de Estad\u00edsticas Laborales de los Estados Unidos mantiene registros detallados de todos los accidentes laborales mortales South Carolina. Seg\u00fan los datos m\u00e1s recientes de 2016, 96 empleados murieron en accidentes de trabajo South Carolina. Las ocupaciones con la mayor tasa de accidentes laborales mortales fueron:<\/p>\n<ul>\n<li>Transporte y traslado de materiales (32 muertes)<\/li>\n<li>Construcci\u00f3n y extracci\u00f3n (19 muertes)<\/li>\n<li>Instalaci\u00f3n y reparaci\u00f3n (11 muertes)<\/li>\n<\/ul>\n\n\n<p><strong>\u00bfQu\u00e9 debe hacer ahora?<\/strong><\/p>\n\n\n\n<p>Si usted es uno de los desafortunados estadounidenses que han sufrido una de las lesiones mencionadas anteriormente, debe tener un equipo de abogados experimentados en compensaci\u00f3n laboral South Carolina de su lado. Los abogados y el personal del Steinberg Law Firm le representar\u00e1n agresivamente desde la llamada telef\u00f3nica inicial hasta la investigaci\u00f3n del accidente y la garant\u00eda de que se le pague la indemnizaci\u00f3n adecuada que merece.  <\/p>\n\n\n\n<p>Le ayudaremos con:<\/p>\n\n\n\n<ul class=\"wp-block-list\">\n<li>Explicaci\u00f3n de la <a href=\"https:\/\/www.steinberglawfirm.com\/blog\/workers-compensation-under-south-carolina-law\/\" class=\"wpil_internal_link\" target=\"_blank\" rel=\"noopener\">leyes sobre accidentes de trabajo en South Carolina<\/a> y qu\u00e9 tipo de prestaciones le corresponden; <\/li>\n<\/ul>\n\n\n\n<ul class=\"wp-block-list\">\n<li>Reunir toda la documentaci\u00f3n adecuada, como los informes de accidente\/lesi\u00f3n del empleador, los historiales m\u00e9dicos y las declaraciones de los testigos, antes de que redactemos y presentemos su reclamaci\u00f3n ante el juez de compensaci\u00f3n laboral; <\/li>\n<\/ul>\n\n\n\n<ul class=\"wp-block-list\">\n<li>Determinaremos la cuant\u00eda de sus prestaciones salariales y le explicaremos c\u00f3mo se calculan sus prestaciones salariales semanales; <\/li>\n<\/ul>\n\n\n\n<ul class=\"wp-block-list\">\n<li>Determinar si se le debe alg\u00fan salario perdido y, en caso afirmativo, cu\u00e1nto, junto con el c\u00e1lculo de los intereses correspondientes a los salarios atrasados; <\/li>\n<\/ul>\n\n\n\n<ul class=\"wp-block-list\">\n<li>Prepararle para declarar en las audiencias ante el juez, si es necesario, junto con los testigos que sean necesarios para probar su reclamaci\u00f3n; <\/li>\n<\/ul>\n\n\n\n<ul class=\"wp-block-list\">\n<li>Contratar y tomar las declaraciones de cualquier m\u00e9dico tratante o experto m\u00e9dico que sea necesario para demostrar que su incapacidad est\u00e1 relacionada con una lesi\u00f3n laboral demostrable; <\/li>\n<\/ul>\n\n\n\n<ul class=\"wp-block-list\">\n<li>Aseg\u00farese de que se pagan todas las facturas m\u00e9dicas relacionadas con el trabajo, incluido el dinero para posibles tratamientos futuros que puedan ser necesarios; <\/li>\n<\/ul>\n\n\n\n<ul class=\"wp-block-list\">\n<li>Cuando llegue el momento adecuado, <a href=\"https:\/\/www.steinberglawfirm.com\/faq\/faq-workers-compensation\/why-do-i-need-a-workers-compensation-lawyer-shouldnt-i-just-contact-the-insurance-company-by-myself\/\" class=\"wpil_internal_link\" target=\"_blank\" rel=\"noopener\">negociar con la compa\u00f1\u00eda de seguros para obtener un acuerdo justo y honesto de su reclamaci\u00f3n<\/a> para asegurarse de que se le compensa plenamente por sus facturas m\u00e9dicas y por los salarios perdidos y la p\u00e9rdida de capacidad de ganancia de cara al futuro; <\/li>\n<\/ul>\n\n\n\n<ul class=\"wp-block-list\">\n<li>Si <a href=\"https:\/\/www.steinberglawfirm.com\/faq\/faq-workers-compensation\/what-happens-if-ive-been-hurt-on-the-job-and-im-permanently-disabled\/\" class=\"wpil_internal_link\" target=\"_blank\" rel=\"noopener\">su discapacidad es permanente,<\/a> asegur\u00e1ndose de que usted y su familia estar\u00e1n totalmente atendidos en el futuro. <\/li>\n<\/ul>\n\n\n\n<p>Si te lesionas en el trabajo, lo mejor que puedes hacer es <a href=\"https:\/\/www.steinberglawfirm.com\/contact-us\/\" target=\"_blank\" rel=\"noopener\">contactar con<\/a> los abogados de indemnizaci\u00f3n de los trabajadores del <a href=\"https:\/\/www.steinberglawfirm.com\/\" target=\"_blank\" rel=\"noopener\">Steinberg Law Firm<\/a>. Hemos ayudado a cientos de miles de trabajadores lesionados a obtener los beneficios que merecen y hemos ayudado a protegerlos a ellos y a sus familias de la ruina financiera. Hay <a href=\"https:\/\/www.steinberglawfirm.com\/blog\/do-you-need-a-south-carolina-work-injury-attorney\/\" class=\"wpil_internal_link\" target=\"_blank\" rel=\"noopener\">no hay inconveniente en ponerse en contacto con nosotros para que le ayudemos con su reclamaci\u00f3n por accidente de trabajo.<\/a> <a href=\"https:\/\/www.steinberglawfirm.com\/free-consultation\/\" target=\"_blank\" rel=\"noopener\">La consulta inicial es gratuita<\/a> y todos nuestros casos se toman en un plan de contingencia. <a href=\"https:\/\/www.steinberglawfirm.com\/tv-commercials\/get-the-firm-behind-you\/\" class=\"wpil_internal_link\" target=\"_blank\" rel=\"noopener\">Consigue que la empresa te apoye.<\/a>  <\/p>","protected":false},"excerpt":{"rendered":"<p>Causas m\u00e1s comunes de las lesiones laborales Un trabajador puede lesionarse de muchas maneras diferentes mientras est\u00e1 en el trabajo. Solo en 2017, se registraron 2,8 millones de lesiones laborales en Estados Unidos. Una lesi\u00f3n laboral puede ocurrir debido a la negligencia del empleado o algunas pueden ser causadas por la culpa de...<\/p>","protected":false},"author":1,"featured_media":0,"parent":8874,"menu_order":0,"comment_status":"closed","ping_status":"closed","template":"","meta":{"_acf_changed":false,"footnotes":""},"class_list":["post-9171","page","type-page","status-publish","hentry"],"acf":[],"_links":{"self":[{"href":"https:\/\/steinberglawfirm-staging.clmcloud.app\/es\/wp-json\/wp\/v2\/pages\/9171"}],"collection":[{"href":"https:\/\/steinberglawfirm-staging.clmcloud.app\/es\/wp-json\/wp\/v2\/pages"}],"about":[{"href":"https:\/\/steinberglawfirm-staging.clmcloud.app\/es\/wp-json\/wp\/v2\/types\/page"}],"author":[{"embeddable":true,"href":"https:\/\/steinberglawfirm-staging.clmcloud.app\/es\/wp-json\/wp\/v2\/users\/1"}],"replies":[{"embeddable":true,"href":"https:\/\/steinberglawfirm-staging.clmcloud.app\/es\/wp-json\/wp\/v2\/comments?post=9171"}],"version-history":[{"count":2,"href":"https:\/\/steinberglawfirm-staging.clmcloud.app\/es\/wp-json\/wp\/v2\/pages\/9171\/revisions"}],"predecessor-version":[{"id":24483,"href":"https:\/\/steinberglawfirm-staging.clmcloud.app\/es\/wp-json\/wp\/v2\/pages\/9171\/revisions\/24483"}],"up":[{"embeddable":true,"href":"https:\/\/steinberglawfirm-staging.clmcloud.app\/es\/wp-json\/wp\/v2\/pages\/8874"}],"wp:attachment":[{"href":"https:\/\/steinberglawfirm-staging.clmcloud.app\/es\/wp-json\/wp\/v2\/media?parent=9171"}],"curies":[{"name":"wp","href":"https:\/\/api.w.org\/{rel}","templated":true}]}}