{"id":9020,"date":"2019-02-14T16:38:02","date_gmt":"2019-02-14T16:38:02","guid":{"rendered":"https:\/\/www.steinberglawfirm.com\/?page_id=9020"},"modified":"2022-04-21T21:03:15","modified_gmt":"2022-04-21T21:03:15","slug":"hugo-max-spitz","status":"publish","type":"page","link":"https:\/\/steinberglawfirm-staging.clmcloud.app\/es\/el-legado-de-steinberg\/homenajes-a-nuestros-antiguos-lideres\/hugo-max-spitz\/","title":{"rendered":"Hugo Max Spitz 1927-2018"},"content":{"rendered":"<a href=\"\/es\/contact\/\" target=\"_self\" role=\"button\" rel=\"noopener\">\n\t\t\t\t\t\t\tOBTENGA UNA CONSULTA GRATUITA\n\t\t\t\t\t<\/a>\n\t<h3>\n\t\t\t\tJuez Hugo Max Spitz\n\t\t\t<\/h3>\n\t\t\t<p>1927 &#8211; 2018<\/p>\t\n\t\t\t\t\t<img decoding=\"async\" src=\"https:\/\/www.steinberglawfirm.com\/wp-content\/uploads\/2018\/03\/Hugo-Spitz-1024x940.jpg\" alt=\"\" title=\"\">\n\t<p><\/p>\n<p>Todos hemos tenido ese profesor en el instituto que daba tareas dif\u00edciles y esperaba que estuvi\u00e9ramos preparados cada d\u00eda para la clase. Que calificaba por sus m\u00e9ritos, no por la curva. Ese profesor del que quiz\u00e1 nos quejamos en su momento, pero que, con el paso de los a\u00f1os, aprendimos a apreciar por la disciplina que nos inculc\u00f3 para dar siempre lo mejor de nosotros mismos.<\/p>\n<p>El juez Hugo Max Spitz ser\u00e1 recordado por muchas cosas por mucha gente, pero como socio fundador del Steinberg Law Firm, ser\u00e1 recordado por nosotros por ser un maestro y mentor. Los valores que nos inculc\u00f3 fueron representar con celo a nuestros clientes, honrar nuestra profesi\u00f3n y, lo m\u00e1s importante, devolver a nuestra comunidad.<\/p>\n<p>El juez Spitz ser\u00e1 sin duda recordado como un incansable defensor de los trabajadores lesionados. Los casos que llev\u00f3 y nos anim\u00f3 a llevar se ense\u00f1an hoy en d\u00eda en las clases de las facultades de derecho. Casos como el de Sellers v. Pinedale Residential Center, en el que un estudiante que trabajaba a tiempo parcial despu\u00e9s del instituto sufri\u00f3 un accidente de coche que le dej\u00f3 parapl\u00e9jico.  El estudiante se enfrentaba a una vida de pobreza si sus prestaciones de indemnizaci\u00f3n se limitaban a dos tercios de sus ingresos a tiempo parcial y con el salario m\u00ednimo en la residencia. Vimos la injusticia y luchamos contra el caso en los tribunales, recibiendo finalmente una indemnizaci\u00f3n basada en los probables ingresos futuros del estudiante. El juez Spitz nunca se conform\u00f3 con la forma en que estaba la ley, y nos anim\u00f3 a luchar para ampliar los derechos de los trabajadores y trabajadoras.<\/p>\n<p>El juez Spitz se sent\u00eda muy orgulloso de ser abogado y se dedicaba a la profesi\u00f3n jur\u00eddica. Fue miembro fundador y presidente de la Asociaci\u00f3n por la Justicia South Carolina. Un miembro fundador de la South Carolina Injured Workers Advocates. Miembro fundador de la Fundaci\u00f3n de Justicia Civil. Fundador y miembro de la junta directiva de la Asociaci\u00f3n de Educaci\u00f3n sobre Compensaci\u00f3n de los Trabajadores South Carolina de toda la vida. Cre\u00eda fervientemente en el poder de la ley para mejorar la vida de todos. El Steinberg Law Firm nunca neg\u00f3 la representaci\u00f3n a nadie por su posici\u00f3n social o econ\u00f3mica o por sus antecedentes en la comunidad.<\/p>\n<p>El deber y el servicio a los dem\u00e1s fueron el sello de la vida del juez Spitz. Exento del servicio por ser el \u00fanico hijo superviviente, se present\u00f3 como voluntario y sirvi\u00f3 con distinci\u00f3n en la Marina de los Estados Unidos durante la Segunda Guerra Mundial.  Sirvi\u00f3 como juez municipal de la ciudad de Charleston que amaba. Fue presidente de la Cl\u00ednica de Salud Franklin C. Fetter. Fue miembro de la Junta de Gobernadores del Fondo de Compensaci\u00f3n de Pacientes South Carolina. Form\u00f3 parte de la junta de la Comisi\u00f3n de Abuso de Sustancias del Condado de Charleston.<\/p>\n<p>El juez Spitz nos alent\u00f3 a ayudar siempre a los m\u00e1s necesitados, como los atendidos por la Misi\u00f3n Rural en John's Island y las familias migrantes que trabajan en nuestras granjas locales. Tambi\u00e9n fue presidente de la Sinagoga Emanu-El, vicepresidente del JCC y miembro de las Sociedades Hebreas de Beneficencia y de Hu\u00e9rfanos. Por toda una vida de servicio a su pa\u00eds, su comunidad y su fe, el juez Spitz fue galardonado con la Orden de la Media Luna de Plata por el Gobernador de South Carolina.<\/p>\n<p>El juez Hugo Max Spitz nos dio la oportunidad de ejercer la abogac\u00eda con el Steinberg Law Firm. Era exigente y no esperaba menos que lo mejor de nosotros. Para el juez Spitz, lo mejor de nosotros significaba seguir la tradici\u00f3n del Steinberg Law Firm de representar celosamente a nuestros clientes, honrar nuestra profesi\u00f3n y servir a nuestra comunidad. El juez Spitz fue nuestro mentor y nos hizo a todos mejores abogados. En el Steinberg Law Firm estamos orgullosos de continuar la tradici\u00f3n de dedicaci\u00f3n, excelencia y servicio a la comunidad que nuestros fundadores, como el juez Spitz, nos inculcaron.<\/p>\n\t\t\t\t<img decoding=\"async\" src=\"https:\/\/www.steinberglawfirm.com\/wp-content\/uploads\/2018\/03\/Hugo-Spitz-300x275.jpg\" alt=\"Juez Hugo Spitz Steinberg Law Firm Charleston South Carolina\" itemprop=\"image\" title=\"Juez Hugo Spitz Steinberg Law Firm Charleston South Carolina\" onerror=\"this.style.display='none'\"  \/>","protected":false},"excerpt":{"rendered":"<p>OBTENGA UNA CONSULTA GRATUITA Juez Hugo Max Spitz 1927 - 2018 Todos hemos tenido ese profesor en el instituto que daba tareas dif\u00edciles y esperaba que estuvi\u00e9ramos preparados cada d\u00eda para la clase. Que calificaba por m\u00e9ritos, no por la curva. Ese profesor del que quiz\u00e1 nos quejamos en su momento, pero que, con el paso de los a\u00f1os,...<\/p>","protected":false},"author":1,"featured_media":18967,"parent":9002,"menu_order":0,"comment_status":"closed","ping_status":"closed","template":"","meta":{"_acf_changed":false,"footnotes":""},"class_list":["post-9020","page","type-page","status-publish","has-post-thumbnail","hentry"],"acf":[],"_links":{"self":[{"href":"https:\/\/steinberglawfirm-staging.clmcloud.app\/es\/wp-json\/wp\/v2\/pages\/9020"}],"collection":[{"href":"https:\/\/steinberglawfirm-staging.clmcloud.app\/es\/wp-json\/wp\/v2\/pages"}],"about":[{"href":"https:\/\/steinberglawfirm-staging.clmcloud.app\/es\/wp-json\/wp\/v2\/types\/page"}],"author":[{"embeddable":true,"href":"https:\/\/steinberglawfirm-staging.clmcloud.app\/es\/wp-json\/wp\/v2\/users\/1"}],"replies":[{"embeddable":true,"href":"https:\/\/steinberglawfirm-staging.clmcloud.app\/es\/wp-json\/wp\/v2\/comments?post=9020"}],"version-history":[{"count":4,"href":"https:\/\/steinberglawfirm-staging.clmcloud.app\/es\/wp-json\/wp\/v2\/pages\/9020\/revisions"}],"predecessor-version":[{"id":20534,"href":"https:\/\/steinberglawfirm-staging.clmcloud.app\/es\/wp-json\/wp\/v2\/pages\/9020\/revisions\/20534"}],"up":[{"embeddable":true,"href":"https:\/\/steinberglawfirm-staging.clmcloud.app\/es\/wp-json\/wp\/v2\/pages\/9002"}],"wp:featuredmedia":[{"embeddable":true,"href":"https:\/\/steinberglawfirm-staging.clmcloud.app\/es\/wp-json\/wp\/v2\/media\/18967"}],"wp:attachment":[{"href":"https:\/\/steinberglawfirm-staging.clmcloud.app\/es\/wp-json\/wp\/v2\/media?parent=9020"}],"curies":[{"name":"wp","href":"https:\/\/api.w.org\/{rel}","templated":true}]}}