{"id":9008,"date":"2019-02-14T16:04:16","date_gmt":"2019-02-14T16:04:16","guid":{"rendered":"https:\/\/www.steinberglawfirm.com\/?page_id=9008"},"modified":"2023-03-03T17:20:10","modified_gmt":"2023-03-03T17:20:10","slug":"charles-goldberg","status":"publish","type":"page","link":"https:\/\/steinberglawfirm-staging.clmcloud.app\/es\/el-legado-de-steinberg\/homenajes-a-nuestros-antiguos-lideres\/charles-goldberg\/","title":{"rendered":"Charles S. Goldberg, Esq. 1933-2019"},"content":{"rendered":"<a href=\"\/es\/contact\/\" target=\"_self\" role=\"button\" rel=\"noopener\">\n\t\t\t\t\t\t\tOBTENGA UNA CONSULTA GRATUITA\n\t\t\t\t\t<\/a>\n\t<h3>\n\t\t\t\tCharles S. Goldberg, Esq.\n\t\t\t<\/h3>\n\t\t\t<p>1933-2019<\/p>\t\n\t<meta itemprop=\"name\" content=\"Charles S. Goldberg | 1933 - 2019\" \/><meta itemprop=\"uploadDate\" content=\"2020-03-05\" \/><meta itemprop=\"thumbnailUrl\" content=\"https:\/\/www.steinberglawfirm.com\/wp-content\/uploads\/2019\/02\/Charles-S.-Goldberg-1.png\" \/><meta itemprop=\"description\" content=\"A tribute to one of Steinberg Law Firm&#039;s Partners, Charles S. Goldberg.\" \/><meta itemprop=\"contentUrl\" content=\"https:\/\/player.vimeo.com\/progressive_redirect\/playback\/395711576\/rendition\/1080p\/file.mp4?loc=external&amp;signature=06ad15336c8db783eb846a3ae609ee120beebc101b47050a58b504059d73d4d5\" \/><meta itemprop=\"embedUrl\" content=\"https:\/\/vimeo.com\/395711576\" \/><iframe loading=\"lazy\" src=\"https:\/\/player.vimeo.com\/video\/395711576?title=0&#038;byline=0&#038;portrait=0\" width=\"640\" height=\"360\" frameborder=\"0\" allow=\"autoplay; fullscreen\" allowfullscreen><\/iframe>\n\t<p>El bufete de abogados Steinberg se entristece al anunciar el fallecimiento de nuestro socio, nuestro amigo y nuestro mentor, Charles S. Goldberg, Esquire, el 13 de febrero de 2019. Aport\u00f3 dignidad y gracia al pa\u00eds, la comunidad y la profesi\u00f3n que am\u00f3 y sirvi\u00f3 durante toda su vida.<\/p>\n<p>Naci\u00f3 en Charleston el 16 de diciembre de 1933, hijo de George y Jeannette Goldberg. Como estadounidense de primera generaci\u00f3n, nunca olvid\u00f3 lo que sus abuelos y padres tuvieron que soportar para llegar a los Estados Unidos. Sirvi\u00f3 honorablemente a su pa\u00eds en el Ej\u00e9rcito de los Estados Unidos como Spec 4 durante la crisis del Muro de Berl\u00edn y m\u00e1s tarde como capit\u00e1n comisionado en el cuerpo JAG.<\/p>\n<p>Cuando se le pide que describa su vida, sus familiares, amigos y colegas dicen que lo primero que hizo fue dedicarse a su familia. Estuvo casado con su querida esposa, Harriet Lauper Goldberg, durante 58 a\u00f1os. Criaron a dos hijos, Steven, que sigui\u00f3 a su padre en la abogac\u00eda y ejerce en el bufete, y Michael, un hombre de negocios que vive en Dallas, Texas. Su orgullo y alegr\u00eda en la jubilaci\u00f3n fueron sus seis nietos, que, bromeaba, eran suficientes para formar su propio equipo de baloncesto.<\/p>\n<p><img loading=\"lazy\" decoding=\"async\" src=\"https:\/\/steinberglawfirm.com\/wp-content\/uploads\/2019\/02\/Charlie-Goldberg-1.png\" alt=\"Charlie Goldberg\" width=\"343\" height=\"842\" title=\"\"><\/p>\n<p>El Sr. Goldberg se gradu\u00f3 en la Universidad de South Carolina y en la Facultad de Derecho de la USC. Antes de incorporarse al Steinberg Law Firm de Broad Street en 1970, ejerci\u00f3 el derecho inmobiliario, civil y penal. Un luchador incansable por los derechos de sus clientes, practic\u00f3 la sucesi\u00f3n, la propiedad de los herederos y las lesiones personales con la firma durante m\u00e1s de 40 a\u00f1os. Fue presidente del Colegio de Abogados del Condado de Charleston, del Club de Abogados de Charleston y ocup\u00f3 puestos de liderazgo en muchas otras organizaciones profesionales. Como miembro de la firma ayud\u00f3 a establecer la Asociaci\u00f3n South Carolina para la Justicia y los defensores de los trabajadores lesionados para ayudar a preservar nuestra justicia civil y los sistemas de compensaci\u00f3n de los trabajadores.<\/p>\n<p>El Sr. Goldberg recordaba c\u00f3mo los abogados m\u00e1s veteranos y experimentados sol\u00edan reunirse en la farmacia Byars de la calle Broad todos los d\u00edas a las 10 de la ma\u00f1ana para discutir casos y dar consejos a los j\u00f3venes abogados. Junto con el juez Duffy y la Divisi\u00f3n de J\u00f3venes Abogados del Colegio de Abogados, el Sr. Goldberg ayud\u00f3 a organizar y poner en marcha un programa llamado Bridging Broad Street para orientar a los j\u00f3venes abogados que acababan de empezar. El Sr. Goldberg era un elemento fijo en Broad Street, admirado por jueces y abogados por igual. Era un verdadero caballero de la abogac\u00eda dispuesto a dar su tiempo y talento para ayudar a un cliente o a un colega abogado que lo necesitara. Incluso los abogados a los que se opuso en los tribunales alabaron su habilidad legal, su integridad y su profesionalidad.<\/p>\n<p>El Sr. Goldberg no s\u00f3lo sirvi\u00f3 a su profesi\u00f3n, sino tambi\u00e9n a nuestra comunidad. Fue presidente de la Comisi\u00f3n de Planificaci\u00f3n y Zonificaci\u00f3n de la ciudad, nombrado por el alcalde Riley, presidente del Centro Comunitario Jud\u00edo, de la Sinagoga Emanu-El, de la Sociedad Hebrea de Hu\u00e9rfanos, de la Logia Dan y de B'nai Brith. Su vida personific\u00f3 la exigencia de hacer justicia, amar la misericordia y caminar humildemente con tu Dios. Se suele decir que el Sr. Goldberg siempre mostr\u00f3 la debida consideraci\u00f3n y respeto por los sentimientos, deseos, derechos o tradiciones de los dem\u00e1s.<\/p>\n<p>Su familia, sus amigos y sus colegas acababan inevitablemente comentando su entra\u00f1able sentido del humor y su ingenio. Le encantaba un buen chiste o, mejor a\u00fan, una buena historia. Era un \u00e1vido aficionado a los deportes de los Gamecock y del College of Charleston, y nada le gustaba m\u00e1s que repetir el \u00faltimo partido con los amigos y compa\u00f1eros que se encontraba por la calle. Ten\u00eda el don de hacer sonre\u00edr y re\u00edr a los que se encontraba. Como coment\u00f3 un viejo amigo: \"Es apropiado que Charlie sea enterrado el d\u00eda de San Valent\u00edn, ya que nunca ha existido un hombre m\u00e1s dulce\".<\/p>\n<p>Los servicios funerarios se llevar\u00e1n a cabo en la Sinagoga Emanu-El, 5, Windsor Drive, Charleston, South Carolina el 14 de febrero de 2019 a las 13:30. El entierro ser\u00e1 inmediatamente despu\u00e9s en el Cementerio Emanu-El (Maryville). Se pueden hacer donaciones a la Sinagoga Emanu-El.<\/p>\n\t\t\t\t<img loading=\"lazy\" decoding=\"async\" src=\"https:\/\/www.steinberglawfirm.com\/wp-content\/uploads\/2019\/02\/Charles-S.-Goldberg-1.png\" alt=\"Charles S. Goldberg\" itemprop=\"image\" height=\"480\" width=\"672\" title=\"Charles S. Goldberg\" onerror=\"this.style.display='none'\"  \/>","protected":false},"excerpt":{"rendered":"<p>OBTENGA UNA CONSULTA GRATIS Charles S. Goldberg, Esq. 1933-2019 El bufete de abogados Steinberg se entristece al anunciar el fallecimiento de nuestro socio, nuestro amigo y nuestro mentor, Charles S. Goldberg, Esquire, el 13 de febrero de 2019. Aport\u00f3 dignidad y gracia al pa\u00eds, la comunidad y la profesi\u00f3n que am\u00f3 y sirvi\u00f3 durante toda su vida. Nacido en...<\/p>","protected":false},"author":1,"featured_media":18967,"parent":9002,"menu_order":0,"comment_status":"closed","ping_status":"closed","template":"","meta":{"_acf_changed":false,"footnotes":""},"class_list":["post-9008","page","type-page","status-publish","has-post-thumbnail","hentry"],"acf":[],"_links":{"self":[{"href":"https:\/\/steinberglawfirm-staging.clmcloud.app\/es\/wp-json\/wp\/v2\/pages\/9008"}],"collection":[{"href":"https:\/\/steinberglawfirm-staging.clmcloud.app\/es\/wp-json\/wp\/v2\/pages"}],"about":[{"href":"https:\/\/steinberglawfirm-staging.clmcloud.app\/es\/wp-json\/wp\/v2\/types\/page"}],"author":[{"embeddable":true,"href":"https:\/\/steinberglawfirm-staging.clmcloud.app\/es\/wp-json\/wp\/v2\/users\/1"}],"replies":[{"embeddable":true,"href":"https:\/\/steinberglawfirm-staging.clmcloud.app\/es\/wp-json\/wp\/v2\/comments?post=9008"}],"version-history":[{"count":6,"href":"https:\/\/steinberglawfirm-staging.clmcloud.app\/es\/wp-json\/wp\/v2\/pages\/9008\/revisions"}],"predecessor-version":[{"id":24288,"href":"https:\/\/steinberglawfirm-staging.clmcloud.app\/es\/wp-json\/wp\/v2\/pages\/9008\/revisions\/24288"}],"up":[{"embeddable":true,"href":"https:\/\/steinberglawfirm-staging.clmcloud.app\/es\/wp-json\/wp\/v2\/pages\/9002"}],"wp:featuredmedia":[{"embeddable":true,"href":"https:\/\/steinberglawfirm-staging.clmcloud.app\/es\/wp-json\/wp\/v2\/media\/18967"}],"wp:attachment":[{"href":"https:\/\/steinberglawfirm-staging.clmcloud.app\/es\/wp-json\/wp\/v2\/media?parent=9008"}],"curies":[{"name":"wp","href":"https:\/\/api.w.org\/{rel}","templated":true}]}}