{"id":9002,"date":"2019-02-14T16:01:07","date_gmt":"2019-02-14T16:01:07","guid":{"rendered":"https:\/\/www.steinberglawfirm.com\/?page_id=9002"},"modified":"2022-05-06T20:06:54","modified_gmt":"2022-05-06T20:06:54","slug":"tributes-to-our-former-leaders","status":"publish","type":"page","link":"https:\/\/steinberglawfirm-staging.clmcloud.app\/es\/el-legado-de-steinberg\/homenajes-a-nuestros-antiguos-lideres\/","title":{"rendered":"Homenaje a nuestros antiguos dirigentes"},"content":{"rendered":"<a href=\"\/es\/contact\/\" target=\"_self\" role=\"button\" rel=\"noopener\">\n\t\t\t\t\t\t\tOBTENGA UNA CONSULTA GRATUITA\n\t\t\t\t\t<\/a>\n\t<h1>\n\t\t\t\tHomenaje a nuestros antiguos dirigentes\n\t\t\t<\/h1>\n\t\t\t\t<img decoding=\"async\" src=\"https:\/\/www.steinberglawfirm.com\/wp-content\/uploads\/2022\/04\/irving-steinberg.jpg\" alt=\"Irving Steinberg\" title=\"irving-steinberg\" itemprop=\"image\">\n\t\t\t<h3>Irving Steinberg<\/h3><h5>1901 &#8211; 1998<\/h5>\n\t\t\t\t<p>Irving Steinberg fund\u00f3 la Steinberg Law Firm en 1927. Como uno de los primeros abogados jud\u00edos de la Charleston, Steinberg experiment\u00f3 la discriminaci\u00f3n y esto le inspir\u00f3 para ayudar a otros grupos privados de derechos durante esa \u00e9poca: los afroamericanos y los trabajadores inmigrantes.<\/p>\n\t\t\t<a href=\"https:\/\/www.steinberglawfirm.com\/the-steinberg-legacy\/tributes-to-our-former-leaders\/inving-steinberg\/\" target=\"_self\" role=\"button\" label=\"Read More\" rel=\"noopener\">\t\t\t\t\t\t\tLeer m\u00e1s\t\t<\/a>\n\t\t\t\t<img decoding=\"async\" src=\"https:\/\/www.steinberglawfirm.com\/wp-content\/uploads\/2019\/02\/Charles-S.-Goldberg-1.png\" alt=\"Charles S. Goldberg\" title=\"Charles S. Goldberg\" itemprop=\"image\">\n\t\t\t<h3>Charles S. Goldberg, Esq.<\/h3><h5>1933-2019<\/h5>\n\t\t\t\t<p>Naci\u00f3 en Charleston el 16 de diciembre de 1933, hijo de George y Jeannette Goldberg.  Como estadounidense de primera generaci\u00f3n, nunca olvid\u00f3 lo que sus abuelos y padres tuvieron que soportar para llegar a los Estados Unidos.  Sirvi\u00f3 honorablemente a su pa\u00eds en el Ej\u00e9rcito de los Estados Unidos como Spec 4 durante la crisis del Muro de Berl\u00edn y m\u00e1s tarde como capit\u00e1n comisionado en el cuerpo JAG.<\/p>\n\t\t\t<a href=\"https:\/\/www.steinberglawfirm.com\/the-steinberg-legacy\/tributes-to-our-former-leaders\/charles-goldberg\/\" target=\"_self\" role=\"button\" aria-label=\"Leer m\u00e1s\" rel=\"noopener\">\n\t\t\t\t\t\t\tLeer m\u00e1s\n\t\t<\/a>\n\t\t\t\t<img decoding=\"async\" src=\"https:\/\/www.steinberglawfirm.com\/wp-content\/uploads\/2018\/03\/Hugo-Spitz.jpg\" alt=\"Juez Hugo Spitz Steinberg Law Firm Charleston South Carolina\" title=\"Juez Hugo Spitz Steinberg Law Firm Charleston South Carolina\" itemprop=\"image\">\n\t\t\t<h3>Juez Hugo Max Spitz<\/h3><h5>1927 &#8211; 2018<\/h5>\n\t\t\t\t<p>El juez Hugo Max Spitz ser\u00e1 recordado por muchas cosas por mucha gente, pero como socio fundador del Steinberg Law Firm, ser\u00e1 recordado por nosotros por ser un maestro y mentor. Los valores que nos inculc\u00f3 fueron representar con celo a nuestros clientes, honrar nuestra profesi\u00f3n y, lo m\u00e1s importante, devolver a nuestra comunidad.<\/p>\n\t\t\t<a href=\"https:\/\/www.steinberglawfirm.com\/the-steinberg-legacy\/tributes-to-our-former-leaders\/hugo-max-spitz\/\" target=\"_self\" role=\"button\" aria-label=\"Leer m\u00e1s\" rel=\"noopener\">\n\t\t\t\t\t\t\tLeer m\u00e1s\n\t\t<\/a>","protected":false},"excerpt":{"rendered":"<p>OBTENGA UNA CONSULTA GRATUITA Homenaje a nuestros antiguos l\u00edderes Irving Steinberg 1901 - 1998 Irving Steinberg fund\u00f3 Steinberg Law Firm en 1927. Como uno de los primeros abogados jud\u00edos en Charleston, Steinberg experiment\u00f3 la discriminaci\u00f3n y esto le inspir\u00f3 para ayudar a otros grupos privados de derechos durante ese tiempo: los afroamericanos y los trabajadores migrantes. Leer m\u00e1s Charles...<\/p>","protected":false},"author":1,"featured_media":18967,"parent":327,"menu_order":0,"comment_status":"closed","ping_status":"closed","template":"","meta":{"_acf_changed":false,"footnotes":""},"class_list":["post-9002","page","type-page","status-publish","has-post-thumbnail","hentry"],"acf":[],"_links":{"self":[{"href":"https:\/\/steinberglawfirm-staging.clmcloud.app\/es\/wp-json\/wp\/v2\/pages\/9002"}],"collection":[{"href":"https:\/\/steinberglawfirm-staging.clmcloud.app\/es\/wp-json\/wp\/v2\/pages"}],"about":[{"href":"https:\/\/steinberglawfirm-staging.clmcloud.app\/es\/wp-json\/wp\/v2\/types\/page"}],"author":[{"embeddable":true,"href":"https:\/\/steinberglawfirm-staging.clmcloud.app\/es\/wp-json\/wp\/v2\/users\/1"}],"replies":[{"embeddable":true,"href":"https:\/\/steinberglawfirm-staging.clmcloud.app\/es\/wp-json\/wp\/v2\/comments?post=9002"}],"version-history":[{"count":4,"href":"https:\/\/steinberglawfirm-staging.clmcloud.app\/es\/wp-json\/wp\/v2\/pages\/9002\/revisions"}],"predecessor-version":[{"id":21844,"href":"https:\/\/steinberglawfirm-staging.clmcloud.app\/es\/wp-json\/wp\/v2\/pages\/9002\/revisions\/21844"}],"up":[{"embeddable":true,"href":"https:\/\/steinberglawfirm-staging.clmcloud.app\/es\/wp-json\/wp\/v2\/pages\/327"}],"wp:featuredmedia":[{"embeddable":true,"href":"https:\/\/steinberglawfirm-staging.clmcloud.app\/es\/wp-json\/wp\/v2\/media\/18967"}],"wp:attachment":[{"href":"https:\/\/steinberglawfirm-staging.clmcloud.app\/es\/wp-json\/wp\/v2\/media?parent=9002"}],"curies":[{"name":"wp","href":"https:\/\/api.w.org\/{rel}","templated":true}]}}