{"id":90,"date":"2017-06-15T08:28:25","date_gmt":"2017-06-15T08:28:25","guid":{"rendered":"https:\/\/67.43.6.64\/~steinberglawfirm\/?page_id=90"},"modified":"2022-04-27T17:37:51","modified_gmt":"2022-04-27T17:37:51","slug":"community-involvement-in-the-lowcountry","status":"publish","type":"page","link":"https:\/\/steinberglawfirm-staging.clmcloud.app\/es\/participacion-comunitaria-en-los-paises-bajos\/","title":{"rendered":"Participaci\u00f3n comunitaria en el Lowcountry"},"content":{"rendered":"<h1 class=\"wp-block-heading\">\n\t\tParticipaci\u00f3n comunitaria en el Lowcountry\n\t<\/h1>\n\n\n\n<p>El Steinberg Law Firm ha proporcionado asistencia jur\u00eddica a las personas en gran Charleston y en todo South Carolina durante m\u00e1s de 95 a\u00f1os. Nos preocupamos profundamente por esta comunidad, y como tal, estamos orgullosos de haber tenido la oportunidad de ser voluntarios en nuestra comunidad a trav\u00e9s de organizaciones sin fines de lucro en Charleston. <\/p>\n\n\n\n<p>Creemos firmemente en la importancia de trabajar para fortalecer los cimientos de nuestra comunidad. Este compromiso ha sido un componente central del legado de nuestra firma en Charleston. Estamos orgullosos de ser miembros de la C\u00e1mara de Comercio de Charleston Metro y Lowcountry Local First. Si usted o un ser querido se ha lesionado en el trabajo o por la imprudencia o negligencia de otra parte, averig\u00fce lo que podemos hacer por usted hoy llamando al Steinberg Law Firm al 843-720-2800.<\/p>","protected":false},"excerpt":{"rendered":"<p>Participaci\u00f3n de la Comunidad en el Lowcountry The Steinberg Law Firm ha proporcionado asistencia jur\u00eddica a las personas en mayor Charleston y en todo South Carolina durante m\u00e1s de 95 a\u00f1os. Nos preocupamos profundamente por esta comunidad, y como tal, estamos orgullosos de haber tenido la oportunidad de ser voluntarios en nuestra comunidad a trav\u00e9s de organizaciones sin fines de lucro en Charleston. Estamos firmemente...<\/p>","protected":false},"author":1,"featured_media":35,"parent":0,"menu_order":0,"comment_status":"closed","ping_status":"closed","template":"","meta":{"_acf_changed":false,"footnotes":""},"class_list":["post-90","page","type-page","status-publish","has-post-thumbnail","hentry"],"acf":[],"_links":{"self":[{"href":"https:\/\/steinberglawfirm-staging.clmcloud.app\/es\/wp-json\/wp\/v2\/pages\/90"}],"collection":[{"href":"https:\/\/steinberglawfirm-staging.clmcloud.app\/es\/wp-json\/wp\/v2\/pages"}],"about":[{"href":"https:\/\/steinberglawfirm-staging.clmcloud.app\/es\/wp-json\/wp\/v2\/types\/page"}],"author":[{"embeddable":true,"href":"https:\/\/steinberglawfirm-staging.clmcloud.app\/es\/wp-json\/wp\/v2\/users\/1"}],"replies":[{"embeddable":true,"href":"https:\/\/steinberglawfirm-staging.clmcloud.app\/es\/wp-json\/wp\/v2\/comments?post=90"}],"version-history":[{"count":2,"href":"https:\/\/steinberglawfirm-staging.clmcloud.app\/es\/wp-json\/wp\/v2\/pages\/90\/revisions"}],"predecessor-version":[{"id":21273,"href":"https:\/\/steinberglawfirm-staging.clmcloud.app\/es\/wp-json\/wp\/v2\/pages\/90\/revisions\/21273"}],"wp:featuredmedia":[{"embeddable":true,"href":"https:\/\/steinberglawfirm-staging.clmcloud.app\/es\/wp-json\/wp\/v2\/media\/35"}],"wp:attachment":[{"href":"https:\/\/steinberglawfirm-staging.clmcloud.app\/es\/wp-json\/wp\/v2\/media?parent=90"}],"curies":[{"name":"wp","href":"https:\/\/api.w.org\/{rel}","templated":true}]}}