{"id":8993,"date":"2019-02-13T23:58:06","date_gmt":"2019-02-13T23:58:06","guid":{"rendered":"https:\/\/www.steinberglawfirm.com\/?page_id=8993"},"modified":"2019-12-13T00:53:07","modified_gmt":"2019-12-13T00:53:07","slug":"common-work-related-back-injuries-in-south-carolina","status":"publish","type":"page","link":"https:\/\/steinberglawfirm-staging.clmcloud.app\/es\/indemnizacion-de-los-trabajadores\/lesiones-dorsales-comunes-en-carolina-del-sur\/","title":{"rendered":"Lesiones de espalda comunes relacionadas con el trabajo en South Carolina"},"content":{"rendered":"<h1 class=\"wp-block-heading\">Lesiones de espalda comunes relacionadas con el trabajo en South Carolina<\/h1>\n\n\n\n<p>Uno de los peores tipos de lesiones laborales que puede sufrir un trabajador es una lesi\u00f3n de espalda. Este tipo de lesiones en la columna vertebral pueden ser causadas por muchas cosas. Adem\u00e1s, este tipo de lesiones pueden llegar a ser <a href=\"https:\/\/www.steinberglawfirm.com\/faq\/faq-workers-compensation\/what-does-total-disability-mean-under-south-carolinas-workers-compensation-law\/\" class=\"wpil_internal_link\" target=\"_blank\" rel=\"noopener\">totalmente debilitante e incapacitante.<\/a> A <a href=\"https:\/\/www.steinberglawfirm.com\/practice-areas\/serious-injury-cases\/\" class=\"wpil_internal_link\" target=\"_blank\" rel=\"noopener\">lesi\u00f3n medular grave<\/a> puede hacer que alguien necesite muchas cirug\u00edas y muchos meses de fisioterapia, todo ello sin efecto, dejando al trabajador totalmente incapacitado para el resto de su vida.<\/p>\n\n\n\n<a href=\"https:\/\/www.steinberglawfirm.com\/practice-areas\/workers-compensation\/workers-compensation-for-an-employee-who-suffers-a-back-injury-at-work\/\" class=\"wpil_internal_link\" target=\"_blank\" rel=\"noopener\"><p>Las lesiones de espalda afectan a m\u00e1s de 600.000 trabajadores<\/a> en Estados Unidos cada a\u00f1o. El coste de productividad para los empleados y los empresarios supera los $50 mil millones al a\u00f1o. A medida que la poblaci\u00f3n activa envejece, estas cifras aumentar\u00e1n sin duda. Tener una <a href=\"https:\/\/www.steinberglawfirm.com\/practice-areas\/serious-injury-cases\/\" class=\"wpil_internal_link\" target=\"_blank\" rel=\"noopener\">lesi\u00f3n grave de espalda relacionada con el trabajo<\/a> puede ser muy complejo y muy dif\u00edcil obtener la compensaci\u00f3n adecuada y justa que usted merece. Contar con un experimentado South Carolina <a href=\"https:\/\/www.steinberglawfirm.com\/practice-areas\/workers-compensation\/\" target=\"_blank\" rel=\"noopener\">abogado de compensaci\u00f3n de trabajadores<\/a> de su lado marcar\u00e1 la diferencia a la hora de garantizar un trato justo y equitativo.<\/p>\n\n\n\n<p><strong>Causas del dolor de espalda y las lesiones relacionadas con el trabajo<\/strong><\/p>\n\n\n\n<p>Hay miles de formas en las que un trabajador puede llegar a lesionarse la espalda. Cada a\u00f1o, <a href=\"https:\/\/www.steinberglawfirm.com\/practice-areas\/workers-compensation\/how-to-file-workers-compensation-claim-south-carolina\/\" class=\"wpil_internal_link\" target=\"_blank\" rel=\"noopener\">miles de trabajadores presentan reclamaciones de indemnizaci\u00f3n<\/a> a causa de las lesiones por levantamiento. No existe ninguna normativa federal que regule los requisitos para levantar objetos en el lugar de trabajo, por lo que cada empresario es responsable de elaborar sus propias directrices para proteger a los trabajadores de las lesiones. Sin embargo, existen <a href=\"https:\/\/www.steinberglawfirm.com\/faq\/faq-workers-compensation\/why-do-i-need-a-workers-compensation-lawyer-shouldnt-i-just-contact-the-insurance-company-by-myself\/\" class=\"wpil_internal_link\" target=\"_blank\" rel=\"noopener\">ciertas actividades que los abogados expertos en indemnizaciones laborales<\/a> ver todo el tiempo.   <\/p>\n\n\n\n<p>La causa m\u00e1s com\u00fan es el sobreesfuerzo debido a levantar algo demasiado pesado o torcer demasiado la espalda. Otra causa es tirar o empujar algo demasiado pesado. Algunos trabajadores se lesionan la espalda cuando levantan, tiran o empujan algo que no es pesado pero la posici\u00f3n del empleado en la acci\u00f3n es inadecuada, lo que provoca tensi\u00f3n y dolor. Algunos trabajadores se lesionan la espalda cuando se caen desde una altura, cayendo de espaldas, lo que les provoca roturas de huesos de la columna vertebral. Por \u00faltimo, otra forma en que un trabajador puede lesionarse la espalda es realizando una actividad con la espalda de forma repetida, como agacharse docenas de veces en un turno o tener que sentarse con una postura inadecuada durante todo un turno. A lo largo de muchos d\u00edas o semanas, esta actividad repetitiva puede causar da\u00f1os.<\/p>\n\n\n\n<p><a href=\"https:\/\/www.steinberglawfirm.com\/faq\/faq-workers-compensation\/what-are-some-of-the-most-common-work-related-injuries\/\" class=\"wpil_internal_link\" target=\"_blank\" rel=\"noopener\">Estas son algunas de las lesiones laborales m\u00e1s comunes:<\/a><\/p>\n\n\n\n<ul class=\"wp-block-list\"><li>Tensi\u00f3n en la parte media y baja de la espalda; <\/li><li>Hernias o protuberancias discales; <\/li><li>Fractura de v\u00e9rtebras u otras estructuras \u00f3seas; <\/li><li>Nervios pinzados; <\/li><li>Da\u00f1o en la m\u00e9dula espinal debido a cualquiera de los anteriores. <\/li><\/ul>\n\n\n\n<p><strong>Hernias de disco o protuberancias<\/strong><\/p>\n\n\n\n<p>La columna vertebral est\u00e1 compuesta por veinticuatro v\u00e9rtebras m\u00f3viles y nueve fijas. Entre cada v\u00e9rtebra m\u00f3vil hay una bolsa llena de l\u00edquido llamada disco. Los discos act\u00faan como amortiguadores, separando y amortiguando cada v\u00e9rtebra. Una hernia discal se refiere a un problema con un disco entre las v\u00e9rtebras individuales que se apilan para formar la columna vertebral. La m\u00e9dula espinal nerviosa central corre por el centro de estos huesos, que protegen la m\u00e9dula espinal. Cuando hay alg\u00fan tipo de lesi\u00f3n en la columna vertebral, estos discos pueden lesionarse y la parte l\u00edquida de su interior puede salirse. Una hernia discal se produce cuando el l\u00edquido atraviesa la pared del disco y presiona la m\u00e9dula espinal causando da\u00f1os. Un disco abultado es cuando la sustancia fluida no rompe realmente la pared del disco, sino que simplemente la presiona hacia fuera, presionando tambi\u00e9n la m\u00e9dula espinal, causando s\u00edntomas.<\/p>\n\n\n\n<p>Los s\u00edntomas que puede experimentar un trabajador lesionado cuando el disco presiona la m\u00e9dula espinal son dolor en las piernas o en los brazos, dependiendo del lugar de la columna donde se haya producido la lesi\u00f3n. El trabajador tambi\u00e9n puede experimentar hormigueo, entumecimiento y debilidad en los brazos o las piernas.  <\/p>\n\n\n\n<p> <strong>Tensi\u00f3n en la zona lumbar<\/strong><\/p>\n\n\n\n<p>Los tendones y los ligamentos son bandas de tejido fuerte unidas a los huesos y los m\u00fasculos que ayudan a mantener todo unido. Estas bandas son algo el\u00e1sticas y se mueven y estiran a medida que te mueves. Sin embargo, cuando la columna vertebral se estira demasiado o se lesiona de alguna manera, estos tendones y ligamentos pueden estirarse en exceso o incluso desgarrarse. Este tipo de lesi\u00f3n puede ser extremadamente dolorosa y puede limitar el movimiento de forma significativa.<\/p>\n\n\n\n<p>Las distensiones lumbares tambi\u00e9n pueden estar causadas por lesiones en los m\u00fasculos de la parte baja y media de la espalda. Al igual que los tendones y los ligamentos, los m\u00fasculos son muy flexibles y pueden estirarse y contraerse al moverse. Si se produce un sobreesfuerzo o un estiramiento excesivo de los m\u00fasculos, \u00e9stos pueden magullarse, estirarse demasiado e incluso desgarrarse. De nuevo, este tipo de lesi\u00f3n puede ser muy dolorosa y limitante.<\/p>\n\n\n\n<p>Los signos y s\u00edntomas de una distensi\u00f3n de la espalda pueden incluir:<\/p>\n\n\n\n<ul class=\"wp-block-list\"><li>Dolores musculares; <\/li><li>Dolor punzante o agudo; <\/li><li>Dolor que se irradia a la pierna; <\/li><li>Dolor que empeora al agacharse, levantar objetos, estar de pie o caminar; <\/li><li>Dolor que mejora al reclinarse. <\/li><\/ul>\n\n\n\n<p><strong>Fractura de v\u00e9rtebras<\/strong><\/p>\n\n\n\n<p>La fractura de una v\u00e9rtebra no suele producirse por un sobreesfuerzo o por levantar objetos pesados. Normalmente, una fractura en esta zona del cuerpo se debe a un traumatismo. Un traumatismo puede producirse al ser golpeado por algo pesado, como un cami\u00f3n o una carretilla elevadora. Adem\u00e1s, muchos trabajadores lesionados con v\u00e9rtebras fracturadas han sufrido una ca\u00edda grave.  Las microfracturas de v\u00e9rtebras tambi\u00e9n pueden ser <a href=\"https:\/\/www.steinberglawfirm.com\/practice-areas\/workers-compensation\/repetitive-motion-injuries-south-carolina\/\" class=\"wpil_internal_link\" target=\"_blank\" rel=\"noopener\">causada por el movimiento repetitivo.<\/a><\/p>\n\n\n\n<p><strong>Lesi\u00f3n medular<\/strong><\/p>\n\n\n\n<p>La columna vertebral rodea y protege la m\u00e9dula espinal. La m\u00e9dula espinal tiene miles de terminaciones nerviosas que env\u00edan mensajes entre el cerebro y el cuerpo. Una lesi\u00f3n de la m\u00e9dula espinal puede ser f\u00edsicamente devastadora y puede llevar a la par\u00e1lisis o incluso a la muerte. Una lesi\u00f3n de la m\u00e9dula espinal puede estar causada por muchos de los tipos de lesiones anteriores.<\/p>\n\n\n\n<p><strong>Tratamiento del dolor de espalda<\/strong><\/p>\n\n\n\n<p>Hay muchos tipos de tratamiento a los que puede someterse un trabajador lesionado en funci\u00f3n del tipo de lesi\u00f3n y su gravedad. El tratamiento de las lesiones de espalda en el trabajo va desde el m\u00e1s suave (aplicaci\u00f3n de compresas calientes y fr\u00edas), hasta el m\u00e1s extenso (cirug\u00eda como \u00faltimo recurso). El m\u00e9dico puede recomendar medicamentos para reducir el dolor y la inflamaci\u00f3n, como paracetamol, aspirina, ibuprofeno u otros antiinflamatorios no esteroideos (AINE).<br> <br>Para controlar el dolor intenso, es posible que le receten analg\u00e9sicos narc\u00f3ticos, como Vicodin, Percodan u otros medicamentos potentes. Los analg\u00e9sicos narc\u00f3ticos pueden tener efectos secundarios desagradables y deben manejarse con cuidado. El tratamiento adicional puede incluir cuidados quiropr\u00e1cticos, masajes, terapia de ultrasonidos y ba\u00f1eras de hidromasaje.<br> <br>La mayor\u00eda de los empleados lesionados quieren volver al trabajo lo antes posible. Sobrevivir con un salario parcial puede ser estresante y frustrante; sin embargo, no seguir el tratamiento prescrito o volver al trabajo antes de estar preparado puede retrasar su recuperaci\u00f3n.<br><\/p>\n\n\n\n<p><strong>Fusi\u00f3n espinal<\/strong><\/p>\n\n\n\n<p>Uno de los principales tipos de tratamiento para las lesiones graves de espalda es un procedimiento llamado fusi\u00f3n espinal. La fusi\u00f3n espinal es una cirug\u00eda para conectar permanentemente dos o m\u00e1s v\u00e9rtebras de la columna vertebral, eliminando el movimiento entre ellas.<br> <br>La fusi\u00f3n espinal implica t\u00e9cnicas dise\u00f1adas para imitar el proceso normal de curaci\u00f3n de los huesos rotos. Durante la fusi\u00f3n espinal, el cirujano coloca hueso o un material similar al hueso dentro del espacio entre dos v\u00e9rtebras de la columna. Pueden utilizarse placas met\u00e1licas, tornillos y varillas para mantener unidas las v\u00e9rtebras, de modo que puedan sanar en una unidad s\u00f3lida. El problema de este tipo de cirug\u00eda y proceso de curaci\u00f3n es que limita considerablemente la movilidad de la columna vertebral. La fusi\u00f3n espinal conecta permanentemente dos o m\u00e1s v\u00e9rtebras de la columna para mejorar la estabilidad, corregir una deformidad o reducir el dolor. Su m\u00e9dico puede recomendar la fusi\u00f3n espinal para tratar los siguientes problemas de la columna vertebral:<\/p>\n\n\n\n<ul class=\"wp-block-list\"><li><strong>V\u00e9rtebras rotas<\/strong>. No todas las v\u00e9rtebras rotas requieren una fusi\u00f3n espinal. Muchas se curan sin tratamiento. Pero si una v\u00e9rtebra rota hace que su columna vertebral sea inestable, puede ser necesaria la cirug\u00eda de fusi\u00f3n espinal. <\/li><\/ul>\n\n\n\n<ul class=\"wp-block-list\"><li><strong>Deformidades de la columna vertebral<\/strong>. La fusi\u00f3n espinal puede ayudar a corregir deformidades de la columna vertebral, como una curvatura lateral de la columna (escoliosis) o un redondeo anormal de la parte superior de la columna (cifosis). <\/li><\/ul>\n\n\n\n<ul class=\"wp-block-list\"><li><strong>Debilidad o inestabilidad de la columna vertebral<\/strong>. Su columna vertebral puede volverse inestable si hay un movimiento anormal o excesivo entre dos v\u00e9rtebras. Este es un efecto secundario com\u00fan de la artritis grave en la columna vertebral. La fusi\u00f3n espinal puede utilizarse para restablecer la estabilidad de la columna vertebral en estos casos. <\/li><\/ul>\n\n\n\n<ul class=\"wp-block-list\"><li><strong>Espondilolistesis<\/strong>. En este trastorno de la columna vertebral, una v\u00e9rtebra se desliza hacia delante y sobre la v\u00e9rtebra que est\u00e1 debajo. La fusi\u00f3n espinal puede ser necesaria para tratar la espondilolistesis si la afecci\u00f3n provoca un dolor de espalda intenso o un api\u00f1amiento de los nervios que produce dolor o entumecimiento en las piernas. <\/li><\/ul>\n\n\n\n<ul class=\"wp-block-list\"><li><strong>Hernia discal<\/strong>. La fusi\u00f3n espinal puede utilizarse para estabilizar la columna vertebral tras la extracci\u00f3n de un disco da\u00f1ado (hernia). <\/li><\/ul>\n\n\n\n<p><strong>\u00bfQu\u00e9 hacer ahora?<\/strong><\/p>\n\n\n\n<p>Contar con los abogados de indemnizaci\u00f3n de los trabajadores adecuados de su lado, luchando por sus derechos y las prestaciones que se merece, contribuir\u00e1 en gran medida a mantenerle a usted y a su familia a salvo y financieramente seguros.  Los trabajadores Charleston <a href=\"https:\/\/www.steinberglawfirm.com\/news\/steinberg-law-firm-named-best-in-state-for-workers-compensation-advocacy\/\" class=\"wpil_internal_link\" target=\"_blank\" rel=\"noopener\">abogados de indemnizaci\u00f3n en Steinberg Law Firm<\/a> han manejado miles de casos de compensaci\u00f3n de trabajadores de todas las formas y tama\u00f1os que tratan con todos los problemas posibles.  Perm\u00edtanos usar nuestra experiencia para ayudarlo en este momento problem\u00e1tico.<\/p>\n\n\n\n<p>Cuando uno se lesiona en el trabajo, a algunos empresarios no les gusta nada. No quieren que suban las primas de su seguro de accidentes de trabajo, lo que ocurre de vez en cuando cuando hay muchas lesiones laborales. A menudo, los empresarios intentan convencerte de que ni siquiera denuncies la lesi\u00f3n y la sufras. Estas pr\u00e1cticas sin escr\u00fapulos van en contra de las leyes de compensaci\u00f3n laboral de South Carolina. Estos empleadores y sus compa\u00f1\u00edas de seguros tienen un equipo de ajustadores, abogados e investigadores privados que trabajan d\u00eda y noche para pagarte lo menos posible o ni siquiera pagarte.<\/p>\n\n\n\n<p>Usted debe tener un equipo de abogados de compensaci\u00f3n de los trabajadores South Carolina altamente capacitados y altamente calificados de su lado. Los abogados y el personal de la Steinberg Law Firm le representar\u00e1 agresivamente todo el camino desde la llamada telef\u00f3nica inicial a la investigaci\u00f3n del accidente y asegurarse de que se les paga los beneficios que usted merece. Hay muchas cosas que haremos por usted para luchar y ganar su reclamaci\u00f3n:<\/p>\n\n\n\n<ul class=\"wp-block-list\"><li>Explicarle en t\u00e9rminos de sentido com\u00fan las leyes de accidentes de trabajo en South Carolina y qu\u00e9 tipos de prestaciones merece; <\/li><\/ul>\n\n\n\n<ul class=\"wp-block-list\"><li>Reunir toda la documentaci\u00f3n adecuada, como los informes de accidente\/lesi\u00f3n del empleador, los historiales m\u00e9dicos y las declaraciones de los testigos, antes de que redactemos y presentemos su reclamaci\u00f3n ante el juez de compensaci\u00f3n laboral; <\/li><\/ul>\n\n\n\n<ul class=\"wp-block-list\"><li>Determinaremos la cuant\u00eda de sus prestaciones salariales y le explicaremos la ley sobre c\u00f3mo se calculan sus prestaciones salariales semanales; <\/li><\/ul>\n\n\n\n<ul class=\"wp-block-list\"><li>Determinar si se le debe alg\u00fan salario perdido y, en caso afirmativo, cu\u00e1nto, junto con el c\u00e1lculo de los intereses correspondientes a los salarios atrasados; <\/li><\/ul>\n\n\n\n<ul class=\"wp-block-list\"><li>Prepararle para declarar en las audiencias ante el juez, si es necesario, junto con los testigos que sean necesarios para probar su reclamaci\u00f3n; <\/li><\/ul>\n\n\n\n<ul class=\"wp-block-list\"><li>Contratar y tomar las declaraciones de cualquier m\u00e9dico tratante o experto m\u00e9dico que sea necesario para demostrar que su incapacidad est\u00e1 relacionada con una lesi\u00f3n laboral demostrable; <\/li><\/ul>\n\n\n\n<ul class=\"wp-block-list\"><li>Aseg\u00farese de que se pagan todas las facturas m\u00e9dicas relacionadas con el trabajo, incluido el dinero para posibles tratamientos futuros que puedan ser necesarios; <\/li><\/ul>\n\n\n\n<ul class=\"wp-block-list\"><li>Cuando llegue el momento adecuado, negociar con la compa\u00f1\u00eda de seguros para obtener un acuerdo justo y honesto de su reclamaci\u00f3n para asegurarse de que se le compensa totalmente por sus facturas m\u00e9dicas y los salarios perdidos y la capacidad de ganancia perdida en el futuro; <\/li><\/ul>\n\n\n\n<ul class=\"wp-block-list\"><li>Si <a href=\"https:\/\/www.steinberglawfirm.com\/faq\/faq-workers-compensation\/what-happens-if-ive-been-hurt-on-the-job-and-im-permanently-disabled\/\" class=\"wpil_internal_link\" target=\"_blank\" rel=\"noopener\">su discapacidad es permanente,<\/a> asegur\u00e1ndose de que usted y su familia estar\u00e1n totalmente atendidos en el futuro. <\/li><\/ul>\n\n\n\n<p>Pero lo primero que tiene que hacer es llamarnos y concertar nuestra primera reuni\u00f3n para que podamos responder a sus preguntas y empezar a ayudarle a usted y a su familia. Si te has lesionado en el trabajo, lo mejor es que te pongas en contacto con los abogados de indemnizaci\u00f3n laboral del <a href=\"https:\/\/www.steinberglawfirm.com\/\" target=\"_blank\" rel=\"noopener\">Steinberg Law Firm<\/a>. Hemos ayudado a cientos de trabajadores lesionados a obtener los beneficios que merecen y hemos ayudado a protegerlos a ellos y a sus familias de la ruina financiera. Hay <a href=\"https:\/\/www.steinberglawfirm.com\/blog\/do-you-need-a-south-carolina-work-injury-attorney\/\" class=\"wpil_internal_link\" target=\"_blank\" rel=\"noopener\">no hay inconveniente en ponerse en contacto con nosotros para que le ayudemos con su reclamaci\u00f3n por accidente de trabajo.<\/a> <a href=\"https:\/\/www.steinberglawfirm.com\/free-consultation\/\" target=\"_blank\" rel=\"noopener\">La consulta inicial es gratuita.<\/a><\/p>","protected":false},"excerpt":{"rendered":"<p>Lesiones de espalda comunes relacionadas con el trabajo en South Carolina Uno de los peores tipos de lesiones laborales que puede sufrir un trabajador es una lesi\u00f3n de espalda. Este tipo de lesiones en la columna vertebral pueden ser causadas por muchas cosas. Adem\u00e1s, este tipo de lesiones pueden llegar a ser totalmente debilitantes e incapacitantes. Una lesi\u00f3n grave de la columna vertebral puede hacer que alguien...<\/p>","protected":false},"author":1,"featured_media":0,"parent":8874,"menu_order":0,"comment_status":"closed","ping_status":"closed","template":"","meta":{"_acf_changed":false,"footnotes":""},"class_list":["post-8993","page","type-page","status-publish","hentry"],"acf":[],"_links":{"self":[{"href":"https:\/\/steinberglawfirm-staging.clmcloud.app\/es\/wp-json\/wp\/v2\/pages\/8993"}],"collection":[{"href":"https:\/\/steinberglawfirm-staging.clmcloud.app\/es\/wp-json\/wp\/v2\/pages"}],"about":[{"href":"https:\/\/steinberglawfirm-staging.clmcloud.app\/es\/wp-json\/wp\/v2\/types\/page"}],"author":[{"embeddable":true,"href":"https:\/\/steinberglawfirm-staging.clmcloud.app\/es\/wp-json\/wp\/v2\/users\/1"}],"replies":[{"embeddable":true,"href":"https:\/\/steinberglawfirm-staging.clmcloud.app\/es\/wp-json\/wp\/v2\/comments?post=8993"}],"version-history":[{"count":0,"href":"https:\/\/steinberglawfirm-staging.clmcloud.app\/es\/wp-json\/wp\/v2\/pages\/8993\/revisions"}],"up":[{"embeddable":true,"href":"https:\/\/steinberglawfirm-staging.clmcloud.app\/es\/wp-json\/wp\/v2\/pages\/8874"}],"wp:attachment":[{"href":"https:\/\/steinberglawfirm-staging.clmcloud.app\/es\/wp-json\/wp\/v2\/media?parent=8993"}],"curies":[{"name":"wp","href":"https:\/\/api.w.org\/{rel}","templated":true}]}}