{"id":8983,"date":"2019-02-08T22:12:09","date_gmt":"2019-02-08T22:12:09","guid":{"rendered":"https:\/\/www.steinberglawfirm.com\/?page_id=8983"},"modified":"2022-04-13T22:13:05","modified_gmt":"2022-04-13T22:13:05","slug":"why-do-i-need-a-workers-compensation-lawyer-shouldnt-i-just-contact-the-insurance-company-by-myself","status":"publish","type":"page","link":"https:\/\/steinberglawfirm-staging.clmcloud.app\/es\/faq\/faq-indemnizacion-trabajadores\/por-que-necesito-un-abogado-de-indemnizacion-de-trabajadores-no-debo-simplemente-contactar-a-la-compania-de-seguros-por-mi-mismo\/","title":{"rendered":"\u00bfPor qu\u00e9 necesito un abogado especialista en accidentes de trabajo? \u00bfNo deber\u00eda contactar con la compa\u00f1\u00eda de seguros por m\u00ed mismo?"},"content":{"rendered":"<p>Contar con los abogados de compensaci\u00f3n de trabajadores adecuados de su lado, luchando por sus derechos y los beneficios que usted merece, ser\u00e1 de gran ayuda para mantenerlo a usted y a su familia a salvo y financieramente seguros. Los abogados de compensaci\u00f3n de trabajadores de Charleston han manejado miles de casos de compensaci\u00f3n de trabajadores que tratan todos los temas posibles. Perm\u00edtanos usar nuestra experiencia para ayudarlo en este momento problem\u00e1tico. <\/p>\n\n\n\n<p>Cuando uno se lesiona en el trabajo, a algunos empresarios no les gusta nada. No quieren que suban las primas de su seguro de accidentes de trabajo, lo que ocurre de vez en cuando cuando hay muchas lesiones laborales. A menudo, los empresarios intentan convencerte de que no denuncies la lesi\u00f3n y la sufras. Estas pr\u00e1cticas sin escr\u00fapulos van en contra de las leyes de compensaci\u00f3n laboral de South Carolina.<\/p>\n\n\n\n<p>Adem\u00e1s, estos empresarios y sus compa\u00f1\u00edas de seguros tienen un equipo de peritos, abogados e investigadores privados que trabajan d\u00eda y noche para pagarte lo menos posible o ni siquiera pagarte. <\/p>\n\n\n\n<figure class=\"wp-block-embed is-type-video is-provider-vimeo wp-block-embed-vimeo wp-embed-aspect-16-9 wp-has-aspect-ratio\"><div class=\"wp-block-embed__wrapper\">\n<iframe loading=\"lazy\" title=\"\u00bfSe ha lesionado en el trabajo y el seguro no lo ha tenido en cuenta? Consiga que el bufete le respalde\" src=\"https:\/\/player.vimeo.com\/video\/699214209?dnt=1&amp;app_id=122963\" width=\"500\" height=\"281\" frameborder=\"0\" allow=\"autoplay; fullscreen; picture-in-picture; clipboard-write\"><\/iframe>\n<\/div><\/figure>\n\n\n\n<p>Usted debe tener un equipo de abogados de compensaci\u00f3n de los trabajadores South Carolina altamente capacitados y altamente calificados de su lado. Los abogados y el personal de la Steinberg Law Firm le representar\u00e1 agresivamente todo el camino desde la llamada telef\u00f3nica inicial a la investigaci\u00f3n del accidente y asegurarse de que se les paga los beneficios que usted merece. Hay muchas cosas que haremos por usted para luchar y ganar su reclamaci\u00f3n: <\/p>\n\n\n\n<ul class=\"wp-block-list\"><li>Explicarle en t\u00e9rminos de sentido com\u00fan las leyes de accidentes de trabajo en South Carolina y qu\u00e9 tipos de prestaciones merece; <\/li><li>Reunir toda la documentaci\u00f3n adecuada, como los informes de accidente\/lesi\u00f3n del empleador, los historiales m\u00e9dicos y las declaraciones de los testigos, antes de que redactemos y presentemos su reclamaci\u00f3n ante el juez de compensaci\u00f3n laboral; <\/li><li>Determinaremos la cuant\u00eda de sus prestaciones salariales y le explicaremos la ley sobre c\u00f3mo se calculan sus prestaciones salariales semanales; <\/li><li>Determinar si se le debe alg\u00fan salario perdido y, en caso afirmativo, cu\u00e1nto, junto con el c\u00e1lculo de los intereses correspondientes a los salarios atrasados; <\/li><li>Prepararle para declarar en las audiencias ante el juez, si es necesario, junto con los testigos que sean necesarios para probar su reclamaci\u00f3n; <\/li><li>Contratar y tomar las declaraciones de cualquier m\u00e9dico tratante o experto m\u00e9dico que sea necesario para demostrar que su incapacidad est\u00e1 relacionada con una lesi\u00f3n laboral demostrable; <\/li><li>Aseg\u00farese de que se pagan todas las facturas m\u00e9dicas relacionadas con el trabajo, incluido el dinero para posibles tratamientos futuros que puedan ser necesarios; <\/li><li>Cuando llegue el momento adecuado, negociar con la compa\u00f1\u00eda de seguros para obtener un acuerdo justo y honesto de su reclamaci\u00f3n para asegurarse de que se le compensa totalmente por sus facturas m\u00e9dicas y los salarios perdidos y la capacidad de ganancia perdida en el futuro; <\/li><li>Si su incapacidad es permanente, asegurarse de que usted y su familia estar\u00e1n totalmente atendidos en el futuro. <\/li><\/ul>\n\n\n\n<p>Si te lesionas en el trabajo, lo mejor es que te pongas en contacto con el <a href=\"https:\/\/www.steinberglawfirm.com\/practice-areas\/workers-compensation\/\" target=\"_blank\" rel=\"noopener\">abogados especializados en indemnizaciones por accidentes de trabajo<\/a> en el <a href=\"https:\/\/www.steinberglawfirm.com\/\" target=\"_blank\" rel=\"noopener\">Steinberg Law Firm<\/a>. Hemos ayudado a cientos de trabajadores lesionados a obtener los beneficios que merecen y hemos ayudado a protegerlos a ellos y a sus familias de la ruina financiera. No hay ning\u00fan inconveniente en ponerse en contacto con nosotros para ayudarle con su reclamo de lesiones de trabajo. <a href=\"https:\/\/www.steinberglawfirm.com\/free-consultation\/\" target=\"_blank\" rel=\"noopener\">La consulta inicial es gratuita. <\/a><\/p>\n\n\n\n<h3>Otras preguntas frecuentes sobre la indemnizaci\u00f3n de los trabajadores:<\/h3>\n<ul class=\"list-pages-shortcode sibling-pages\"><li class=\"page_item page-item-7909\"><a href=\"https:\/\/steinberglawfirm-staging.clmcloud.app\/es\/faq\/faq-indemnizacion-trabajadores\/se-puede-compensar-por-perder-tiempo-de-trabajo\/\">\u00bfSe me puede compensar por faltar al trabajo?<\/a><\/li>\n<li class=\"page_item page-item-12368\"><a href=\"https:\/\/steinberglawfirm-staging.clmcloud.app\/es\/faq\/faq-indemnizacion-trabajadores\/se-puede-despedir-a-alguien-con-indemnizacion-laboral-en-carolina-del-sur\/\">\u00bfPueden despedirte mientras cobras la indemnizaci\u00f3n por accidente de trabajo en South Carolina?<\/a><\/li>\n<li class=\"page_item page-item-12207\"><a href=\"https:\/\/steinberglawfirm-staging.clmcloud.app\/es\/faq\/faq-indemnizacion-trabajadores\/puede-usted-demandar-a-su-empleador-en-carolina-del-sur\/\">\u00bfPuede demandar a su empleador en South Carolina?<\/a><\/li>\n<li class=\"page_item page-item-7897\"><a href=\"https:\/\/steinberglawfirm-staging.clmcloud.app\/es\/faq\/faq-indemnizacion-trabajadores\/debo-trabajar-si-mi-medico-aprueba-el-trabajo-ligero\/\">\u00bfTengo que trabajar si mi m\u00e9dico aprueba un trabajo \"ligero\"?<\/a><\/li>\n<li class=\"page_item page-item-8986\"><a href=\"https:\/\/steinberglawfirm-staging.clmcloud.app\/es\/faq\/faq-indemnizacion-trabajadores\/como-calcula-el-juez-de-indemnizacion-laboral-cuanto-dinero-se-recibe\/\">\u00bfC\u00f3mo calcula el juez de la indemnizaci\u00f3n por accidente de trabajo la cantidad de dinero que te corresponde?<\/a><\/li>\n<li class=\"page_item page-item-11945\"><a href=\"https:\/\/steinberglawfirm-staging.clmcloud.app\/es\/faq\/faq-indemnizacion-trabajadores\/como-funciona-la-indemnizacion-de-los-trabajadores-en-carolina-del-sur\/\">\u00bfC\u00f3mo funciona la indemnizaci\u00f3n por accidente de trabajo en South Carolina?<\/a><\/li>\n<li class=\"page_item page-item-7904\"><a href=\"https:\/\/steinberglawfirm-staging.clmcloud.app\/es\/faq\/faq-indemnizacion-trabajadores\/cuanto-dura-la-indemnizacion-de-los-trabajadores\/\">\u00bfCu\u00e1nto dura la indemnizaci\u00f3n por accidente de trabajo?<\/a><\/li>\n<li class=\"page_item page-item-11786\"><a href=\"https:\/\/steinberglawfirm-staging.clmcloud.app\/es\/faq\/faq-indemnizacion-trabajadores\/cuanto-cuesta-contratar-a-un-bufete-de-abogados-especializado-en-indemnizaciones-laborales\/\">\u00bfCu\u00e1nto cuesta contratar a un bufete de abogados especializados en indemnizaciones laborales?<\/a><\/li>\n<li class=\"page_item page-item-2214\"><a href=\"https:\/\/steinberglawfirm-staging.clmcloud.app\/es\/faq\/faq-indemnizacion-trabajadores\/was-injured-on-the-job-can-i-file-a-suit\/\">Me he lesionado en el trabajo. \u00bfPuedo presentar una demanda contra mi empleador?<\/a><\/li>\n<li class=\"page_item page-item-8971\"><a href=\"https:\/\/steinberglawfirm-staging.clmcloud.app\/es\/faq\/faq-indemnizacion-trabajadores\/cuales-son-las-lesiones-laborales-mas-comunes\/\">\u00bfCu\u00e1les son las lesiones m\u00e1s comunes relacionadas con el trabajo?<\/a><\/li>\n<li class=\"page_item page-item-13087\"><a href=\"https:\/\/steinberglawfirm-staging.clmcloud.app\/es\/faq\/faq-indemnizacion-trabajadores\/que-puede-descalificar-me-de-la-compensacion-de-trabajadores-de-carolina-del-sur\/\">\u00bfQu\u00e9 puede inhabilitarme para la indemnizaci\u00f3n por accidente de trabajo South Carolina?<\/a><\/li>\n<li class=\"page_item page-item-8978\"><a href=\"https:\/\/steinberglawfirm-staging.clmcloud.app\/es\/faq\/faq-indemnizacion-trabajadores\/que-significa-la-invalidez-parcial-bajo-la-ley-de-compensacion-de-trabajadores-de-carolinas-del-sur\/\">\u00bfQu\u00e9 significa la incapacidad parcial seg\u00fan la ley de indemnizaci\u00f3n de los trabajadores de South Carolina?<\/a><\/li>\n<li class=\"page_item page-item-8976\"><a href=\"https:\/\/steinberglawfirm-staging.clmcloud.app\/es\/faq\/faq-indemnizacion-trabajadores\/que-significa-la-invalidez-total-bajo-la-ley-de-compensacion-de-trabajadores-de-carolinas-sur\/\">\u00bfQu\u00e9 significa la incapacidad total seg\u00fan la ley de indemnizaci\u00f3n por accidente de trabajo de South Carolina?<\/a><\/li>\n<li class=\"page_item page-item-2918\"><a href=\"https:\/\/steinberglawfirm-staging.clmcloud.app\/es\/faq\/faq-indemnizacion-trabajadores\/que-pasaria-si-tuviera-una-herida-en-el-trabajo-y-tuviera-una-incapacidad-permanente\/\">\u00bfQu\u00e9 ocurre si me he lesionado en el trabajo y tengo una incapacidad permanente?<\/a><\/li>\n<li class=\"page_item page-item-2920\"><a href=\"https:\/\/steinberglawfirm-staging.clmcloud.app\/es\/faq\/faq-indemnizacion-trabajadores\/que-pasara-con-mi-trabajo-si-me-lesiono\/\">\u00bfQu\u00e9 pasa con mi trabajo si me he lesionado?<\/a><\/li>\n<li class=\"page_item page-item-2924\"><a href=\"https:\/\/steinberglawfirm-staging.clmcloud.app\/es\/faq\/faq-indemnizacion-trabajadores\/que-si-necesito-volver-a-trabajar-pero-mi-medico-no-lo-aprueba\/\">\u00bfY si necesito volver al trabajo, pero mi m\u00e9dico no lo ha aprobado?<\/a><\/li>\n<li class=\"page_item page-item-7917\"><a href=\"https:\/\/steinberglawfirm-staging.clmcloud.app\/es\/faq\/faq-indemnizacion-trabajadores\/que-si-ha-visto-a-mi-medico-de-compania-pero-quiere-una-segunda-opinion\/\">\u00bfQu\u00e9 pasa si he visto al m\u00e9dico de mi empresa pero quiero una segunda opini\u00f3n?<\/a><\/li>\n<li class=\"page_item page-item-8980\"><a href=\"https:\/\/steinberglawfirm-staging.clmcloud.app\/es\/faq\/faq-indemnizacion-trabajadores\/que-si-el-empleado-muere-por-un-trabajo-lesionado-que-tipo-de-prestaciones-obtiene-la-familia\/\">\u00bfQu\u00e9 ocurre si el empleado fallece a causa de un accidente laboral? \u00bfQu\u00e9 tipo de prestaciones recibe la familia?<\/a><\/li>\n<li class=\"page_item page-item-8983\"><a href=\"https:\/\/steinberglawfirm-staging.clmcloud.app\/es\/faq\/faq-indemnizacion-trabajadores\/por-que-necesito-un-abogado-de-indemnizacion-de-trabajadores-no-debo-simplemente-contactar-a-la-compania-de-seguros-por-mi-mismo\/\">\u00bfPor qu\u00e9 necesito un abogado especialista en accidentes de trabajo? \u00bfNo deber\u00eda contactar con la compa\u00f1\u00eda de seguros por m\u00ed mismo?<\/a><\/li>\n<\/ul>","protected":false},"excerpt":{"rendered":"<p>Contar con los abogados de compensaci\u00f3n de trabajadores adecuados de su lado, luchando por sus derechos y los beneficios que usted merece ser\u00e1 de gran ayuda para mantenerlo a usted y a su familia a salvo y financieramente seguro. Los abogados de compensaci\u00f3n de trabajadores de Charleston han manejado miles de casos de compensaci\u00f3n de trabajadores que tratan todos los temas posibles. Deje que...<\/p>","protected":false},"author":1,"featured_media":0,"parent":5530,"menu_order":0,"comment_status":"closed","ping_status":"closed","template":"","meta":{"_acf_changed":false,"footnotes":""},"class_list":["post-8983","page","type-page","status-publish","hentry"],"acf":[],"_links":{"self":[{"href":"https:\/\/steinberglawfirm-staging.clmcloud.app\/es\/wp-json\/wp\/v2\/pages\/8983"}],"collection":[{"href":"https:\/\/steinberglawfirm-staging.clmcloud.app\/es\/wp-json\/wp\/v2\/pages"}],"about":[{"href":"https:\/\/steinberglawfirm-staging.clmcloud.app\/es\/wp-json\/wp\/v2\/types\/page"}],"author":[{"embeddable":true,"href":"https:\/\/steinberglawfirm-staging.clmcloud.app\/es\/wp-json\/wp\/v2\/users\/1"}],"replies":[{"embeddable":true,"href":"https:\/\/steinberglawfirm-staging.clmcloud.app\/es\/wp-json\/wp\/v2\/comments?post=8983"}],"version-history":[{"count":1,"href":"https:\/\/steinberglawfirm-staging.clmcloud.app\/es\/wp-json\/wp\/v2\/pages\/8983\/revisions"}],"predecessor-version":[{"id":19760,"href":"https:\/\/steinberglawfirm-staging.clmcloud.app\/es\/wp-json\/wp\/v2\/pages\/8983\/revisions\/19760"}],"up":[{"embeddable":true,"href":"https:\/\/steinberglawfirm-staging.clmcloud.app\/es\/wp-json\/wp\/v2\/pages\/5530"}],"wp:attachment":[{"href":"https:\/\/steinberglawfirm-staging.clmcloud.app\/es\/wp-json\/wp\/v2\/media?parent=8983"}],"curies":[{"name":"wp","href":"https:\/\/api.w.org\/{rel}","templated":true}]}}