{"id":8980,"date":"2019-02-08T22:08:49","date_gmt":"2019-02-08T22:08:49","guid":{"rendered":"https:\/\/www.steinberglawfirm.com\/?page_id=8980"},"modified":"2019-02-08T22:08:52","modified_gmt":"2019-02-08T22:08:52","slug":"what-if-the-employee-dies-due-to-a-work-injury-what-kind-of-benefits-does-the-family-get","status":"publish","type":"page","link":"https:\/\/steinberglawfirm-staging.clmcloud.app\/es\/faq\/faq-indemnizacion-trabajadores\/que-si-el-empleado-muere-por-un-trabajo-lesionado-que-tipo-de-prestaciones-obtiene-la-familia\/","title":{"rendered":"\u00bfQu\u00e9 ocurre si el empleado fallece a causa de un accidente laboral? \u00bfQu\u00e9 tipo de prestaciones recibe la familia?"},"content":{"rendered":"<p><strong>Prestaciones por fallecimiento:<\/strong> Por desgracia, algunas lesiones laborales provocan la muerte de un trabajador. En estos casos, la familia del trabajador recibe una determinada cantidad de prestaciones por fallecimiento para compensar la p\u00e9rdida de ingresos de su familiar fallecido. En South Carolina, se presume de forma concluyente que los siguientes familiares son totalmente dependientes:<\/p>\n\n\n\n<ul class=\"wp-block-list\"><li>un c\u00f3nyuge; <\/li><li>un ni\u00f1o menor de 18 a\u00f1os; <\/li><li>un hijo menor de 23 a\u00f1os que sea estudiante a tiempo completo en una escuela acreditada; <\/li><li>un ni\u00f1o de cualquier edad que es incapaz de mantenerse por s\u00ed mismo debido a una discapacidad. <\/li><li>Otras personas tambi\u00e9n pueden ser consideradas como dependientes totales o parciales, pero s\u00f3lo si realmente depend\u00edan del trabajador para su sustento econ\u00f3mico al menos tres meses antes del accidente de trabajo. <\/li><\/ul>\n\n\n\n<p>Sin embargo, existe una limitaci\u00f3n para el pago de las prestaciones por fallecimiento. El fallecimiento debe producirse en los dos a\u00f1os siguientes al accidente de trabajo o, si el trabajador sufre una incapacidad total continuada, en los seis a\u00f1os siguientes al accidente de trabajo. Las prestaciones por fallecimiento se calculan de forma similar a otros tipos de prestaciones: dos tercios del salario medio semanal del trabajador fallecido (pero con el l\u00edmite del salario medio semanal m\u00e1ximo del Estado, que cambia cada a\u00f1o). Las prestaciones por fallecimiento se pagan en el siguiente orden de prioridad: <\/p>\n\n\n\n<ul class=\"wp-block-list\"><li><strong>Dependientes enteros<\/strong>: Si hay dependientes enteros, \u00e9stos comparten la prestaci\u00f3n semanal. Sin embargo, si hay un c\u00f3nyuge y dos o m\u00e1s hijos, el c\u00f3nyuge recibir\u00e1 al menos el 50% y los hijos se repartir\u00e1n el 50% restante.<\/li><li><strong>Dependientes parciales<\/strong>: Si no hay dependientes enteros, los dependientes parciales recibir\u00e1n prestaciones en proporci\u00f3n a lo que hayan dependido de los ingresos del trabajador. Si sobra algo de la prestaci\u00f3n, se destinar\u00e1 a los hijos no dependientes del trabajador o, si no los hay, a los padres no dependientes del trabajador.<\/li><li><strong>Hijos no dependientes: <\/strong>Si no hay dependientes totales o parciales, los hijos no dependientes del trabajador recibir\u00e1n la prestaci\u00f3n.<\/li><li><strong>Padres no dependientes: <\/strong>Si no hay personas a cargo o hijos no dependientes, los padres no dependientes del trabajador reciben la prestaci\u00f3n. <\/li><\/ul>\n\n\n\n<p>Las prestaciones por fallecimiento se pagan durante un m\u00e1ximo de 500 semanas a partir de la fecha del accidente. Las prestaciones para los hijos finalizan cuando cumplen 18 a\u00f1os o, si est\u00e1n matriculados a tiempo completo, cuando cumplen 23 a\u00f1os. Sin embargo, los hijos que son f\u00edsica o mentalmente incapaces de valerse por s\u00ed mismos seguir\u00e1n recibiendo las prestaciones durante las 500 semanas. Adem\u00e1s, la compa\u00f1\u00eda de seguros de accidentes de trabajo tendr\u00e1 que pagar hasta $12.000 por los gastos de funeral y entierro. <\/p>\n\n\n\n<p>Si te lesionas en el trabajo, lo mejor es que te pongas en contacto con el <a href=\"https:\/\/www.steinberglawfirm.com\/practice-areas\/workers-compensation\/\" target=\"_blank\" rel=\"noopener\">abogados especializados en indemnizaciones por accidentes de trabajo<\/a> en el <a href=\"https:\/\/www.steinberglawfirm.com\/\" target=\"_blank\" rel=\"noopener\">Steinberg Law Firm<\/a>. Hemos ayudado a cientos de trabajadores lesionados a obtener los beneficios que merecen y hemos ayudado a protegerlos a ellos y a sus familias de la ruina financiera. No hay ning\u00fan inconveniente en ponerse en contacto con nosotros para ayudarle con su reclamo de lesiones de trabajo. <a href=\"https:\/\/www.steinberglawfirm.com\/free-consultation\/\" target=\"_blank\" rel=\"noopener\">La consulta inicial es gratuita. <\/a><\/p>\n\n\n\n<h3>Otras preguntas frecuentes sobre lesiones en el lugar de trabajo:<\/h3>\n<ul class=\"list-pages-shortcode sibling-pages\"><li class=\"page_item page-item-7909\"><a href=\"https:\/\/steinberglawfirm-staging.clmcloud.app\/es\/faq\/faq-indemnizacion-trabajadores\/se-puede-compensar-por-perder-tiempo-de-trabajo\/\">\u00bfSe me puede compensar por faltar al trabajo?<\/a><\/li>\n<li class=\"page_item page-item-12368\"><a href=\"https:\/\/steinberglawfirm-staging.clmcloud.app\/es\/faq\/faq-indemnizacion-trabajadores\/se-puede-despedir-a-alguien-con-indemnizacion-laboral-en-carolina-del-sur\/\">\u00bfPueden despedirte mientras cobras la indemnizaci\u00f3n por accidente de trabajo en South Carolina?<\/a><\/li>\n<li class=\"page_item page-item-12207\"><a href=\"https:\/\/steinberglawfirm-staging.clmcloud.app\/es\/faq\/faq-indemnizacion-trabajadores\/puede-usted-demandar-a-su-empleador-en-carolina-del-sur\/\">\u00bfPuede demandar a su empleador en South Carolina?<\/a><\/li>\n<li class=\"page_item page-item-7897\"><a href=\"https:\/\/steinberglawfirm-staging.clmcloud.app\/es\/faq\/faq-indemnizacion-trabajadores\/debo-trabajar-si-mi-medico-aprueba-el-trabajo-ligero\/\">\u00bfTengo que trabajar si mi m\u00e9dico aprueba un trabajo \"ligero\"?<\/a><\/li>\n<li class=\"page_item page-item-8986\"><a href=\"https:\/\/steinberglawfirm-staging.clmcloud.app\/es\/faq\/faq-indemnizacion-trabajadores\/como-calcula-el-juez-de-indemnizacion-laboral-cuanto-dinero-se-recibe\/\">\u00bfC\u00f3mo calcula el juez de la indemnizaci\u00f3n por accidente de trabajo la cantidad de dinero que te corresponde?<\/a><\/li>\n<li class=\"page_item page-item-11945\"><a href=\"https:\/\/steinberglawfirm-staging.clmcloud.app\/es\/faq\/faq-indemnizacion-trabajadores\/como-funciona-la-indemnizacion-de-los-trabajadores-en-carolina-del-sur\/\">\u00bfC\u00f3mo funciona la indemnizaci\u00f3n por accidente de trabajo en South Carolina?<\/a><\/li>\n<li class=\"page_item page-item-7904\"><a href=\"https:\/\/steinberglawfirm-staging.clmcloud.app\/es\/faq\/faq-indemnizacion-trabajadores\/cuanto-dura-la-indemnizacion-de-los-trabajadores\/\">\u00bfCu\u00e1nto dura la indemnizaci\u00f3n por accidente de trabajo?<\/a><\/li>\n<li class=\"page_item page-item-11786\"><a href=\"https:\/\/steinberglawfirm-staging.clmcloud.app\/es\/faq\/faq-indemnizacion-trabajadores\/cuanto-cuesta-contratar-a-un-bufete-de-abogados-especializado-en-indemnizaciones-laborales\/\">\u00bfCu\u00e1nto cuesta contratar a un bufete de abogados especializados en indemnizaciones laborales?<\/a><\/li>\n<li class=\"page_item page-item-2214\"><a href=\"https:\/\/steinberglawfirm-staging.clmcloud.app\/es\/faq\/faq-indemnizacion-trabajadores\/was-injured-on-the-job-can-i-file-a-suit\/\">Me he lesionado en el trabajo. \u00bfPuedo presentar una demanda contra mi empleador?<\/a><\/li>\n<li class=\"page_item page-item-8971\"><a href=\"https:\/\/steinberglawfirm-staging.clmcloud.app\/es\/faq\/faq-indemnizacion-trabajadores\/cuales-son-las-lesiones-laborales-mas-comunes\/\">\u00bfCu\u00e1les son las lesiones m\u00e1s comunes relacionadas con el trabajo?<\/a><\/li>\n<li class=\"page_item page-item-13087\"><a href=\"https:\/\/steinberglawfirm-staging.clmcloud.app\/es\/faq\/faq-indemnizacion-trabajadores\/que-puede-descalificar-me-de-la-compensacion-de-trabajadores-de-carolina-del-sur\/\">\u00bfQu\u00e9 puede inhabilitarme para la indemnizaci\u00f3n por accidente de trabajo South Carolina?<\/a><\/li>\n<li class=\"page_item page-item-8978\"><a href=\"https:\/\/steinberglawfirm-staging.clmcloud.app\/es\/faq\/faq-indemnizacion-trabajadores\/que-significa-la-invalidez-parcial-bajo-la-ley-de-compensacion-de-trabajadores-de-carolinas-del-sur\/\">\u00bfQu\u00e9 significa la incapacidad parcial seg\u00fan la ley de indemnizaci\u00f3n de los trabajadores de South Carolina?<\/a><\/li>\n<li class=\"page_item page-item-8976\"><a href=\"https:\/\/steinberglawfirm-staging.clmcloud.app\/es\/faq\/faq-indemnizacion-trabajadores\/que-significa-la-invalidez-total-bajo-la-ley-de-compensacion-de-trabajadores-de-carolinas-sur\/\">\u00bfQu\u00e9 significa la incapacidad total seg\u00fan la ley de indemnizaci\u00f3n por accidente de trabajo de South Carolina?<\/a><\/li>\n<li class=\"page_item page-item-2918\"><a href=\"https:\/\/steinberglawfirm-staging.clmcloud.app\/es\/faq\/faq-indemnizacion-trabajadores\/que-pasaria-si-tuviera-una-herida-en-el-trabajo-y-tuviera-una-incapacidad-permanente\/\">\u00bfQu\u00e9 ocurre si me he lesionado en el trabajo y tengo una incapacidad permanente?<\/a><\/li>\n<li class=\"page_item page-item-2920\"><a href=\"https:\/\/steinberglawfirm-staging.clmcloud.app\/es\/faq\/faq-indemnizacion-trabajadores\/que-pasara-con-mi-trabajo-si-me-lesiono\/\">\u00bfQu\u00e9 pasa con mi trabajo si me he lesionado?<\/a><\/li>\n<li class=\"page_item page-item-2924\"><a href=\"https:\/\/steinberglawfirm-staging.clmcloud.app\/es\/faq\/faq-indemnizacion-trabajadores\/que-si-necesito-volver-a-trabajar-pero-mi-medico-no-lo-aprueba\/\">\u00bfY si necesito volver al trabajo, pero mi m\u00e9dico no lo ha aprobado?<\/a><\/li>\n<li class=\"page_item page-item-7917\"><a href=\"https:\/\/steinberglawfirm-staging.clmcloud.app\/es\/faq\/faq-indemnizacion-trabajadores\/que-si-ha-visto-a-mi-medico-de-compania-pero-quiere-una-segunda-opinion\/\">\u00bfQu\u00e9 pasa si he visto al m\u00e9dico de mi empresa pero quiero una segunda opini\u00f3n?<\/a><\/li>\n<li class=\"page_item page-item-8980\"><a href=\"https:\/\/steinberglawfirm-staging.clmcloud.app\/es\/faq\/faq-indemnizacion-trabajadores\/que-si-el-empleado-muere-por-un-trabajo-lesionado-que-tipo-de-prestaciones-obtiene-la-familia\/\">\u00bfQu\u00e9 ocurre si el empleado fallece a causa de un accidente laboral? \u00bfQu\u00e9 tipo de prestaciones recibe la familia?<\/a><\/li>\n<li class=\"page_item page-item-8983\"><a href=\"https:\/\/steinberglawfirm-staging.clmcloud.app\/es\/faq\/faq-indemnizacion-trabajadores\/por-que-necesito-un-abogado-de-indemnizacion-de-trabajadores-no-debo-simplemente-contactar-a-la-compania-de-seguros-por-mi-mismo\/\">\u00bfPor qu\u00e9 necesito un abogado especialista en accidentes de trabajo? \u00bfNo deber\u00eda contactar con la compa\u00f1\u00eda de seguros por m\u00ed mismo?<\/a><\/li>\n<\/ul>","protected":false},"excerpt":{"rendered":"<p>Prestaciones por fallecimiento: Desgraciadamente, algunas lesiones laborales provocan la muerte de un trabajador. En estos casos, la familia del trabajador recibe una determinada cantidad de prestaciones por fallecimiento para compensar la p\u00e9rdida de ingresos de su familiar fallecido. En el South Carolina, se presume de forma concluyente que los siguientes familiares son totalmente dependientes:...<\/p>","protected":false},"author":1,"featured_media":0,"parent":5530,"menu_order":0,"comment_status":"closed","ping_status":"closed","template":"","meta":{"_acf_changed":false,"footnotes":""},"class_list":["post-8980","page","type-page","status-publish","hentry"],"acf":[],"_links":{"self":[{"href":"https:\/\/steinberglawfirm-staging.clmcloud.app\/es\/wp-json\/wp\/v2\/pages\/8980"}],"collection":[{"href":"https:\/\/steinberglawfirm-staging.clmcloud.app\/es\/wp-json\/wp\/v2\/pages"}],"about":[{"href":"https:\/\/steinberglawfirm-staging.clmcloud.app\/es\/wp-json\/wp\/v2\/types\/page"}],"author":[{"embeddable":true,"href":"https:\/\/steinberglawfirm-staging.clmcloud.app\/es\/wp-json\/wp\/v2\/users\/1"}],"replies":[{"embeddable":true,"href":"https:\/\/steinberglawfirm-staging.clmcloud.app\/es\/wp-json\/wp\/v2\/comments?post=8980"}],"version-history":[{"count":0,"href":"https:\/\/steinberglawfirm-staging.clmcloud.app\/es\/wp-json\/wp\/v2\/pages\/8980\/revisions"}],"up":[{"embeddable":true,"href":"https:\/\/steinberglawfirm-staging.clmcloud.app\/es\/wp-json\/wp\/v2\/pages\/5530"}],"wp:attachment":[{"href":"https:\/\/steinberglawfirm-staging.clmcloud.app\/es\/wp-json\/wp\/v2\/media?parent=8980"}],"curies":[{"name":"wp","href":"https:\/\/api.w.org\/{rel}","templated":true}]}}