{"id":8978,"date":"2019-02-08T22:05:47","date_gmt":"2019-02-08T22:05:47","guid":{"rendered":"https:\/\/www.steinberglawfirm.com\/?page_id=8978"},"modified":"2019-02-08T22:05:50","modified_gmt":"2019-02-08T22:05:50","slug":"what-does-partial-disability-mean-under-south-carolinas-workers-compensation-law","status":"publish","type":"page","link":"https:\/\/steinberglawfirm-staging.clmcloud.app\/es\/faq\/faq-indemnizacion-trabajadores\/que-significa-la-invalidez-parcial-bajo-la-ley-de-compensacion-de-trabajadores-de-carolinas-del-sur\/","title":{"rendered":"\u00bfQu\u00e9 significa la incapacidad parcial seg\u00fan la ley de indemnizaci\u00f3n de los trabajadores de South Carolina?"},"content":{"rendered":"<p><strong>Incapacidad parcial<\/strong>: Esta categor\u00eda de prestaciones salariales depende de si la incapacidad parcial es temporal o permanente. Si su incapacidad parcial es de car\u00e1cter temporal, entonces puede recibir prestaciones salariales semanales de dos tercios de su salario medio semanal durante un m\u00e1ximo de 340 semanas (aproximadamente 6,5 a\u00f1os). Obviamente, si sus lesiones se recuperan y puede volver a trabajar sin restricciones, entonces sus prestaciones semanales cesar\u00e1n en cuanto vuelva a trabajar. En el caso de la incapacidad parcial permanente, algunas categor\u00edas de lesiones le conceder\u00e1n autom\u00e1ticamente una cantidad espec\u00edfica de semanas de prestaciones salariales, independientemente de que est\u00e9 o no de baja. Algunos ejemplos de prestaciones por incapacidad parcial permanente son:<\/p>\n\n\n\n<ul class=\"wp-block-list\"><li>65 semanas de pago por perder un pulgar <\/li><li>32 semanas para perder un dedo gordo del pie <\/li><li>10 semanas por perder cualquier otro dedo del pie <\/li><li>220 semanas por perder un brazo <\/li><li>195 semanas por perder una pierna <\/li><li>300 semanas para perder del 1 al 49 por ciento del uso de la espalda <\/li><li>140 semanas por perder la visi\u00f3n en un ojo (o perder el ojo) <\/li><\/ul>\n\n\n\n<p>Si te lesionas en el trabajo, lo mejor es que te pongas en contacto con el <a href=\"https:\/\/www.steinberglawfirm.com\/practice-areas\/workers-compensation\/\" target=\"_blank\" rel=\"noopener\">abogados especializados en indemnizaciones por accidentes de trabajo<\/a> en el <a href=\"https:\/\/www.steinberglawfirm.com\/\" target=\"_blank\" rel=\"noopener\">Steinberg Law Firm<\/a>. Hemos ayudado a cientos de trabajadores lesionados a obtener los beneficios que merecen y hemos ayudado a protegerlos a ellos y a sus familias de la ruina financiera. No hay ning\u00fan inconveniente en ponerse en contacto con nosotros para ayudarle con su reclamo de lesiones de trabajo. <a href=\"https:\/\/www.steinberglawfirm.com\/free-consultation\/\" target=\"_blank\" rel=\"noopener\">La consulta inicial es gratuita. <\/a><\/p>\n\n\n\n<h3>Otras preguntas frecuentes sobre la indemnizaci\u00f3n de los trabajadores:<\/h3>\n<ul class=\"list-pages-shortcode sibling-pages\"><li class=\"page_item page-item-7909\"><a href=\"https:\/\/steinberglawfirm-staging.clmcloud.app\/es\/faq\/faq-indemnizacion-trabajadores\/se-puede-compensar-por-perder-tiempo-de-trabajo\/\">\u00bfSe me puede compensar por faltar al trabajo?<\/a><\/li>\n<li class=\"page_item page-item-12368\"><a href=\"https:\/\/steinberglawfirm-staging.clmcloud.app\/es\/faq\/faq-indemnizacion-trabajadores\/se-puede-despedir-a-alguien-con-indemnizacion-laboral-en-carolina-del-sur\/\">\u00bfPueden despedirte mientras cobras la indemnizaci\u00f3n por accidente de trabajo en South Carolina?<\/a><\/li>\n<li class=\"page_item page-item-12207\"><a href=\"https:\/\/steinberglawfirm-staging.clmcloud.app\/es\/faq\/faq-indemnizacion-trabajadores\/puede-usted-demandar-a-su-empleador-en-carolina-del-sur\/\">\u00bfPuede demandar a su empleador en South Carolina?<\/a><\/li>\n<li class=\"page_item page-item-7897\"><a href=\"https:\/\/steinberglawfirm-staging.clmcloud.app\/es\/faq\/faq-indemnizacion-trabajadores\/debo-trabajar-si-mi-medico-aprueba-el-trabajo-ligero\/\">\u00bfTengo que trabajar si mi m\u00e9dico aprueba un trabajo \"ligero\"?<\/a><\/li>\n<li class=\"page_item page-item-8986\"><a href=\"https:\/\/steinberglawfirm-staging.clmcloud.app\/es\/faq\/faq-indemnizacion-trabajadores\/como-calcula-el-juez-de-indemnizacion-laboral-cuanto-dinero-se-recibe\/\">\u00bfC\u00f3mo calcula el juez de la indemnizaci\u00f3n por accidente de trabajo la cantidad de dinero que te corresponde?<\/a><\/li>\n<li class=\"page_item page-item-11945\"><a href=\"https:\/\/steinberglawfirm-staging.clmcloud.app\/es\/faq\/faq-indemnizacion-trabajadores\/como-funciona-la-indemnizacion-de-los-trabajadores-en-carolina-del-sur\/\">\u00bfC\u00f3mo funciona la indemnizaci\u00f3n por accidente de trabajo en South Carolina?<\/a><\/li>\n<li class=\"page_item page-item-7904\"><a href=\"https:\/\/steinberglawfirm-staging.clmcloud.app\/es\/faq\/faq-indemnizacion-trabajadores\/cuanto-dura-la-indemnizacion-de-los-trabajadores\/\">\u00bfCu\u00e1nto dura la indemnizaci\u00f3n por accidente de trabajo?<\/a><\/li>\n<li class=\"page_item page-item-11786\"><a href=\"https:\/\/steinberglawfirm-staging.clmcloud.app\/es\/faq\/faq-indemnizacion-trabajadores\/cuanto-cuesta-contratar-a-un-bufete-de-abogados-especializado-en-indemnizaciones-laborales\/\">\u00bfCu\u00e1nto cuesta contratar a un bufete de abogados especializados en indemnizaciones laborales?<\/a><\/li>\n<li class=\"page_item page-item-2214\"><a href=\"https:\/\/steinberglawfirm-staging.clmcloud.app\/es\/faq\/faq-indemnizacion-trabajadores\/was-injured-on-the-job-can-i-file-a-suit\/\">Me he lesionado en el trabajo. \u00bfPuedo presentar una demanda contra mi empleador?<\/a><\/li>\n<li class=\"page_item page-item-8971\"><a href=\"https:\/\/steinberglawfirm-staging.clmcloud.app\/es\/faq\/faq-indemnizacion-trabajadores\/cuales-son-las-lesiones-laborales-mas-comunes\/\">\u00bfCu\u00e1les son las lesiones m\u00e1s comunes relacionadas con el trabajo?<\/a><\/li>\n<li class=\"page_item page-item-13087\"><a href=\"https:\/\/steinberglawfirm-staging.clmcloud.app\/es\/faq\/faq-indemnizacion-trabajadores\/que-puede-descalificar-me-de-la-compensacion-de-trabajadores-de-carolina-del-sur\/\">\u00bfQu\u00e9 puede inhabilitarme para la indemnizaci\u00f3n por accidente de trabajo South Carolina?<\/a><\/li>\n<li class=\"page_item page-item-8978\"><a href=\"https:\/\/steinberglawfirm-staging.clmcloud.app\/es\/faq\/faq-indemnizacion-trabajadores\/que-significa-la-invalidez-parcial-bajo-la-ley-de-compensacion-de-trabajadores-de-carolinas-del-sur\/\">\u00bfQu\u00e9 significa la incapacidad parcial seg\u00fan la ley de indemnizaci\u00f3n de los trabajadores de South Carolina?<\/a><\/li>\n<li class=\"page_item page-item-8976\"><a href=\"https:\/\/steinberglawfirm-staging.clmcloud.app\/es\/faq\/faq-indemnizacion-trabajadores\/que-significa-la-invalidez-total-bajo-la-ley-de-compensacion-de-trabajadores-de-carolinas-sur\/\">\u00bfQu\u00e9 significa la incapacidad total seg\u00fan la ley de indemnizaci\u00f3n por accidente de trabajo de South Carolina?<\/a><\/li>\n<li class=\"page_item page-item-2918\"><a href=\"https:\/\/steinberglawfirm-staging.clmcloud.app\/es\/faq\/faq-indemnizacion-trabajadores\/que-pasaria-si-tuviera-una-herida-en-el-trabajo-y-tuviera-una-incapacidad-permanente\/\">\u00bfQu\u00e9 ocurre si me he lesionado en el trabajo y tengo una incapacidad permanente?<\/a><\/li>\n<li class=\"page_item page-item-2920\"><a href=\"https:\/\/steinberglawfirm-staging.clmcloud.app\/es\/faq\/faq-indemnizacion-trabajadores\/que-pasara-con-mi-trabajo-si-me-lesiono\/\">\u00bfQu\u00e9 pasa con mi trabajo si me he lesionado?<\/a><\/li>\n<li class=\"page_item page-item-2924\"><a href=\"https:\/\/steinberglawfirm-staging.clmcloud.app\/es\/faq\/faq-indemnizacion-trabajadores\/que-si-necesito-volver-a-trabajar-pero-mi-medico-no-lo-aprueba\/\">\u00bfY si necesito volver al trabajo, pero mi m\u00e9dico no lo ha aprobado?<\/a><\/li>\n<li class=\"page_item page-item-7917\"><a href=\"https:\/\/steinberglawfirm-staging.clmcloud.app\/es\/faq\/faq-indemnizacion-trabajadores\/que-si-ha-visto-a-mi-medico-de-compania-pero-quiere-una-segunda-opinion\/\">\u00bfQu\u00e9 pasa si he visto al m\u00e9dico de mi empresa pero quiero una segunda opini\u00f3n?<\/a><\/li>\n<li class=\"page_item page-item-8980\"><a href=\"https:\/\/steinberglawfirm-staging.clmcloud.app\/es\/faq\/faq-indemnizacion-trabajadores\/que-si-el-empleado-muere-por-un-trabajo-lesionado-que-tipo-de-prestaciones-obtiene-la-familia\/\">\u00bfQu\u00e9 ocurre si el empleado fallece a causa de un accidente laboral? \u00bfQu\u00e9 tipo de prestaciones recibe la familia?<\/a><\/li>\n<li class=\"page_item page-item-8983\"><a href=\"https:\/\/steinberglawfirm-staging.clmcloud.app\/es\/faq\/faq-indemnizacion-trabajadores\/por-que-necesito-un-abogado-de-indemnizacion-de-trabajadores-no-debo-simplemente-contactar-a-la-compania-de-seguros-por-mi-mismo\/\">\u00bfPor qu\u00e9 necesito un abogado especialista en accidentes de trabajo? \u00bfNo deber\u00eda contactar con la compa\u00f1\u00eda de seguros por m\u00ed mismo?<\/a><\/li>\n<\/ul>","protected":false},"excerpt":{"rendered":"<p>Incapacidad parcial: Esta categor\u00eda de prestaciones salariales viene dictada por el car\u00e1cter temporal o permanente de la incapacidad parcial. Si su incapacidad parcial es de car\u00e1cter temporal, entonces puede recibir prestaciones salariales semanales de dos tercios de su salario medio semanal durante un m\u00e1ximo de 340 semanas (aproximadamente 6,5 a\u00f1os). Obviamente, si sus lesiones se recuperan...<\/p>","protected":false},"author":1,"featured_media":0,"parent":5530,"menu_order":0,"comment_status":"closed","ping_status":"closed","template":"","meta":{"_acf_changed":false,"footnotes":""},"class_list":["post-8978","page","type-page","status-publish","hentry"],"acf":[],"_links":{"self":[{"href":"https:\/\/steinberglawfirm-staging.clmcloud.app\/es\/wp-json\/wp\/v2\/pages\/8978"}],"collection":[{"href":"https:\/\/steinberglawfirm-staging.clmcloud.app\/es\/wp-json\/wp\/v2\/pages"}],"about":[{"href":"https:\/\/steinberglawfirm-staging.clmcloud.app\/es\/wp-json\/wp\/v2\/types\/page"}],"author":[{"embeddable":true,"href":"https:\/\/steinberglawfirm-staging.clmcloud.app\/es\/wp-json\/wp\/v2\/users\/1"}],"replies":[{"embeddable":true,"href":"https:\/\/steinberglawfirm-staging.clmcloud.app\/es\/wp-json\/wp\/v2\/comments?post=8978"}],"version-history":[{"count":0,"href":"https:\/\/steinberglawfirm-staging.clmcloud.app\/es\/wp-json\/wp\/v2\/pages\/8978\/revisions"}],"up":[{"embeddable":true,"href":"https:\/\/steinberglawfirm-staging.clmcloud.app\/es\/wp-json\/wp\/v2\/pages\/5530"}],"wp:attachment":[{"href":"https:\/\/steinberglawfirm-staging.clmcloud.app\/es\/wp-json\/wp\/v2\/media?parent=8978"}],"curies":[{"name":"wp","href":"https:\/\/api.w.org\/{rel}","templated":true}]}}