{"id":8916,"date":"2019-01-31T00:48:28","date_gmt":"2019-01-31T00:48:28","guid":{"rendered":"https:\/\/www.steinberglawfirm.com\/?page_id=8916"},"modified":"2024-09-05T22:41:39","modified_gmt":"2024-09-05T22:41:39","slug":"thank-you-ppc","status":"publish","type":"page","link":"https:\/\/steinberglawfirm-staging.clmcloud.app\/es\/gracias-ppc\/","title":{"rendered":"Gracias"},"content":{"rendered":"<p><strong>Gracias. Su informaci\u00f3n ha sido enviada al Steinberg Law Firm.<\/strong><\/p>\n<p><strong><a href=\"https:\/\/www.steinberglawfirm.com\/\" target=\"_blank\" rel=\"noopener\">El Steinberg Law Firm<\/a><\/strong> ha proporcionado asistencia legal a las v\u00edctimas de lesiones en todo el South Carolina durante m\u00e1s de 95 a\u00f1os. Nuestros abogados son algunos de los mejores abogados de lesiones, compensaci\u00f3n de trabajadores y defectos de construcci\u00f3n en el estado. <\/p>\n<p>Por su descripci\u00f3n, ha vivido un acontecimiento importante. Lamentamos que est\u00e9 pasando por este calvario. Cuanto m\u00e1s compleja sea su situaci\u00f3n, m\u00e1s importante es que contrate a un abogado experimentado y de confianza. <strong>Alguien de nuestra empresa le llamar\u00e1 en breve <\/strong> para recabar m\u00e1s informaci\u00f3n y ayudar a determinar si podemos ayudarle. El <strong>la consulta inicial es totalmente confidencial y sin compromiso,<\/strong> y en <strong>sin coste alguno para usted<\/strong>. Usted no paga nada por adelantado para hablar con un abogado sobre su situaci\u00f3n legal y hay <strong>sin tasas<\/strong> hasta que consigamos una indemnizaci\u00f3n para usted. <\/p>\n<p><strong>Estamos disponibles 24\/7<\/strong>. Nuestro personal jur\u00eddico permanece a la espera para ayudarle. Para ponerse en contacto con nosotros inmediatamente, marque <strong>843-720-2800.<\/strong> Gracias de nuevo por enviar su informaci\u00f3n. Esperamos poder hablar con usted.<\/p>\nSinceramente,<br \/>\n<strong>El Steinberg Law Firm<\/strong>\n<p><img loading=\"lazy\" decoding=\"async\" src=\"https:\/\/www.steinberglawfirm.com\/wp-content\/uploads\/2022\/04\/Steinberg-Logo-300x59.png\" alt=\"Steinberg Law Firm LLC Logotipo\" width=\"300\" height=\"59\" title=\"\"><\/p>\n<p>&nbsp;<\/p>\n<p>&nbsp;<\/p>\n<p>&nbsp;<\/p>","protected":false},"excerpt":{"rendered":"<p>Gracias. Su informaci\u00f3n ha sido enviada al Steinberg Law Firm. The Steinberg Law Firm ha proporcionado asistencia legal a las v\u00edctimas de lesiones en todo South Carolina durante m\u00e1s de 95 a\u00f1os. Nuestros abogados son algunos de los mejores abogados de lesiones, compensaci\u00f3n de trabajadores y defectos de construcci\u00f3n en el estado. Por su descripci\u00f3n, usted ha experimentado un...<\/p>","protected":false},"author":1,"featured_media":19679,"parent":0,"menu_order":0,"comment_status":"closed","ping_status":"closed","template":"","meta":{"_acf_changed":false,"footnotes":""},"class_list":["post-8916","page","type-page","status-publish","has-post-thumbnail","hentry"],"acf":[],"_links":{"self":[{"href":"https:\/\/steinberglawfirm-staging.clmcloud.app\/es\/wp-json\/wp\/v2\/pages\/8916"}],"collection":[{"href":"https:\/\/steinberglawfirm-staging.clmcloud.app\/es\/wp-json\/wp\/v2\/pages"}],"about":[{"href":"https:\/\/steinberglawfirm-staging.clmcloud.app\/es\/wp-json\/wp\/v2\/types\/page"}],"author":[{"embeddable":true,"href":"https:\/\/steinberglawfirm-staging.clmcloud.app\/es\/wp-json\/wp\/v2\/users\/1"}],"replies":[{"embeddable":true,"href":"https:\/\/steinberglawfirm-staging.clmcloud.app\/es\/wp-json\/wp\/v2\/comments?post=8916"}],"version-history":[{"count":6,"href":"https:\/\/steinberglawfirm-staging.clmcloud.app\/es\/wp-json\/wp\/v2\/pages\/8916\/revisions"}],"predecessor-version":[{"id":31921,"href":"https:\/\/steinberglawfirm-staging.clmcloud.app\/es\/wp-json\/wp\/v2\/pages\/8916\/revisions\/31921"}],"wp:featuredmedia":[{"embeddable":true,"href":"https:\/\/steinberglawfirm-staging.clmcloud.app\/es\/wp-json\/wp\/v2\/media\/19679"}],"wp:attachment":[{"href":"https:\/\/steinberglawfirm-staging.clmcloud.app\/es\/wp-json\/wp\/v2\/media?parent=8916"}],"curies":[{"name":"wp","href":"https:\/\/api.w.org\/{rel}","templated":true}]}}