{"id":8870,"date":"2019-01-25T00:33:33","date_gmt":"2019-01-25T00:33:33","guid":{"rendered":"https:\/\/www.steinberglawfirm.com\/?page_id=8870"},"modified":"2022-04-20T23:30:48","modified_gmt":"2022-04-20T23:30:48","slug":"fatal-bus-accidents","status":"publish","type":"page","link":"https:\/\/steinberglawfirm-staging.clmcloud.app\/es\/lesiones-personales\/muerte-por-negligencia\/accidentes-de-autobus-mortales\/","title":{"rendered":"Accidentes de autob\u00fas mortales"},"content":{"rendered":"<h1 class=\"wp-block-heading\">Charleston Abogado de accidentes de autob\u00fas mortales<\/h1>\n\n\n\n<div style=\"height:15px\" aria-hidden=\"true\" class=\"wp-block-spacer\"><\/div>\n\n\n\n<p>Aunque los autobuses se consideran extremadamente seguros, siguen contando con varias v\u00edctimas mortales cada a\u00f1o. Hay grandes expectativas en torno a los conductores de autobuses, tanto en las empresas p\u00fablicas como en las privadas. Sin embargo, este nivel de cuidado esperado no siempre se cumple. Si su ser querido fue una v\u00edctima en un accidente de autob\u00fas fatal, usted puede sentirse conmocionado y molesto. Aunque su p\u00e9rdida nunca podr\u00e1 ser devuelta en su totalidad, puede tener derecho a una indemnizaci\u00f3n por parte de la compa\u00f1\u00eda de autobuses. <a href=\"https:\/\/www.steinberglawfirm.com\/free-consultation\/\" target=\"_blank\" rel=\"noopener\">P\u00f3ngase en contacto con el experto equipo de abogados de Steinberg Law Firm hoy mismo para una consulta gratuita<\/a> para comprender mejor su situaci\u00f3n. Nos comprometemos a luchar por la indemnizaci\u00f3n que se merece.<\/p>\n\n\n\n<p>Los autobuses est\u00e1n sujetos a la ley de transporte com\u00fan, ya que ofrecen el transporte de personas como su negocio. El nivel de atenci\u00f3n que se espera de ellos es alto porque el p\u00fablico en general conf\u00eda en su seguridad y paga por su transporte, <a class=\"wpil_internal_link\" href=\"https:\/\/www.steinberglawfirm.com\/blog\/are-south-carolina-s-school-buses-safe\/\" target=\"_blank\" rel=\"noopener\">especialmente en el caso de los autobuses escolares.<\/a> Si un conductor de autob\u00fas incumple su expectativa de atenci\u00f3n a los pasajeros del autob\u00fas, se considera negligencia. Si una persona muere debido a esta negligencia, la familia de la v\u00edctima puede tener derecho a una indemnizaci\u00f3n.<\/p>\n\n\n\n<p>Existe un periodo de tiempo espec\u00edfico, denominado plazo de prescripci\u00f3n, en el que se debe presentar una reclamaci\u00f3n contra el conductor del autob\u00fas o la empresa. Se aplican otras normas cuando los ni\u00f1os menores o las personas con discapacidades resultan heridos o muertos como consecuencia de un accidente de autob\u00fas. Se aconseja contactar con un abogado con experiencia para tener un conocimiento completo de las leyes y circunstancias que rodean la muerte de su ser querido.  <\/p>\n\n\n\n<p>Hay muchos factores diferentes que pueden causar un accidente de autob\u00fas. Los instigadores m\u00e1s comunes incluyen:<\/p>\n\n\n\n<ul class=\"wp-block-list\"><li><strong>Infracciones de tr\u00e1fico. <\/strong>Si un conductor de autob\u00fas viol\u00f3 una ley de tr\u00e1fico, puede ser considerado responsable de un accidente de autob\u00fas. Las infracciones pueden incluir no se\u00f1alar al cambiar de carril, conducir por el lado equivocado de la carretera y salirse de la carretera.  <\/li><li><strong>El estado de las carreteras. <\/strong>Tanto las condiciones naturales como las provocadas por el hombre pueden hacer que las carreteras sean inseguras, incluyendo el clima y la construcci\u00f3n. El gobierno puede ser considerado responsable si un accidente es causado por la falta de mantenimiento de la carretera.  <\/li><li><strong>Negligencia del conductor. <\/strong>La negligencia de los conductores de autob\u00fas tambi\u00e9n puede causar accidentes. Esto puede incluir distracciones comunes como hablar con un pasajero, el agotamiento o la conducci\u00f3n bajo la influencia.  <\/li><li><strong>Fallo del techo. <\/strong>Un techo fuerte es extremadamente importante para un autob\u00fas en caso de accidente de vuelco. El gobierno federal tiene ahora requisitos en torno a la estructura de los techos de los autobuses.  <\/li><\/ul>\n\n\n\n<p>Si su ser querido falleci\u00f3 en un accidente de autob\u00fas y no hubo negligencia, usted puede tener derecho a ciertas indemnizaciones. Las recuperaciones financieras y emocionales pueden incluir:<\/p>\n\n\n\n<ul class=\"wp-block-list\"><li><strong>Facturas m\u00e9dicas anteriores. <\/strong>Las facturas m\u00e9dicas pueden resultar muy gravosas desde el punto de vista financiero y emocional. La indemnizaci\u00f3n por accidente puede cubrir las facturas m\u00e9dicas que se produjeron antes de que su ser querido falleciera.  <\/li><li><strong>Dolor y sufrimiento. <\/strong>Su sufrimiento nos importa. Puede recibir una compensaci\u00f3n por su dolor y sufrimiento y por su perjuicio emocional. <\/li><li><strong>P\u00e9rdida de compa\u00f1\u00eda.<\/strong> Entendemos que nada puede sustituir a su compa\u00f1\u00eda. La indemnizaci\u00f3n puede ayudarle en su camino hacia la recuperaci\u00f3n emocional. <\/li><li><strong>P\u00e9rdida de apoyo financiero. <\/strong>Si usted depend\u00eda de la ayuda econ\u00f3mica de su ser querido, es posible que pueda recibir una indemnizaci\u00f3n por los salarios futuros que se perdieron como consecuencia del fallecimiento de su ser querido. <\/li><\/ul>\n\n\n\n<p>Hay muchas razones por las que puede querer ponerse en contacto con un <a href=\"https:\/\/www.steinberglawfirm.com\/practice-areas\/wrongful-death\/\" target=\"_blank\" rel=\"noopener\">abogado de muerte por negligencia<\/a> en <a href=\"https:\/\/www.steinberglawfirm.com\/\" target=\"_blank\" rel=\"noopener\">Steinberg Law Firm<\/a>. Por ejemplo, si la compa\u00f1\u00eda de seguros est\u00e1 retrasando la liquidaci\u00f3n, si la empresa o el conductor negligente no est\u00e1n asegurados o si las p\u00e9rdidas econ\u00f3micas a\u00fan no han sido reembolsadas. <a href=\"https:\/\/www.steinberglawfirm.com\/contact-us\/\" target=\"_blank\" rel=\"noopener\">P\u00f3ngase en contacto con Steinberg Law Firm hoy mismo<\/a> para obtener el mejor asesoramiento legal en caso de muerte por negligencia.  <\/p>","protected":false},"excerpt":{"rendered":"<p>Charleston Abogado de Accidentes de Autob\u00fas Fatales Aunque los autobuses se consideran extremadamente seguros, todav\u00eda cuentan con varias muertes cada a\u00f1o. Hay altas expectativas que rodean a los conductores de autobuses para las corporaciones p\u00fablicas y privadas por igual. Sin embargo, este nivel de cuidado esperado no siempre se cumple. Si su ser querido fue una v\u00edctima en un accidente de autob\u00fas fatal, usted puede...<\/p>","protected":false},"author":1,"featured_media":20434,"parent":177,"menu_order":0,"comment_status":"closed","ping_status":"closed","template":"","meta":{"_acf_changed":false,"footnotes":""},"class_list":["post-8870","page","type-page","status-publish","has-post-thumbnail","hentry"],"acf":[],"_links":{"self":[{"href":"https:\/\/steinberglawfirm-staging.clmcloud.app\/es\/wp-json\/wp\/v2\/pages\/8870"}],"collection":[{"href":"https:\/\/steinberglawfirm-staging.clmcloud.app\/es\/wp-json\/wp\/v2\/pages"}],"about":[{"href":"https:\/\/steinberglawfirm-staging.clmcloud.app\/es\/wp-json\/wp\/v2\/types\/page"}],"author":[{"embeddable":true,"href":"https:\/\/steinberglawfirm-staging.clmcloud.app\/es\/wp-json\/wp\/v2\/users\/1"}],"replies":[{"embeddable":true,"href":"https:\/\/steinberglawfirm-staging.clmcloud.app\/es\/wp-json\/wp\/v2\/comments?post=8870"}],"version-history":[{"count":2,"href":"https:\/\/steinberglawfirm-staging.clmcloud.app\/es\/wp-json\/wp\/v2\/pages\/8870\/revisions"}],"predecessor-version":[{"id":20504,"href":"https:\/\/steinberglawfirm-staging.clmcloud.app\/es\/wp-json\/wp\/v2\/pages\/8870\/revisions\/20504"}],"up":[{"embeddable":true,"href":"https:\/\/steinberglawfirm-staging.clmcloud.app\/es\/wp-json\/wp\/v2\/pages\/177"}],"wp:featuredmedia":[{"embeddable":true,"href":"https:\/\/steinberglawfirm-staging.clmcloud.app\/es\/wp-json\/wp\/v2\/media\/20434"}],"wp:attachment":[{"href":"https:\/\/steinberglawfirm-staging.clmcloud.app\/es\/wp-json\/wp\/v2\/media?parent=8870"}],"curies":[{"name":"wp","href":"https:\/\/api.w.org\/{rel}","templated":true}]}}