{"id":8822,"date":"2019-01-25T00:29:55","date_gmt":"2019-01-25T00:29:55","guid":{"rendered":"https:\/\/www.steinberglawfirm.com\/?page_id=8822"},"modified":"2022-05-12T20:19:08","modified_gmt":"2022-05-12T20:19:08","slug":"fatal-pedestrian-accidents","status":"publish","type":"page","link":"https:\/\/steinberglawfirm-staging.clmcloud.app\/es\/lesiones-personales\/muerte-por-negligencia\/accidentes-mortales-de-peatones\/","title":{"rendered":"Accidentes mortales de peatones"},"content":{"rendered":"<h1 class=\"wp-block-heading\"><strong>Charleston, South Carolina Abogado de accidentes mortales de peatones<\/strong><\/h1>\n\n\n\n<div style=\"height:15px\" aria-hidden=\"true\" class=\"wp-block-spacer\"><\/div>\n\n\n\n<p>Los peatones son los usuarios m\u00e1s vulnerables de la carretera. Si un <a href=\"https:\/\/www.steinberglawfirm.com\/personal-injury\/auto-accidents\/pedestrian-accident\/\" target=\"_blank\" rel=\"noopener\">un peat\u00f3n es atropellado por un veh\u00edculo<\/a> o bicicleta es muy probable que sufran alg\u00fan tipo de lesi\u00f3n. Las lesiones graves pueden incluir traumatismos cerebrales, fracturas \u00f3seas,<a class=\"wpil_internal_link\" href=\"https:\/\/www.steinberglawfirm.com\/practice-areas\/serious-injury-cases\/\" target=\"_blank\" rel=\"noopener\"> y da\u00f1os en los \u00f3rganos internos.<\/a> En 2016, <a class=\"wpil_internal_link\" href=\"https:\/\/www.steinberglawfirm.com\/blog\/pedestrian-deaths-rise-in-south-carolina\/\" target=\"_blank\" rel=\"noopener\">137 peatones murieron en las carreteras South Carolina.<\/a> Las cicatrices emocionales y los traumas quedan en las familias de los fallecidos por accidentes de peatones. Si <a class=\"wpil_internal_link\" href=\"https:\/\/www.steinberglawfirm.com\/practice-areas\/auto-accidents\/pedestrian-accident\/\" target=\"_blank\" rel=\"noopener\">su ser querido ha muerto en un accidente de peatones<\/a> y estaba utilizando legalmente una calle de la ciudad, puede cobrar una indemnizaci\u00f3n por su p\u00e9rdida. <a href=\"https:\/\/www.steinberglawfirm.com\/free-consultation\/\" target=\"_blank\" rel=\"noopener\">P\u00f3ngase en contacto con el equipo de abogados especializados en muerte por negligencia de Steinberg hoy mismo<\/a> para comprender mejor su situaci\u00f3n y obtener asesoramiento jur\u00eddico experimentado.  <\/p>\n\n\n\n<p>En comparaci\u00f3n con los ocupantes de veh\u00edculos de pasajeros, los peatones tienen 1,5 veces m\u00e1s probabilidades de morir en un accidente cada vez que salen a las carreteras estadounidenses. En 2015, <a class=\"wpil_internal_link\" href=\"https:\/\/www.steinberglawfirm.com\/blog\/car-accident-fatalities-in-south-carolina-reach-8-year-high\/\" target=\"_blank\" rel=\"noopener\">5.367 peatones fallecieron por accidentes de tr\u00e1fico.<\/a> Aunque un automovilista conduzca a 16 kil\u00f3metros por hora, los da\u00f1os a un peat\u00f3n pueden ser extremadamente graves, si no ponen en peligro su vida. Las lesiones mortales m\u00e1s comunes de los accidentes de peatones incluyen:<\/p>\n\n\n\n<p><a href=\"https:\/\/www.steinberglawfirm.com\/practice-areas\/serious-injury-cases\/traumatic-brain-injury\/\" target=\"_blank\" rel=\"noopener\"><strong>Lesi\u00f3n cerebral traum\u00e1tica<\/strong><\/a> pueden ser el resultado de fracturas \u00f3seas o cizallamiento axonal. Las conmociones cerebrales tambi\u00e9n pueden ser el resultado de un accidente con un peat\u00f3n.<\/p>\n\n\n\n<p><strong>Lesiones internas<\/strong> puede crear una hemorragia interna, un colapso pulmonar o un da\u00f1o extremo en los \u00f3rganos internos.<\/p>\n\n\n\n<p><a href=\"https:\/\/www.steinberglawfirm.com\/practice-areas\/serious-injury-cases\/traumatic-amputation-injuries\/\" target=\"_blank\" rel=\"noopener\"><strong>Lesiones por aplastamiento <\/strong>puede causar amputaci\u00f3n<\/a> o incluso la muerte.<\/p>\n\n\n\n<p>Por lo general, los peatones tienen el derecho de paso. Si no hay una se\u00f1al de tr\u00e1fico o no funciona, el conductor debe ceder el paso a los peatones reduciendo la velocidad o deteni\u00e9ndose. Si un veh\u00edculo puede causar un peligro inmediato, un peat\u00f3n no puede abandonar repentinamente el bordillo para cruzar delante del veh\u00edculo. Por lo general, se considera que la culpa es del automovilista en el caso de la muerte de un peat\u00f3n. Sin embargo, la defensa puede intentar culpar a la v\u00edctima. La defensa puede alegar que la v\u00edctima estaba enviando mensajes de texto mientras caminaba, que estaba intoxicada, que cruz\u00f3 imprudentemente o que cruz\u00f3 en contra de una luz roja. Los automovilistas est\u00e1n operando veh\u00edculos peligrosos y deben mantener su deber de permanecer atentos a los peatones, as\u00ed como ceder el paso cuando sea necesario. Esto es especialmente importante frente a las escuelas, en las zonas c\u00e9ntricas m\u00e1s concurridas, en las paradas de autob\u00fas y en los barrios residenciales; estos lugares con gran tr\u00e1fico de personas conducen a una mayor vulnerabilidad de los peatones.  <\/p>\n\n\n\n<p>Tenga en cuenta que si el peat\u00f3n tuvo parte de la culpa, la indemnizaci\u00f3n puede verse reducida por el porcentaje de culpa. Si su ser querido no fue negligente, entonces usted puede tener un caso para recuperar la compensaci\u00f3n. Los da\u00f1os financieros y emocionales pueden incluir:<\/p>\n\n\n\n<ul class=\"wp-block-list\"><li><strong>Gastos m\u00e9dicos anteriores al fallecimiento. <\/strong>Las facturas m\u00e9dicas pueden acumularse, especialmente si su ser querido estuvo hospitalizado durante mucho tiempo antes de fallecer. Alivie esta carga luchando por una indemnizaci\u00f3n. <\/li><li><strong>Gastos de funeral y entierro. <\/strong>Asumir un funeral en solitario puede ser emocional y econ\u00f3micamente agotador. La indemnizaci\u00f3n puede cubrir este coste. <\/li><li><strong>P\u00e9rdida de compa\u00f1\u00eda y afecto. <\/strong>No hay cantidad monetaria que pueda recuperar su p\u00e9rdida, pero es probable que est\u00e9 asumiendo un gran coste emocional.   <\/li><li><strong>P\u00e9rdida de apoyo futuro. <\/strong>Si usted depend\u00eda de su ser querido para el apoyo financiero, puede tener derecho a una indemnizaci\u00f3n para cubrir esta p\u00e9rdida futura y actual.  <\/li><\/ul>\n\n\n\n<p>Si su ser querido fue v\u00edctima de un accidente mortal de peatones, puede tener derecho a una indemnizaci\u00f3n. P\u00f3ngase en contacto con el experimentado <a href=\"https:\/\/www.steinberglawfirm.com\/practice-areas\/wrongful-death\/\" target=\"_blank\" rel=\"noopener\">abogados de muerte por negligencia<\/a> con <a href=\"https:\/\/www.steinberglawfirm.com\/\" target=\"_blank\" rel=\"noopener\">Steinberg Law Firm<\/a> hoy para entender su postura legal. Lucharemos para conseguir que se cierre su caso.<\/p>","protected":false},"excerpt":{"rendered":"<p>Charleston, South Carolina Abogado de accidentes mortales de peatones Los peatones son los usuarios m\u00e1s vulnerables de la v\u00eda p\u00fablica. Si un peat\u00f3n es atropellado por un veh\u00edculo o una bicicleta, lo m\u00e1s probable es que sufra alg\u00fan tipo de lesi\u00f3n. Las lesiones graves pueden incluir traumatismos cerebrales, fracturas \u00f3seas y da\u00f1os en los \u00f3rganos internos. En 2016, 137 peatones murieron en las carreteras South Carolina. Emocional...<\/p>","protected":false},"author":1,"featured_media":19664,"parent":177,"menu_order":0,"comment_status":"closed","ping_status":"closed","template":"","meta":{"_acf_changed":false,"footnotes":""},"class_list":["post-8822","page","type-page","status-publish","has-post-thumbnail","hentry"],"acf":[],"_links":{"self":[{"href":"https:\/\/steinberglawfirm-staging.clmcloud.app\/es\/wp-json\/wp\/v2\/pages\/8822"}],"collection":[{"href":"https:\/\/steinberglawfirm-staging.clmcloud.app\/es\/wp-json\/wp\/v2\/pages"}],"about":[{"href":"https:\/\/steinberglawfirm-staging.clmcloud.app\/es\/wp-json\/wp\/v2\/types\/page"}],"author":[{"embeddable":true,"href":"https:\/\/steinberglawfirm-staging.clmcloud.app\/es\/wp-json\/wp\/v2\/users\/1"}],"replies":[{"embeddable":true,"href":"https:\/\/steinberglawfirm-staging.clmcloud.app\/es\/wp-json\/wp\/v2\/comments?post=8822"}],"version-history":[{"count":9,"href":"https:\/\/steinberglawfirm-staging.clmcloud.app\/es\/wp-json\/wp\/v2\/pages\/8822\/revisions"}],"predecessor-version":[{"id":21912,"href":"https:\/\/steinberglawfirm-staging.clmcloud.app\/es\/wp-json\/wp\/v2\/pages\/8822\/revisions\/21912"}],"up":[{"embeddable":true,"href":"https:\/\/steinberglawfirm-staging.clmcloud.app\/es\/wp-json\/wp\/v2\/pages\/177"}],"wp:featuredmedia":[{"embeddable":true,"href":"https:\/\/steinberglawfirm-staging.clmcloud.app\/es\/wp-json\/wp\/v2\/media\/19664"}],"wp:attachment":[{"href":"https:\/\/steinberglawfirm-staging.clmcloud.app\/es\/wp-json\/wp\/v2\/media?parent=8822"}],"curies":[{"name":"wp","href":"https:\/\/api.w.org\/{rel}","templated":true}]}}