{"id":8819,"date":"2019-01-25T00:23:42","date_gmt":"2019-01-25T00:23:42","guid":{"rendered":"https:\/\/www.steinberglawfirm.com\/?page_id=8819"},"modified":"2024-07-15T18:25:36","modified_gmt":"2024-07-15T18:25:36","slug":"fatal-motorcycle-accident","status":"publish","type":"page","link":"https:\/\/steinberglawfirm-staging.clmcloud.app\/es\/lesiones-personales\/muerte-por-negligencia\/accidente-mortal-de-moto\/","title":{"rendered":"Accidente mortal de moto"},"content":{"rendered":"<h1 class=\"wp-block-heading\">Charleston, South Carolina Abogado de accidente de moto mortal<\/h1>\n\n\n\n<div style=\"height:15px\" aria-hidden=\"true\" class=\"wp-block-spacer\"><\/div>\n\n\n\n<h2 class=\"wp-block-heading\">Abogados de muerte por negligencia para las familias de las v\u00edctimas de accidentes de motocicleta<\/h2>\n\n\n\n<div style=\"height:15px\" aria-hidden=\"true\" class=\"wp-block-spacer\"><\/div>\n\n\n\n<p>South Carolina tiene m\u00e1s de 200.000 motocicletas registradas en el Departamento de Veh\u00edculos a Motor. El atractivo de las motocicletas va m\u00e1s all\u00e1 del factor cool. Son m\u00e1s econ\u00f3micas que el coste de los autom\u00f3viles. Las motocicletas son estupendas para los desplazamientos y el ocio. Sin embargo, las ventajas conllevan riesgos.<\/p>\n\n\n\n<p>Aunque las motocicletas pueden circular a la misma velocidad que los veh\u00edculos de motor m\u00e1s grandes, carecen de las protecciones de un coche. Adem\u00e1s, las motocicletas, con su perfil m\u00e1s peque\u00f1o, son menos visibles para otros veh\u00edculos en la carretera. Estos factores pueden dar lugar a accidentes mortales de motocicletas.<\/p>\n\n\n\n<p>El impacto de una colisi\u00f3n entre un autom\u00f3vil y una motocicleta puede provocar graves da\u00f1os. Para el motociclista, el choque puede terminar en la muerte. Si su ser querido fue fatalmente <a href=\"https:\/\/www.steinberglawfirm.com\/personal-injury\/motorcycle-accidents\/\" target=\"_blank\" rel=\"noopener\">herido en un accidente de moto en South Carolina<\/a> debido a la negligencia de un conductor culpable, <a href=\"https:\/\/www.steinberglawfirm.com\/contact-us\/\" target=\"_blank\" rel=\"noopener\">p\u00f3ngase en contacto con los abogados expertos en accidentes South Carolina<\/a> en el <a href=\"https:\/\/www.steinberglawfirm.com\/\" target=\"_blank\" rel=\"noopener\">Steinberg Law Firm<\/a> hoy en <a href=\"tel:843-720-2800\">(843) 720-2800<\/a>.<\/p>\n\n\n\n<h2 class=\"wp-block-heading\"><b>Motocicletas Fallecidas en South Carolina<\/b><\/h2>\n\n\n\n<p>La ley concede a los motociclistas los mismos derechos y obligaciones que a los conductores de autom\u00f3viles. Los coches, camiones y otros veh\u00edculos de motor tienen el deber de vigilar a los motociclistas que circulan con ellos por las carreteras. Las motocicletas y otros veh\u00edculos de motor deben obedecer las leyes de tr\u00e1fico del estado. Sin embargo, cuando un conductor o motociclista no se adhiere a las reglas de la carretera, pueden ocurrir accidentes fatales de motocicleta.<\/p>\n\n\n\n<p>En 2018, m\u00e1s de 100 motociclistas murieron en las carreteras y autopistas South Carolina. En una colisi\u00f3n con un autom\u00f3vil, el motociclista puede potencialmente recibir todo o la mayor parte del impacto en su cuerpo. Los equipos de protecci\u00f3n, como un <a href=\"https:\/\/www.steinberglawfirm.com\/blog\/caring-for-your-motorcycle-helmet-replacement-borrowing-guidelines\/\" target=\"_blank\" rel=\"noopener\">casco<\/a> y ropa acolchada, pueden ayudar a minimizar las lesiones y los traumatismos craneoencef\u00e1licos. Sin embargo, incluso con protecci\u00f3n, el cuerpo queda vulnerable en el choque.<\/p>\n\n\n\n<p>Aunque se recomienda que los conductores de motocicletas y sus pasajeros lleven casco, la ley South Carolina no obliga a todos los conductores de motocicletas a llevarlo. La ley s\u00f3lo exige que los conductores de motocicletas y sus pasajeros menores de 21 a\u00f1os lleven casco. Adem\u00e1s, los cascos deben cumplir los requisitos establecidos por el South Carolina Departamento de Seguridad P\u00fablica, que son:<\/p>\n\n\n\n<ul class=\"wp-block-list\">\n<li>Una correa para el cuello o la barbilla<\/li>\n\n\n\n<li>Reflectores en ambos lados<\/li>\n<\/ul>\n\n\n\n<p><b>Causas de los accidentes mortales de moto en South Carolina<\/b><\/p>\n\n\n\n<p>Millones de automovilistas circulan cada d\u00eda por las carreteras South Carolina. Los altos niveles de congesti\u00f3n del tr\u00e1fico pueden provocar un aumento de los accidentes.  Las causas m\u00e1s comunes de los accidentes mortales de motocicleta son:<\/p>\n\n\n\n<ul class=\"wp-block-list\">\n<li>Furia en la carretera<\/li>\n\n\n\n<li>Conducci\u00f3n negligente del autom\u00f3vil o la motocicleta<\/li>\n\n\n\n<li>Cambios de carril inseguros<\/li>\n\n\n\n<li>Conducir bajo los efectos del alcohol<\/li>\n\n\n\n<li>Conducir o montar demasiado cerca<\/li>\n\n\n\n<li>Giros inseguros<\/li>\n\n\n\n<li>Exceso de velocidad<\/li>\n\n\n\n<li>Conducci\u00f3n distra\u00edda<\/li>\n\n\n\n<li>Separaci\u00f3n de carriles<\/li>\n\n\n\n<li>Escombros en la carretera<\/li>\n<\/ul>\n\n\n\n<p><b>Indemnizaci\u00f3n por accidente de moto en South Carolina<\/b><\/p>\n\n\n\n<p>Perder a un ser querido nunca es f\u00e1cil. En las secuelas de una motocicleta fatal, el dolor y el shock son dif\u00edciles de manejar. Pensar en una demanda de indemnizaci\u00f3n puede parecer abrumador. Aunque las demandas pueden ser complejas, si su ser querido muri\u00f3 en un accidente de moto puede tener derecho a una indemnizaci\u00f3n.<\/p>\n\n\n\n<p>Despu\u00e9s de un accidente mortal, la persona nombrada en el testamento del fallecido como representante personal puede tramitar la herencia del fallecido. Si no hay testamento, la persona designada por el tribunal como representante personal puede gestionar las reclamaciones legales.<\/p>\n\n\n\n<p>Usted puede presentar una demanda por homicidio culposo contra el conductor culpable. Seg\u00fan la ley estatal, la muerte por negligencia incluye la muerte por un acto il\u00edcito o por negligencia. Tienes tres a\u00f1os desde la fecha de la muerte para presentar una demanda.<\/p>\n\n\n\n<p>En una demanda por homicidio culposo, usted puede pedir los da\u00f1os y perjuicios sufridos como resultado de la muerte por el accidente de motocicleta. Los da\u00f1os pueden ser en forma de da\u00f1os no econ\u00f3micos y da\u00f1os punitivos.<\/p>\n\n\n\n<p>A veces, en un accidente mortal de moto, la v\u00edctima muere en el momento del impacto. En otros casos, la v\u00edctima puede morir semanas, meses o a\u00f1os despu\u00e9s del incidente. Esto significa que su familia puede buscar da\u00f1os no econ\u00f3micos que la v\u00edctima sufri\u00f3 antes de su muerte, incluyendo:<\/p>\n\n\n\n<ul class=\"wp-block-list\">\n<li>Dolor y sufrimiento<\/li>\n\n\n\n<li>Angustia emocional<\/li>\n\n\n\n<li>Miedo a la p\u00e9rdida o a las lesiones<\/li>\n\n\n\n<li>P\u00e9rdida de consorcio<\/li>\n<\/ul>\n\n\n\n<p>Si el tribunal concede da\u00f1os no econ\u00f3micos o monetarios, puede considerar la posibilidad de ordenar al conductor culpable que pague tambi\u00e9n da\u00f1os punitivos al patrimonio de la v\u00edctima fallecida. Para determinar la cuant\u00eda de los da\u00f1os punitivos, los factores que se tienen en cuenta son:<\/p>\n\n\n\n<ul class=\"wp-block-list\">\n<li>El importe de la responsabilidad del conductor culpable<\/li>\n\n\n\n<li>La gravedad de los da\u00f1os causados por el conductor<\/li>\n\n\n\n<li>La cantidad de culpa que aport\u00f3 la v\u00edctima fallecida<\/li>\n\n\n\n<li>La capacidad de pago del conductor culpable<\/li>\n<\/ul>\n\n\n\n<p>Las demandas judiciales suelen ser complejas y complicadas. Adem\u00e1s, tras la muerte de un ser querido, las acciones legales pueden parecer inalcanzables. Para asegurarse de que puede recibir la indemnizaci\u00f3n a la que tiene derecho, <a href=\"https:\/\/www.steinberglawfirm.com\/practice-areas\/motorcycle-accidents\/\" target=\"_blank\" rel=\"noopener\">hablar con un abogado de accidentes de moto mortales<\/a> lo antes posible para garantizar la protecci\u00f3n de sus derechos y los de su ser querido.<\/p>\n\n\n\n<h3 class=\"wp-block-heading\">Contacte con un abogado de motos South Carolina<\/h3>\n\n\n\n<p>Si ha perdido a un ser querido en un accidente mortal de moto, <a href=\"https:\/\/www.steinberglawfirm.com\/contact-us\/\" target=\"_blank\" rel=\"noopener\">p\u00f3ngase en contacto con un abogado experto en accidentes de motocicleta en el Steinberg Law Firm<\/a> hoy. <a href=\"tel:843-720-2800\">Puede llamarnos al (843) 720-2800<\/a>. <a href=\"https:\/\/www.steinberglawfirm.com\/free-consultation\/\" target=\"_blank\" rel=\"noopener\">Ll\u00e1menos para su consulta gratuita<\/a>. No est\u00e1s solo; estamos aqu\u00ed para ayudarte.<\/p>\n\n\n\n<p><\/p>","protected":false},"excerpt":{"rendered":"<p>Charleston, South Carolina Abogado de Accidentes de Motocicletas Fatales Abogados de Muerte Injusta para Familias de V\u00edctimas de Accidentes de Motocicletas South Carolina tiene m\u00e1s de 200.000 motocicletas registradas en el Departamento de Veh\u00edculos Motorizados. El atractivo de las motocicletas es algo m\u00e1s que el factor cool. Son menos costosas que el costo de los autom\u00f3viles. Las motocicletas son ideales para viajar al trabajo y...<\/p>","protected":false},"author":1,"featured_media":20044,"parent":177,"menu_order":0,"comment_status":"closed","ping_status":"closed","template":"","meta":{"_acf_changed":false,"footnotes":""},"class_list":["post-8819","page","type-page","status-publish","has-post-thumbnail","hentry"],"acf":[],"_links":{"self":[{"href":"https:\/\/steinberglawfirm-staging.clmcloud.app\/es\/wp-json\/wp\/v2\/pages\/8819"}],"collection":[{"href":"https:\/\/steinberglawfirm-staging.clmcloud.app\/es\/wp-json\/wp\/v2\/pages"}],"about":[{"href":"https:\/\/steinberglawfirm-staging.clmcloud.app\/es\/wp-json\/wp\/v2\/types\/page"}],"author":[{"embeddable":true,"href":"https:\/\/steinberglawfirm-staging.clmcloud.app\/es\/wp-json\/wp\/v2\/users\/1"}],"replies":[{"embeddable":true,"href":"https:\/\/steinberglawfirm-staging.clmcloud.app\/es\/wp-json\/wp\/v2\/comments?post=8819"}],"version-history":[{"count":8,"href":"https:\/\/steinberglawfirm-staging.clmcloud.app\/es\/wp-json\/wp\/v2\/pages\/8819\/revisions"}],"predecessor-version":[{"id":31265,"href":"https:\/\/steinberglawfirm-staging.clmcloud.app\/es\/wp-json\/wp\/v2\/pages\/8819\/revisions\/31265"}],"up":[{"embeddable":true,"href":"https:\/\/steinberglawfirm-staging.clmcloud.app\/es\/wp-json\/wp\/v2\/pages\/177"}],"wp:featuredmedia":[{"embeddable":true,"href":"https:\/\/steinberglawfirm-staging.clmcloud.app\/es\/wp-json\/wp\/v2\/media\/20044"}],"wp:attachment":[{"href":"https:\/\/steinberglawfirm-staging.clmcloud.app\/es\/wp-json\/wp\/v2\/media?parent=8819"}],"curies":[{"name":"wp","href":"https:\/\/api.w.org\/{rel}","templated":true}]}}