{"id":8572,"date":"2019-01-11T19:45:11","date_gmt":"2019-01-11T19:45:11","guid":{"rendered":"https:\/\/www.steinberglawfirm.com\/?page_id=8572"},"modified":"2022-04-20T19:33:44","modified_gmt":"2022-04-20T19:33:44","slug":"januvia-and-byetta-defective-drug-lawyer","status":"publish","type":"page","link":"https:\/\/steinberglawfirm-staging.clmcloud.app\/es\/lesiones-personales\/productos-peligrosos\/drogas-peligrosas\/abogado-de-medicamentos-defectuosos-januvia-y-byetta\/","title":{"rendered":"Abogado de medicamentos defectuosos de Januvia y Byetta"},"content":{"rendered":"<h1 class=\"wp-block-heading\">Charleston Abogado de medicamentos defectuosos Januvia y Byetta<\/h1>\n\n\n\n<div style=\"height:15px\" aria-hidden=\"true\" class=\"wp-block-spacer\"><\/div>\n\n\n\n<p>M\u00e1s de 25 millones de estadounidenses padecen diabetes de tipo 2 y necesitan medicamentos para controlar los s\u00edntomas. Januvia (sitagliptina), Janumet, Byetta y Victoza son conocidos como mim\u00e9ticos de la incretina.   <\/p>\n\n\n\n<p>Januvia y Janumet fueron formulados por Merck &amp; Co. para ayudar a los pacientes con diabetes de tipo 2. Fueron los primeros de una nueva clase de medicamentos para la diabetes llamados inhibidores de la dipeptidil peptidasa-4 (DPP-4). Janumet combina Januvia y metformina. Januvia y Janumet se relacionan ahora con el c\u00e1ncer de p\u00e1ncreas y la pancreatitis.   <\/p>\n\n\n\n<p>En Steinberg Law Firm sabemos lo devastador que es tomar un medicamento que crees que te ayuda a controlar tu diabetes y descubrir que tiene el potencial de matarte. No hay nada peor que descubrir que un medicamento considerado seguro por el fabricante es en realidad potencialmente mortal. En el Steinberg Law Firm, usted tiene nuestra firma detr\u00e1s de usted para ayudarle a obtener la compensaci\u00f3n que se merece.   <\/p>\n\n\n\n<p><strong>Se\u00f1ales de advertencia<\/strong><\/p>\n\n\n\n<p>Varios estudios de investigaci\u00f3n concluyeron que Januvia y Janumet podr\u00edan aumentar el riesgo de pancreatitis y c\u00e1ncer de p\u00e1ncreas. De hecho, la Administraci\u00f3n de Alimentos y Medicamentos de Estados Unidos (FDA), advirti\u00f3 en dos ocasiones a los consumidores y a los profesionales m\u00e9dicos sobre los graves efectos secundarios de estos medicamentos.   <\/p>\n\n\n\n<p>En concreto, la FDA advirti\u00f3 de que tomar estos f\u00e1rmacos pod\u00eda aumentar el riesgo de desarrollar una inflamaci\u00f3n del p\u00e1ncreas. Aunque la advertencia se a\u00f1adi\u00f3 a la etiqueta de los medicamentos, no fue hasta 2013 que Januvia se relacion\u00f3 con un mayor riesgo de c\u00e1ncer de p\u00e1ncreas. Esta fue una grave revelaci\u00f3n debido a que el c\u00e1ncer de p\u00e1ncreas es la forma m\u00e1s mortal de c\u00e1ncer y casi el 96 por ciento de los diagnosticados no viven m\u00e1s de cinco a\u00f1os. <\/p>\n\n\n\n<p><strong>Efectos secundarios de Januvia\/Janumet<\/strong><\/p>\n\n\n\n<p>Januvia y Janumet tienen los siguientes efectos secundarios:    <\/p>\n\n\n\n<ul class=\"wp-block-list\"><li>Erupci\u00f3n <\/li><li>Urticaria <\/li><li>Reacci\u00f3n al\u00e9rgica grave <\/li><li>S\u00edndrome de Stevens-Johnson: reacci\u00f3n cut\u00e1nea grave <\/li><li>Inflamaci\u00f3n de los vasos sangu\u00edneos bajo la piel <\/li><li>Baja de az\u00facar en la sangre <\/li><li>Irritaci\u00f3n de la garganta <\/li><li>Infecci\u00f3n aguda de senos nasales\/garganta  <\/li><li>Dolor abdominal severo <\/li><li>N\u00e1useas <\/li><li>V\u00f3mitos <\/li><li>Diarrea <\/li><li>Dolor de espalda intenso <\/li><li>Dolor en las articulaciones <\/li><li>Dolor muscular <\/li><li>C\u00e1ncer de tiroides <\/li><li>Pruebas de funci\u00f3n hep\u00e1tica anormales  <\/li><li>Insuficiencia renal <\/li><li>Insuficiencia renal aguda <\/li><li>Pancreatitis necrotizante <\/li><li>Pancreatitis hemorr\u00e1gica <\/li><li>Metaplasia del conducto pancre\u00e1tico <\/li><li>C\u00e1ncer de p\u00e1ncreas <\/li><li>Pancreatitis <\/li><li>Muerte <\/li><\/ul>\n\n\n\n<p><strong>Ley de responsabilidad de productos y medicamentos defectuosos<\/strong><\/p>\n\n\n\n<p>La ley de responsabilidad de productos permite a los consumidores perjudicados por medicamentos defectuosos hacer responsables a los fabricantes de medicamentos por los da\u00f1os que \u00e9stos les hayan causado. Las reclamaciones m\u00e1s comunes de los demandantes que presentan una demanda contra los fabricantes de medicamentos y Merck &amp; Co. incluyen: <\/p>\n\n\n\n<ul class=\"wp-block-list\"><li>Las etiquetas de advertencia son inadecuadas y no mencionan los riesgos potenciales de c\u00e1ncer de p\u00e1ncreas. <\/li><li>Merck &amp; Co., no retir\u00f3 Januvia del mercado cuando los riesgos del medicamento superaban sus beneficios. <\/li><li>Merck &amp; Co., dise\u00f1\u00f3 defectuosamente el medicamento haci\u00e9ndolo inseguro para los consumidores. <\/li><li>Merck &amp; Co., no indic\u00f3 a los profesionales m\u00e9dicos que controlaran a los pacientes para detectar cambios en el p\u00e1ncreas, privando a los consumidores de la posibilidad de ser diagnosticados de pancreatitis asintom\u00e1tica de forma temprana.  <\/li><li>Merck &amp; Co., incumpli\u00f3 las garant\u00edas del producto al vender los medicamentos defectuosos. <\/li><li>Merck &amp; Co., incumpli\u00f3 las garant\u00edas del producto al comercializar los medicamentos defectuosos. <\/li><li>Merck &amp; Co., no realiz\u00f3 las pruebas de seguridad adecuadas para garantizar la protecci\u00f3n del bienestar de los consumidores. <\/li><li>Merck &amp; Co., no advirti\u00f3 a los m\u00e9dicos sobre un efecto secundario conocido. <\/li><li>Merck &amp; Co., no advirti\u00f3 a los consumidores sobre un efecto secundario conocido. <\/li><\/ul>\n\n\n\n<p><strong>Byetta - un pariente de Januvia<\/strong><\/p>\n\n\n\n<p>A muchos diab\u00e9ticos se les recet\u00f3 un medicamento llamado Byetta (exenatida), otro mim\u00e9tico de la incretina como Januvia. El fabricante de Byetta era Amylin Pharmaceuticals, que se vendi\u00f3 a Bristol-Myers Squibb en 2012. Byetta se est\u00e1 relacionando ahora con incidentes de c\u00e1ncer. <\/p>\n\n\n\n<p>La FDA aprob\u00f3 Byetta en 2005. Byetta y otros mim\u00e9ticos de la incretina controlan el az\u00facar en sangre imitando la hormona natural p\u00e9ptido similar al glucag\u00f3n 1 (GLP-1). El GLP-1 aumenta la producci\u00f3n de insulina y el usuario obtiene una lectura de az\u00facar en sangre m\u00e1s baja. Este f\u00e1rmaco tambi\u00e9n ayuda a perder peso al suprimir el apetito y ralentizar el movimiento de los alimentos hacia el intestino delgado. <\/p>\n\n\n\n<p><strong>La FDA no investig\u00f3 a Byetta<\/strong><\/p>\n\n\n\n<p>Cada vez m\u00e1s estudios m\u00e9dicos indicaban que Byetta aumentaba el riesgo de c\u00e1ncer. De hecho, la revista m\u00e9dica Gastroenterology inform\u00f3 sobre un estudio de investigaci\u00f3n en el que los pacientes que tomaban Byetta ten\u00edan un aumento de casi tres veces en los casos reportados de c\u00e1ncer de p\u00e1ncreas. A pesar de los informes que indican que Byetta puede ser un f\u00e1rmaco perjudicial, la FDA insisti\u00f3 en que no hab\u00eda llegado a ninguna conclusi\u00f3n sobre si los mim\u00e9ticos de la incretina causaban y\/o contribu\u00edan al desarrollo del c\u00e1ncer de p\u00e1ncreas. La FDA dijo que necesitaba m\u00e1s tiempo para reunir y examinar los datos y que, mientras tanto, la gente deb\u00eda seguir tomando Byetta. <\/p>\n\n\n\n<p><strong>Demandas por da\u00f1os personales<\/strong><\/p>\n\n\n\n<p>Las demandas por da\u00f1os personales basadas en la presentaci\u00f3n de una queja\/demanda contra un fabricante de medicamentos por los da\u00f1os causados por uno de sus productos entran dentro de las leyes de responsabilidad por productos. Las leyes de responsabilidad por productos exigen que un fabricante\/distribuidor se asegure de que cualquier producto comercializado est\u00e9 libre de defectos y peligros irrazonables. En los casos de responsabilidad civil por productos defectuosos deben probarse dos elementos: que el producto era defectuoso y que el defecto caus\u00f3 las lesiones implicadas en el posible caso.   <\/p>\n\n\n\n<p>Lo que un demandante de Januvia\/Byetta puede alegar al presentar una demanda por medicamento defectuoso:  <\/p>\n\n\n\n<ul class=\"wp-block-list\"><li>No proporcionar advertencias adecuadas a los consumidores <\/li><li>No proporcionar advertencias adecuadas a los profesionales m\u00e9dicos <\/li><li>Muerte por negligencia: los supervivientes pueden reclamar gastos m\u00e9dicos, funerarios y de entierro <\/li><li>Promoci\u00f3n a sabiendas de drogas peligrosas <\/li><\/ul>\n\n\n\n<p><strong>Un sistema de informaci\u00f3n de la FDA con problemas<\/strong><\/p>\n\n\n\n<p>La aprobaci\u00f3n de medicamentos por parte de la FDA se basa en medidas sustitutas. Esto significa que los nuevos f\u00e1rmacos pueden ser aprobados y considerados seguros en los primeros estudios s\u00f3lo sobre la base de medidas sustitutas limitadas. Si bien es cierto que la FDA recoge todos los efectos adversos notificados, ese sistema es voluntario. Aunque los fabricantes de medicamentos est\u00e1n obligados a presentar informes, los m\u00e9dicos y los pacientes rara vez informan de los incidentes adversos a un fabricante de medicamentos. <\/p>\n\n\n\n<p>\u00bfHa experimentado complicaciones graves por tomar mim\u00e9ticos de la incretina? Busque un m\u00e9dico experimentado <a href=\"https:\/\/www.steinberglawfirm.com\/practice-areas\/dangerous-products\/dangerous-drugs\/\" target=\"_blank\" rel=\"noopener\">abogado de medicamentos defectuosos<\/a> del Steinberg Law Firm. P\u00f3ngase en contacto con un abogado tan pronto como pueda, ya que cada estado tiene su propia ley de prescripci\u00f3n y otros plazos que pueden afectar a su capacidad para obtener una indemnizaci\u00f3n si espera. <\/p>\n\n\n\n<p><a href=\"https:\/\/www.steinberglawfirm.com\/\" target=\"_blank\" rel=\"noopener\">El Steinberg Law Firm<\/a> entiende lo que se necesita para presentar un caso s\u00f3lido de producto defectuoso que resulte en una compensaci\u00f3n justa y equitativa para usted. <a href=\"https:\/\/www.steinberglawfirm.com\/contact-us\/\" target=\"_blank\" rel=\"noopener\">Ll\u00e1menos hoy para su consulta gratuita<\/a> y conozca sus derechos legales. Llame al Steinberg Law Firm al 843-720-2800 lo antes posible. Estamos a la espera de sus noticias.   <\/p>\n\n\n\n<p><a href=\"https:\/\/www.steinberglawfirm.com\/free-consultation\/\" target=\"_blank\" rel=\"noopener\">Nuestra consulta inicial es confidencial y totalmente gratuita.<\/a> Usted no paga nada por hablar con un abogado sobre su caso. Entendemos que el proceso de reclamaci\u00f3n puede ser dif\u00edcil, y el papeleo puede realmente acumularse. Nuestros abogados pueden ayudarle a entender los detalles de su caso, sus derechos legales, y c\u00f3mo obtener la compensaci\u00f3n y la justicia que se merece. <\/p>","protected":false},"excerpt":{"rendered":"<p>Charleston Abogado de medicamentos defectuosos de Januvia y Byetta M\u00e1s de 25 millones de estadounidenses sufren de diabetes tipo 2 y necesitan medicamentos para controlar los s\u00edntomas. Januvia (sitagliptina), Janumet, Byetta y Victoza son conocidos como mim\u00e9ticos de la incretina. Januvia y Janumet fueron formulados por Merck &amp; Co. para ayudar a los pacientes con diabetes de tipo 2. Fueron los primeros en...<\/p>","protected":false},"author":1,"featured_media":20368,"parent":2251,"menu_order":0,"comment_status":"closed","ping_status":"closed","template":"","meta":{"_acf_changed":false,"footnotes":""},"class_list":["post-8572","page","type-page","status-publish","has-post-thumbnail","hentry"],"acf":[],"_links":{"self":[{"href":"https:\/\/steinberglawfirm-staging.clmcloud.app\/es\/wp-json\/wp\/v2\/pages\/8572"}],"collection":[{"href":"https:\/\/steinberglawfirm-staging.clmcloud.app\/es\/wp-json\/wp\/v2\/pages"}],"about":[{"href":"https:\/\/steinberglawfirm-staging.clmcloud.app\/es\/wp-json\/wp\/v2\/types\/page"}],"author":[{"embeddable":true,"href":"https:\/\/steinberglawfirm-staging.clmcloud.app\/es\/wp-json\/wp\/v2\/users\/1"}],"replies":[{"embeddable":true,"href":"https:\/\/steinberglawfirm-staging.clmcloud.app\/es\/wp-json\/wp\/v2\/comments?post=8572"}],"version-history":[{"count":4,"href":"https:\/\/steinberglawfirm-staging.clmcloud.app\/es\/wp-json\/wp\/v2\/pages\/8572\/revisions"}],"predecessor-version":[{"id":20377,"href":"https:\/\/steinberglawfirm-staging.clmcloud.app\/es\/wp-json\/wp\/v2\/pages\/8572\/revisions\/20377"}],"up":[{"embeddable":true,"href":"https:\/\/steinberglawfirm-staging.clmcloud.app\/es\/wp-json\/wp\/v2\/pages\/2251"}],"wp:featuredmedia":[{"embeddable":true,"href":"https:\/\/steinberglawfirm-staging.clmcloud.app\/es\/wp-json\/wp\/v2\/media\/20368"}],"wp:attachment":[{"href":"https:\/\/steinberglawfirm-staging.clmcloud.app\/es\/wp-json\/wp\/v2\/media?parent=8572"}],"curies":[{"name":"wp","href":"https:\/\/api.w.org\/{rel}","templated":true}]}}