{"id":8525,"date":"2019-01-08T19:40:47","date_gmt":"2019-01-08T19:40:47","guid":{"rendered":"https:\/\/www.steinberglawfirm.com\/?page_id=8525"},"modified":"2021-04-26T04:46:13","modified_gmt":"2021-04-26T04:46:13","slug":"contact-michael-jordan","status":"publish","type":"page","link":"https:\/\/steinberglawfirm-staging.clmcloud.app\/es\/contacte-con-nosotros\/contacto-michael-jordan\/","title":{"rendered":"Contactar con Michael Jordan"},"content":{"rendered":"<h2>\n\t<\/h2>\n<h2>\n\t\tContactar con Michael Jordan\n\t<\/h2>\n\t<script type=\"text\/javascript\">\n\/\/----------------------------------------------------------\n\/\/------ JAVASCRIPT HOOK FUNCTIONS FOR GRAVITY FORMS -------\n\/\/----------------------------------------------------------\n\nif ( ! gform ) {\n\tdocument.addEventListener( 'gform_main_scripts_loaded', function() { gform.scriptsLoaded = true; } );\n\twindow.addEventListener( 'DOMContentLoaded', function() { gform.domLoaded = true; } );\n\n\tvar gform = {\n\t\tdomLoaded: false,\n\t\tscriptsLoaded: false,\n\t\tinitializeOnLoaded: function( fn ) {\n\t\t\tif ( gform.domLoaded && gform.scriptsLoaded ) {\n\t\t\t\tfn();\n\t\t\t} else if( ! gform.domLoaded && gform.scriptsLoaded ) {\n\t\t\t\twindow.addEventListener( 'DOMContentLoaded', fn );\n\t\t\t} else {\n\t\t\t\tdocument.addEventListener( 'gform_main_scripts_loaded', fn );\n\t\t\t}\n\t\t},\n\t\thooks: { action: {}, filter: {} },\n\t\taddAction: function( action, callable, priority, tag ) {\n\t\t\tgform.addHook( 'action', action, callable, priority, tag );\n\t\t},\n\t\taddFilter: function( action, callable, priority, tag ) {\n\t\t\tgform.addHook( 'filter', action, callable, priority, tag );\n\t\t},\n\t\tdoAction: function( action ) {\n\t\t\tgform.doHook( 'action', action, arguments );\n\t\t},\n\t\tapplyFilters: function( action ) {\n\t\t\treturn gform.doHook( 'filter', action, arguments );\n\t\t},\n\t\tremoveAction: function( action, tag ) {\n\t\t\tgform.removeHook( 'action', action, tag );\n\t\t},\n\t\tremoveFilter: function( action, priority, tag ) {\n\t\t\tgform.removeHook( 'filter', action, priority, tag );\n\t\t},\n\t\taddHook: function( hookType, action, callable, priority, tag ) {\n\t\t\tif ( undefined == gform.hooks[hookType][action] ) {\n\t\t\t\tgform.hooks[hookType][action] = [];\n\t\t\t}\n\t\t\tvar hooks = gform.hooks[hookType][action];\n\t\t\tif ( undefined == tag ) {\n\t\t\t\ttag = action + '_' + hooks.length;\n\t\t\t}\n\t\t\tif( priority == undefined ){\n\t\t\t\tpriority = 10;\n\t\t\t}\n\n\t\t\tgform.hooks[hookType][action].push( { tag:tag, callable:callable, priority:priority } );\n\t\t},\n\t\tdoHook: function( hookType, action, args ) {\n\n\t\t\t\/\/ splice args from object into array and remove first index which is the hook name\n\t\t\targs = Array.prototype.slice.call(args, 1);\n\n\t\t\tif ( undefined != gform.hooks[hookType][action] ) {\n\t\t\t\tvar hooks = gform.hooks[hookType][action], hook;\n\t\t\t\t\/\/sort by priority\n\t\t\t\thooks.sort(function(a,b){return a[\"priority\"]-b[\"priority\"]});\n\n\t\t\t\thooks.forEach( function( hookItem ) {\n\t\t\t\t\thook = hookItem.callable;\n\n\t\t\t\t\tif(typeof hook != 'function')\n\t\t\t\t\t\thook = window[hook];\n\t\t\t\t\tif ( 'action' == hookType ) {\n\t\t\t\t\t\thook.apply(null, args);\n\t\t\t\t\t} else {\n\t\t\t\t\t\targs[0] = hook.apply(null, args);\n\t\t\t\t\t}\n\t\t\t\t} );\n\t\t\t}\n\t\t\tif ( 'filter'==hookType ) {\n\t\t\t\treturn args[0];\n\t\t\t}\n\t\t},\n\t\tremoveHook: function( hookType, action, priority, tag ) {\n\t\t\tif ( undefined != gform.hooks[hookType][action] ) {\n\t\t\t\tvar hooks = gform.hooks[hookType][action];\n\t\t\t\thooks = hooks.filter( function(hook, index, arr) {\n\t\t\t\t\tvar removeHook = (undefined==tag||tag==hook.tag) && (undefined==priority||priority==hook.priority);\n\t\t\t\t\treturn !removeHook;\n\t\t\t\t} );\n\t\t\t\tgform.hooks[hookType][action] = hooks;\n\t\t\t}\n\t\t}\n\t};\n}\n<\/script>\n                <div class='gf_browser_gecko gform_wrapper gform_legacy_markup_wrapper gform-theme--no-framework' data-form-theme='legacy' data-form-index='0' id='gform_wrapper_14' ><style>#gform_wrapper_14[data-form-index=\"0\"].gform-theme,[data-parent-form=\"14_0\"]{--gf-color-primary: #204ce5;--gf-color-primary-rgb: 32, 76, 229;--gf-color-primary-contrast: #fff;--gf-color-primary-contrast-rgb: 255, 255, 255;--gf-color-primary-darker: #001AB3;--gf-color-primary-lighter: #527EFF;--gf-color-secondary: #fff;--gf-color-secondary-rgb: 255, 255, 255;--gf-color-secondary-contrast: #112337;--gf-color-secondary-contrast-rgb: 17, 35, 55;--gf-color-secondary-darker: #F5F5F5;--gf-color-secondary-lighter: #FFFFFF;--gf-color-out-ctrl-light: rgba(17, 35, 55, 0.1);--gf-color-out-ctrl-light-rgb: 17, 35, 55;--gf-color-out-ctrl-light-darker: rgba(104, 110, 119, 0.35);--gf-color-out-ctrl-light-lighter: #F5F5F5;--gf-color-out-ctrl-dark: #585e6a;--gf-color-out-ctrl-dark-rgb: 88, 94, 106;--gf-color-out-ctrl-dark-darker: #112337;--gf-color-out-ctrl-dark-lighter: rgba(17, 35, 55, 0.65);--gf-color-in-ctrl: #fff;--gf-color-in-ctrl-rgb: 255, 255, 255;--gf-color-in-ctrl-contrast: #112337;--gf-color-in-ctrl-contrast-rgb: 17, 35, 55;--gf-color-in-ctrl-darker: #F5F5F5;--gf-color-in-ctrl-lighter: #FFFFFF;--gf-color-in-ctrl-primary: #204ce5;--gf-color-in-ctrl-primary-rgb: 32, 76, 229;--gf-color-in-ctrl-primary-contrast: #fff;--gf-color-in-ctrl-primary-contrast-rgb: 255, 255, 255;--gf-color-in-ctrl-primary-darker: #001AB3;--gf-color-in-ctrl-primary-lighter: #527EFF;--gf-color-in-ctrl-light: rgba(17, 35, 55, 0.1);--gf-color-in-ctrl-light-rgb: 17, 35, 55;--gf-color-in-ctrl-light-darker: rgba(104, 110, 119, 0.35);--gf-color-in-ctrl-light-lighter: #F5F5F5;--gf-color-in-ctrl-dark: #585e6a;--gf-color-in-ctrl-dark-rgb: 88, 94, 106;--gf-color-in-ctrl-dark-darker: #112337;--gf-color-in-ctrl-dark-lighter: rgba(17, 35, 55, 0.65);--gf-radius: 3px;--gf-font-size-secondary: 14px;--gf-font-size-tertiary: 13px;--gf-icon-ctrl-number: url(\"data:image\/svg+xml,%3Csvg width='8' height='14' viewBox='0 0 8 14' fill='none' xmlns='http:\/\/www.w3.org\/2000\/svg'%3E%3Cpath fill-rule='evenodd' clip-rule='evenodd' d='M4 0C4.26522 5.96046e-08 4.51957 0.105357 4.70711 0.292893L7.70711 3.29289C8.09763 3.68342 8.09763 4.31658 7.70711 4.70711C7.31658 5.09763 6.68342 5.09763 6.29289 4.70711L4 2.41421L1.70711 4.70711C1.31658 5.09763 0.683417 5.09763 0.292893 4.70711C-0.0976311 4.31658 -0.097631 3.68342 0.292893 3.29289L3.29289 0.292893C3.48043 0.105357 3.73478 0 4 0ZM0.292893 9.29289C0.683417 8.90237 1.31658 8.90237 1.70711 9.29289L4 11.5858L6.29289 9.29289C6.68342 8.90237 7.31658 8.90237 7.70711 9.29289C8.09763 9.68342 8.09763 10.3166 7.70711 10.7071L4.70711 13.7071C4.31658 14.0976 3.68342 14.0976 3.29289 13.7071L0.292893 10.7071C-0.0976311 10.3166 -0.0976311 9.68342 0.292893 9.29289Z' fill='rgba(17, 35, 55, 0.65)'\/%3E%3C\/svg%3E\");--gf-icon-ctrl-select: url(\"data:image\/svg+xml,%3Csvg width='10' height='6' viewBox='0 0 10 6' fill='none' xmlns='http:\/\/www.w3.org\/2000\/svg'%3E%3Cpath fill-rule='evenodd' clip-rule='evenodd' d='M0.292893 0.292893C0.683417 -0.097631 1.31658 -0.097631 1.70711 0.292893L5 3.58579L8.29289 0.292893C8.68342 -0.0976311 9.31658 -0.0976311 9.70711 0.292893C10.0976 0.683417 10.0976 1.31658 9.70711 1.70711L5.70711 5.70711C5.31658 6.09763 4.68342 6.09763 4.29289 5.70711L0.292893 1.70711C-0.0976311 1.31658 -0.0976311 0.683418 0.292893 0.292893Z' fill='rgba(17, 35, 55, 0.65)'\/%3E%3C\/svg%3E\");--gf-icon-ctrl-search: url(\"data:image\/svg+xml,%3Csvg version='1.1' xmlns='http:\/\/www.w3.org\/2000\/svg' width='640' height='640'%3E%3Cpath d='M256 128c-70.692 0-128 57.308-128 128 0 70.691 57.308 128 128 128 70.691 0 128-57.309 128-128 0-70.692-57.309-128-128-128zM64 256c0-106.039 85.961-192 192-192s192 85.961 192 192c0 41.466-13.146 79.863-35.498 111.248l154.125 154.125c12.496 12.496 12.496 32.758 0 45.254s-32.758 12.496-45.254 0L367.248 412.502C335.862 434.854 297.467 448 256 448c-106.039 0-192-85.962-192-192z' fill='rgba(17, 35, 55, 0.65)'\/%3E%3C\/svg%3E\");--gf-label-space-y-secondary: var(--gf-label-space-y-md-secondary);--gf-ctrl-border-color: #686e77;--gf-ctrl-size: var(--gf-ctrl-size-md);--gf-ctrl-label-color-primary: #112337;--gf-ctrl-label-color-secondary: #112337;--gf-ctrl-choice-size: var(--gf-ctrl-choice-size-md);--gf-ctrl-checkbox-check-size: var(--gf-ctrl-checkbox-check-size-md);--gf-ctrl-radio-check-size: var(--gf-ctrl-radio-check-size-md);--gf-ctrl-btn-font-size: var(--gf-ctrl-btn-font-size-md);--gf-ctrl-btn-padding-x: var(--gf-ctrl-btn-padding-x-md);--gf-ctrl-btn-size: var(--gf-ctrl-btn-size-md);--gf-ctrl-btn-border-color-secondary: #686e77;--gf-ctrl-file-btn-bg-color-hover: #EBEBEB;--gf-field-pg-steps-number-color: rgba(17, 35, 55, 0.8);}<\/style><div id='gf_14' class='gform_anchor' tabindex='-1'><\/div><form method='post' enctype='multipart\/form-data' target='gform_ajax_frame_14' id='gform_14'  action='\/es\/wp-json\/wp\/v2\/pages\/8525#gf_14' data-formid='14' novalidate data-trp-original-action=\"\/es\/wp-json\/wp\/v2\/pages\/8525#gf_14\">\n                        <div class='gform-body gform_body'><ul id='gform_fields_14' class='gform_fields top_label form_sublabel_below description_below validation_below'><li id=\"field_14_1\" class=\"gfield gfield--type-text gfield_contains_required field_sublabel_below gfield--no-description field_description_below field_validation_below gfield_visibility_visible\"  data-js-reload=\"field_14_1\" ><label class='gfield_label gform-field-label' for='input_14_1'>Nombre<span class=\"gfield_required\"><span class=\"gfield_required gfield_required_asterisk\">*<\/span><\/span><\/label><div class='ginput_container ginput_container_text'><input name='input_1' id='input_14_1' type='text' value='' class='large'   tabindex='49' placeholder='Nombre' aria-required=\"true\" aria-invalid=\"false\"   \/> <\/div><\/li><li id=\"field_14_2\" class=\"gfield gfield--type-phone field_sublabel_below gfield--no-description field_description_below field_validation_below gfield_visibility_visible\"  data-js-reload=\"field_14_2\" ><label class='gfield_label gform-field-label' for='input_14_2'>Tel\u00e9fono<\/label><div class='ginput_container ginput_container_phone'><input name='input_2' id='input_14_2' type='tel' value='' class='large' tabindex='50' placeholder='Tel\u00e9fono'  aria-invalid=\"false\"   \/><\/div><\/li><li id=\"field_14_3\" class=\"gfield gfield--type-email gfield_contains_required field_sublabel_below gfield--no-description field_description_below field_validation_below gfield_visibility_visible\"  data-js-reload=\"field_14_3\" ><label class='gfield_label gform-field-label' for='input_14_3'>Env\u00ede un correo electr\u00f3nico a<span class=\"gfield_required\"><span class=\"gfield_required gfield_required_asterisk\">*<\/span><\/span><\/label><div class='ginput_container ginput_container_email'>\n                            <input name='input_3' id='input_14_3' type='email' value='' class='large' tabindex='51'  placeholder='Correo electr\u00f3nico*' aria-required=\"true\" aria-invalid=\"false\"  \/>\n                        <\/div><\/li><li id=\"field_14_5\" class=\"gfield gfield--type-text field_sublabel_below gfield--no-description field_description_below field_validation_below gfield_visibility_visible\"  data-js-reload=\"field_14_5\" ><label class='gfield_label gform-field-label' for='input_14_5'>Ciudad<\/label><div class='ginput_container ginput_container_text'><input name='input_5' id='input_14_5' type='text' value='' class='large'   tabindex='52' placeholder='Ciudad'  aria-invalid=\"false\"   \/> <\/div><\/li><li id=\"field_14_12\" class=\"gfield gfield--type-text field_sublabel_below gfield--no-description field_description_below field_validation_below gfield_visibility_visible\"  data-js-reload=\"field_14_12\" ><label class='gfield_label gform-field-label' for='input_14_12'>Estado<\/label><div class='ginput_container ginput_container_text'><input name='input_12' id='input_14_12' type='text' value='' class='medium' maxlength='2'  tabindex='53' placeholder='Estado'  aria-invalid=\"false\"   \/> <\/div><\/li><li id=\"field_14_7\" class=\"gfield gfield--type-text field_sublabel_below gfield--no-description field_description_below field_validation_below gfield_visibility_visible\"  data-js-reload=\"field_14_7\" ><label class='gfield_label gform-field-label' for='input_14_7'>C\u00f3digo postal<\/label><div class='ginput_container ginput_container_text'><input name='input_7' id='input_14_7' type='text' value='' class='medium'   tabindex='54' placeholder='C\u00f3digo postal'  aria-invalid=\"false\"   \/> <\/div><\/li><li id=\"field_14_9\" class=\"gfield gfield--type-text field_sublabel_below gfield--no-description field_description_below field_validation_below gfield_visibility_visible\"  data-js-reload=\"field_14_9\" ><label class='gfield_label gform-field-label' for='input_14_9'>\u00bfDe qu\u00e9 tipo de caso se trata?<\/label><div class='ginput_container ginput_container_text'><input name='input_9' id='input_14_9' type='text' value='' class='large'   tabindex='55' placeholder='\u00bfDe qu\u00e9 tipo de caso se trata?'  aria-invalid=\"false\"   \/> <\/div><\/li><li id=\"field_14_11\" class=\"gfield gfield--type-textarea field_sublabel_below gfield--no-description field_description_below field_validation_below gfield_visibility_visible\"  data-js-reload=\"field_14_11\" ><label class='gfield_label gform-field-label' for='input_14_11'>Comentarios<\/label><div class='ginput_container ginput_container_textarea'><textarea name='input_11' id='input_14_11' class='textarea medium' tabindex='56'     aria-invalid=\"false\"   rows='10' cols='50'><\/textarea><\/div><\/li><\/ul><\/div>\n        <div class='gform_footer top_label'> <input type='submit' id='gform_submit_button_14' class='gform_button button' value='Enviar' tabindex='57' onclick='if(window[\"gf_submitting_14\"]){return false;}  if( !jQuery(\"#gform_14\")[0].checkValidity || jQuery(\"#gform_14\")[0].checkValidity()){window[\"gf_submitting_14\"]=true;}  ' onkeypress='if( event.keyCode == 13 ){ if(window[\"gf_submitting_14\"]){return false;} if( !jQuery(\"#gform_14\")[0].checkValidity || jQuery(\"#gform_14\")[0].checkValidity()){window[\"gf_submitting_14\"]=true;}  jQuery(\"#gform_14\").trigger(\"submit\",[true]); }' \/> <input type='hidden' name='gform_ajax' value='form_id=14&amp;title=&amp;description=&amp;tabindex=49&amp;theme=legacy' \/>\n            <input type='hidden' class='gform_hidden' name='is_submit_14' value='1' \/>\n            <input type='hidden' class='gform_hidden' name='gform_submit' value='14' \/>\n            \n            <input type='hidden' class='gform_hidden' name='gform_unique_id' value='' \/>\n            <input type='hidden' class='gform_hidden' name='state_14' value='WyJbXSIsImU2NDRjMjYyY2U3NDc2Mjg3ZWU4Nzg0MWQ3M2YyOTBjIl0=' \/>\n            <input type='hidden' class='gform_hidden' name='gform_target_page_number_14' id='gform_target_page_number_14' value='0' \/>\n            <input type='hidden' class='gform_hidden' name='gform_source_page_number_14' id='gform_source_page_number_14' value='1' \/>\n            <input type='hidden' name='gform_field_values' value='' \/>\n            \n        <\/div>\n                        <p style=\"display: none !important;\" class=\"akismet-fields-container\" data-prefix=\"ak_\"><label>&#916;<textarea name=\"ak_hp_textarea\" cols=\"45\" rows=\"8\" maxlength=\"100\"><\/textarea><\/label><input type=\"hidden\" id=\"ak_js_1\" name=\"ak_js\" value=\"97\"\/><script>document.getElementById( \"ak_js_1\" ).setAttribute( \"value\", ( new Date() ).getTime() );<\/script><\/p><input type=\"hidden\" name=\"trp-form-language\" value=\"es\"\/><\/form>\n                        <\/div>\n\t\t                <iframe style='display:none;width:0px;height:0px;' src='about:blank' name='gform_ajax_frame_14' id='gform_ajax_frame_14' title='Este iframe contiene la l\u00f3gica necesaria para gestionar formularios con ajax activado.'><\/iframe>\n\t\t                <script>\ngform.initializeOnLoaded( function() {gformInitSpinner( 14, 'https:\/\/steinberglawfirm-staging.clmcloud.app\/wp-content\/plugins\/gravityforms\/images\/spinner.svg', true );jQuery('#gform_ajax_frame_14').on('load',function(){var contents = jQuery(this).contents().find('*').html();var is_postback = contents.indexOf('GF_AJAX_POSTBACK') >= 0;if(!is_postback){return;}var form_content = jQuery(this).contents().find('#gform_wrapper_14');var is_confirmation = jQuery(this).contents().find('#gform_confirmation_wrapper_14').length > 0;var is_redirect = contents.indexOf('gformRedirect(){') >= 0;var is_form = form_content.length > 0 && ! is_redirect && ! is_confirmation;var mt = parseInt(jQuery('html').css('margin-top'), 10) + parseInt(jQuery('body').css('margin-top'), 10) + 100;if(is_form){jQuery('#gform_wrapper_14').html(form_content.html());if(form_content.hasClass('gform_validation_error')){jQuery('#gform_wrapper_14').addClass('gform_validation_error');} else {jQuery('#gform_wrapper_14').removeClass('gform_validation_error');}setTimeout( function() { \/* delay the scroll by 50 milliseconds to fix a bug in chrome *\/ jQuery(document).scrollTop(jQuery('#gform_wrapper_14').offset().top - mt); }, 50 );if(window['gformInitDatepicker']) {gformInitDatepicker();}if(window['gformInitPriceFields']) {gformInitPriceFields();}var current_page = jQuery('#gform_source_page_number_14').val();gformInitSpinner( 14, 'https:\/\/steinberglawfirm-staging.clmcloud.app\/wp-content\/plugins\/gravityforms\/images\/spinner.svg', true );jQuery(document).trigger('gform_page_loaded', [14, current_page]);window['gf_submitting_14'] = false;}else if(!is_redirect){var confirmation_content = jQuery(this).contents().find('.GF_AJAX_POSTBACK').html();if(!confirmation_content){confirmation_content = contents;}jQuery('#gform_wrapper_14').replaceWith(confirmation_content);jQuery(document).scrollTop(jQuery('#gf_14').offset().top - mt);jQuery(document).trigger('gform_confirmation_loaded', [14]);window['gf_submitting_14'] = false;wp.a11y.speak(jQuery('#gform_confirmation_message_14').text());}else{jQuery('#gform_14').append(contents);if(window['gformRedirect']) {gformRedirect();}}jQuery(document).trigger(\"gform_pre_post_render\", [{ formId: \"14\", currentPage: \"current_page\", abort: function() { this.preventDefault(); } }]);                if (event && event.defaultPrevented) {                return;         }        const gformWrapperDiv = document.getElementById( \"gform_wrapper_14\" );        if ( gformWrapperDiv ) {            const visibilitySpan = document.createElement( \"span\" );            visibilitySpan.id = \"gform_visibility_test_14\";            gformWrapperDiv.insertAdjacentElement( \"afterend\", visibilitySpan );        }        const visibilityTestDiv = document.getElementById( \"gform_visibility_test_14\" );        let postRenderFired = false;                function triggerPostRender() {            if ( postRenderFired ) {                return;            }            postRenderFired = true;            jQuery( document ).trigger( 'gform_post_render', [14, current_page] );            gform.utils.trigger( { event: 'gform\/postRender', native: false, data: { formId: 14, currentPage: current_page } } );            if ( visibilityTestDiv ) {                visibilityTestDiv.parentNode.removeChild( visibilityTestDiv );            }        }        function debounce( func, wait, immediate ) {            var timeout;            return function() {                var context = this, args = arguments;                var later = function() {                    timeout = null;                    if ( !immediate ) func.apply( context, args );                };                var callNow = immediate && !timeout;                clearTimeout( timeout );                timeout = setTimeout( later, wait );                if ( callNow ) func.apply( context, args );            };        }        const debouncedTriggerPostRender = debounce( function() {            triggerPostRender();        }, 200 );        if ( visibilityTestDiv && visibilityTestDiv.offsetParent === null ) {            const observer = new MutationObserver( ( mutations ) => {                mutations.forEach( ( mutation ) => {                    if ( mutation.type === 'attributes' && visibilityTestDiv.offsetParent !== null ) {                        debouncedTriggerPostRender();                        observer.disconnect();                    }                });            });            observer.observe( document.body, {                attributes: true,                childList: false,                subtree: true,                attributeFilter: [ 'style', 'class' ],            });        } else {            triggerPostRender();        }    } );} );\n<\/script>\n\n<p>&nbsp;<\/p>\n<p><strong>Nuestros tel\u00e9fonos est\u00e1n atendidos las 24 horas del d\u00eda.<\/strong>&nbsp;Para una respuesta m\u00e1s r\u00e1pida, puede llamar directamente a nuestra oficina al&nbsp;<strong>843-720-2800<\/strong>&nbsp;o visite una de nuestras oficinas en el centro de la ciudad&nbsp;<a title=\"Abogados de lesiones personales, Charleston SC\" href=\"https:\/\/www.steinberglawfirm.com\/locations\/charleston-office\" target=\"_blank\" rel=\"noopener\">Charleston<\/a>,&nbsp;<a title=\"Goose Creek Abogados de lesiones personales\" href=\"https:\/\/www.steinberglawfirm.com\/locations\/goose-creek-office\" target=\"_blank\" rel=\"noopener\">Goose Creek<\/a>o&nbsp;<a title=\"Summerville Abogados de lesiones personales\" href=\"https:\/\/www.steinberglawfirm.com\/locations\/summerville-office\" target=\"_blank\" rel=\"noopener\">Summerville<\/a>.<\/p>\n<h4>\n\t\tHorario de oficina\n\t<\/h4>\n\tEl lunes: <strong>8:30 AM - 5:30 PM<\/strong><br>\nEl martes:&nbsp;<strong>8:30 AM - 5:30 PM<\/strong><br>\nEl mi\u00e9rcoles:&nbsp;<strong>8:30 AM - 5:30 PM<\/strong><br>\nEl jueves:&nbsp;<strong>8:30 AM - 5:30 PM<\/strong><br>\nEl viernes:&nbsp;<strong>8:30 AM - 5:00 PM<\/strong>\n<h4>\n\t\tTel\u00e9fonos atendidos 24\/7\n\t<\/h4>\n<h3>\n\t\tHable con un abogado, \u00a1gratis!\n\t<\/h3>\n\t<p>Nuestra consulta inicial es confidencial y completamente gratuita. Usted no paga nada por hablar con un abogado sobre su caso, as\u00ed que \u00bfqu\u00e9 tiene que perder? Entendemos que el proceso de reclamaci\u00f3n puede ser dif\u00edcil, y el papeleo puede realmente acumularse. Nuestros abogados pueden ayudarle a entender los detalles de su caso, sus derechos legales, y c\u00f3mo obtener la compensaci\u00f3n y la justicia que se merece.<\/p>\n<ul>\n<li><a title=\"\u00bfQu\u00e9 preguntas debo hacer en una consulta gratuita?\" href=\"https:\/\/www.steinberglawfirm.com\/articles\/what-questions-should-i-ask-in-a-consultation\" target=\"_blank\" rel=\"noopener\">\u00bfQu\u00e9 preguntas debo hacer en una consulta?<\/a><\/li>\n<li><a title=\"3 datos importantes sobre la prescripci\u00f3n\" href=\"https:\/\/www.steinberglawfirm.com\/articles\/3-important-facts-about-the-statute-of-limitations\" target=\"_blank\" rel=\"noopener\">3 cosas que debe saber sobre la prescripci\u00f3n<\/a><\/li>\n<li><a title=\"Selecci\u00f3n de un abogado de lesiones personales\" href=\"https:\/\/www.steinberglawfirm.com\/articles\/selecting-a-personal-injury\" target=\"_blank\" rel=\"noopener\">C\u00f3mo elegir un abogado de lesiones personales<\/a><\/li>\n<\/ul>","protected":false},"excerpt":{"rendered":"<p>Contacta con Michael Jordan \u00a1Nuestros tel\u00e9fonos est\u00e1n atendidos las 24 horas del d\u00eda! Para una respuesta m\u00e1s r\u00e1pida, puede llamar directamente a nuestra oficina al 843-720-2800 o visitar una de nuestras oficinas en el centro de la ciudad Charleston, Goose Creek, o Summerville. Horario de oficina Lunes: 8:30 AM - 5:30 PM Martes: 8:30 AM - 5:30 PM Mi\u00e9rcoles: 8:30 AM - 5:30 PM Jueves: 8:30 AM - 5:30 PM Viernes: 8:30 AM - 5:00...<\/p>","protected":false},"author":1,"featured_media":5149,"parent":52,"menu_order":0,"comment_status":"closed","ping_status":"closed","template":"","meta":{"_acf_changed":false,"footnotes":""},"class_list":["post-8525","page","type-page","status-publish","has-post-thumbnail","hentry"],"acf":[],"_links":{"self":[{"href":"https:\/\/steinberglawfirm-staging.clmcloud.app\/es\/wp-json\/wp\/v2\/pages\/8525"}],"collection":[{"href":"https:\/\/steinberglawfirm-staging.clmcloud.app\/es\/wp-json\/wp\/v2\/pages"}],"about":[{"href":"https:\/\/steinberglawfirm-staging.clmcloud.app\/es\/wp-json\/wp\/v2\/types\/page"}],"author":[{"embeddable":true,"href":"https:\/\/steinberglawfirm-staging.clmcloud.app\/es\/wp-json\/wp\/v2\/users\/1"}],"replies":[{"embeddable":true,"href":"https:\/\/steinberglawfirm-staging.clmcloud.app\/es\/wp-json\/wp\/v2\/comments?post=8525"}],"version-history":[{"count":3,"href":"https:\/\/steinberglawfirm-staging.clmcloud.app\/es\/wp-json\/wp\/v2\/pages\/8525\/revisions"}],"predecessor-version":[{"id":16373,"href":"https:\/\/steinberglawfirm-staging.clmcloud.app\/es\/wp-json\/wp\/v2\/pages\/8525\/revisions\/16373"}],"up":[{"embeddable":true,"href":"https:\/\/steinberglawfirm-staging.clmcloud.app\/es\/wp-json\/wp\/v2\/pages\/52"}],"wp:featuredmedia":[{"embeddable":true,"href":"https:\/\/steinberglawfirm-staging.clmcloud.app\/es\/wp-json\/wp\/v2\/media\/5149"}],"wp:attachment":[{"href":"https:\/\/steinberglawfirm-staging.clmcloud.app\/es\/wp-json\/wp\/v2\/media?parent=8525"}],"curies":[{"name":"wp","href":"https:\/\/api.w.org\/{rel}","templated":true}]}}