{"id":8504,"date":"2019-01-07T23:50:20","date_gmt":"2019-01-07T23:50:20","guid":{"rendered":"https:\/\/www.steinberglawfirm.com\/?page_id=8504"},"modified":"2022-04-20T19:35:20","modified_gmt":"2022-04-20T19:35:20","slug":"granuflo-and-naturalyte-defective-drug-lawyer","status":"publish","type":"page","link":"https:\/\/steinberglawfirm-staging.clmcloud.app\/es\/lesiones-personales\/productos-peligrosos\/drogas-peligrosas\/granuflo-y-naturalyte-defectivo-abogado\/","title":{"rendered":"Abogado de medicamentos defectuosos de GranuFlo y NaturaLyte"},"content":{"rendered":"<h1 class=\"wp-block-heading\">Charleston Abogado de medicamentos defectuosos GranuFlo y NaturaLyte<\/h1>\n\n\n\n<div style=\"height:15px\" aria-hidden=\"true\" class=\"wp-block-spacer\"><\/div>\n\n\n\n<p>Los efectos secundarios graves y otros problemas de los medicamentos no suelen ser evidentes hasta que el f\u00e1rmaco empieza a perjudicar a los consumidores. Muchos de los medicamentos que se comercializan hoy en d\u00eda llegaron a los consumidores sin haber sido sometidos a pruebas exhaustivas y sin haber comprobado sus efectos secundarios. De hecho, es bien sabido que las compa\u00f1\u00edas farmac\u00e9uticas han presionado a los m\u00e9dicos para que comercialicen sus productos fuera de la etiqueta, y utilicen el medicamento cuestionable para tratar condiciones para las que nunca fue aprobado. Nadie deber\u00eda encontrarse en una situaci\u00f3n en la que la ayuda m\u00e9dica que necesita es la misma que le perjudica gravemente o le causa la muerte.<\/p>\n\n\n\n<p>En el Steinberg Law Firm entendemos lo que es descubrir que un medicamento que cre\u00edas que te ayudaba en realidad te est\u00e1 perjudicando. Estamos aqu\u00ed para ayudarle a obtener la compensaci\u00f3n que se merece. Nuestros abogados de lesiones personales conocen los entresijos de los casos de medicamentos defectuosos y trabajan con usted de forma individual para conseguir justicia.<\/p>\n\n\n\n<p><strong>Acerca de GranuFlo\/NaturaLyte utilizado en di\u00e1lisis<\/strong><\/p>\n\n\n\n<p>Se supone que la di\u00e1lisis debe salvar vidas, no poner a los pacientes en riesgo de sufrir graves problemas card\u00edacos o de morir. Dos productos para di\u00e1lisis fabricados y comercializados por Fresenius Medical Care (FMC), con sede en Bad Homburg vor der Hohe (Alemania), que produce suministros m\u00e9dicos principalmente para facilitar o ayudar a la di\u00e1lisis renal, podr\u00edan da\u00f1ar gravemente y\/o matar a los pacientes.  <\/p>\n\n\n\n<p>Fresenius Medical Care tiene m\u00e1s de 2.200 cl\u00ednicas de di\u00e1lisis en Estados Unidos. Recientemente se filtr\u00f3 a la Administraci\u00f3n de Alimentos y Medicamentos (FDA) un memorando interno de la empresa en el que se advert\u00eda sobre GranuFlo\/NaturaLyte. Seg\u00fan la informaci\u00f3n recopilada por los abogados que demandan a FMC, GranuFlo\/NaturaLyte contienen ingredientes que pueden hacer que aumente el riesgo de sufrir un ataque al coraz\u00f3n.<\/p>\n\n\n\n<p>La di\u00e1lisis es un proceso en el que el paciente se conecta a una m\u00e1quina para filtrar su sangre. Durante el proceso se utilizan GranuFlo, un concentrado \u00e1cido seco, y NaturaLyte, un concentrado l\u00edquido, para ayudar a los ri\u00f1ones que no funcionan a filtrar los productos de desecho de la sangre. Durante el proceso, la m\u00e1quina tambi\u00e9n filtra el exceso de agua y sal de la sangre y controla el nivel de \u00e1cido sangu\u00edneo del paciente. El principio activo de GranuFlo\/NaturaLyte es <strong>diacetato de sodio. <\/strong>Durante la di\u00e1lisis con GranuFlo\/NaturaLyte, el paciente recibe una cantidad de bicarbonato superior a la que recibir\u00eda con otras marcas de di\u00e1lisis. Para neutralizar los niveles de \u00e1cido en sangre, es necesario a\u00f1adir una sustancia alcalina a la sangre.  <\/p>\n\n\n\n<p>Seg\u00fan el material de marketing y las afirmaciones de FMC, GranuFlo\/NaturaLyte, introducidos en 2003, son eficaces y seguros. Resulta que ninguno de los dos productos es seguro porque cada paciente de di\u00e1lisis tiene un nivel de \u00e1cido en sangre diferente. Es importante saber esto porque la mayor\u00eda de los otros concentrados de di\u00e1lisis no contienen o incluyen muy poco bicarbonato, porque los m\u00e9dicos a\u00f1aden ellos mismos la cantidad necesaria y correcta.<\/p>\n\n\n\n<p>Fresenius Medical Care comercializa sus productos como \"todo en uno\". Sin embargo, una talla no sirve para todos cuando se trata de tratar a pacientes con diferentes niveles de acidez en sangre. Adem\u00e1s, no se inform\u00f3 a los m\u00e9dicos de que GranuFlo\/NaturaLyte ya contribu\u00eda a los niveles de bicarbonato y, como no lo sab\u00edan, se a\u00f1adi\u00f3 m\u00e1s bicarbonato a los concentrados de GranuFlo\/NaturaLyte: una sobredosis de bicarbonato. Muchas afecciones card\u00edacas y muertes podr\u00edan haberse evitado si los m\u00e9dicos hubieran recibido la informaci\u00f3n necesaria para ayudar a sus pacientes. GranuFlo contiene 8,0 mEq\/L de acetato y NaturaLyte Liquid contiene 4,0 mEq\/L, mucho m\u00e1s que otros productos de la competencia en el mercado.<\/p>\n\n\n\n<p><strong>\u00bfQu\u00e9 ocurre cuando un paciente recibe demasiado bicarbonato?<\/strong><\/p>\n\n\n\n<p>Se sabe que un exceso de bicarbonato puede causar:<\/p>\n\n\n\n<ul class=\"wp-block-list\"><li>Alcalosis metab\u00f3lica<\/li><li>Insuficiencia card\u00edaca<\/li><li>Insuficiencia card\u00edaca congestiva<\/li><li>Muerte s\u00fabita card\u00edaca<\/li><li>Paro cardiopulmonar<\/li><li>Diversas lesiones cardiovasculares potencialmente permanentes<\/li><li>Presi\u00f3n arterial baja<\/li><li>Baja presi\u00f3n de ox\u00edgeno en la sangre, hipoxemia<\/li><li>Niveles bajos de potasio, hipocalemia<\/li><li>Niveles de di\u00f3xido de carbono en sangre peligrosamente altos, hipercapnia<\/li><li>Latidos irregulares<\/li><li>Accidente cerebrovascular<\/li><\/ul>\n\n\n\n<p> <strong>Fresenius Medical Care filtr\u00f3 un memor\u00e1ndum<\/strong><\/p>\n\n\n\n<p>Adem\u00e1s de no advertir a los m\u00e9dicos sobre la necesidad de no a\u00f1adir m\u00e1s bicarbonato a los concentrados, FMC, a sabiendas del problema, escribi\u00f3 un memor\u00e1ndum interno al personal de FMC en 2011 en el que se describ\u00eda el riesgo de complicaciones card\u00edacas, y se dec\u00eda: \"Este asunto debe ser abordado con urgencia.\" La empresa no advirti\u00f3 a otros m\u00e9dicos ni a sus cl\u00ednicas clientes. Sin embargo, s\u00ed advirti\u00f3 a los m\u00e9dicos de sus propios centros de di\u00e1lisis. La advertencia salv\u00f3 a los pacientes de FMC, pero no ayud\u00f3 ni advirti\u00f3 a m\u00e1s de 125.000 pacientes de otras cl\u00ednicas.<\/p>\n\n\n\n<p>El memor\u00e1ndum interno se filtr\u00f3 a la FDA y FMC finalmente tom\u00f3 medidas alertando a los m\u00e9dicos y cambiando el embalaje de sus productos. En 2012 la FDA emiti\u00f3 una retirada de clase 1, el nivel m\u00e1s alto para productos que causan resultados adversos graves para la salud o la muerte.  <\/p>\n\n\n\n<p>Fresenius Medical Care ha dado a la FDA la aprobaci\u00f3n de una nueva soluci\u00f3n de di\u00e1lisis que no contiene diacetato de sodio. <\/p>\n\n\n\n<p><strong>Hable con un abogado<\/strong><\/p>\n\n\n\n<p>\u00bfUsted o sus familiares han sufrido complicaciones graves a causa de la di\u00e1lisis? Busque a un experto <a href=\"https:\/\/www.steinberglawfirm.com\/practice-areas\/dangerous-products\/dangerous-drugs\/\" target=\"_blank\" rel=\"noopener\">di\u00e1lisis GranuFlo\/NaturaLyte abogado<\/a> del Steinberg Law Firm. <a href=\"https:\/\/www.steinberglawfirm.com\/contact-us\/\" target=\"_blank\" rel=\"noopener\">Contactar con un abogado<\/a> tan pronto como pueda, ya que cada estado tiene su propia ley de prescripci\u00f3n y otros plazos que pueden afectar a su capacidad de obtener una indemnizaci\u00f3n si espera.<\/p>\n\n\n\n<p><a href=\"https:\/\/www.steinberglawfirm.com\/\" target=\"_blank\" rel=\"noopener\">El Steinberg Law Firm<\/a> entiende lo que se necesita para hacer un caso de producto defectuoso que resulte en una compensaci\u00f3n justa y equitativa para usted. Ll\u00e1menos hoy para su consulta gratuita y conozca sus derechos legales. Llame al Steinberg Law Firm al 843-720-2800 lo antes posible.  <\/p>\n\n\n\n<p><a href=\"https:\/\/www.steinberglawfirm.com\/free-consultation\/\" target=\"_blank\" rel=\"noopener\">Nuestra consulta inicial es confidencial y totalmente gratuita.<\/a> Usted no paga nada por hablar con un abogado sobre su caso. Entendemos que el proceso de reclamaci\u00f3n puede ser dif\u00edcil, y el papeleo puede realmente acumularse. Nuestros abogados pueden ayudarle a entender los detalles de su caso, sus derechos legales, y c\u00f3mo obtener la compensaci\u00f3n y la justicia que se merece.<\/p>","protected":false},"excerpt":{"rendered":"<p>Charleston Abogado de medicamentos defectuosos GranuFlo y NaturaLyte Los efectos secundarios graves y otros problemas con los medicamentos frecuentemente no se hacen evidentes hasta que el medicamento comienza a da\u00f1ar a los consumidores. Muchos de los f\u00e1rmacos que se comercializan hoy en d\u00eda salieron al mercado sin que se hicieran pruebas exhaustivas ni se comprobaran los efectos secundarios. De hecho, es bien sabido que las compa\u00f1\u00edas farmac\u00e9uticas han...<\/p>","protected":false},"author":1,"featured_media":20368,"parent":2251,"menu_order":0,"comment_status":"closed","ping_status":"closed","template":"","meta":{"_acf_changed":false,"footnotes":""},"class_list":["post-8504","page","type-page","status-publish","has-post-thumbnail","hentry"],"acf":[],"_links":{"self":[{"href":"https:\/\/steinberglawfirm-staging.clmcloud.app\/es\/wp-json\/wp\/v2\/pages\/8504"}],"collection":[{"href":"https:\/\/steinberglawfirm-staging.clmcloud.app\/es\/wp-json\/wp\/v2\/pages"}],"about":[{"href":"https:\/\/steinberglawfirm-staging.clmcloud.app\/es\/wp-json\/wp\/v2\/types\/page"}],"author":[{"embeddable":true,"href":"https:\/\/steinberglawfirm-staging.clmcloud.app\/es\/wp-json\/wp\/v2\/users\/1"}],"replies":[{"embeddable":true,"href":"https:\/\/steinberglawfirm-staging.clmcloud.app\/es\/wp-json\/wp\/v2\/comments?post=8504"}],"version-history":[{"count":3,"href":"https:\/\/steinberglawfirm-staging.clmcloud.app\/es\/wp-json\/wp\/v2\/pages\/8504\/revisions"}],"predecessor-version":[{"id":20379,"href":"https:\/\/steinberglawfirm-staging.clmcloud.app\/es\/wp-json\/wp\/v2\/pages\/8504\/revisions\/20379"}],"up":[{"embeddable":true,"href":"https:\/\/steinberglawfirm-staging.clmcloud.app\/es\/wp-json\/wp\/v2\/pages\/2251"}],"wp:featuredmedia":[{"embeddable":true,"href":"https:\/\/steinberglawfirm-staging.clmcloud.app\/es\/wp-json\/wp\/v2\/media\/20368"}],"wp:attachment":[{"href":"https:\/\/steinberglawfirm-staging.clmcloud.app\/es\/wp-json\/wp\/v2\/media?parent=8504"}],"curies":[{"name":"wp","href":"https:\/\/api.w.org\/{rel}","templated":true}]}}