{"id":8495,"date":"2019-01-07T23:43:18","date_gmt":"2019-01-07T23:43:18","guid":{"rendered":"https:\/\/www.steinberglawfirm.com\/?page_id=8495"},"modified":"2022-04-20T19:41:08","modified_gmt":"2022-04-20T19:41:08","slug":"viagra-defective-drug-lawyer","status":"publish","type":"page","link":"https:\/\/steinberglawfirm-staging.clmcloud.app\/es\/lesiones-personales\/productos-peligrosos\/drogas-peligrosas\/viagra-droga-derivada-abogado\/","title":{"rendered":"Abogado de medicamentos defectuosos de Viagra"},"content":{"rendered":"<h1 class=\"wp-block-heading\">Charleston Abogado de medicamentos defectuosos de Viagra<\/h1>\n\n\n\n<div style=\"height:15px\" aria-hidden=\"true\" class=\"wp-block-spacer\"><\/div>\n\n\n\n<p>La Viagra (sildenafilo) -un inhibidor de la PDE5- abri\u00f3 todo un mundo nuevo para los hombres con disfunci\u00f3n er\u00e9ctil y se convirti\u00f3 en un medicamento enormemente popular y famoso en 1998, cuando la Administraci\u00f3n de Alimentos y Medicamentos (FDA) de EE.UU. aprob\u00f3 la p\u00edldora azul. Se promocion\u00f3 como el primer tratamiento oral para la disfunci\u00f3n er\u00e9ctil en Estados Unidos.<\/p>\n\n\n\n<p>Un inhibidor de la PDE5 se encuentra en cualquiera de los f\u00e1rmacos para la disfunci\u00f3n er\u00e9ctil del mercado, como Viagra (sildenafilo, Pfizer), Cialis (tadalafilo, Eli Lilly &amp; Company), Stendra (avanafilo, Mist Pharmaceuticals), y Levitra y Staxyn (vardenafilo, Bayer Pharmaceuticals, GlaxoSmithKline y Schering-Plough). Los inhibidores de la PDE5 o fosfodiesterasa tipo 5, provocan la dilataci\u00f3n de los vasos sangu\u00edneos del pene y los pulmones. Estos inhibidores ayudan a mantener la erecci\u00f3n y provocan un descenso de la presi\u00f3n arterial.<\/p>\n\n\n\n<p>En 2012, los asombrosos ingresos de Viagra que obtuvo su fabricante, Pfizer, fueron de $2 mil millones. Los hombres hab\u00edan pagado millones para hacer frente a los espinosos problemas de erecci\u00f3n. Parec\u00eda que Pfizer ten\u00eda la respuesta, pero entonces la cuesti\u00f3n no era c\u00f3mo tratar la disfunci\u00f3n er\u00e9ctil, sino c\u00f3mo hacer frente a la p\u00e9rdida repentina de visi\u00f3n y audici\u00f3n, al priaprismo y al melanoma, un c\u00e1ncer de piel. El melanoma mata a unas 10.000 personas en Estados Unidos y dos tercios de estas muertes son hombres.<\/p>\n\n\n\n<p>Descubrir que el medicamento destinado a mejorar su calidad de vida en realidad le estaba enfermando o posiblemente matando puede ser desgarrador. \u00bfQu\u00e9 se puede hacer? \u00bfC\u00f3mo puede encontrar justicia por haberle vendido un medicamento defectuoso? Hable con un abogado experto en medicamentos defectuosos en el Steinberg Law Firm.  <\/p>\n\n\n\n<p>Sabemos lo que es sentirse defraudado, asustado y traicionado por un medicamento aparentemente dise\u00f1ado para ayudarle. Nuestros abogados de medicamentos defectuosos est\u00e1n aqu\u00ed para ayudarle a obtener la compensaci\u00f3n econ\u00f3mica que se merece. <\/p>\n\n\n\n<p><strong>Las primeras demandas<\/strong><\/p>\n\n\n\n<p>La Viagra es conocida por su largo y algo accidentado historial de demandas por sus inesperados y graves efectos secundarios. En las dos \u00faltimas d\u00e9cadas, el fabricante de medicamentos Pfizer ha pagado millones a los consumidores que sufr\u00edan una serie de problemas.<\/p>\n\n\n\n<p>En 2007, la FDA pidi\u00f3 a Pfizer que modificara su etiqueta para incluir una advertencia sobre la p\u00e9rdida de audici\u00f3n repentina. Esto fue en respuesta a los casos reportados de p\u00e9rdida de la audici\u00f3n, seguidos de demandas presentadas por consumidores descontentos. A continuaci\u00f3n, se presentaron demandas por la p\u00e9rdida repentina de la visi\u00f3n causada por una enfermedad denominada neuropat\u00eda \u00f3ptica isqu\u00e9mica no arter\u00edtica. A continuaci\u00f3n, salieron a la luz demandas relacionadas con problemas card\u00edacos. Este problema fue causado por la ca\u00edda repentina de la presi\u00f3n arterial, que puede provocar un paro card\u00edaco en algunos usuarios. Luego, otra afecci\u00f3n llamada priaprismo, una erecci\u00f3n que dura m\u00e1s de cuatro horas, una emergencia m\u00e9dica.<\/p>\n\n\n\n<p>Las malas noticias para Pfizer no dejaron de llegar. Un estudio m\u00e9dico publicado por JAMA Internal Medicine indic\u00f3 que los usuarios de Viagra podr\u00edan tener un mayor riesgo de desarrollar melanoma. El estudio incluy\u00f3 a m\u00e1s de 25.000 hombres y descubri\u00f3 que los que usaban el medicamento ten\u00edan un mayor riesgo de adquirir un melanoma. Los hombres que toman Viagra pueden tener un 84% m\u00e1s de probabilidades de desarrollar un melanoma. De hecho, el f\u00e1rmaco puede inhibir la capacidad del organismo para combatir el c\u00e1ncer.  <\/p>\n\n\n\n<p>A finales de 2018 el n\u00famero de demandas por Viagra se acercaba a las 900 y muchos abogados prev\u00e9n que se presenten m\u00e1s casos.  <\/p>\n\n\n\n<p><strong>Signos y s\u00edntomas del c\u00e1ncer de piel por melanoma<\/strong><\/p>\n\n\n\n<p>Este c\u00e1ncer tan agresivo puede ser mortal si no se trata. Los melanomas pueden aparecer en el tronco, la espalda, el cuello y la cabeza del hombre, y pueden crecer a partir de lunares existentes que cambian repentinamente de forma, color o tama\u00f1o. Los primeros signos y s\u00edntomas del melanoma son:<\/p>\n\n\n\n<ul class=\"wp-block-list\"><li>Un nuevo lunar m\u00e1s grande que el tama\u00f1o de un borrador de l\u00e1piz<\/li><\/ul>\n\n\n\n<ul class=\"wp-block-list\"><li>Una nueva mancha m\u00e1s grande que el tama\u00f1o de un borrador de l\u00e1piz<\/li><\/ul>\n\n\n\n<ul class=\"wp-block-list\"><li>Una nueva mancha irregular<\/li><\/ul>\n\n\n\n<ul class=\"wp-block-list\"><li>Cambios en el color\/borde de un lunar<\/li><\/ul>\n\n\n\n<ul class=\"wp-block-list\"><li>El \u00e1rea roja alrededor del lunar\/mancha se extiende hacia el exterior de la piel<\/li><\/ul>\n\n\n\n<ul class=\"wp-block-list\"><li>Punto doloroso, que pica, sensible<\/li><\/ul>\n\n\n\n<ul class=\"wp-block-list\"><li>Piel dolorida que no se cura<\/li><\/ul>\n\n\n\n<ul class=\"wp-block-list\"><li>Cambios superficiales en el lunar existente, como supuraci\u00f3n, costra escamosa y sangrado<\/li><\/ul>\n\n\n\n<p><strong>Factores comunes que un jurado puede considerar en relaci\u00f3n con las indemnizaciones por da\u00f1os y perjuicios por Viagra<\/strong> <\/p>\n\n\n\n<ul class=\"wp-block-list\"><li>P\u00e9rdida de la capacidad de ganancia <\/li><\/ul>\n\n\n\n<ul class=\"wp-block-list\"><li>Gastos m\u00e9dicos anteriores <\/li><\/ul>\n\n\n\n<ul class=\"wp-block-list\"><li>Futuros gastos m\u00e9dicos <\/li><\/ul>\n\n\n\n<ul class=\"wp-block-list\"><li>Lesiones de larga duraci\u00f3n que afectan a la salud y al disfrute de la vida del demandante <\/li><\/ul>\n\n\n\n<ul class=\"wp-block-list\"><li>Alcance\/duraci\u00f3n del perjuicio de Viagra (hospitalizaci\u00f3n, otros cuidados m\u00e9dicos relacionados con el melanoma) <\/li><\/ul>\n\n\n\n<ul class=\"wp-block-list\"><li>Efecto del melanoma en la salud mental\/el bienestar general del demandante <\/li><\/ul>\n\n\n\n<ul class=\"wp-block-list\"><li>Dolor\/angustia sufrida en el pasado y que probablemente sufra en el futuro <\/li><\/ul>\n\n\n\n<ul class=\"wp-block-list\"><li>P\u00e9rdida de la vida del demandante por homicidio culposo como consecuencia de la adquisici\u00f3n de un c\u00e1ncer de piel tipo melanoma  <\/li><\/ul>\n\n\n\n<ul class=\"wp-block-list\"><li>La empresa farmac\u00e9utica no advierte a los usuarios y al personal m\u00e9dico <\/li><\/ul>\n\n\n\n<ul class=\"wp-block-list\"><li>Fabricaci\u00f3n y comercializaci\u00f3n de un medicamento defectuoso <\/li><\/ul>\n\n\n\n<ul class=\"wp-block-list\"><li>Negligencia <\/li><\/ul>\n\n\n\n<ul class=\"wp-block-list\"><li>Pr\u00e1cticas comerciales enga\u00f1osas <\/li><\/ul>\n\n\n\n<ul class=\"wp-block-list\"><li>Falsificaci\u00f3n por negligencia <\/li><\/ul>\n\n\n\n<ul class=\"wp-block-list\"><li>Enriquecimiento injusto <\/li><\/ul>\n\n\n\n<ul class=\"wp-block-list\"><li>Dise\u00f1o defectuoso <\/li><\/ul>\n\n\n\n<ul class=\"wp-block-list\"><li>Marketing enga\u00f1oso <\/li><\/ul>\n\n\n\n<ul class=\"wp-block-list\"><li>Incumplimiento de garant\u00edas expresas\/impl\u00edcitas<\/li><\/ul>\n\n\n\n<p><strong>\u00bfLe diagnosticaron un melanoma despu\u00e9s de tomar Viagra?<\/strong><\/p>\n\n\n\n<p><a href=\"https:\/\/www.steinberglawfirm.com\/\" target=\"_blank\" rel=\"noopener\">El Steinberg Law Firm<\/a> entiende lo que se necesita para hacer un fuerte <a href=\"https:\/\/www.steinberglawfirm.com\/practice-areas\/dangerous-products\/dangerous-drugs\/\" target=\"_blank\" rel=\"noopener\">caso de medicamento defectuoso<\/a> que resulte en una compensaci\u00f3n justa y equitativa para usted. <a href=\"https:\/\/www.steinberglawfirm.com\/contact-us\/\" target=\"_blank\" rel=\"noopener\">Ll\u00e1menos hoy para su consulta gratuita<\/a> y conozca sus derechos legales. Llame al Steinberg Law Firm al 843-720-2800 lo antes posible para contarnos su historia.  <\/p>\n\n\n\n<p>Las demandas por medicamentos defectuosos (demandas por da\u00f1os personales) son extremadamente complejas, y asegurarse de que cuenta con un abogado experimentado en Viagra del Steinberg Law Firm le asegura que no se enfrentar\u00e1 a ning\u00fan escollo potencial.<\/p>\n\n\n\n<p><a href=\"https:\/\/www.steinberglawfirm.com\/free-consultation\/\" target=\"_blank\" rel=\"noopener\">Nuestra consulta inicial es confidencial y totalmente gratuita.<\/a> Usted no paga nada por hablar con un abogado sobre su caso. Entendemos que el proceso de reclamaci\u00f3n puede ser dif\u00edcil, y el papeleo puede realmente acumularse. Nuestros abogados pueden ayudarle a entender los detalles de su caso, sus derechos legales, y c\u00f3mo obtener la compensaci\u00f3n y la justicia que se merece.<\/p>","protected":false},"excerpt":{"rendered":"<p>Charleston Abogado de f\u00e1rmacos defectuosos Viagra (sildenafilo) -un inhibidor de la PDE5- abri\u00f3 todo un mundo nuevo para los hombres con disfunci\u00f3n er\u00e9ctil y se convirti\u00f3 en un f\u00e1rmaco enormemente popular y famoso en 1998, cuando la p\u00edldora azul fue aprobada por la Administraci\u00f3n de Alimentos y Medicamentos de los Estados Unidos (FDA). Se promocion\u00f3 como el primer tratamiento oral para...<\/p>","protected":false},"author":1,"featured_media":20368,"parent":2251,"menu_order":0,"comment_status":"closed","ping_status":"closed","template":"","meta":{"_acf_changed":false,"footnotes":""},"class_list":["post-8495","page","type-page","status-publish","has-post-thumbnail","hentry"],"acf":[],"_links":{"self":[{"href":"https:\/\/steinberglawfirm-staging.clmcloud.app\/es\/wp-json\/wp\/v2\/pages\/8495"}],"collection":[{"href":"https:\/\/steinberglawfirm-staging.clmcloud.app\/es\/wp-json\/wp\/v2\/pages"}],"about":[{"href":"https:\/\/steinberglawfirm-staging.clmcloud.app\/es\/wp-json\/wp\/v2\/types\/page"}],"author":[{"embeddable":true,"href":"https:\/\/steinberglawfirm-staging.clmcloud.app\/es\/wp-json\/wp\/v2\/users\/1"}],"replies":[{"embeddable":true,"href":"https:\/\/steinberglawfirm-staging.clmcloud.app\/es\/wp-json\/wp\/v2\/comments?post=8495"}],"version-history":[{"count":2,"href":"https:\/\/steinberglawfirm-staging.clmcloud.app\/es\/wp-json\/wp\/v2\/pages\/8495\/revisions"}],"predecessor-version":[{"id":20393,"href":"https:\/\/steinberglawfirm-staging.clmcloud.app\/es\/wp-json\/wp\/v2\/pages\/8495\/revisions\/20393"}],"up":[{"embeddable":true,"href":"https:\/\/steinberglawfirm-staging.clmcloud.app\/es\/wp-json\/wp\/v2\/pages\/2251"}],"wp:featuredmedia":[{"embeddable":true,"href":"https:\/\/steinberglawfirm-staging.clmcloud.app\/es\/wp-json\/wp\/v2\/media\/20368"}],"wp:attachment":[{"href":"https:\/\/steinberglawfirm-staging.clmcloud.app\/es\/wp-json\/wp\/v2\/media?parent=8495"}],"curies":[{"name":"wp","href":"https:\/\/api.w.org\/{rel}","templated":true}]}}