{"id":8492,"date":"2019-01-07T23:30:00","date_gmt":"2019-01-07T23:30:00","guid":{"rendered":"https:\/\/www.steinberglawfirm.com\/?page_id=8492"},"modified":"2022-04-20T19:44:02","modified_gmt":"2022-04-20T19:44:02","slug":"zofran-defective-drug-lawyer","status":"publish","type":"page","link":"https:\/\/steinberglawfirm-staging.clmcloud.app\/es\/lesiones-personales\/productos-peligrosos\/drogas-peligrosas\/zofran-droga-defectuosa-abogado\/","title":{"rendered":"Abogado de medicamentos defectuosos Zofran"},"content":{"rendered":"<h1 class=\"wp-block-heading\">Charleston Abogado de medicamentos defectuosos Zofran<\/h1>\n\n\n\n<div style=\"height:15px\" aria-hidden=\"true\" class=\"wp-block-spacer\"><\/div>\n\n\n\n<p>Las mujeres embarazadas tienen que hacer frente a muchas cosas durante el embarazo. Una de esas cosas pueden ser las n\u00e1useas y los v\u00f3mitos. De hecho, se calcula que el 50% de las mujeres sufren alg\u00fan tipo de n\u00e1useas matutinas durante el primer trimestre.<\/p>\n\n\n\n<p>Aunque es relativamente com\u00fan y en el pasado ha habido otros medicamentos que ayudaban a las mujeres embarazadas a sobrellevar las n\u00e1useas matutinas, ahora tenemos una nueva generaci\u00f3n de p\u00edldoras contra las n\u00e1useas, Zofran (ondansetr\u00f3n), y sus formas gen\u00e9ricas, aprobadas por la Administraci\u00f3n de Alimentos y Medicamentos (FDA) en 1991.  <\/p>\n\n\n\n<p>Zofran es un f\u00e1rmaco de categor\u00eda B y no se ha demostrado que su uso sea seguro en mujeres embarazadas. Entonces, \u00bfpor qu\u00e9 se prescribe este medicamento y sus formas gen\u00e9ricas?<\/p>\n\n\n\n<p>Es posible que conozca el nombre de Zofran y que lo haya tomado. Es uno de los medicamentos contra las n\u00e1useas m\u00e1s comunes y m\u00e1s recetados del mercado. El problema es que nadie inform\u00f3 a los pacientes y al personal m\u00e9dico sobre sus graves efectos secundarios.<\/p>\n\n\n\n<p>GlaxoSmithKline (GSK), fabricante y comercializador de Zofran, anunci\u00f3\/comercializ\u00f3 el medicamento como \"fuera de etiqueta\" para su uso por parte de mujeres embarazadas. GlaxoSmithKline lo hizo a sabiendas de que Zofran no estaba destinado a un uso prolongado.<\/p>\n\n\n\n<p>Un estudio de 2011 inform\u00f3 de que Zofran duplicaba los riesgos de defectos de nacimiento, pero el f\u00e1rmaco segu\u00eda siendo promocionado entre las mujeres embarazadas. El estudio, publicado en el American Journal of Obstetrics and Gynecology, se\u00f1al\u00f3 que aproximadamente un mill\u00f3n de mujeres embarazadas est\u00e1n expuestas a Zofran o a su versi\u00f3n gen\u00e9rica cada a\u00f1o. Los efectos secundarios para las mujeres embarazadas pueden incluir picores, estre\u00f1imiento, desmayos, latidos irregulares del coraz\u00f3n, urticaria, mareos y erupciones cut\u00e1neas.<\/p>\n\n\n\n<p>En 2012, el Centro Nacional de Investigaci\u00f3n y Prevenci\u00f3n de Defectos de Nacimiento revel\u00f3 que las probabilidades de que los beb\u00e9s de las madres que usaron Zofran, en el primer trimestre, desarrollen labio leporino y paladar hendido aumentaron 2,4 veces respecto a las mujeres que no tomaron el medicamento.<\/p>\n\n\n\n<p>Ese mismo a\u00f1o, GSK tambi\u00e9n se declar\u00f3 culpable de cargos penales relacionados con la promoci\u00f3n no autorizada del medicamento. La empresa acab\u00f3 pagando un acuerdo de $3 mil millones por promocionar ilegalmente varios medicamentos, adem\u00e1s de Zofran, y por reembolsar a los m\u00e9dicos por recetar el f\u00e1rmaco.<\/p>\n\n\n\n<p><strong>Riesgos y efectos secundarios de Zofran<\/strong><\/p>\n\n\n\n<p>Zofran se utiliza desde hace tiempo por v\u00eda intravenosa, oral, mediante inyecciones o en forma de p\u00edldora de desintegraci\u00f3n r\u00e1pida, para los v\u00f3mitos y las n\u00e1useas de los pacientes de quimioterapia\/radiaci\u00f3n y para las n\u00e1useas y v\u00f3mitos postoperatorios. El f\u00e1rmaco bloquea la producci\u00f3n de serotonina en el organismo, que provoca las n\u00e1useas. Zofran est\u00e1 pensado para ser recetado a corto plazo por pacientes con c\u00e1ncer y no para un periodo largo de tiempo, como en el caso de las n\u00e1useas matutinas.  <\/p>\n\n\n\n<p>Los estudios indican que Zofran se ha relacionado con un aumento del 30% del riesgo de defectos de nacimiento, y un riesgo doble de varios defectos card\u00edacos y paladar hendido en los ni\u00f1os. Otros riesgos son:<\/p>\n\n\n\n<ul class=\"wp-block-list\"><li> Ri\u00f1ones malformados<\/li><\/ul>\n\n\n\n<ul class=\"wp-block-list\"><li> Abortos involuntarios<\/li><\/ul>\n\n\n\n<ul class=\"wp-block-list\"><li> Paladar hendido<\/li><\/ul>\n\n\n\n<ul class=\"wp-block-list\"><li> Labio leporino<\/li><\/ul>\n\n\n\n<ul class=\"wp-block-list\"><li> Defectos del esqueleto<\/li><\/ul>\n\n\n\n<ul class=\"wp-block-list\"><li> Anomal\u00edas del esqueleto<\/li><\/ul>\n\n\n\n<ul class=\"wp-block-list\"><li> Desfiguraci\u00f3n del esqueleto<\/li><\/ul>\n\n\n\n<ul class=\"wp-block-list\"><li> Defectos card\u00edacos<\/li><\/ul>\n\n\n\n<ul class=\"wp-block-list\"><li> Agujeros en el coraz\u00f3n<\/li><\/ul>\n\n\n\n<ul class=\"wp-block-list\"><li> Taquicardia<\/li><\/ul>\n\n\n\n<ul class=\"wp-block-list\"><li> Defectos septales<\/li><\/ul>\n\n\n\n<ul class=\"wp-block-list\"><li> Arritmia<\/li><\/ul>\n\n\n\n<ul class=\"wp-block-list\"><li> Defectos craneales<\/li><\/ul>\n\n\n\n<ul class=\"wp-block-list\"><li> Deformidades musculoesquel\u00e9ticas<\/li><\/ul>\n\n\n\n<ul class=\"wp-block-list\"><li>Anomal\u00edas en la funci\u00f3n el\u00e9ctrica del coraz\u00f3n<\/li><\/ul>\n\n\n\n<ul class=\"wp-block-list\"><li>S\u00edndrome de la serotonina<\/li><\/ul>\n\n\n\n<p>El s\u00edndrome de la serotonina es una enfermedad grave y potencialmente mortal para las mujeres embarazadas que se produce cuando dos o m\u00e1s medicamentos recetados afectan a los niveles naturales de serotonina en el organismo al mismo tiempo. Zofran combinado con una clase de antidepresivos denominados inhibidores de la recaptaci\u00f3n de serotonina (ISRS) puede causar el s\u00edndrome de la serotonina. Los s\u00edntomas del s\u00edndrome de la serotonina pueden incluir:<\/p>\n\n\n\n<ul class=\"wp-block-list\"><li> Latidos irregulares <\/li><li> Convulsiones <\/li><li> Inconsciencia <\/li><li> Agitaci\u00f3n <\/li><li> Cambios de comportamiento <\/li><li> Confusi\u00f3n <\/li><li> Sudoraci\u00f3n intensa <\/li><li> Dolores de cabeza<\/li><\/ul>\n\n\n\n<p><strong>Alegaciones de los demandantes en las demandas contra Zofran<\/strong><\/p>\n\n\n\n<p>Los demandantes en los juicios por Zofran pueden hacer varias alegaciones, como las siguientes:<\/p>\n\n\n\n<ul class=\"wp-block-list\"><li> GSK promocion\u00f3 de forma poco \u00e9tica el medicamento entre las madres embarazadas, pero no realiz\u00f3 ning\u00fan estudio sobre sus efectos. <\/li><li> Que al no realizar estudios de seguridad, las mujeres embarazadas y sus beb\u00e9s en el \u00fatero se convirtieron en sujetos de prueba del medicamento. <\/li><li> GSK comercializ\u00f3 Zofran de forma no autorizada como un tratamiento seguro y eficaz para las n\u00e1useas matutinas, cuando el uso principal del medicamento era para tratar los v\u00f3mitos despu\u00e9s de la quimioterapia contra el c\u00e1ncer y prevenir\/tratar las n\u00e1useas y los v\u00f3mitos despu\u00e9s de la cirug\u00eda. <\/li><li> Que GSK era consciente de los estudios en animales que indicaban que Zofran causaba malformaciones y muerte intrauterina, y que no era seguro para su ingesti\u00f3n por parte de las mujeres embarazadas. <\/li><li> Que GSK conoc\u00eda el problema de los defectos de nacimiento debido a los informes de dichos defectos que se enviaron a GSK en las d\u00e9cadas de 1990 y 2000.<\/li><\/ul>\n\n\n\n<p><strong>Hable con un abogado<\/strong><\/p>\n\n\n\n<p>\u00bfHa experimentado complicaciones graves por tomar Zofran? Acuda a un experto <a href=\"https:\/\/www.steinberglawfirm.com\/practice-areas\/dangerous-products\/dangerous-drugs\/\" target=\"_blank\" rel=\"noopener\">Abogado de Zofran<\/a> del Steinberg Law Firm. <a href=\"https:\/\/www.steinberglawfirm.com\/contact-us\/\" target=\"_blank\" rel=\"noopener\">Contactar con un abogado<\/a> tan pronto como pueda, ya que cada estado tiene su propia ley de prescripci\u00f3n y otros plazos que pueden afectar a su capacidad de obtener una indemnizaci\u00f3n si espera.<\/p>\n\n\n\n<p><a href=\"https:\/\/www.steinberglawfirm.com\/\" target=\"_blank\" rel=\"noopener\">El Steinberg Law Firm<\/a> entiende lo que se necesita para presentar un caso s\u00f3lido de producto defectuoso que resulte en una compensaci\u00f3n justa y equitativa para usted. Ll\u00e1menos hoy para su consulta gratuita y conozca sus derechos legales. Llame al Steinberg Law Firm al 843-720-2800 lo antes posible. Esperamos saber de usted.  <\/p>\n\n\n\n<p><a href=\"https:\/\/www.steinberglawfirm.com\/free-consultation\/\" target=\"_blank\" rel=\"noopener\">Nuestra consulta inicial es confidencial y totalmente gratuita.<\/a> Usted no paga nada por hablar con un abogado sobre su caso. Entendemos que el proceso de reclamaci\u00f3n puede ser dif\u00edcil, y el papeleo puede realmente acumularse. Nuestros abogados pueden ayudarle a entender los detalles de su caso, sus derechos legales, y c\u00f3mo obtener la compensaci\u00f3n y la justicia que se merece.<\/p>","protected":false},"excerpt":{"rendered":"<p>Charleston Abogado de medicamentos defectuosos Zofran Las mujeres embarazadas tienen que hacer frente a muchas cosas durante el embarazo. Una de esas cosas pueden ser las n\u00e1useas y los v\u00f3mitos. De hecho, se estima que el 50 por ciento de las mujeres sufren alg\u00fan tipo de n\u00e1useas matutinas durante el primer trimestre. Aunque es relativamente com\u00fan y se han...<\/p>","protected":false},"author":1,"featured_media":20368,"parent":2251,"menu_order":0,"comment_status":"closed","ping_status":"closed","template":"","meta":{"_acf_changed":false,"footnotes":""},"class_list":["post-8492","page","type-page","status-publish","has-post-thumbnail","hentry"],"acf":[],"_links":{"self":[{"href":"https:\/\/steinberglawfirm-staging.clmcloud.app\/es\/wp-json\/wp\/v2\/pages\/8492"}],"collection":[{"href":"https:\/\/steinberglawfirm-staging.clmcloud.app\/es\/wp-json\/wp\/v2\/pages"}],"about":[{"href":"https:\/\/steinberglawfirm-staging.clmcloud.app\/es\/wp-json\/wp\/v2\/types\/page"}],"author":[{"embeddable":true,"href":"https:\/\/steinberglawfirm-staging.clmcloud.app\/es\/wp-json\/wp\/v2\/users\/1"}],"replies":[{"embeddable":true,"href":"https:\/\/steinberglawfirm-staging.clmcloud.app\/es\/wp-json\/wp\/v2\/comments?post=8492"}],"version-history":[{"count":2,"href":"https:\/\/steinberglawfirm-staging.clmcloud.app\/es\/wp-json\/wp\/v2\/pages\/8492\/revisions"}],"predecessor-version":[{"id":20401,"href":"https:\/\/steinberglawfirm-staging.clmcloud.app\/es\/wp-json\/wp\/v2\/pages\/8492\/revisions\/20401"}],"up":[{"embeddable":true,"href":"https:\/\/steinberglawfirm-staging.clmcloud.app\/es\/wp-json\/wp\/v2\/pages\/2251"}],"wp:featuredmedia":[{"embeddable":true,"href":"https:\/\/steinberglawfirm-staging.clmcloud.app\/es\/wp-json\/wp\/v2\/media\/20368"}],"wp:attachment":[{"href":"https:\/\/steinberglawfirm-staging.clmcloud.app\/es\/wp-json\/wp\/v2\/media?parent=8492"}],"curies":[{"name":"wp","href":"https:\/\/api.w.org\/{rel}","templated":true}]}}