{"id":8490,"date":"2019-01-07T23:10:56","date_gmt":"2019-01-07T23:10:56","guid":{"rendered":"https:\/\/www.steinberglawfirm.com\/?page_id=8490"},"modified":"2022-04-20T19:36:07","modified_gmt":"2022-04-20T19:36:07","slug":"lipitor-defective-drug-lawyer","status":"publish","type":"page","link":"https:\/\/steinberglawfirm-staging.clmcloud.app\/es\/lesiones-personales\/productos-peligrosos\/drogas-peligrosas\/abogado-de-medicamentos-defectuosos-lipitor\/","title":{"rendered":"Abogado de medicamentos defectuosos de Lipitor"},"content":{"rendered":"<h1 class=\"wp-block-heading\">Charleston Abogado de medicamentos defectuosos de Lipitor<\/h1>\n\n\n\n<div style=\"height:15px\" aria-hidden=\"true\" class=\"wp-block-spacer\"><\/div>\n\n\n\n<p>La atorvastatina, tambi\u00e9n conocida como Lipitor, ha reducido los niveles de colesterol malo de los pacientes cuando se utiliza en combinaci\u00f3n con una dieta eficaz y adecuada. El f\u00e1rmaco funciona porque reduce la producci\u00f3n de colesterol en el h\u00edgado al inhibir una enzima espec\u00edfica (3-hidroxi-3-metilglutaril coenzima) que el organismo necesita para producir colesterol. Los medicamentos como Lipitor pertenecen a una clase de f\u00e1rmacos, llamados estatinas, que reducen los niveles de colesterol en la sangre. Las estatinas ayudan a detener la acumulaci\u00f3n de placa en el interior de los vasos sangu\u00edneos, reducen la inflamaci\u00f3n y disminuyen el riesgo de sufrir un accidente cerebrovascular u otros episodios cardiovasculares graves. Sin embargo, las estatinas conllevan grandes riesgos.  <\/p>\n\n\n\n<p>Seg\u00fan los estudios, pr\u00e1cticamente todas las estatinas tienen el potencial de causar diabetes, pero Lipitor es mucho m\u00e1s probable que lo haga, con un aumento del 22% del riesgo. Aunque esta estad\u00edstica puede aplicarse a todos los que toman este medicamento, parece que las mujeres y las mujeres mayores tienen un mayor riesgo de adquirir diabetes, aproximadamente un 50 por ciento m\u00e1s de riesgo.<\/p>\n\n\n\n<p><strong>Historia de Lipitor<\/strong><\/p>\n\n\n\n<p>Warner-Lambert se asoci\u00f3 con Pfizer para financiar los ensayos cl\u00ednicos de la \u00faltima fase para conseguir la aprobaci\u00f3n de Lipitor por la Administraci\u00f3n de Alimentos y Medicamentos de Estados Unidos (FDA) en 1997.  Lipitor fue un \u00e9xito cuando sali\u00f3 al mercado y a lo largo de los a\u00f1os ha hecho ganar a Pfizer miles de millones de d\u00f3lares. En la actualidad, Lipitor sigue generando unos $12 mil millones cada a\u00f1o. Con el \u00e9xito del f\u00e1rmaco llegan las demandas por los efectos secundarios graves y mortales de quienes toman Lipitor.  <\/p>\n\n\n\n<p>Los m\u00e9dicos suelen recetar Lipitor, y otras estatinas similares, como Crestor (rosuvastatina), Zocor (simvastatina), Lescol (fluvastatina), Mevacor (lovastatina) y Pravachol (pravastatina), si un paciente tiene niveles excesivos de colesterol en sangre, hipertensi\u00f3n que puede indicar niveles anormales de colesterol, y\/o niveles altos de colesterol y triglic\u00e9ridos.<\/p>\n\n\n\n<p>En 2012, la FDA advirti\u00f3 que Lipitor ten\u00eda una correlaci\u00f3n directa con el desarrollo de diabetes en los pacientes. En 2013 se presentaron muchas demandas y en 2014 las reclamaciones de los demandantes por diabetes se consolidaron en un litigio multidistrital. En 2015, un juez federal fij\u00f3 la primera fecha de juicio para el litigio multidistrital inicial, pero en 2016 el juez concedi\u00f3 la moci\u00f3n de Pfizer para excluir el testimonio de los expertos que los demandantes presentaron. Muchos casos de Lipitor siguen en los tribunales y se est\u00e1n presentando m\u00e1s.<\/p>\n\n\n\n<p>Las demandas alegan que Pfizer no advirti\u00f3 a los pacientes ni a los m\u00e9dicos sobre los efectos secundarios perjudiciales de Lipitor.<\/p>\n\n\n\n<p><strong>Efectos secundarios de Lipitor <\/strong><\/p>\n\n\n\n<p>Lipitor tiene la siguiente lista de efectos secundarios:<\/p>\n\n\n\n<ul class=\"wp-block-list\"><li>Mayor riesgo de desarrollar diabetes de tipo II <\/li><li>Taburetes de color arcilla <\/li><li>Confusi\u00f3n <\/li><li>Hinchaz\u00f3n <\/li><li>Debilidad <\/li><li>Dolor muscular intenso e inexplicable <\/li><li>Ojos ict\u00e9ricos <\/li><li>Piel ict\u00e9rica <\/li><li>Orina oscura <\/li><li>Hepatitis <\/li><li>Problemas de memoria <\/li><li>N\u00e1useas <\/li><li>P\u00e9rdida de apetito <\/li><li>Dolor de est\u00f3mago <\/li><li>Ternura <\/li><li>Picaz\u00f3n <\/li><li>Angina <\/li><li>Fiebre <\/li><li>Fatiga extrema <\/li><li>Ardor\/picaz\u00f3n <\/li><li>Presi\u00f3n arterial extremadamente baja <\/li><li>\u00dalcera estomacal\/intestinal <\/li><li>Convulsiones fuera de control <\/li><li>P\u00e9rdida de peso <\/li><li>Orinar poco <\/li><li>Aumento de la micci\u00f3n <\/li><li>Visi\u00f3n borrosa <\/li><li>Olor a fruta en el aliento <\/li><li>Enfermedad\/infecci\u00f3n grave <\/li><li>Rabdomi\u00f3lisis <\/li><li>Desequilibrio electrol\u00edtico (niveles de potasio m\u00e1s bajos o m\u00e1s altos) <\/li><li>Inflamaci\u00f3n del es\u00f3fago <\/li><li>Rotura de tend\u00f3n <\/li><li>Sangrado anal <\/li><li>C\u00e1lculos renales <\/li><li>Muerte<\/li><\/ul>\n\n\n\n<p><strong>Interacciones farmacol\u00f3gicas negativas con Lipitor<\/strong><\/p>\n\n\n\n<p>Adem\u00e1s de una larga lista de efectos secundarios, Lipitor puede resultar peligroso cuando se toma o se mezcla con otros medicamentos. Las interacciones negativas de los medicamentos pueden tener consecuencias graves e incluso mortales. Lipitor tiene interacciones negativas y puede hacer da\u00f1o fatal a los \u00f3rganos internos con las siguientes enfermedades:<\/p>\n\n\n\n<ul class=\"wp-block-list\"><li><strong>Miopat\u00eda<\/strong> - trastornos musculares neurales <\/li><li><strong>Enfermedades del h\u00edgado<\/strong> - cicatrizaci\u00f3n, cirrosis <\/li><li><strong>Alcoholismo<\/strong> <\/li><li><strong>Trastorno mioneural - <\/strong>trastorno neuromuscular autoinmune cr\u00f3nico caracterizado por la debilidad del m\u00fasculo esquel\u00e9tico <\/li><li><strong>Rabdomi\u00f3lisis<\/strong> - debido a la muerte de las fibras musculares y a la liberaci\u00f3n de su contenido en el torrente sangu\u00edneo con graves complicaciones renales <\/li><\/ul>\n\n\n\n<p>Tambi\u00e9n se sabe que Lipitor tiene interacciones con m\u00e1s de 275 otros medicamentos y con el zumo de pomelo. De las 275, hay que destacar 40 interacciones farmacol\u00f3gicas importantes, m\u00e1s de 160 interacciones moderadas y 75 interacciones menores. Si est\u00e1 tomando Lipitor, aseg\u00farese de consultar con su m\u00e9dico y farmac\u00e9utico antes de mezclar medicamentos.<\/p>\n\n\n\n<p><strong>Hable con un abogado<\/strong><\/p>\n\n\n\n<p>\u00bfHa experimentado complicaciones graves por tomar Lipitor? Acuda a un experto <a href=\"https:\/\/www.steinberglawfirm.com\/practice-areas\/dangerous-products\/dangerous-drugs\/\" target=\"_blank\" rel=\"noopener\">Abogado de Lipitor<\/a> del Steinberg Law Firm. <a href=\"https:\/\/www.steinberglawfirm.com\/contact-us\/\" target=\"_blank\" rel=\"noopener\">Contactar con un abogado<\/a> tan pronto como pueda, ya que cada estado tiene su propia ley de prescripci\u00f3n y otros plazos que pueden afectar a su capacidad de obtener una indemnizaci\u00f3n si espera.<\/p>\n\n\n\n<p><a href=\"https:\/\/www.steinberglawfirm.com\/\" target=\"_blank\" rel=\"noopener\">El Steinberg Law Firm<\/a> entiende lo que se necesita para presentar un caso s\u00f3lido de producto defectuoso que resulte en una compensaci\u00f3n justa y equitativa para usted. Ll\u00e1menos hoy para su consulta gratuita y conozca sus derechos legales. Llame al Steinberg Law Firm al 843-720-2800 lo antes posible. Esperamos saber de usted.  <\/p>\n\n\n\n<p><a href=\"https:\/\/www.steinberglawfirm.com\/free-consultation\/\" target=\"_blank\" rel=\"noopener\">Nuestra consulta inicial es confidencial y totalmente gratuita.<\/a> Usted no paga nada por hablar con un abogado sobre su caso. Entendemos que el proceso de reclamaci\u00f3n puede ser dif\u00edcil. Nuestros abogados pueden ayudarle a entender los detalles de su caso, sus derechos legales, y c\u00f3mo obtener la compensaci\u00f3n y la justicia que se merece.<\/p>","protected":false},"excerpt":{"rendered":"<p>Charleston Abogado de f\u00e1rmacos defectuosos Lipitor La atorvastatina, tambi\u00e9n conocida como Lipitor, ha reducido los niveles de colesterol malo de los pacientes cuando se utiliza en combinaci\u00f3n con una dieta eficaz y adecuada. El f\u00e1rmaco funciona porque reduce la producci\u00f3n de colesterol del h\u00edgado al inhibir una enzima espec\u00edfica (3-hidroxi-3-metilglutaril coenzima) que el cuerpo necesita para producir colesterol. F\u00e1rmacos como Lipitor...<\/p>","protected":false},"author":1,"featured_media":20368,"parent":2251,"menu_order":0,"comment_status":"closed","ping_status":"closed","template":"","meta":{"_acf_changed":false,"footnotes":""},"class_list":["post-8490","page","type-page","status-publish","has-post-thumbnail","hentry"],"acf":[],"_links":{"self":[{"href":"https:\/\/steinberglawfirm-staging.clmcloud.app\/es\/wp-json\/wp\/v2\/pages\/8490"}],"collection":[{"href":"https:\/\/steinberglawfirm-staging.clmcloud.app\/es\/wp-json\/wp\/v2\/pages"}],"about":[{"href":"https:\/\/steinberglawfirm-staging.clmcloud.app\/es\/wp-json\/wp\/v2\/types\/page"}],"author":[{"embeddable":true,"href":"https:\/\/steinberglawfirm-staging.clmcloud.app\/es\/wp-json\/wp\/v2\/users\/1"}],"replies":[{"embeddable":true,"href":"https:\/\/steinberglawfirm-staging.clmcloud.app\/es\/wp-json\/wp\/v2\/comments?post=8490"}],"version-history":[{"count":2,"href":"https:\/\/steinberglawfirm-staging.clmcloud.app\/es\/wp-json\/wp\/v2\/pages\/8490\/revisions"}],"predecessor-version":[{"id":20381,"href":"https:\/\/steinberglawfirm-staging.clmcloud.app\/es\/wp-json\/wp\/v2\/pages\/8490\/revisions\/20381"}],"up":[{"embeddable":true,"href":"https:\/\/steinberglawfirm-staging.clmcloud.app\/es\/wp-json\/wp\/v2\/pages\/2251"}],"wp:featuredmedia":[{"embeddable":true,"href":"https:\/\/steinberglawfirm-staging.clmcloud.app\/es\/wp-json\/wp\/v2\/media\/20368"}],"wp:attachment":[{"href":"https:\/\/steinberglawfirm-staging.clmcloud.app\/es\/wp-json\/wp\/v2\/media?parent=8490"}],"curies":[{"name":"wp","href":"https:\/\/api.w.org\/{rel}","templated":true}]}}