{"id":8467,"date":"2019-01-07T16:43:21","date_gmt":"2019-01-07T16:43:21","guid":{"rendered":"https:\/\/www.steinberglawfirm.com\/?page_id=8467"},"modified":"2024-04-02T15:38:08","modified_gmt":"2024-04-02T15:38:08","slug":"the-steinberg-law-firm-scholarship-program","status":"publish","type":"page","link":"https:\/\/steinberglawfirm-staging.clmcloud.app\/es\/dar-back\/programa-de-becas-del-bufete-de-abogados-steinberg\/","title":{"rendered":"El programa de becas del bufete Steinberg"},"content":{"rendered":"<img loading=\"lazy\" decoding=\"async\" src=\"https:\/\/www.steinberglawfirm.com\/wp-content\/uploads\/2024\/01\/University_of_South_Carolina_Davis_College.jpg\" alt=\"Universidad de South Carolina Davis College\" itemprop=\"image\" height=\"573\" width=\"800\" title=\"Universidad_de_South_Carolina,_Davis_College\" onerror=\"this.style.display='none'\"  \/>\n\t\t\t\t\t\tAutor: Dfscgt21\nCC: https:\/\/creativecommons.org\/licenses\/by-sa\/3.0\/deed.en\n<h4>\n\t\tApoyo a la educaci\u00f3n superior\n\t<\/h4>\n\t<p>The Steinberg Law Firm se preocupa por la educaci\u00f3n superior de los estudiantes en South Carolina y se enorgullece de anunciar el Programa de Becas Steinberg Law Firm 2024. Ofrecemos un total de cinco becas a estudiantes de bachillerato que vayan a entrar en la universidad en 2024 y a estudiantes universitarios. Cinco estudiantes en total ser\u00e1n seleccionados para ganar cada uno una beca de $1.000 presentando un ensayo, sus expedientes acad\u00e9micos actuales y una lista de sus actividades extracurriculares, honores y premios, y participaci\u00f3n en la comunidad.<\/p>\n<p>La selecci\u00f3n de los ganadores de las becas se basar\u00e1 en las calificaciones, las actividades escolares, los honores y premios especiales, la participaci\u00f3n en la comunidad y un ensayo escrito.<\/p>\n\t<p>Gracias a todos los solicitantes de la beca 2024. <strong>Las solicitudes para este a\u00f1o ya est\u00e1n cerradas.<\/strong> Vuelva a visitarnos para obtener informaci\u00f3n sobre 2025.<\/p>\n\t<u>Elija un tema para su ensayo original:<br \/>\n<\/u>\n<ul>\n<li>Cu\u00e9ntanos c\u00f3mo est\u00e1s marcando hoy la diferencia en tu comunidad, en tu escuela o en el mundo.<\/li>\n<li>Cu\u00e9ntenos una experiencia personal en la que haya superado un reto personal y c\u00f3mo lo hizo.<\/li>\n<li>H\u00e1blenos de sus objetivos y de lo que desea conseguir en los pr\u00f3ximos 5 a\u00f1os.<\/li>\n<\/ul>\n\t<h4>C\u00f3mo solicitarlo<\/h4>\n<p>El Comit\u00e9 de Becas The Steinberg Law Firm seleccionar\u00e1 a los becarios bas\u00e1ndose en la redacci\u00f3n y otros materiales presentados. Las directrices se enumeran a continuaci\u00f3n:<\/p>\n<h5>Cualificaciones:<\/h5>\n<ul>\n<li>Debe estar cursando el \u00faltimo a\u00f1o de la escuela secundaria South Carolina y asistir a la universidad en 2023 o ser un estudiante universitario actualmente matriculado.<\/li>\n<li>Debe presentar un expediente acad\u00e9mico actualizado de la escuela secundaria o la universidad<\/li>\n<li>Debe presentar una lista de actividades escolares, distinciones y premios especiales, y actividades de participaci\u00f3n en la comunidad.<\/li>\n<li>Debe presentar un ensayo de 500 a 800 palabras en respuesta a uno de los temas anteriores<\/li>\n<li>Los ensayos plagiados o copiados de cualquier fuente ser\u00e1n descalificados autom\u00e1ticamente.<\/li>\n<li>Se proh\u00edben los ensayos escritos por personas ajenas al alumno, incluidos los contenidos generados por IA.<\/li>\n<\/ul>\n\t<h4>Plazo<\/h4>\n<p><u><strong>Las solicitudes est\u00e1n cerradas.<\/strong><\/u><\/p>\n<h4>Ganadores 2023<\/h4>\n<ul>\n<li><strong>Darby K.<\/strong> - Battery Creek High School, admitido en Charleston Southern University<\/li>\n<li><strong>Austin R.<\/strong> - Ridge View High School, admitido en la Universidad Metodista<\/li>\n<li><strong>Addison T.<\/strong> - Oceanside Collegiate Academy, admitido en la Universidad de South Carolina<\/li>\n<li><strong>Von\u00e9 W.<\/strong> - Universidad de Clemson (matriculado)<\/li>\n<li><strong>Christian J.<\/strong>- North Augusta High, admitido en la Universidad de South Carolina<\/li>\n<\/ul>\n\t<p><strong>La concesi\u00f3n de la beca se har\u00e1 directamente a su colegio o universidad. Si ya has recibido una beca Steinberg Law Firm, NO vuelvas a solicitarla. <\/strong><\/p>\n<h4>\n\t\tAcerca de Steinberg Law Firm\n\t<\/h4>\n\t<p>Parte de nuestra misi\u00f3n es retribuir a la comunidad que tan generosamente nos ha apoyado desde el principio. Valoramos la educaci\u00f3n y queremos ayudar econ\u00f3micamente a los estudiantes de nuestra comunidad que cursan estudios superiores. Llevamos m\u00e1s de 95 a\u00f1os devolviendo a la comunidad y ayudando a las personas lesionadas en South Carolina. Nuestra <a href=\"https:\/\/www.steinberglawfirm.com\/practice-areas\/personal-injury\/\" target=\"_blank\" rel=\"noopener\">da\u00f1os personales<\/a> y <a href=\"https:\/\/steinberglawfirm.com\/practice-areas\/workers-compensation\/\" target=\"_blank\" rel=\"noopener\">abogados de indemnizaci\u00f3n por accidente de trabajo<\/a> est\u00e1n aqu\u00ed para manejar todos los casos con profesionalidad y el m\u00e1ximo cuidado y consideraci\u00f3n. Si usted o un ser querido se ha lesionado en el trabajo o debido a la negligencia de otros, <a href=\"tel:1-843-720-2800\">contacte con nuestros abogados en el (843)-720-2800<\/a>. <a href=\"https:\/\/www.steinberglawfirm.com\/free-consultation\/\" target=\"_blank\" rel=\"noopener\">Ofrecemos consultas gratuitas<\/a> y <a href=\"https:\/\/www.steinberglawfirm.com\/no-fee-unless-you-win\/\" target=\"_blank\" rel=\"noopener\">no cobramos honorarios a menos que ganemos su caso<\/a>.<\/p>\n<p>&nbsp;<\/p>\n\t\t\t\t<img decoding=\"async\" src=\"https:\/\/www.steinberglawfirm.com\/wp-content\/uploads\/2023\/07\/Column-group-photo-2022-with-Adam-Wilson1.png\" alt=\"Steinberg Law Firm - South Carolina Abogados de lesiones personales frente al Palacio de Justicia\" title=\"Steinberg Law Firm - South Carolina Abogados de lesiones personales frente al Palacio de Justicia\" itemprop=\"image\"  \/>\n\t<p>Por favor, <a href=\"https:\/\/www.facebook.com\/SteinbergLawFirmSC\/\" target=\"_blank\" rel=\"noopener\">Visite nuestra p\u00e1gina de Facebook<\/a> Para las actualizaciones<\/p>\n<h6>\n\t\tNoticias y actualizaciones de nuestro blog\n\t<\/h6>\n\t\t\t<a href=\"https:\/\/www.steinberglawfirm.com\/blog\/category\/motorcycle-accidents\/\" target=\"_blank\" rel=\"noopener\">Accidentes de moto<\/a>\t\t\t<h3>\n\t\t\t\t<a href=\"https:\/\/www.steinberglawfirm.com\/blog\/motorcycle-insurance-tips-south-carolina\/\" title=\"5 consejos esenciales para la cobertura del seguro de moto en South Carolina\" tabindex=\"0\">5 consejos esenciales para la cobertura del seguro de moto en South Carolina<\/a>\t\t\t<\/h3>\n\t\t\t<a href=\"https:\/\/www.steinberglawfirm.com\/blog\/category\/car-accident\/\" target=\"_blank\" rel=\"noopener\">Accidente de tr\u00e1fico<\/a>\t\t\t<h3>\n\t\t\t\t<a href=\"https:\/\/www.steinberglawfirm.com\/blog\/car-accident-tips-on-insurance-company-tactics-to-avoid-paying\/\" title=\"Tomar decisiones informadas tras un accidente de tr\u00e1fico: El valor de contratar a un abogado desde el principio\" tabindex=\"0\">Tomar decisiones informadas tras un accidente de tr\u00e1fico: El valor de contratar a un abogado desde el principio<\/a>\t\t\t<\/h3>","protected":false},"excerpt":{"rendered":"<p>Autor: Dfscgt21 CC: https:\/\/creativecommons.org\/licenses\/by-sa\/3.0\/deed.en Apoyando la Educaci\u00f3n Superior The Steinberg Law Firm se preocupa por la educaci\u00f3n superior de los estudiantes en South Carolina y se enorgullece de anunciar el Programa de Becas 2024 Steinberg Law Firm. Ofrecemos un total de cinco becas a estudiantes de bachillerato que ingresen en la universidad en 2024 y a estudiantes universitarios. Cinco estudiantes en total...<\/p>","protected":false},"author":1,"featured_media":10725,"parent":3372,"menu_order":0,"comment_status":"closed","ping_status":"closed","template":"","meta":{"_acf_changed":false,"footnotes":""},"class_list":["post-8467","page","type-page","status-publish","has-post-thumbnail","hentry"],"acf":[],"_links":{"self":[{"href":"https:\/\/steinberglawfirm-staging.clmcloud.app\/es\/wp-json\/wp\/v2\/pages\/8467"}],"collection":[{"href":"https:\/\/steinberglawfirm-staging.clmcloud.app\/es\/wp-json\/wp\/v2\/pages"}],"about":[{"href":"https:\/\/steinberglawfirm-staging.clmcloud.app\/es\/wp-json\/wp\/v2\/types\/page"}],"author":[{"embeddable":true,"href":"https:\/\/steinberglawfirm-staging.clmcloud.app\/es\/wp-json\/wp\/v2\/users\/1"}],"replies":[{"embeddable":true,"href":"https:\/\/steinberglawfirm-staging.clmcloud.app\/es\/wp-json\/wp\/v2\/comments?post=8467"}],"version-history":[{"count":46,"href":"https:\/\/steinberglawfirm-staging.clmcloud.app\/es\/wp-json\/wp\/v2\/pages\/8467\/revisions"}],"predecessor-version":[{"id":30751,"href":"https:\/\/steinberglawfirm-staging.clmcloud.app\/es\/wp-json\/wp\/v2\/pages\/8467\/revisions\/30751"}],"up":[{"embeddable":true,"href":"https:\/\/steinberglawfirm-staging.clmcloud.app\/es\/wp-json\/wp\/v2\/pages\/3372"}],"wp:featuredmedia":[{"embeddable":true,"href":"https:\/\/steinberglawfirm-staging.clmcloud.app\/es\/wp-json\/wp\/v2\/media\/10725"}],"wp:attachment":[{"href":"https:\/\/steinberglawfirm-staging.clmcloud.app\/es\/wp-json\/wp\/v2\/media?parent=8467"}],"curies":[{"name":"wp","href":"https:\/\/api.w.org\/{rel}","templated":true}]}}