{"id":8093,"date":"2018-12-26T23:35:43","date_gmt":"2018-12-26T23:35:43","guid":{"rendered":"https:\/\/www.steinberglawfirm.com\/?page_id=8093"},"modified":"2022-04-20T19:37:47","modified_gmt":"2022-04-20T19:37:47","slug":"prilosec-injury","status":"publish","type":"page","link":"https:\/\/steinberglawfirm-staging.clmcloud.app\/es\/lesiones-personales\/productos-peligrosos\/drogas-peligrosas\/prilosec-lesion\/","title":{"rendered":"Abogado de lesiones por Prilosec"},"content":{"rendered":"<h1 class=\"wp-block-heading\">Charleston Abogado de lesiones por Prilosec<\/h1>\n\n\n\n<div style=\"height:15px\" aria-hidden=\"true\" class=\"wp-block-spacer\"><\/div>\n\n\n\n<p>Si ha sufrido acidez de est\u00f3mago, tambi\u00e9n conocida como enfermedad por reflujo gastroesof\u00e1gico (ERGE), y ha acudido al m\u00e9dico para saber qu\u00e9 pod\u00eda hacer al respecto, le han hablado de Prilosec, un inhibidor de la bomba de protones que se encargar\u00eda de sus problemas de reflujo \u00e1cido. Prilosec es fabricado y vendido por AstraZeneca, que lo lanz\u00f3 al mercado por primera vez en 1979.<\/p>\n\n\n\n<p>Avancemos varios a\u00f1os, y se le ha diagnosticado una enfermedad renal cr\u00f3nica y puede necesitar di\u00e1lisis y un posible trasplante de ri\u00f1\u00f3n. \u00bfQu\u00e9 ha fallado para que el medicamento que tomaba para ayudarle le haya perjudicado?<\/p>\n\n\n\n<p>Nadie deber\u00eda encontrarse en una situaci\u00f3n en la que la ayuda m\u00e9dica que necesita es la misma que le perjudica gravemente o le causa la muerte. Los efectos secundarios graves y otros problemas de los medicamentos no suelen ser evidentes hasta que el producto empieza a perjudicar a los consumidores.  <\/p>\n\n\n\n<p>Lo preocupante de que un medicamento est\u00e9 en el mercado sin que se haya investigado mucho para identificar cualquier efecto secundario es que se sabe que las compa\u00f1\u00edas farmac\u00e9uticas presionan a los m\u00e9dicos para que comercialicen sus productos fuera de la etiqueta, y utilicen el medicamento cuestionable para tratar condiciones para las que nunca fue aprobado.  <\/p>\n\n\n\n<p>En el Steinberg Law Firm, consigue que el bufete te respalde. Entendemos lo que es descubrir que lo que cre\u00edas que te ayudaba en realidad te est\u00e1 perjudicando y podemos ayudarte a conseguir la compensaci\u00f3n que te mereces. Nuestros abogados especialistas en lesiones personales por Prilosec conocen los pormenores de los casos de medicamentos defectuosos y trabajan con usted de forma personalizada para obtener justicia. Tambi\u00e9n sabemos que estos medicamentos no se convirtieron repentinamente en un problema de seguridad para quienes los toman. Se han observado problemas desde el a\u00f1o 2002.<\/p>\n\n\n\n<p><strong>Prilosec <\/strong> <\/p>\n\n\n\n<p>Si ha estado tomando Prilosec con regularidad y ha acabado padeciendo una enfermedad renal cr\u00f3nica, nefritis intersticial, lesi\u00f3n renal aguda, insuficiencia renal\/ri\u00f1\u00f3n u otros efectos secundarios graves, es el momento de hablar con un experto <a href=\"https:\/\/www.steinberglawfirm.com\/practice-areas\/personal-injury\/\" target=\"_blank\" rel=\"noopener\">abogado de lesiones personales<\/a> en el Steinberg Law Firm. Cerca del 14 por ciento de los estadounidenses han tomado un medicamento IBP con receta y a\u00fan m\u00e1s han utilizado las versiones de venta libre (OTC).<\/p>\n\n\n\n<p>Prilosec, Prilosec OTC y Zegerid (Omeprazol) se clasifican como inhibidores de la bomba de protones (IBP). Los IBP bloquean la producci\u00f3n de \u00e1cido estomacal. Otros medicamentos relacionados de la familia de los IBP son Prevacid (lansoprazol), Aciphex (rabeprazol), Protonix (pantoprazol), Nexium (esomeprazol) y Dexilant (dexlansoprazol).<\/p>\n\n\n\n<p>Seg\u00fan una investigaci\u00f3n realizada sobre el uso de IBP entre 2001 y 2008, aproximadamente uno de cada cuatro consumidores que tomaban IBP declar\u00f3 haber sufrido da\u00f1os renales. En 2016, el <em>Revista de la Asociaci\u00f3n M\u00e9dica Americana<\/em>&nbsp;(JAMA) public\u00f3 los resultados de un importante estudio que relaciona el Prilosec con la enfermedad renal. De los m\u00e1s de 10.000 pacientes implicados, aproximadamente el 50 por ciento tomaba Prilosec u otros medicamentos IBP. El otro 50% no tomaba IBP. Se determin\u00f3 que los pacientes que tomaban IBP, incluido el Prilosec, ten\u00edan entre un 20 y un 50 por ciento m\u00e1s de posibilidades de contraer una enfermedad renal cr\u00f3nica a largo plazo mientras tomaban el medicamento.<\/p>\n\n\n\n<p><strong>S\u00edntomas de la enfermedad renal<\/strong><\/p>\n\n\n\n<p>A medida que los ri\u00f1ones pierden gradualmente su capacidad de funcionamiento con el paso del tiempo, se produce la enfermedad renal cr\u00f3nica y dejan de ser capaces de filtrar las toxinas del torrente sangu\u00edneo. Los s\u00edntomas incluyen:<\/p>\n\n\n\n<ul class=\"wp-block-list\"><li>Acumulaci\u00f3n de l\u00edquido en los pulmones <\/li><li>Latidos irregulares <\/li><li>Hinchaz\u00f3n de tobillos, piernas o pies <\/li><li>Presi\u00f3n arterial alta <\/li><li>Ataque al coraz\u00f3n <\/li><li>Fatiga extrema <\/li><li>Desequilibrios electrol\u00edticos <\/li><li>V\u00f3mitos, n\u00e1useas <\/li><li>Rebote \u00e1cido: si se interrumpe la medicaci\u00f3n, el est\u00f3mago puede empezar a liberar demasiado \u00e1cido <\/li><li>P\u00e9rdida de apetito <\/li><li>Erupci\u00f3n <\/li><li>Dolor de cabeza <\/li><li>Problemas para orinar <\/li><li>Mayor riesgo de niveles bajos de magnesio (hipomagnesemia) <\/li><li>Aumento del riesgo de infarto <\/li><li>Aumento del riesgo de fracturas \u00f3seas: la advertencia de la FDA a los consumidores oblig\u00f3 a cambiar el etiquetado en 2010 con respecto a este riesgo <\/li><li>Enfermedad renal cr\u00f3nica <\/li><li>Insuficiencia renal\/ri\u00f1\u00f3n <\/li><li>Nefritis intersticial <\/li><li>Lesi\u00f3n renal aguda <\/li><li>Defectos de nacimiento  <\/li><li>Infecci\u00f3n intestinal - Advertencia de la FDA sobre un grave problema gastrointestinal con Clostridium difficile en los ancianos. El etiquetado se modific\u00f3 para incluir la advertencia, a\u00f1adir informaci\u00f3n sobre las interacciones con otros medicamentos y la duraci\u00f3n de la toma de Prilosec. <\/li><li>Envejecimiento vascular - Esto puede contribuir a enfermedades como la demencia, la insuficiencia renal, las enfermedades cardiovasculares, el c\u00e1ncer <\/li><li>Erupci\u00f3n en forma de ojo de buey (eritema multiforme) <\/li><\/ul>\n\n\n\n<p><strong>\u00bfQu\u00e9 se puede alegar en una demanda por Prilosec o PPI?<\/strong><\/p>\n\n\n\n<p>El Prilosec y otros IBP pueden considerarse medicamentos peligrosos y defectuosos, por lo que se puede alegar lo siguiente en una reclamaci\u00f3n por da\u00f1os y perjuicios:<\/p>\n\n\n\n<ul class=\"wp-block-list\"><li>AstroZeneca false\u00f3 la seguridad de Nexium, Prilosec, etc. al comercializarlos como seguros <\/li><li>AstroZeneca no prob\u00f3 adecuadamente los medicamentos <\/li><li>No advirtieron a los consumidores de los riesgos asociados a los medicamentos <\/li><li>AstroZeneca fue negligente al producir los medicamentos <\/li><li>Que el medicamento se haya comercializado de forma indebida o ilegal <\/li><li>AstroZeneca ocult\u00f3 a sabiendas la informaci\u00f3n sobre los peligros de Nexium y Prilosec al p\u00fablico, a la comunidad m\u00e9dica y al gobierno <\/li><li>Que Nexium y Prilosec son irrazonablemente peligrosos y defectuosos <\/li><\/ul>\n\n\n\n<p>Los pacientes que toman estos medicamentos pueden tener derecho a una indemnizaci\u00f3n por sus lesiones, incluidos el dolor y el sufrimiento, los gastos m\u00e9dicos y la p\u00e9rdida de ingresos o <a href=\"https:\/\/www.steinberglawfirm.com\/practice-areas\/wrongful-death\/\" target=\"_blank\" rel=\"noopener\">muerte por negligencia<\/a> da\u00f1os si un ser querido ha fallecido como consecuencia del uso de Prilosec y otros medicamentos similares.<\/p>\n\n\n\n<p>Nuestro <a href=\"https:\/\/www.steinberglawfirm.com\/practice-areas\/dangerous-products\/dangerous-drugs\/\" target=\"_blank\" rel=\"noopener\">abogados de medicamentos defectuosos<\/a> est\u00e1n decididos a ayudarle a recuperar la justicia y la compensaci\u00f3n que merece por los gastos m\u00e9dicos, los salarios perdidos y el dolor y el sufrimiento.<\/p>\n\n\n\n<p><a href=\"https:\/\/www.steinberglawfirm.com\/\" target=\"_blank\" rel=\"noopener\">El Steinberg Law Firm<\/a> entiende lo que se necesita para hacer un caso s\u00f3lido de medicamentos defectuosos que resulte en una compensaci\u00f3n justa y equitativa para usted. Ll\u00e1menos hoy para su consulta gratuita y conozca sus derechos legales. Llame al Steinberg Law Firm al 843-720-2800 lo antes posible para contarnos su historia.  <\/p>\n\n\n\n<p>Las demandas por medicamentos defectuosos son extremadamente complejas, y asegurarse de que cuenta con un abogado experimentado en Prilosec del Steinberg Law Firm le garantiza que no se enfrentar\u00e1 a ning\u00fan escollo potencial.<\/p>\n\n\n\n<p><a href=\"https:\/\/www.steinberglawfirm.com\/free-consultation\/\" target=\"_blank\" rel=\"noopener\">Nuestra consulta inicial es confidencial y totalmente gratuita.<\/a> Usted no paga nada por hablar con un abogado sobre su caso. Entendemos que el proceso de reclamaci\u00f3n puede ser dif\u00edcil, y el papeleo puede realmente acumularse. Nuestros abogados pueden ayudarle a entender los detalles de su caso, sus derechos legales, y c\u00f3mo obtener la compensaci\u00f3n y la justicia que se merece.<\/p>","protected":false},"excerpt":{"rendered":"<p>Charleston Abogado especialista en lesiones por Prilosec Si ha estado sufriendo de acidez estomacal, tambi\u00e9n conocida como enfermedad por reflujo gastroesof\u00e1gico (ERGE), y fue al m\u00e9dico para saber qu\u00e9 pod\u00eda hacer al respecto, le hablaron de Prilosec, un inhibidor de la bomba de protones que se encargar\u00eda de sus problemas de reflujo \u00e1cido. Prilosec se fabrica...<\/p>","protected":false},"author":1,"featured_media":20368,"parent":2251,"menu_order":0,"comment_status":"closed","ping_status":"closed","template":"","meta":{"_acf_changed":false,"footnotes":""},"class_list":["post-8093","page","type-page","status-publish","has-post-thumbnail","hentry"],"acf":[],"_links":{"self":[{"href":"https:\/\/steinberglawfirm-staging.clmcloud.app\/es\/wp-json\/wp\/v2\/pages\/8093"}],"collection":[{"href":"https:\/\/steinberglawfirm-staging.clmcloud.app\/es\/wp-json\/wp\/v2\/pages"}],"about":[{"href":"https:\/\/steinberglawfirm-staging.clmcloud.app\/es\/wp-json\/wp\/v2\/types\/page"}],"author":[{"embeddable":true,"href":"https:\/\/steinberglawfirm-staging.clmcloud.app\/es\/wp-json\/wp\/v2\/users\/1"}],"replies":[{"embeddable":true,"href":"https:\/\/steinberglawfirm-staging.clmcloud.app\/es\/wp-json\/wp\/v2\/comments?post=8093"}],"version-history":[{"count":2,"href":"https:\/\/steinberglawfirm-staging.clmcloud.app\/es\/wp-json\/wp\/v2\/pages\/8093\/revisions"}],"predecessor-version":[{"id":20385,"href":"https:\/\/steinberglawfirm-staging.clmcloud.app\/es\/wp-json\/wp\/v2\/pages\/8093\/revisions\/20385"}],"up":[{"embeddable":true,"href":"https:\/\/steinberglawfirm-staging.clmcloud.app\/es\/wp-json\/wp\/v2\/pages\/2251"}],"wp:featuredmedia":[{"embeddable":true,"href":"https:\/\/steinberglawfirm-staging.clmcloud.app\/es\/wp-json\/wp\/v2\/media\/20368"}],"wp:attachment":[{"href":"https:\/\/steinberglawfirm-staging.clmcloud.app\/es\/wp-json\/wp\/v2\/media?parent=8093"}],"curies":[{"name":"wp","href":"https:\/\/api.w.org\/{rel}","templated":true}]}}