{"id":8090,"date":"2018-12-26T23:12:14","date_gmt":"2018-12-26T23:12:14","guid":{"rendered":"https:\/\/www.steinberglawfirm.com\/?page_id=8090"},"modified":"2022-04-20T19:40:17","modified_gmt":"2022-04-20T19:40:17","slug":"taxotere-injury","status":"publish","type":"page","link":"https:\/\/steinberglawfirm-staging.clmcloud.app\/es\/lesiones-personales\/productos-peligrosos\/drogas-peligrosas\/taxotere-lesion\/","title":{"rendered":"Abogado de lesiones de Taxotere"},"content":{"rendered":"<h1 class=\"wp-block-heading\">Charleston Abogado de lesiones por Taxotere<\/h1>\n\n\n\n<div style=\"height:15px\" aria-hidden=\"true\" class=\"wp-block-spacer\"><\/div>\n\n\n\n<p>Los pacientes con c\u00e1ncer son conscientes de que los f\u00e1rmacos para combatir el c\u00e1ncer provocan la ca\u00edda del cabello, pero a muchos les vuelve a crecer el pelo unos seis meses despu\u00e9s de haber dejado de tomar los f\u00e1rmacos. Aunque depende del tipo y la potencia del f\u00e1rmaco, existe la esperanza de que vuelva a crecer el pelo. Perder esa esperanza es devastador. En el Steinberg Law Firm, entendemos lo que est\u00e1 tratando y c\u00f3mo le afecta. Estamos aqu\u00ed para ayudarle. P\u00f3ngase en manos de nuestro bufete y haga que trabajemos para obtener una compensaci\u00f3n econ\u00f3mica por sus p\u00e9rdidas.<\/p>\n\n\n\n<p><strong>Taxotere (Docetaxel) <\/strong><\/p>\n\n\n\n<p>Taxotere, clasificado como alcaloide vegetal, es un f\u00e1rmaco utilizado habitualmente para el c\u00e1ncer de mama, creado y fabricado por Sanofi-Aventis Inc. Fue aprobado por primera vez por la Administraci\u00f3n de Alimentos y Medicamentos de EE.UU. (FDA) en 1996 y, desde entonces, se ha utilizado para el c\u00e1ncer de mama y otros tipos de c\u00e1ncer. Se administra por v\u00eda intravenosa y se supone que ralentiza o detiene la divisi\u00f3n de las c\u00e9lulas cancerosas de forma selectiva. Se administra cada tres semanas, frente a la frecuencia semanal de otros f\u00e1rmacos de quimioterapia.<\/p>\n\n\n\n<p>La hoja informativa del f\u00e1rmaco que se inclu\u00eda originalmente con Taxotere s\u00ed inclu\u00eda la p\u00e9rdida de cabello como un posible efecto secundario e indicaba que \"el cabello suele volver a crecer\" cuando se terminan los tratamientos. En realidad, un n\u00famero significativo de mujeres informaron de la p\u00e9rdida permanente del cabello incluso a\u00f1os despu\u00e9s de dejar el f\u00e1rmaco. Sanofi-Aventis no public\u00f3 los datos sobre la ca\u00edda del cabello ni investig\u00f3 m\u00e1s a fondo estas afirmaciones. No fue hasta 2015 cuando la FDA actualiz\u00f3 finalmente la etiqueta de advertencia de Taxotere para indicar que era posible la ca\u00edda permanente del cabello.<\/p>\n\n\n\n<p>El Centro del C\u00e1ncer de Clatterbridge, en el Reino Unido, y el New England Journal of Medicine publicaron estudios que relacionan el Taxotere con la p\u00e9rdida permanente del cabello. El estudio del Reino Unido descubri\u00f3 que las mujeres que hab\u00edan tomado Taxotere sufr\u00edan alopecia del cuero cabelludo (calvicie) hasta tres a\u00f1os y medio despu\u00e9s del tratamiento del c\u00e1ncer de mama. El estudio del New England Journal of Medicine revel\u00f3 que el 9,2% de las mujeres sufr\u00eda una p\u00e9rdida permanente de cabello hasta 10 a\u00f1os despu\u00e9s del tratamiento.<\/p>\n\n\n\n<h4 class=\"wp-block-heading\">Efectos secundarios comunes de Taxotere<\/h4>\n\n\n\n<p>Taxotere provoca una amplia gama de efectos secundarios, entre ellos:<\/p>\n\n\n\n<ul class=\"wp-block-list\"><li>Mialgia <\/li><li>Neuropat\u00eda <\/li><li>Dificultad para respirar <\/li><li>Fiebre <\/li><li>Disminuci\u00f3n del apetito <\/li><li>Neutropenia febril <\/li><li>Infecci\u00f3n <\/li><li>Estomatitis <\/li><li>Fatiga <\/li><li>N\u00e1useas <\/li><li>V\u00f3mitos <\/li><li>Neutropenia <\/li><li>Posible anafilaxia<\/li><\/ul>\n\n\n\n<p><strong>Demandas por medicamentos defectuosos<\/strong><\/p>\n\n\n\n<p>Cuando se trata de un <a href=\"https:\/\/www.steinberglawfirm.com\/practice-areas\/dangerous-products\/dangerous-drugs\/\" target=\"_blank\" rel=\"noopener\">Demanda por medicamentos defectuosos<\/a>En la actualidad, hay una serie de reclamaciones que pueden hacerse para hacer avanzar el caso de un demandante. Entre ellas se encuentran:<\/p>\n\n\n\n<ul class=\"wp-block-list\"><li>Defectos de dise\u00f1o <\/li><li>Defectos de fabricaci\u00f3n <\/li><li>Incumplimiento de la garant\u00eda expresa e impl\u00edcita <\/li><li>Falsificaci\u00f3n fraudulenta <\/li><li>Negligencia <\/li><li>No advertir a los consumidores <\/li><li>No advertir a los profesionales m\u00e9dicos <\/li><\/ul>\n\n\n\n<p>\u00bfPor qu\u00e9 el taxotere es tan diferente de otros medicamentos contra el c\u00e1ncer? Se ha especulado que es m\u00e1s peligroso que otros productos para tratar el c\u00e1ncer porque es m\u00e1s potente y, por tanto, tiene el potencial de hacer m\u00e1s da\u00f1o.<\/p>\n\n\n\n<p><strong>Da\u00f1os y perjuicios que se pueden reclamar en las demandas de Taxotere<\/strong><\/p>\n\n\n\n<p>Los demandantes pueden reclamar los siguientes da\u00f1os:<\/p>\n\n\n\n<ul class=\"wp-block-list\"><li>Facturas m\u00e9dicas anteriores <\/li><li>Futuros gastos m\u00e9dicos <\/li><li>Costes de la terapia <\/li><li>Asesoramiento psicol\u00f3gico <\/li><li>P\u00e9rdida de la capacidad de ganancia <\/li><li>P\u00e9rdida futura de la capacidad de ganancia <\/li><li>Angustia mental <\/li><li>Desfiguraci\u00f3n permanente (alopecia permanente) <\/li><li>Angustia emocional debilitante <\/li><li>Un mayor riesgo de da\u00f1os futuros <\/li><li>P\u00e9rdida y deterioro de la calidad\/disfrute de la vida en el pasado <\/li><li>P\u00e9rdida actual y deterioro de la calidad\/disfrute de la vida <\/li><li>P\u00e9rdida y deterioro futuro de la calidad\/disfrute de la vida <\/li><li>Dolor f\u00edsico\/mental pasado, sufrimiento, malestar <\/li><li>Dolor f\u00edsico\/mental presente, sufrimiento, malestar <\/li><li>Dolor f\u00edsico\/mental futuro, sufrimiento, malestar <\/li><\/ul>\n\n\n\n<p>A partir de mayo de 2018, se han presentado 8.557 demandas contra Taxotere en el Distrito Este de Luisiana, donde un solo tribunal est\u00e1 manejando todos los asuntos relacionados con estas demandas. Esto se conoce como un agravio masivo y se puede presentar en cualquier lugar de los Estados Unidos. Tambi\u00e9n hay un n\u00famero creciente de demandas, m\u00e1s de 350, pendientes en el tribunal estatal de Nueva Jersey, y m\u00e1s casos pendientes en Pensilvania, Nueva York, Minnesota, Oklahoma, Texas, California, Colorado, Illinois y Missouri.<\/p>\n\n\n\n<p>El Steinberg Law Firm entiende lo que se necesita para hacer un caso s\u00f3lido de medicamentos defectuosos que resulte en una compensaci\u00f3n justa y equitativa para usted. Ll\u00e1menos hoy para su consulta gratuita y conozca sus derechos legales. Llame al Steinberg Law Firm al 843-720-2800 lo antes posible.  <\/p>\n\n\n\n<p><a href=\"https:\/\/www.steinberglawfirm.com\/free-consultation\/\" target=\"_blank\" rel=\"noopener\">Nuestra consulta inicial es confidencial y totalmente gratuita.<\/a> Usted no paga nada por hablar con un abogado sobre su caso. Entendemos que el proceso de reclamaci\u00f3n puede ser dif\u00edcil, y el papeleo puede realmente acumularse. Nuestros abogados pueden ayudarle a entender los detalles de su caso, sus derechos legales, y c\u00f3mo obtener la compensaci\u00f3n y la justicia que se merece.<\/p>","protected":false},"excerpt":{"rendered":"<p>Charleston Abogado de lesiones por Taxotere Los pacientes de c\u00e1ncer saben muy bien que los medicamentos para combatir el c\u00e1ncer provocan la ca\u00edda del cabello, pero a muchos les vuelve a crecer el pelo unos seis meses despu\u00e9s de haber dejado de tomar los medicamentos. Aunque depende del tipo y la potencia del f\u00e1rmaco, existe la esperanza de que vuelva a crecer...<\/p>","protected":false},"author":1,"featured_media":20368,"parent":2251,"menu_order":0,"comment_status":"closed","ping_status":"closed","template":"","meta":{"_acf_changed":false,"footnotes":""},"class_list":["post-8090","page","type-page","status-publish","has-post-thumbnail","hentry"],"acf":[],"_links":{"self":[{"href":"https:\/\/steinberglawfirm-staging.clmcloud.app\/es\/wp-json\/wp\/v2\/pages\/8090"}],"collection":[{"href":"https:\/\/steinberglawfirm-staging.clmcloud.app\/es\/wp-json\/wp\/v2\/pages"}],"about":[{"href":"https:\/\/steinberglawfirm-staging.clmcloud.app\/es\/wp-json\/wp\/v2\/types\/page"}],"author":[{"embeddable":true,"href":"https:\/\/steinberglawfirm-staging.clmcloud.app\/es\/wp-json\/wp\/v2\/users\/1"}],"replies":[{"embeddable":true,"href":"https:\/\/steinberglawfirm-staging.clmcloud.app\/es\/wp-json\/wp\/v2\/comments?post=8090"}],"version-history":[{"count":2,"href":"https:\/\/steinberglawfirm-staging.clmcloud.app\/es\/wp-json\/wp\/v2\/pages\/8090\/revisions"}],"predecessor-version":[{"id":20391,"href":"https:\/\/steinberglawfirm-staging.clmcloud.app\/es\/wp-json\/wp\/v2\/pages\/8090\/revisions\/20391"}],"up":[{"embeddable":true,"href":"https:\/\/steinberglawfirm-staging.clmcloud.app\/es\/wp-json\/wp\/v2\/pages\/2251"}],"wp:featuredmedia":[{"embeddable":true,"href":"https:\/\/steinberglawfirm-staging.clmcloud.app\/es\/wp-json\/wp\/v2\/media\/20368"}],"wp:attachment":[{"href":"https:\/\/steinberglawfirm-staging.clmcloud.app\/es\/wp-json\/wp\/v2\/media?parent=8090"}],"curies":[{"name":"wp","href":"https:\/\/api.w.org\/{rel}","templated":true}]}}