{"id":8085,"date":"2018-12-26T23:05:31","date_gmt":"2018-12-26T23:05:31","guid":{"rendered":"https:\/\/www.steinberglawfirm.com\/?page_id=8085"},"modified":"2022-04-20T19:41:54","modified_gmt":"2022-04-20T19:41:54","slug":"xarelto-injury","status":"publish","type":"page","link":"https:\/\/steinberglawfirm-staging.clmcloud.app\/es\/lesiones-personales\/productos-peligrosos\/drogas-peligrosas\/xarelto-lesion\/","title":{"rendered":"Abogados de lesiones por Xarelto"},"content":{"rendered":"<h1 class=\"wp-block-heading\">Charleston Abogado de lesiones por Xarelto<\/h1>\n\n\n\n<div style=\"height:15px\" aria-hidden=\"true\" class=\"wp-block-spacer\"><\/div>\n\n\n\n<p>Cuando los medicamentos causan problemas en lugar de solucionarlos, es el momento de hablar con un <a href=\"https:\/\/www.steinberglawfirm.com\/practice-areas\/dangerous-products\/dangerous-drugs\/\" target=\"_blank\" rel=\"noopener\">abogado de medicamentos defectuosos<\/a> del Steinberg Law Firm. Se supone que los nuevos medicamentos que se comercializan hoy en d\u00eda se prueban para garantizar que son seguros, eficaces y que no tienen efectos secundarios graves y arriesgados. Sin embargo, existen m\u00faltiples medicamentos recetados peligrosos en el mercado que se sabe que causan da\u00f1os e incluso la muerte.  <\/p>\n\n\n\n<p>El desarrollo de medicamentos es una industria multimillonaria. Todos los nuevos f\u00e1rmacos se env\u00edan a la Administraci\u00f3n de Alimentos y Medicamentos (FDA) para su aprobaci\u00f3n y, sin embargo, la FDA deja en manos de los fabricantes de f\u00e1rmacos la prueba de los nuevos medicamentos, un \u00e1rea que no todas las empresas farmac\u00e9uticas manejan con el debido cuidado y diligencia. Es f\u00e1cil ver por qu\u00e9 puede haber problemas con este sistema de aprobaci\u00f3n de nuevos medicamentos.<\/p>\n\n\n\n<p><strong>Xarelto (Rivaroxaban)<\/strong><\/p>\n\n\n\n<p>Las demandas contra Xarelto (Bayer y Janssen Pharmaceuticals\/divisi\u00f3n de Johnson &amp; Johnson) se est\u00e1n presentando en un n\u00famero r\u00e9cord en Estados Unidos y Canad\u00e1. El f\u00e1rmaco se consider\u00f3 un gran avance en el tratamiento de la fibrilaci\u00f3n auricular y otros problemas de salud del coraz\u00f3n. Los pacientes s\u00f3lo ten\u00edan que tomar una p\u00edldora al d\u00eda y no necesitaban acudir a pruebas peri\u00f3dicas para ajustar los niveles del medicamento.<\/p>\n\n\n\n<p>Una vez aprobado el f\u00e1rmaco en 2011, se recet\u00f3 a millones de estadounidenses. La FDA lo aprob\u00f3 para disminuir el riesgo de ictus, prevenir la trombosis venosa profunda, los co\u00e1gulos de sangre viajeros y los co\u00e1gulos de sangre. Por mucho que a los consumidores les gustara el medicamento, con el tiempo se hizo evidente que Xarelto ten\u00eda efectos secundarios muy graves. No hab\u00eda ant\u00eddoto para revertir las hemorragias graves y algunos pacientes murieron porque los m\u00e9dicos no pod\u00edan detenerlo.  <\/p>\n\n\n\n<p>La FDA registr\u00f3 680 informes de eventos adversos en 2013 en Estados Unidos y en Alemania, sede de Bayer, entre enero de 2012 y septiembre de 2013; Xarelto se relacion\u00f3 con 130 muertes y 1.700 casos de complicaciones graves.<\/p>\n\n\n\n<p>Si usted o un ser querido ha experimentado efectos secundarios da\u00f1inos por tomar Xarelto, el Steinberg Law Firm puede ayudarle en cada paso del camino para recibir la compensaci\u00f3n justa y equitativa que usted merece. Sabemos lo aterrador que es confiar en un medicamento que est\u00e1 tomando para ayudar a mantener su salud, s\u00f3lo para ser traicionado y descubrir que tiene el potencial de da\u00f1ar seriamente o matar. Nadie necesita estar en una situaci\u00f3n as\u00ed sin tener a qui\u00e9n recurrir.<\/p>\n\n\n\n<p>La coagulaci\u00f3n de la sangre depende de la vitamina K para producir trombina. La warfarina anula la producci\u00f3n de vitamina K, pero no la impide, por lo que se pueden detener las hemorragias graves con dosis elevadas. Xarelto impide la producci\u00f3n de vitamina K y, si el paciente sufre una hemorragia, no hay ant\u00eddoto. Seg\u00fan los Centros para el Control y la Prevenci\u00f3n de Enfermedades (CDC), los anticoagulantes se encuentran entre los f\u00e1rmacos m\u00e1s peligrosos y son la causa de m\u00e1s visitas a los servicios de urgencias que cualquier otra clase de medicamentos.<br> <\/p>\n\n\n\n<p><strong>Advertencias de la etiqueta negra de Xarelto<\/strong><\/p>\n\n\n\n<p><strong>Agosto de 2013:<\/strong>&nbsp; Las hemorragias espinales pueden aumentar<\/p>\n\n\n\n<p><strong>Enero de 2014:<\/strong>&nbsp; No debe ser utilizado por pacientes con v\u00e1lvulas card\u00edacas prot\u00e9sicas. No se conoce ning\u00fan ant\u00eddoto para revertir la hemorragia.<\/p>\n\n\n\n<p><strong>Marzo de 2014:<\/strong>&nbsp; Informaci\u00f3n para los profesionales sanitarios para limitar las hemorragias espinales<\/p>\n\n\n\n<p><strong>Diciembre de 2014:<\/strong>&nbsp;Dos reacciones adversas m\u00e1s: trombocitopenia y hepatitis<\/p>\n\n\n\n<p><strong>Mayo de 2016:<\/strong>&nbsp; El riesgo de hemorragia es mayor con los antidepresivos ISRS\/ISN<\/p>\n\n\n\n<h3 class=\"wp-block-heading\">Complicaciones de Xarelto<\/h3>\n\n\n\n<ul class=\"wp-block-list\"><li>Falta de un ant\u00eddoto para revertir la hemorragia incontrolada <\/li><li>Dolor o debilidad en las extremidades <\/li><li>Desmayos <\/li><li>Espasmos musculares <\/li><li>Muerte <\/li><li>P\u00e9rdida excesiva de sangre <\/li><li>Hemorragia suprarrenal <\/li><li>Hemorragias retinales <\/li><li>Hemorragias abdominales <\/li><li>Hematoma epidural <\/li><li>Infecci\u00f3n de la herida\/complicaciones  <\/li><li>Hemorragia intestinal <\/li><li>Sangrado rectal <\/li><li>Co\u00e1gulos de sangre <\/li><li>Embolia pulmonar <\/li><li>Trombosis venosa profunda <\/li><li>Arritmia <\/li><li>Taquicardia <\/li><li>Cambios dr\u00e1sticos y repentinos en la presi\u00f3n arterial <\/li><li>Sensaci\u00f3n de hormigueo\/picaz\u00f3n en la piel <\/li><li>Adormecimiento <\/li><li>Dolor de espalda <\/li><li>Problemas de vejiga <\/li><li>Dificultad para tragar  <\/li><li>Hemorragia interna grave <\/li><li>Hemorragia cerebral grave <\/li><li>Hemorragias espinales <\/li><li>Hepatitis <\/li><li>Trombocitopenia <\/li><li>Mayor riesgo de hemorragia con los antidepresivos IRSN e IRSS <\/li><li>Trazos <\/li><li>Dolores de cabeza <\/li><li>Mareos <\/li><\/ul>\n\n\n\n<p>\u00bfHa experimentado complicaciones graves por tomar Xarelto? Busque un abogado con experiencia en medicamentos Xarelto del Steinberg Law Firm. <a href=\"https:\/\/www.steinberglawfirm.com\/contact-us\/\" target=\"_blank\" rel=\"noopener\">Contacte con nuestro bufete de abogados<\/a> tan pronto como pueda, ya que cada estado tiene su propia ley de prescripci\u00f3n y otros plazos que pueden afectar a su capacidad de obtener una indemnizaci\u00f3n si espera.<\/p>\n\n\n\n<p>El Steinberg Law Firm entiende lo que se necesita para hacer un caso s\u00f3lido de medicamentos defectuosos que resulte en una compensaci\u00f3n justa y equitativa para usted. Ll\u00e1menos hoy para su consulta gratuita y conozca sus derechos legales. Llame al Steinberg Law Firm al <strong>843-720-2800 <\/strong>lo antes posible.  <\/p>\n\n\n\n<p><a href=\"https:\/\/www.steinberglawfirm.com\/free-consultation\/\" target=\"_blank\" rel=\"noopener\">Nuestra consulta inicial es confidencial y totalmente gratuita.<\/a> Entendemos que el proceso de reclamaci\u00f3n puede ser dif\u00edcil, y el papeleo puede realmente acumularse. Nuestros abogados pueden ayudarle a entender los detalles de su caso, sus derechos legales y c\u00f3mo obtener la compensaci\u00f3n y la justicia que se merece.<\/p>","protected":false},"excerpt":{"rendered":"<p>Charleston Abogado de lesiones por Xarelto Cuando los medicamentos causan problemas en lugar de solucionarlos, es el momento de hablar con un abogado experto en medicamentos defectuosos del Steinberg Law Firm. Se supone que los nuevos medicamentos que salen al mercado hoy en d\u00eda se prueban para garantizar que son seguros, eficaces y que no tienen efectos secundarios graves y arriesgados. Sin embargo,...<\/p>","protected":false},"author":1,"featured_media":20368,"parent":2251,"menu_order":0,"comment_status":"closed","ping_status":"closed","template":"","meta":{"_acf_changed":false,"footnotes":""},"class_list":["post-8085","page","type-page","status-publish","has-post-thumbnail","hentry"],"acf":[],"_links":{"self":[{"href":"https:\/\/steinberglawfirm-staging.clmcloud.app\/es\/wp-json\/wp\/v2\/pages\/8085"}],"collection":[{"href":"https:\/\/steinberglawfirm-staging.clmcloud.app\/es\/wp-json\/wp\/v2\/pages"}],"about":[{"href":"https:\/\/steinberglawfirm-staging.clmcloud.app\/es\/wp-json\/wp\/v2\/types\/page"}],"author":[{"embeddable":true,"href":"https:\/\/steinberglawfirm-staging.clmcloud.app\/es\/wp-json\/wp\/v2\/users\/1"}],"replies":[{"embeddable":true,"href":"https:\/\/steinberglawfirm-staging.clmcloud.app\/es\/wp-json\/wp\/v2\/comments?post=8085"}],"version-history":[{"count":2,"href":"https:\/\/steinberglawfirm-staging.clmcloud.app\/es\/wp-json\/wp\/v2\/pages\/8085\/revisions"}],"predecessor-version":[{"id":20395,"href":"https:\/\/steinberglawfirm-staging.clmcloud.app\/es\/wp-json\/wp\/v2\/pages\/8085\/revisions\/20395"}],"up":[{"embeddable":true,"href":"https:\/\/steinberglawfirm-staging.clmcloud.app\/es\/wp-json\/wp\/v2\/pages\/2251"}],"wp:featuredmedia":[{"embeddable":true,"href":"https:\/\/steinberglawfirm-staging.clmcloud.app\/es\/wp-json\/wp\/v2\/media\/20368"}],"wp:attachment":[{"href":"https:\/\/steinberglawfirm-staging.clmcloud.app\/es\/wp-json\/wp\/v2\/media?parent=8085"}],"curies":[{"name":"wp","href":"https:\/\/api.w.org\/{rel}","templated":true}]}}