{"id":8079,"date":"2018-12-26T22:52:46","date_gmt":"2018-12-26T22:52:46","guid":{"rendered":"https:\/\/www.steinberglawfirm.com\/?page_id=8079"},"modified":"2022-04-20T19:37:04","modified_gmt":"2022-04-20T19:37:04","slug":"pradaxa-injury","status":"publish","type":"page","link":"https:\/\/steinberglawfirm-staging.clmcloud.app\/es\/lesiones-personales\/productos-peligrosos\/drogas-peligrosas\/pradaxa-lesion\/","title":{"rendered":"Abogado de lesiones por Pradaxa"},"content":{"rendered":"<h1 class=\"wp-block-heading\">Charleston Abogado de lesiones por Pradaxa<\/h1>\n\n\n\n<div style=\"height:15px\" aria-hidden=\"true\" class=\"wp-block-spacer\"><\/div>\n\n\n\n<p>Vivimos en un nuevo y apasionante mundo farmac\u00e9utico en el que los nuevos medicamentos parecen llegar al mercado con frecuencia. Algunos parecen ser muy prometedores para aquellos que necesitan una cura o un respiro para una enfermedad o dolencia. Por desgracia, estos mismos medicamentos, que supuestamente salvan vidas, pueden ser perjudiciales y provocar graves problemas que amenazan la vida, incluso la muerte.<\/p>\n\n\n\n<p>\u00bfLe ha perjudicado el medicamento Pradaxa? Llame al Steinberg Law Firm para obtener ayuda. Nuestra experiencia, dedicaci\u00f3n y conocimientos <a href=\"https:\/\/www.steinberglawfirm.com\/practice-areas\/dangerous-products\/dangerous-drugs\/\" target=\"_blank\" rel=\"noopener\">abogados de lesiones por drogas<\/a> puede ayudarle a obtener justicia legal por el mal que le ha hecho a usted o a su ser querido un medicamento supuestamente dise\u00f1ado para ayudarle.<\/p>\n\n\n\n<h5 class=\"wp-block-heading\">Pradaxa<\/h5>\n\n\n\n<p>La Administraci\u00f3n de Alimentos y Medicamentos de EE.UU. aprob\u00f3 Pradaxa, tambi\u00e9n conocido como Dabigatr\u00e1n Etexilato Mesilato, en 2010 para la prevenci\u00f3n de accidentes cerebrovasculares en pacientes con fibrilaci\u00f3n auricular. La FDA ha aprobado Pradaxa para prevenir tromboembolias en pacientes con pr\u00f3tesis de rodilla y cadera. M\u00e1s de 725.000 estadounidenses acabaron tomando el medicamento en 2012, pero desde entonces el n\u00famero de muertes atribuidas a Pradaxa ha ido en aumento y tambi\u00e9n el n\u00famero de demandas presentadas en nombre de esos pacientes.  <\/p>\n\n\n\n<p>En el Steinberg Law Firm somos conscientes de lo aterrador que es descubrir que has estado tomando un medicamento que te perjudica e incluso podr\u00eda causarte la muerte. Podemos ayudarle a comprender sus derechos legales y las opciones que tiene a su disposici\u00f3n para obtener una indemnizaci\u00f3n.<\/p>\n\n\n\n<p>A pesar de la popularidad de Pradaxa, en 2014 el fabricante del f\u00e1rmaco, Boehringer Ingelheim, desembols\u00f3 $650 millones para resolver numerosos litigios multidistritales. Luego, en 2015, la Administraci\u00f3n de Alimentos y Medicamentos de Estados Unidos (FDA) aprob\u00f3 un nuevo medicamento -Praxbind (idarucizumab)- que revierte los efectos de Pradaxa. Sin embargo, nadie sabe a ciencia cierta qu\u00e9 efectos secundarios, si los hay, puede tener Praxbind, ya que no hay estudios sobre si el ant\u00eddoto tiene o no riesgos y efectos secundarios, y que el fabricante del medicamento comercializ\u00f3 un anticoagulante sin ant\u00eddoto durante cinco a\u00f1os.  <\/p>\n\n\n\n<p>Este medicamento nunca fue retirado del mercado a pesar de que no hab\u00eda forma de revertir los efectos de una hemorragia grave hasta 2015. Otras versiones m\u00e1s recientes de anticoagulantes, en contraposici\u00f3n al tradicional est\u00e1ndar de oro de la warfarina, como Xarelto y Eliquis, todav\u00eda no tienen ant\u00eddotos aprobados. \u00bfHa tomado este anticoagulante y ha sufrido efectos secundarios peligrosos o un episodio de hemorragia grave? P\u00f3ngase en contacto con un abogado especializado en Pradaxa Steinberg Law Firm para discutir la presentaci\u00f3n de una demanda.<\/p>\n\n\n\n<p>Hay dos tipos de demandas que pueden presentarse como una reclamaci\u00f3n de Pradaxa, <strong>demandas por da\u00f1os personales presentadas por <\/strong>v\u00edctimas vivas que tomaron Pradaxa y sufrieron hemorragias graves, o por un representante de la herencia de una v\u00edctima que presenta una demanda por muerte por negligencia.<\/p>\n\n\n\n<p><strong>Demandas de Pradaxa <\/strong><\/p>\n\n\n\n<p>Los demandantes pueden argumentar que el fabricante de Pradaxa, Boehringer Ingelheim,   <\/p>\n\n\n\n<ul class=\"wp-block-list\"><li>Deber\u00eda haber conocido los riesgos de una hemorragia irreversible; <\/li><li>Deber\u00eda haber advertido a los m\u00e9dicos y a los consumidores sobre esos riesgos; <\/li><li>Que el proceso de fabricaci\u00f3n del medicamento infring\u00eda las normas y reglamentos para advertir adecuadamente a los consumidores sobre los altos riesgos asociados a Pradaxa; <\/li><li>Que las actividades de comercializaci\u00f3n del medicamento tambi\u00e9n infringieron las normas y reglamentos porque la empresa no advirti\u00f3 a los consumidores sobre los riesgos del medicamento; y <\/li><li>Que el fabricante del medicamento cometi\u00f3 un incumplimiento de la garant\u00eda al producir\/promover un medicamento peligroso\/defectuoso y que al hacerlo fue negligente. <\/li><\/ul>\n\n\n\n<p>Las indemnizaciones que pueden solicitarse en una demanda incluyen las siguientes: <\/p>\n\n\n\n<ul class=\"wp-block-list\"><li><strong>Salarios perdidos - <\/strong>y otras p\u00e9rdidas financieras  <\/li><li><strong>Facturas m\u00e9dicas - <\/strong>debido a estancias prolongadas en el hospital, citas m\u00e9dicas adicionales, pruebas continuas, etc. <\/li><li><strong>Gastos de funeral y entierro - <\/strong>en caso de fallecimiento de un ser querido <\/li><li><strong>Dolor y sufrimiento - <\/strong>debido a la prolongaci\u00f3n del tiempo de curaci\u00f3n, los procedimientos dolorosos y el tiempo de hospitalizaci\u00f3n prolongado, los problemas mentales y f\u00edsicos <\/li><li><strong>Da\u00f1os punitivos - <\/strong>es una indemnizaci\u00f3n destinada a responsabilizar a las empresas por sus acciones pasadas y a animarlas a que cambien sus pr\u00e1cticas empresariales para evitar que otros sufran los mismos problemas o similares. A menudo, las indemnizaciones punitivas concedidas se basan en la gravedad de la negligencia del caso y en lo mucho que la empresa en cuesti\u00f3n sab\u00eda o deber\u00eda haber sabido sobre los medicamentos que fabrica. <\/li><\/ul>\n\n\n\n<p>Las demandas por medicamentos defectuosos o por lesiones personales son extremadamente complejas. Asegurarse de que cuenta con un abogado con experiencia en Pradaxa del Steinberg Law Firm hace que se asegure de no enfrentarse a ning\u00fan escollo potencial.<\/p>\n\n\n\n<p><strong>Efectos secundarios de Pradaxa<\/strong> <\/p>\n\n\n\n<ul class=\"wp-block-list\"><li>Acidez de est\u00f3mago <\/li><li>Diarrea <\/li><li>Hemorragias nasales frecuentes <\/li><li>Dolores de cabeza <\/li><li>Hemorragias y hemorragias inusuales <\/li><li>Orina marr\u00f3n\/rosa <\/li><li>Heces negras\/rojas alquitranadas <\/li><li>Dolor de est\u00f3mago\/abdominal <\/li><li>Letargo <\/li><li>Indigesti\u00f3n <\/li><li>Malestar estomacal <\/li><li>Hinchaz\u00f3n y debilidad en la parte inferior de las piernas, manos, pies, brazos y tobillos <\/li><li>V\u00f3mitos que se asemejan a granos de caf\u00e9 o sangre <\/li><li>Erupci\u00f3n cut\u00e1nea <\/li><li>Picaz\u00f3n <\/li><li>Toser sangre <\/li><li>Hinchaz\u00f3n de las articulaciones <\/li><li>Dolor en las articulaciones <\/li><li>Mareos <\/li><li>N\u00e1useas <\/li><li>Muerte <\/li><\/ul>\n\n\n\n<p> El Steinberg Law Firm entiende lo que se necesita para hacer un caso de drogas defectuosas que resulta en una compensaci\u00f3n justa y equitativa para usted. <a href=\"https:\/\/www.steinberglawfirm.com\/contact-us\/\" target=\"_blank\" rel=\"noopener\">Contacto con nosotros<\/a> hoy para su consulta gratuita y conocer sus derechos legales. Llame al Steinberg Law Firm al <strong>843-720-2800 <\/strong>lo antes posible.  <\/p>\n\n\n\n<p><a href=\"https:\/\/www.steinberglawfirm.com\/free-consultation\/\" target=\"_blank\" rel=\"noopener\">Nuestra consulta inicial es confidencial y totalmente gratuita.<\/a> Usted no paga nada por hablar con un abogado sobre su caso. Entendemos que el proceso de reclamaci\u00f3n puede ser dif\u00edcil, y el papeleo puede realmente acumularse. Nuestros abogados pueden ayudarle a entender los detalles de su caso, sus derechos legales y c\u00f3mo obtener la compensaci\u00f3n y la justicia que se merece.<\/p>","protected":false},"excerpt":{"rendered":"<p>Charleston Abogado de lesiones por Pradaxa Vivimos en un nuevo y emocionante mundo farmac\u00e9utico en el que los nuevos medicamentos parecen llegar al mercado con frecuencia. Algunos parecen ser muy prometedores para aquellos que necesitan una cura o un respiro de una enfermedad o dolencia. Desafortunadamente, estos mismos medicamentos que supuestamente salvan vidas pueden infligir da\u00f1os y resultar...<\/p>","protected":false},"author":1,"featured_media":20368,"parent":2251,"menu_order":0,"comment_status":"closed","ping_status":"closed","template":"","meta":{"_acf_changed":false,"footnotes":""},"class_list":["post-8079","page","type-page","status-publish","has-post-thumbnail","hentry"],"acf":[],"_links":{"self":[{"href":"https:\/\/steinberglawfirm-staging.clmcloud.app\/es\/wp-json\/wp\/v2\/pages\/8079"}],"collection":[{"href":"https:\/\/steinberglawfirm-staging.clmcloud.app\/es\/wp-json\/wp\/v2\/pages"}],"about":[{"href":"https:\/\/steinberglawfirm-staging.clmcloud.app\/es\/wp-json\/wp\/v2\/types\/page"}],"author":[{"embeddable":true,"href":"https:\/\/steinberglawfirm-staging.clmcloud.app\/es\/wp-json\/wp\/v2\/users\/1"}],"replies":[{"embeddable":true,"href":"https:\/\/steinberglawfirm-staging.clmcloud.app\/es\/wp-json\/wp\/v2\/comments?post=8079"}],"version-history":[{"count":2,"href":"https:\/\/steinberglawfirm-staging.clmcloud.app\/es\/wp-json\/wp\/v2\/pages\/8079\/revisions"}],"predecessor-version":[{"id":20383,"href":"https:\/\/steinberglawfirm-staging.clmcloud.app\/es\/wp-json\/wp\/v2\/pages\/8079\/revisions\/20383"}],"up":[{"embeddable":true,"href":"https:\/\/steinberglawfirm-staging.clmcloud.app\/es\/wp-json\/wp\/v2\/pages\/2251"}],"wp:featuredmedia":[{"embeddable":true,"href":"https:\/\/steinberglawfirm-staging.clmcloud.app\/es\/wp-json\/wp\/v2\/media\/20368"}],"wp:attachment":[{"href":"https:\/\/steinberglawfirm-staging.clmcloud.app\/es\/wp-json\/wp\/v2\/media?parent=8079"}],"curies":[{"name":"wp","href":"https:\/\/api.w.org\/{rel}","templated":true}]}}